{"id":1002,"date":"2013-09-16T18:02:28","date_gmt":"2013-09-16T18:02:28","guid":{"rendered":"http:\/\/lila-spirit.ro\/wp\/?page_id=1002"},"modified":"2016-09-15T14:44:28","modified_gmt":"2016-09-15T11:44:28","slug":"despre-perceptia-tantrica","status":"publish","type":"page","link":"https:\/\/lila-spirit.ro\/wp\/?page_id=1002","title":{"rendered":"Despre percep\u021bia tantric\u0103&#8230;"},"content":{"rendered":"<p style=\"text-align: justify;\" align=\"center\"><b>\u00a0<\/b><\/p>\n<p style=\"text-align: justify;\">&#8211; Ce este percep\u021bia tantric\u0103?, \u00eentreb\u0103 Omul, care deja auzise deja destule despre aceast\u0103 misterioas\u0103 tehnic\u0103, tantra&#8230;<\/p>\n<p style=\"text-align: justify;\">&#8211; Tantra \u00eenseamn\u0103 lucrul cu energia, \u00eencepu Spiritul s\u0103 explice doct.<\/p>\n<p style=\"text-align: justify;\">Dac\u0103 privim totul non dual, inclusiv Crea\u021bia \u0219i Creatorul, asta dac\u0103 exist\u0103 un Creator, atunci acolo exist\u0103 mai multe fa\u021bete, mai multe valen\u021be. Una dintre ele este con\u0219tiin\u021ba,\u00a0 alta este capacitatea de reflexie a con\u0219tiin\u021bei \u00een ea \u00eens\u0103\u0219i: con\u0219tiin\u021ba de sine \u2013 o con\u0219tiin\u021b\u0103 care se \u00eentoarce spre ea \u00eens\u0103\u0219i ca s\u0103 se vad\u0103 pe ea \u0219i s\u0103 se exploreze pe ea. Dup\u0103 care exist\u0103 capacitatea de materializare, de ac\u021biune, de dezvoltare.<\/p>\n<p style=\"text-align: justify;\">Toate acestea se fac av\u00e2nd un suport. Iar acel suport este energia. Energia care are mai multe densit\u0103\u021bi, frecven\u021be. O energie mai dens\u0103 \u00eenseamn\u0103 o crea\u021bie mai dens\u0103, \u00eenseamn\u0103 o lume material\u0103, o energie mai subtil\u0103 \u00eenseamn\u0103 g\u00e2nduri, emo\u021bii, con\u0219tiin\u021b\u0103. Iar o energie \u0219i mai subtil\u0103 \u00eenseamn\u0103 \u00eens\u0103\u0219i aceast\u0103 energie a Crea\u021biei.<\/p>\n<p style=\"text-align: justify;\">Diversele metode lucreaz\u0103 cu diverse aspecte ale crea\u021biei. Exist\u0103 metodele de medita\u021bie, care lucreaz\u0103 sau \u00eencearc\u0103 s\u0103 lucreze cu con\u0219tiin\u021ba, exist\u0103 metode comportamentale, posturi, asane, tot felul de tehnici, care lucreaz\u0103 cu ac\u021biunea \u0219i exist\u0103 tantra care lucreaz\u0103 cu energia.<\/p>\n<p style=\"text-align: justify;\">\u0218i atunci ce face tantra? \u00cencearc\u0103 s\u0103 rafineze energia grosier\u0103 \u0219i s\u0103 o rafineze \u00eentr-o energie a con\u0219tiin\u021bei. Tantra se folose\u0219te de energiile corpului pe care \u00eencearc\u0103 s\u0103 le rafineze p\u00e2n\u0103 c\u00e2nd acestea vor deveni con\u0219tiin\u021b\u0103 pur\u0103.<\/p>\n<p style=\"text-align: justify;\">Care energii ale corpului? Sim\u021burile. Orice fel de sim\u021b este o unealt\u0103 tantric\u0103. \u0218i de ce sim\u021burile \u0219i de ce corpul: pentru c\u0103 sunt la \u00eendem\u00e2n\u0103, sunt extraordinar de la \u00eendem\u00e2n\u0103. Pentru c\u0103 acum m\u0103n\u00e2nci \u0219i sim\u021bi gustul, care este o percep\u021bie. Organul t\u0103u de sim\u021b, ajung\u00e2nd \u00een contact cu obiectul sim\u021bului t\u0103u genereaz\u0103 o percep\u021bie, fapt care se \u00eent\u00e2mpl\u0103 mereu, zilnic, sim\u021bi un gust, o atingere, sim\u021bi o pl\u0103cere&#8230; o emo\u021bie. Toate acestea sunt percep\u021bii \u0219i toate pot fi folosite pe calea tantric\u0103. Pot fi rafinate \u0219i transformate \u00een con\u0219tiin\u021b\u0103 pur\u0103. Aceasta este tantra.<\/p>\n<p style=\"text-align: justify;\">Pentru aceasta, \u00een primul r\u00e2nd trebuie s\u0103 devenim con\u0219tien\u021bi de aceste percep\u021bii. Aici iar\u0103\u0219i ne referim la starea de martor. \u00cent\u00e2i trebuie s\u0103 pricepi c\u0103 ai un corp \u0219i trebuie s\u0103 pricepi c\u0103 ai ni\u0219te sim\u021buri. Este exact calea opus\u0103 a celei de retragere a sim\u021burilor, de <i>prathyahara<\/i> a lui Patanjali, nu \u00ee\u021bi retragi sim\u021burile din obiectul lor ci pur \u0219i simplu te duci pe acele sim\u021buri ca pe un tentacul \u0219i \u00ee\u021bi trimi\u021bi aten\u021bia \u00een acele sim\u021buri p\u00e2n\u0103 la obiectul lor. Deci exist\u0103 un organ de percep\u021bie \u0219i un obiect de percep\u021bie. \u00centre ele este o cale, o leg\u0103tur\u0103, care este percep\u021bia. Toate acestea sunt energii. Tu vii cu aten\u021bia ta, care este energie \u0219i o suprapui pe culoarul de energie care este percep\u021bia \u0219i \u00een acest fel vei \u00eent\u0103ri acea percep\u021bie. \u00cen momentul \u00een care \u00eent\u0103re\u0219ti percep\u021bia, at\u00e2t organul de percep\u021bie, c\u00e2t \u0219i obiectul perceput, dispar.<\/p>\n<p style=\"text-align: justify;\">Practic, tu devii acea percep\u021bie, dar pentru aceasta trebuie antrenament, trebuie ca energia din aten\u021bia ta s\u0103 fie mare \u0219i aceast\u0103 energie s\u0103 invadeze tot corpul. \u00a0Atunci c\u00e2nd tu devii aten\u021bie \u0219i aten\u021bia ta se focalizeaz\u0103 pe acea percep\u021bie, tu devii acea percep\u021bie, devii senza\u021bie. Dac\u0103 m\u0103n\u00e2nci atunci e gustul. \u0218i nu mai exist\u0103 un obiect de sim\u021bit \u2013 hrana- nu mai exist\u0103 organe de percep\u021bie \u2013 papilele gustative, aten\u021bia ta este focalizat\u0103 pe gust \u0219i pur \u0219i simplu tu devii gustul.\u00a0 Acesta poate fi un moment de satori, un moment de iluminare. Iluminarea \u00een tantra se nume\u0219te mahamudra. Atunci c\u00e2nd devii una cu sim\u021bul, acesta este un moment de iluminare \u00een tantra.<\/p>\n<p style=\"text-align: justify;\">Primul pas este s\u0103 fii con\u0219tient c\u0103 ai percep\u021bii, iar pentru asta trebuie un antrenament, trebuie s\u0103 fii, din nou, martor. Este departe de starea de mahamudra, dar este un prim pas, pur \u0219i simplu tu e\u0219ti martorul percep\u021biei tale, de data aceasta. Aceasta este de fapt tehnica vipassana adaptat\u0103 pentru practica tantric\u0103, putem spune \u0219i a\u0219a. Dac\u0103 m\u0103n\u00e2nci nu observi gustul \u00een sine, ca sim\u021b, ci senza\u021biile pe care gustul \u021bi le ofer\u0103, e greu, dar acesta este un mare rafinament al vipassanei.\u00a0 Aceasta este valabil pentru toate sim\u021burile.<\/p>\n<p style=\"text-align: justify;\">\u0218i pentru c\u0103 senza\u021biile sexuale au fost cele mai puternice, mai sensibile, tantra a fost echivalat\u0103 cu o practic\u0103 sexual\u0103, dar nu este vorba de asta. Tantra poate fi folosit\u0103 \u00eentr-o practic\u0103 sexual\u0103, dar tantra nu este o practic\u0103 sexual\u0103. Tantra este o practic\u0103 a energiei, este lucrul cu energia, \u00eenseamn\u0103 a deveni acea energie. A deveni energia sim\u021burilor tale. Po\u021bi folosi toate sim\u021burile, toate energiile, nu ceea ce este definit ca sexual \u00een sensul comun al cuv\u00e2ntului.<\/p>\n<p style=\"text-align: justify;\">Dac\u0103 practici o tehnic\u0103 de respira\u021bie \u0219i insi\u0219ti pe a deveni con\u0219tient de corpul t\u0103u, de senza\u021biile sale, aceasta este tantra.\u00a0 Primul pas din tantra este de a deveni con\u0219tient de ceea ce e\u0219ti tu fizic \u0219i energetic, de percep\u021bie. Iar \u00een cazul respira\u021biei \u2013 a deveni con\u0219tient de respira\u021bie, pe care o \u00een\u021belegi ca energie care se mi\u0219c\u0103 \u00een sine, din acest punct de vedere vipassana este tantra \u0219i nu are absolut nici o leg\u0103tur\u0103 cu sexul.<\/p>\n<p style=\"text-align: justify;\">&#8211; Urm\u0103rim s\u0103 devenim con\u0219tien\u021bi de mi\u0219c\u0103rile corpului atunci c\u00e2nd respir\u0103m \u0219i de via\u021ba din corp, repet\u0103 Omul, c\u0103 s\u0103 \u021bin\u0103 minte&#8230;<\/p>\n<p style=\"text-align: justify;\">&#8211; Primul pas este de a deveni con\u0219tient de corpul material: corpul care respir\u0103, corpul care m\u0103n\u00e2nc\u0103, continu\u0103 Spiritul, la fel de didactic.<\/p>\n<p style=\"text-align: justify;\">Dup\u0103 care devii con\u0219tient de percep\u021bii, de gust, de senza\u021biile tactile, de mirosuri, v\u0103z, auz. Iar ca s\u0103 ajungi la pasul urm\u0103tor, de a fi una cu acea percep\u021bie, po\u021bi folosi un exerci\u021biu foarte simplu. Acela de a aduce \u00een tine gustul, mirosul, senza\u021bia tactil\u0103, practic \u00eempr\u0103\u0219tii senza\u021bia \u00een tot corpul. Asta se poate face pe respira\u021bie, pentru miros e cel mai simplu \u2013 aduci \u00een tine mirosul de ploaie, p\u0103m\u00e2nt, etc, \u00eempr\u0103\u0219tii acel miros \u00een tot corpul. F\u0103r\u0103 etichetare, corpul t\u0103u devine acel miros. Doar sim\u021bi mirosul, e\u0219ti prezen\u021b\u0103 pur\u0103, iar \u00een tantra acest element este foarte important.<\/p>\n<p style=\"text-align: justify;\">Un alt pas este c\u0103, folosind aten\u021bia, putem spori acea senza\u021bie, pentru a o explora. Pentru c\u0103 ele uneori sunt foarte slabe sau de fapt, corpul nu este obi\u0219nuit s\u0103 le observe, folosim aten\u021bia pentru a amplifica senza\u021biile \u0219i de a umple cu ele tot corpul. Pur \u0219i simplu aducem aten\u021bia pe senza\u021bie, nu pe obiectul senza\u021biei, nici pe organul de sim\u021b. \u00cen timp vei putea \u00eempr\u0103\u0219tia senza\u021bia \u00een tot corpul \u0219i tu vei deveni acea senza\u021bie.<\/p>\n<p style=\"text-align: justify;\">Pasul final este starea de mahamudra, starea \u00een care po\u021bi integra toate percep\u021biile, toate emo\u021biile, \u00een starea de contempla\u021bie. Practic ne folosim de toate percep\u021biile, gustative, tactile, de orice natur\u0103, dar f\u0103r\u0103 etichet\u0103, amplificate la maxim, f\u0103r\u0103 restric\u021bii de natur\u0103 emo\u021bional\u0103 sau altfel, \u00een stare de prezen\u021b\u0103 pur\u0103 \u2013 practic tu e\u0219ti acea percep\u021bie. Iar \u00een acela\u0219i timp \u0219tii c\u0103 aceast\u0103 percep\u021bie nu are o existen\u021b\u0103 proprie. C\u0103 este doar o fa\u021bet\u0103 a crea\u021biei \u2013 mai \u0219tii? am pornit de la ideea Crea\u021biei&#8230;<\/p>\n<p style=\"text-align: justify;\">Crea\u021bia \u021bi-a oferit aceast\u0103 percep\u021bie prin acea fa\u021bet\u0103 a ei, care este energia.<\/p>\n<p style=\"text-align: justify;\">Acum, \u00een starea de mahamudra te \u00eentorci la acea Crea\u021bie, \u00een care, pe firul percep\u021biei, tr\u0103ie\u0219ti percep\u021bia \u00een stare pur\u0103, dup\u0103 care mergi mai departe sim\u021bind energia pe care crea\u021bia \u00een sine a investit-o \u00een aceast\u0103 percep\u021bie, dup\u0103 care, pe firul energiei mergi p\u00e2n\u0103 la vacuitatea care este surs\u0103 a tot \u0219i a toate. Asta este starea de mahamudra, \u00een care sunt toate, \u00een care este percep\u021bia, ca obiect, calea percep\u021biei, ca \u0219i cale energetic\u0103, dar \u0219i vacuitatea ca surs\u0103 a acelei energii care este percep\u021bia.<\/p>\n<p style=\"text-align: justify;\">Atunci toate aceste trei aspecte devin unul singur, realiz\u00e2nd starea de mahamudra.<\/p>\n<p style=\"text-align: justify;\">\u00cen care po\u021bi s\u0103 integrezi sim\u021bul, percep\u021bia, energia \u0219i vacuitatea. Este ceea ce se cheam\u0103 extazul tantric. Nu \u0219tiu dac\u0103 acest cuv\u00e2nt este cel mai bun, putem vorbi de cunoa\u0219terea tantric\u0103, \u00een sensul de a fi tu acea cunoa\u0219tere, nu vorbim de cunoa\u0219terea reflexiv\u0103.<\/p>\n<p style=\"text-align: justify;\">&#8211; \u0218i emo\u021biile pot fi folosite la fel, nu? Vorbeai tu o dat\u0103 despre asta, \u00eencepu Omul s\u0103 lege lucrurile.. orice fel de emo\u021bii, chiar \u0219i fricile, temerile.<\/p>\n<p style=\"text-align: justify;\">&#8211; Sigur c\u0103 da, se bucur\u0103 Spiritul: iat\u0103 c\u0103 Omul chiar re\u021binuse c\u00e2te ceva pe ici pe colo, nu era totul \u00een zadar&#8230;<\/p>\n<p style=\"text-align: justify;\">Haide s\u0103 lu\u0103m de exemplu frica de abandon, ca toate fricile, ea poate veni pe fondul unui model care se repet\u0103, un model deja structurat. Putem observa aceast\u0103 fric\u0103, vedem cu ce se coreleaz\u0103, poate ne-a fost \u00een\u0219elat\u0103 \u00eencrederea \u00een ceilal\u021bi, iar atunci mergem pe firul istoriei noastre psihologice, din aproape \u00een aproape \u0219i urm\u0103rim ce s-a \u00eent\u00e2mplat \u2013 poate am fost dezam\u0103gi\u021bi, poate am fost \u00een\u0219ela\u021bi, p\u0103r\u0103si\u021bi de cei dragi, iar aceste evenimente, au creat \u00een structura noastr\u0103 emo\u021bional\u0103 un pattern cu care func\u021bion\u0103m \u00een continuare.<\/p>\n<p style=\"text-align: justify;\">Trebuie mers pe firul evenimentelor noastre personale, din prezent spre trecutul \u00eendep\u0103rtat, pentru a identifica acele evenimente, \u00eent\u00e2mpl\u0103ri \u0219i a ne decondi\u021biona de ele. Poate fi vorba de un eveniment \u00eendep\u0103rtat, minor, din copil\u0103rie, ori pot fi lucruri mai grave, poate fi vorba de un divor\u021b al p\u0103rin\u021bilor, de un p\u0103rinte obosit care nu a \u0219tiut s\u0103 \u00ee\u021bi spun\u0103 vorba bun\u0103 de care aveai tu nevoie, din diverse motive. Sunt lucruri, \u00eent\u00e2mpl\u0103ri care pot duce la sentimentul de abandon, sunt chiar lucruri curente din via\u021ba oric\u0103rui copil, desigur, poate fi vorba \u0219i de lucruri mai grave, p\u0103rin\u021bi violen\u021bi, o mam\u0103 care nu te-a al\u0103ptat, diverse abuzuri&#8230;<\/p>\n<p style=\"text-align: justify;\">Apoi ne focaliz\u0103m pe unul ori pe toate acele episoade pe care ni le reamintim \u0219i \u00eencerc\u0103m s\u0103 retr\u0103im acea team\u0103 de abandon. La \u00eenceput vizualiz\u0103m cumva contextul, suntem acolo, recre\u0103m evenimentul pornind de la c\u00e2teva repere. Sau putem face un sumum din mai multe episoade minore, un scenariu care s\u0103 le \u00eenglobeze. Suntem martorii evenimentelor care ne-au f\u0103cut s\u0103 ne sim\u021bim abandona\u021bi, iar atunci c\u00e2nd am reu\u0219it s\u0103 focaliz\u0103m scena respectiv\u0103, ne concentr\u0103m efectiv pe acel sentiment de abandon. Dup\u0103 care intr\u0103m \u00een el, \u00een acel sentiment, ca \u00eentr-un tunel,\u00a0 ca \u0219i cum ne-am duce pe un tobogan la vale, ne l\u0103s\u0103m du\u0219i, ca de o energie, un tobogan al sentimentului de abandon \u0219i vedem unde ne duce el. Ce g\u0103sim la cap\u0103tul acelui tunel.<\/p>\n<p style=\"text-align: justify;\">\u0218i, vom remarca faptul c\u0103 la sf\u00e2r\u0219itul toboganului este bine. Pentru c\u0103 am traversat, energetic, acel sentiment, l-am dep\u0103\u0219it. Dac\u0103 a\u021bi remarcat, prima dat\u0103 ne focalizasem asupra temerii de a te abandona, dar, pe parcursul acestui exerci\u021biu, aten\u021bia a fost dirijat\u0103 pe sentimentul de a fi fost abandonat.\u00a0 Pentru c\u0103\u00a0 frica de a ne abandona, duce exact la teama de a te sim\u021bi abandonat de al\u021bii, teama de a ne abandona celuilalt, iar acesta s\u0103 nu cumva s\u0103 ne \u00een\u0219ele \u00eencrederea. Cele dou\u0103 lucruri sunt unul, aceea\u0219i energie, iar noi, pe acel tobogan energetic, am dep\u0103\u0219it acea fric\u0103.<\/p>\n<p style=\"text-align: justify;\">Putem reparcurge acel tobogan, putem s\u0103 rafin\u0103m \u0219i alte aspecte, p\u00e2n\u0103 ce ne sim\u021bim elibera\u021bi de balastul emo\u021bional nedorit, vom g\u0103si mai multe frici pe pere\u021bii acelui tobogan, acestea sunt de fapt aceea\u0219i energie, pe care egoul o percepe \u00eens\u0103 ca frici distincte, frica de a nu fi \u00een\u021beles, frica de singur\u0103tate, de a nu fi p\u0103r\u0103sit&#8230; depinde. Sunt energii ale abandonului, care pot lua diferite nuan\u021be. Travers\u0103m acea fric\u0103 a abandonului, pentru a ne reg\u0103si senin\u0103tatea \u0219i auto\u00een\u021belegerea la cap\u0103tul metaforic al acelui tobogan sau tunel. Aceasta este o cale tantric\u0103 de a lucra cu emo\u021biile. Totul e s\u0103 r\u0103m\u00e2i la cel\u0103lalt cap\u0103t, s\u0103 nu recre\u0103m fricile pe care \u00eencerc\u0103m s\u0103 le dep\u0103\u0219im, ci chiar s\u0103 le dep\u0103\u0219im, s\u0103 le l\u0103s\u0103m \u00een urm\u0103.<\/p>\n<p style=\"text-align: justify;\">Spuneam mai demult c\u0103 sunt dou\u0103 metode, una prin care dizolv\u0103m emo\u021bia, prin observare, prin tehnici de regresie \u00een trecut, iar alt\u0103 metod\u0103 prin care efectiv amplific\u0103m emo\u021bia, o \u00eenc\u0103rc\u0103m cu energie, p\u00e2n\u0103 c\u00e2nd pocne\u0219te, se autoconsum\u0103.<\/p>\n<p style=\"text-align: justify;\">Intr\u0103m \u00een emo\u021bia respectiv\u0103, o amplific\u0103m cu aten\u021bia, o amplifici p\u00e2n\u0103 nu mai po\u021bi, p\u00e2n\u0103 explodeaz\u0103 \u00een tine emo\u021bia respectiv\u0103. Iar \u00een momentul \u00een care emo\u021bia explodeaz\u0103, \u00ee\u021bi explodeaz\u0103 \u0219i egoul. Astfel se sparg din minte \u0219i modelele care au creat emo\u021bia respectiv\u0103, lucrurile legate de egoul t\u0103u care au creat emo\u021bia respectiv\u0103. O metod\u0103 interesant\u0103, dar care, repet, necesit\u0103 curaj mult, mult, mult. Aceasta este tantra.<\/p>\n<p style=\"text-align: justify;\">Este o metod\u0103 pe care o po\u021bi aborda \u0219i singur, dar, depinde de emo\u021bie, po\u021bi lucra cu cineva care s\u0103 te ajute \u00een emo\u021bia respectiv\u0103, inclusiv atunci c\u00e2nd este vorba de o furie, sunt multe emo\u021bii pentru abordarea c\u0103rora po\u021bi lucra cu cineva, un prieten s\u0103 te ajute, s\u0103 te \u00eendrume, e o tehnic\u0103 de medita\u021bie, poate fi f\u0103cut\u0103 cu cineva care s\u0103 te \u00eendrume.<\/p>\n<p style=\"text-align: justify;\">Sau singur, depinde de c\u00e2t curaj ai \u0219i de c\u00e2t de lucid po\u021bi s\u0103 fii, \u00een acea emo\u021bie. Pentru lucrul cu emo\u021biile, intratul \u00een starea respectiv\u0103, \u00een emo\u021bia respectiv\u0103, este suficient\u0103 starea de martor, e un lucru care ajut\u0103 la deblocarea emo\u021bional\u0103, la spargerea tiparelor, la eliberarea de diferite temeri, obiceiuri stereotipe, la eliberarea de ego. Trebuie \u00eens\u0103 dublat\u0103 de luciditate \u0219i con\u0219tiin\u021b\u0103, de curaj, trebuie s\u0103 ai curajul s\u0103 explodezi \u00een emo\u021bia respectiv\u0103.<\/p>\n<p style=\"text-align: justify;\">C\u00e2nd efectu\u0103m aceast\u0103 tehnic\u0103 nu urm\u0103rim un scop \u00een sine, un scop determinat, nu punem limite, nu etichet\u0103m, amplific\u0103m emo\u021bia respectiv\u0103, cu toat\u0103 energia \u0219i determinarea pe care o avem, \u00eentr-un mod lucid, con\u0219tient \u0219i total.<\/p>\n<p style=\"text-align: justify;\">Ideal ar fi ca toate practicile s\u0103 fie f\u0103cute de dragul practicii. Chiar dac\u0103 \u0219tii c\u0103 toate astea ajut\u0103 la evolu\u021bia ta spiritual\u0103 cumva, c\u0103 la un moment dat tu vei deveni un iluminat, las\u0103 g\u00e2ndul \u0103sta. De acord, sunt bune pentru asta, dar acum, \u00een acest moment, nu ne g\u00e2ndim la iluminare. Acum practic\u0103m. Suntem prezen\u021bi \u00een practic\u0103. Dac\u0103 ne propunem ceva, orice, iluminarea chiar, deja suntem iar \u00een viitor, proiect\u0103m ceva&#8230; nu mai suntem prezen\u021bi.<\/p>\n<p style=\"text-align: justify;\">Iat\u0103 \u00eenc\u0103 un motiv pentru care e frumoas\u0103 tantra. Pentru c\u0103 prin observatul percep\u021biilor \u0219i\u00a0 a senza\u021biilor, tu e\u0219ti \u00een acea senza\u021bie. Nu e\u0219ti nici \u00een trecut nici \u00een viitor, cu condi\u021bia de a nu eticheta, de a experimenta lucrurile non-mental. Este un antrenament extraordinar pentru starea de \u201cA fi\u201d. Iar pasul ultim este mahamudra, de a integra \u00een prezen\u021ba pur\u0103 toate senza\u021biile, emo\u021biile, g\u00e2ndurile. Starea de <i>rigpa<\/i>, de a fi con\u0219tiin\u021b\u0103 pur\u0103, prezen\u021b\u0103 pur\u0103, \u00eentr-o percep\u021bie.<\/p>\n<p style=\"text-align: justify;\">Tantra \u00eenseamn\u0103 \u201cA fi\u201d&#8230;<\/p>\n<p style=\"text-align: justify;\">Indra<\/p>\n<p style=\"text-align: justify;\"><em>(textele apar\u021bin autoarei, copierea, transmiterea sau alt\u0103 utilizare a lor se poate face doar dup\u0103 ob\u021binerea permisiunii \u0219i cu respectarea fidel\u0103 a con\u021binutului\u2026 mul\u021bumesc!)<\/em><\/p>\n<div id=\"kpm_content_wrapper\" class=\"notranslate\"><\/div>\n","protected":false},"excerpt":{"rendered":"<p>\u00a0 &#8211; Ce este percep\u021bia tantric\u0103?, \u00eentreb\u0103 Omul, care deja auzise deja destule despre aceast\u0103 misterioas\u0103 tehnic\u0103, tantra&#8230; &#8211; Tantra \u00eenseamn\u0103 lucrul cu energia, \u00eencepu Spiritul s\u0103 explice doct. Dac\u0103 privim totul non dual, inclusiv Crea\u021bia \u0219i Creatorul, asta dac\u0103 exist\u0103 un Creator, atunci acolo exist\u0103 mai multe fa\u021bete, mai multe valen\u021be. Una dintre ele [&hellip;]<\/p>\n","protected":false},"author":1,"featured_media":1001,"parent":2840,"menu_order":0,"comment_status":"closed","ping_status":"open","template":"","meta":[],"_links":{"self":[{"href":"https:\/\/lila-spirit.ro\/wp\/index.php?rest_route=\/wp\/v2\/pages\/1002"}],"collection":[{"href":"https:\/\/lila-spirit.ro\/wp\/index.php?rest_route=\/wp\/v2\/pages"}],"about":[{"href":"https:\/\/lila-spirit.ro\/wp\/index.php?rest_route=\/wp\/v2\/types\/page"}],"author":[{"embeddable":true,"href":"https:\/\/lila-spirit.ro\/wp\/index.php?rest_route=\/wp\/v2\/users\/1"}],"replies":[{"embeddable":true,"href":"https:\/\/lila-spirit.ro\/wp\/index.php?rest_route=%2Fwp%2Fv2%2Fcomments&post=1002"}],"version-history":[{"count":3,"href":"https:\/\/lila-spirit.ro\/wp\/index.php?rest_route=\/wp\/v2\/pages\/1002\/revisions"}],"predecessor-version":[{"id":2977,"href":"https:\/\/lila-spirit.ro\/wp\/index.php?rest_route=\/wp\/v2\/pages\/1002\/revisions\/2977"}],"up":[{"embeddable":true,"href":"https:\/\/lila-spirit.ro\/wp\/index.php?rest_route=\/wp\/v2\/pages\/2840"}],"wp:featuredmedia":[{"embeddable":true,"href":"https:\/\/lila-spirit.ro\/wp\/index.php?rest_route=\/wp\/v2\/media\/1001"}],"wp:attachment":[{"href":"https:\/\/lila-spirit.ro\/wp\/index.php?rest_route=%2Fwp%2Fv2%2Fmedia&parent=1002"}],"curies":[{"name":"wp","href":"https:\/\/api.w.org\/{rel}","templated":true}]}}