{"id":102,"date":"2013-09-12T17:44:17","date_gmt":"2013-09-12T17:44:17","guid":{"rendered":"http:\/\/lila-spirit.ro\/wp\/?page_id=102"},"modified":"2016-09-15T15:43:26","modified_gmt":"2016-09-15T12:43:26","slug":"medicina-energetica","status":"publish","type":"page","link":"https:\/\/lila-spirit.ro\/wp\/?page_id=102","title":{"rendered":"TERAPIILE LiLA&#8230;"},"content":{"rendered":"<p style=\"text-align: center; padding-left: 30px;\" align=\"center\">\n<p style=\"padding-left: 30px; text-align: left;\" align=\"center\"><b>Despre cauzele bolilor: <\/b>Dr.Gabriela Ciorbea<\/p>\n<p style=\"text-align: left; padding-left: 30px;\">Ce este boala?<\/p>\n<p style=\"text-align: left; padding-left: 30px;\">De ce se \u00eemboln\u0103vesc oamenii?<\/p>\n<p style=\"text-align: left; padding-left: 30px;\">Una din cauze, cea mai frecvent\u0103 probabil, este ignoran\u021ba.<\/p>\n<p style=\"text-align: left; padding-left: 30px;\">O alta ar fi aceea c\u0103 sufletul lor vrea s\u0103 experimenteze, s\u0103 \u00eenve\u021be ceva folosindu-se de acea boal\u0103.<\/p>\n<p style=\"text-align: left; padding-left: 30px;\">Alt\u0103 cauz\u0103 ar fi c\u0103 pur \u0219i simplu a venit timpul schimb\u0103rii dimensiunilor, adic\u0103 trupul trebuie l\u0103sat pentru a merge mai departe.<\/p>\n<p style=\"text-align: left; padding-left: 30px;\">Lista r\u0103m\u00e2ne deschis\u0103\u2026<\/p>\n<p style=\"text-align: left; padding-left: 30px;\">Totusi revenind la prima cauz\u0103, ce este<\/p>\n<p style=\"text-align: left; padding-left: 30px;\">IGNORAN\u021aA ?<\/p>\n<p style=\"text-align: left; padding-left: 30px;\">Ignoran\u021ba este atunci c\u00e2nd nu \u0219tii \u0219i nici nu vrei s\u0103 afli.<\/p>\n<p style=\"text-align: left; padding-left: 30px;\">Ignoran\u021ba este c\u00e2nd ai intrat \u00een propria cu\u0219c\u0103 \u0219i o confunzi cu Universul, crezi c\u0103 asta e \u0219i c\u0103 asta e tot. Altfel spus c\u00e2nd crezi c\u0103 \u0219tii \u0219i nu te \u00eendoie\u0219ti, c\u00e2nd totul \u00ee\u021bi este clar \u0219i ai scopuri precise \u00een via\u021b\u0103, pe care vrei s\u0103 \u021bi le atingi cu orice pre\u021b, c\u00e2nd \u0219tii tu totul despre toate \u0219i nimeni nu te mai poate \u00eenv\u0103\u021ba nimic, probabil e\u0219ti\u2026ignorant.<\/p>\n<p style=\"text-align: left; padding-left: 30px;\">Daca ignoran\u0163a este cauza bolilor, prin tratarea ei se trateaz\u0103 boala? De fapt, cam a\u015fa stau lucrurile. Dar pentru a o putea trata ar trebui s\u0103 o recunoa\u0219tem. S\u0103 recunoa\u015ftem c\u0103 nu \u0219tim \u0219i apoi s\u0103 \u00eencerc\u0103m s\u0103 afl\u0103m.<\/p>\n<p style=\"text-align: left; padding-left: 30px;\">Apoi s\u0103 experiment\u0103m pentru a afla.<\/p>\n<p style=\"text-align: left; padding-left: 30px;\">Pentru c\u0103 adev\u0103rata cunoa\u0219tere nu este o \u00een\u0219iruire de informa\u021bii ci, o suit\u0103 de tr\u0103iri \u0219i de con\u0219tientiz\u0103ri.<\/p>\n<p style=\"text-align: left; padding-left: 30px;\">Con\u0219tientiz\u0103ri \u00een ceea ce ne prive\u0219te pe noi, in ceea ce prive\u0219te Universul \u0219i rela\u021biile noastre cu TOT, inclusiv cu noi \u00een\u0219ine.<\/p>\n<p style=\"text-align: left; padding-left: 30px;\">Cu noi care? Cu noi cine? Suntem? Exist\u0103m? Tr\u0103im?<\/p>\n<p style=\"text-align: left; padding-left: 30px;\">Cine suntem? Ce suntem?<\/p>\n<p style=\"text-align: left; padding-left: 30px;\">Mai exact ce nu suntem?<\/p>\n<p style=\"text-align: left; padding-left: 30px;\">Nu suntem corpul nostru.<\/p>\n<p style=\"text-align: left; padding-left: 30px;\">Nu suntem mintea noastr\u0103.<\/p>\n<p style=\"text-align: left; padding-left: 30px;\">Nu suntem emo\u021biile noastre.<\/p>\n<p style=\"text-align: left; padding-left: 30px;\">Nu suntem dorin\u021bele noastre, grijile noastre\u2026<\/p>\n<p style=\"text-align: left; padding-left: 30px;\">Nu suntem meseria noastr\u0103.<\/p>\n<p style=\"text-align: left; padding-left: 30px;\">Nu suntem numele nostru.<\/p>\n<p style=\"text-align: left; padding-left: 30px;\">Nu suntem rolul pe care \u00eel avem \u00een familie sau \u00een societate.<\/p>\n<p style=\"text-align: left; padding-left: 30px;\">Nu suntem vila, apartamentul, ma\u0219inile, ratele la banc\u0103.<\/p>\n<p style=\"text-align: left; padding-left: 30px;\">Nu suntem ceea ce avem.<\/p>\n<p style=\"text-align: left; padding-left: 30px;\">Nu suntem ceea ce \u015ftim.<\/p>\n<p style=\"text-align: left; padding-left: 30px;\">Sau altfel spus <b>suntem cu mult, mult mai mult<\/b> dec\u00e2t enumer\u0103rile de mai sus. Toate enumer\u0103rile pot fi caracteristici ale noastre, atribute, dar nu asta suntem noi, nu \u0103sta e con\u021binutul, nu asta e esen\u021ba.<\/p>\n<p style=\"text-align: left; padding-left: 30px;\">E foarte important s\u0103 nu ne identific\u0103m cu nici una din toate aceste atribute, pentru c\u0103 orice identificare ne limiteaz\u0103 dramatic, ne \u00eenchide \u00een cu\u0219c\u0103 definitiv. \u0218i limit\u0103rile sunt cele care ne blocheaz\u0103, ne \u00eemboln\u0103vesc, ne stric\u0103 armonia din via\u021b\u0103.<\/p>\n<p style=\"text-align: left; padding-left: 30px;\">Deci remediul tuturor bolilor este :<\/p>\n<p style=\"text-align: left; padding-left: 30px;\">CUNOASTEREA ! ! !<\/p>\n<p style=\"text-align: left; padding-left: 30px;\">Cunoa\u0219tere de sine \u0219i cunoa\u0219tere a Universului, cuno\u015ftere a ceea suntem \u015fi a modului \u00een care func\u0163ion\u0103m.<\/p>\n<p style=\"text-align: left; padding-left: 30px;\">\u0218i pe m\u0103sur\u0103 ce ne apropiem de adev\u0103rata noastr\u0103 fiin\u021b\u0103, via\u021ba ni se transform\u0103 \u00een cel mai frumos mod cu putin\u021b\u0103, inclusiv din punct de vedere al s\u0103nat\u0103\u021bii.<\/p>\n<p style=\"text-align: left; padding-left: 30px;\">Intrebarea care apare \u00een acest moment este : \u201d Bine, bine \u0219i cum s\u0103 facem? Cum s\u0103 ne cunoa\u0219tem, cum s\u0103 ne descoperim?\u201d<\/p>\n<p style=\"text-align: left; padding-left: 30px;\">Pas cu pas, fiecare urm\u00e2nd calea care i se potrive\u0219te.<\/p>\n<p style=\"text-align: left; padding-left: 30px;\">Pentru \u00eenceput putem preciza c\u0103 suntem c\u00e2mpuri de energie ordonate ce con\u021bin informa\u021bie.<\/p>\n<p style=\"text-align: left; padding-left: 30px;\">Orice om este o energie, energie care are o anumit\u0103 structur\u0103. Structur\u0103 care se cunoa\u0219te pentru c\u0103 au fost de-a lungul vremii ilumina\u021bi \u0219i clarv\u0103z\u0103tori care au descris-o.<\/p>\n<p style=\"text-align: left; padding-left: 30px;\">Au fost descrise vortexuri de energie numite chakre, \u015fi c\u00e2mpurile lor aferente, au fost descrise canale mari pe care circul\u0103 energia \u0219i canale mici. Au fost descrise variate tipuri de energii care circul\u0103 prin diverse canale, de la cele mai grosiere care merg prin canalele de acupunctur\u0103 p\u00e2n\u0103 la cele mai subtile, canale de constiin\u021b\u0103, sc\u00e2nteia de Dumnezeu\u2026<\/p>\n<p style=\"text-align: left; padding-left: 30px;\">Iar starea de s\u0103n\u0103tate este dat\u0103 de o curgere armonioas\u0103 a energiei, f\u0103r\u0103 blocaje, far\u0103 amput\u0103ri, far\u0103 pierderi, f\u0103r\u0103 distorsiuni.<\/p>\n<p style=\"text-align: left; padding-left: 30px;\">Este important, deci, s\u0103 \u0219tim ce afecteaz\u0103 aceast\u0103 curgere, altfel spus ce ne afecteaz\u0103 starea de s\u0103n\u0103tate fizic\u0103 \u0219i psihic\u0103, armonia \u0219i frumuse\u021bea din via\u021b\u0103.<\/p>\n<p style=\"text-align: left; padding-left: 30px;\">\u0218tim oare?<\/p>\n<p style=\"text-align: left; padding-left: 30px;\">Probabil c\u0103 \u2026<\/p>\n<p style=\"text-align: left; padding-left: 30px;\">Tot ceea ce g\u00e2ndim\u2026<\/p>\n<p style=\"text-align: left; padding-left: 30px;\">Tot ceea ce spunem\u2026<\/p>\n<p style=\"text-align: left; padding-left: 30px;\">Toate ac\u021biunile noastre\u2026<\/p>\n<p style=\"text-align: left; padding-left: 30px;\">Toate concep\u021biile despre lume \u0219i via\u021b\u0103\u2026<\/p>\n<p style=\"text-align: left; padding-left: 30px;\">Toate atitudinile noastre \u00een fa\u021ba vie\u021bii\u2026<\/p>\n<p style=\"text-align: left; padding-left: 30px;\">Totul : orice privire, orice z\u00e2mbet, orice gest, tot ceea ce con\u021bine con\u0219tientul \u0219i subcon\u0219tientul nostru, ceea ce vrem s\u0103 \u0219tim \u0219i ceea ce nu vrem s\u0103 \u0219tim despre noi, totul, ne determin\u0103 s\u0103n\u0103tatea \u0219i via\u021ba.<\/p>\n<p style=\"text-align: left; padding-left: 30px;\">Ceea ce \u00eenseamn\u0103 c\u0103 putem s\u0103 fim \u015fi s\u0103 ne comport\u0103m \u00een a\u015fa fel \u00eenc\u00e2t s\u0103 ne p\u0103str\u0103m s\u0103n\u0103tatea \u015fi frumuse\u0163ea vie\u0163ii, putem s\u0103 \u00eenv\u0103\u0163\u0103m acestea.<\/p>\n<p style=\"text-align: left; padding-left: 30px;\">\u015ei dac\u0103 a fi s\u0103n\u0103tos inseamn\u0103 a avea cunoa\u015ftere, pentru a dob\u00e2ndi cunoa\u015fterea este nevoie deopotriva \u015fide informa\u0163ia corect\u0103 \u015fi de practic\u0103 pentru a o putea experimenta \u015fi structura \u00een propria fiin\u0163\u0103.<\/p>\n<p style=\"text-align: left; padding-left: 30px;\">A fi s\u0103natos \u00eenseamn\u0103, prin urmare, munc\u0103 cu tine \u00eensu\u021bi, disciplin\u0103, \u00eenseamn\u0103\u00a0 deschidere, \u00eenseamn\u0103 a tr\u0103i con\u0219tient, a\u00a0 fi \u00eentr-un proces continuu de \u00eenv\u0103\u021bare, de transformare.<\/p>\n<p style=\"text-align: left; padding-left: 30px;\">Dar<\/p>\n<p style=\"text-align: left; padding-left: 30px;\">PRIMUL PAS<\/p>\n<p style=\"text-align: left; padding-left: 30px;\"><b>este recunoa\u0219terea faptului c\u0103 nu \u0219tii, \u0219i c\u0103 ai nevoie s\u0103 \u00eenve\u0163i.<\/b><\/p>\n<p style=\"text-align: left; padding-left: 30px;\">\u0218i apoi fiecare c\u0103ut\u00e2nd \u00ee\u0219i g\u0103se\u0219te calea \u0219i practica potrivit\u0103.<\/p>\n<p style=\"text-align: left; padding-left: 30px;\">Sunt multe \u0219coli \u0219i multe tipuri de practic\u0103, sunt mul\u021bi \u00een\u021belep\u021bi care ne ajut\u0103, exist\u0103, din p\u0103cate, \u0219i fal\u0219i \u00eenv\u0103\u021b\u0103tori.<\/p>\n<p style=\"text-align: left; padding-left: 30px;\">Confirmarea c\u0103 este o cale bun\u0103 \u0219i nu una fals\u0103 o va primi fiecare numai dac\u0103\u00a0 merge pe ea \u0219i numai dac\u0103 e lucid \u0219i cinstit cu el \u00eensu\u0219i, confirmarea o d\u0103 via\u021ba \u00eens\u0103\u0219i.<\/p>\n<p style=\"text-align: left; padding-left: 30px;\">Comentariul final este acela- c\u0103 nu microbii, ereditatea, mediul, Dumnezeu ne \u00eemboln\u0103vesc, ci noi \u00een\u015fine \u015fi c\u0103 nimeni din afar\u0103 nu ne poate vindeca. Putem fi ajuta\u0163i, dar fiecare este responsabil de propria lui vindecare, de propriile experien\u0163e \u015fi de propriul drum.<\/p>\n<p style=\"text-align: left; padding-left: 30px;\">Acela\u0219i lucru, spus \u00een imagini&#8230;<\/p>\n<p style=\"text-align: left; padding-left: 30px;\"><em>(textele apar\u021bin \u015ecolii LiLA, copierea, transmiterea sau alt\u0103 utilizare a lor se poate face doar dup\u0103 ob\u021binerea permisiunii \u0219i cu respectarea fidel\u0103 a con\u021binutului\u2026 mul\u021bumesc!)<\/em><\/p>\n<div id=\"kpm_content_wrapper\" class=\"notranslate\"><\/div>\n","protected":false},"excerpt":{"rendered":"<p>Despre cauzele bolilor: Dr.Gabriela Ciorbea Ce este boala? De ce se \u00eemboln\u0103vesc oamenii? Una din cauze, cea mai frecvent\u0103 probabil, este ignoran\u021ba. O alta ar fi aceea c\u0103 sufletul lor vrea s\u0103 experimenteze, s\u0103 \u00eenve\u021be ceva folosindu-se de acea boal\u0103. Alt\u0103 cauz\u0103 ar fi c\u0103 pur \u0219i simplu a venit timpul schimb\u0103rii dimensiunilor, adic\u0103 trupul [&hellip;]<\/p>\n","protected":false},"author":1,"featured_media":958,"parent":0,"menu_order":0,"comment_status":"open","ping_status":"open","template":"","meta":[],"_links":{"self":[{"href":"https:\/\/lila-spirit.ro\/wp\/index.php?rest_route=\/wp\/v2\/pages\/102"}],"collection":[{"href":"https:\/\/lila-spirit.ro\/wp\/index.php?rest_route=\/wp\/v2\/pages"}],"about":[{"href":"https:\/\/lila-spirit.ro\/wp\/index.php?rest_route=\/wp\/v2\/types\/page"}],"author":[{"embeddable":true,"href":"https:\/\/lila-spirit.ro\/wp\/index.php?rest_route=\/wp\/v2\/users\/1"}],"replies":[{"embeddable":true,"href":"https:\/\/lila-spirit.ro\/wp\/index.php?rest_route=%2Fwp%2Fv2%2Fcomments&post=102"}],"version-history":[{"count":16,"href":"https:\/\/lila-spirit.ro\/wp\/index.php?rest_route=\/wp\/v2\/pages\/102\/revisions"}],"predecessor-version":[{"id":2994,"href":"https:\/\/lila-spirit.ro\/wp\/index.php?rest_route=\/wp\/v2\/pages\/102\/revisions\/2994"}],"wp:featuredmedia":[{"embeddable":true,"href":"https:\/\/lila-spirit.ro\/wp\/index.php?rest_route=\/wp\/v2\/media\/958"}],"wp:attachment":[{"href":"https:\/\/lila-spirit.ro\/wp\/index.php?rest_route=%2Fwp%2Fv2%2Fmedia&parent=102"}],"curies":[{"name":"wp","href":"https:\/\/api.w.org\/{rel}","templated":true}]}}