{"id":1166,"date":"2013-09-23T07:56:23","date_gmt":"2013-09-23T07:56:23","guid":{"rendered":"http:\/\/lila-spirit.ro\/wp\/?page_id=1166"},"modified":"2016-09-16T12:03:02","modified_gmt":"2016-09-16T09:03:02","slug":"produse-farfurioare-de-sticla-faiante-suporturi-pentru-pahare-din-pluta-magneti-tablouri-ceasuri-medalioane-semne-de-carte-etc","status":"publish","type":"page","link":"https:\/\/lila-spirit.ro\/wp\/?page_id=1166","title":{"rendered":"Produse: c\u0103ni, farfurioare de sticl\u0103, pl\u0103ci de faian\u021b\u0103, suporturi pentru pahare din plut\u0103, magneti, tablouri, ceasuri, etc."},"content":{"rendered":"<p><span style=\"color: #800080;\"><strong>Iat\u0103 ce devin mandalele, singure sau \u00een combina\u021bii:<\/strong><\/span><\/p>\n<p><span style=\"color: #800080;\"><strong>farfurioare de sticl\u0103 imprimate,\u00a0pl\u0103ci de\u00a0faian\u021b\u0103 imprimate, suporturi pentru pahare din plut\u0103 sau din material plastic, magneti, tablouri, cancasuri, ceasuri, medalioane, semne de carte,\u00a0etc&#8230;<\/strong><\/span><\/p>\n<p><span style=\"color: #800080;\"><strong>Toate aceste produse (imagini \u0219i explica\u021bii) le g\u0103si\u021bi \u00een submeniurile ata\u0219ate&#8230;<\/strong><\/span><\/p>\n<p>&nbsp;<\/p>\n<p><b><i>P<\/i><\/b><b><i>entru \u00eentreb\u0103ri, detalii \u0219i comenzi v\u0103 pute\u0163i adresa la <\/i><\/b><i><a href=\"mailto:mandale.lila@yahoo.com\" target=\"_blank\">mandale.lila@yahoo.com<\/a><\/i><b><i>, sau direct din\u00a0 magazinul nostru <a href=\"http:\/\/mandalashop.lila-spirit.ro\">http:\/\/mandalashop.lila-spirit.ro<\/a><br \/>\n<\/i><\/b><\/p>\n<p><b><i>La cerere, se pot executa \u015fi mandale personalizate, \u00een func\u021bie de nume \u0219i data na\u0219terii, pentru diferite afec\u0163iuni, pentru alte probleme, pentru evenimente, etc. O consulta\u0163ie personal\u0103 poate fi util\u0103 \u00een acest sens.\u00a0Aten\u021bie: nu orice imagine se preteaz\u0103 \u00eens\u0103 la orice material\u2026<\/i><\/b><b><i> <\/i><\/b><b><i><\/i><\/b><\/p>\n<p><b><i>\u00a0<\/i><\/b><\/p>\n<p><b><i>\u00a0<\/i><\/b><span style=\"color: #008000;\"><b>Pre\u021buri de achizi\u021bionare:<\/b><\/span><\/p>\n<p><span style=\"color: #008000;\"><b>\u00a0<\/b>\u00a01. faian\u021b\u0103 mare\u00a0\u00a0(15\/15 cm)\u00a0\u00a0=\u00a050 lei<\/span><\/p>\n<p><span style=\"color: #008000;\">\u00a0\u00a0\u00a0\u00a0\u00a0 faian\u021b\u0103 mic\u0103 \u00a0\u00a0(10\/10 cm)\u00a0\u00a0= 40 lei<\/span><\/p>\n<p><span style=\"color: #008000;\">\u00a02.\u00a0farfurioare de sticl\u0103\u00a0\u00a0rotunde: mici, diam 10 cm\u00a0 = 45 lei<\/span><\/p>\n<p><span style=\"color: #008000;\">\u00a0\u00a0\u00a0\u00a0\u00a0\u00a0\u00a0\u00a0\u00a0\u00a0\u00a0\u00a0\u00a0\u00a0\u00a0\u00a0\u00a0\u00a0\u00a0\u00a0\u00a0\u00a0\u00a0\u00a0\u00a0\u00a0\u00a0\u00a0\u00a0\u00a0\u00a0\u00a0\u00a0\u00a0\u00a0\u00a0\u00a0\u00a0\u00a0\u00a0\u00a0\u00a0\u00a0\u00a0\u00a0\u00a0\u00a0\u00a0\u00a0\u00a0\u00a0\u00a0\u00a0\u00a0 \u00a0 \u00a0 mari, diam 12 cm\u00a0 = 50 lei<\/span><\/p>\n<p><span style=\"color: #008000;\">\u00a0\u00a0\u00a0 \u00a0farfurioare de sticl\u0103 p\u0103trate:\u00a0\u00a0 mari, 12\/12 cm\u00a0= 50 lei<\/span><\/p>\n<p><span style=\"color: #008000;\">\u00a0\u00a0\u00a0\u00a0 platouri de sticl\u0103 dreptunghiulare = 70 lei<\/span><\/p>\n<p><span style=\"color: #008000;\">\u00a03. mandal\u0103 pe\u00a0plut\u0103:\u00a0\u00a010\/10 cm\u00a0\u00a0\u00a0=\u00a0\u00a035 lei<\/span><\/p>\n<p><span style=\"color: #008000;\">\u00a04. medalioane\u00a0\u00a0\u00a0= 20 lei<\/span><\/p>\n<p><span style=\"color: #008000;\">\u00a05. \u00a0magneti\u00a0\u00a0mici 6\/9 cm\u00a0\u00a0\u00a0=\u00a0\u00a020 lei<\/span><\/p>\n<p><span style=\"color: #008000;\">\u00a0\u00a0\u00a0\u00a0\u00a0 magne\u021bi \u00a0p\u0103tra\u021bi\u00a010\/10 cm\u00a0\u00a0\u00a0= 35 lei<\/span><\/p>\n<p><span style=\"color: #008000;\">\u00a06. tablou mare: A4 \u00a0\u00a0= 50 lei<\/span><\/p>\n<p><span style=\"color: #008000;\">\u00a0\u00a0\u00a0 \u00a0tablou mic,\u00a0aprox A5 sau A6\u00a0\u00a0=\u00a035-40 lei\u00a0 (pre\u021bul variaz\u0103 \u0219i \u00een func\u021bie de pre\u021bul ramei)<\/span><\/p>\n<p><span style=\"color: #008000;\">\u00a07. mouse pad\u00a0 = 45 lei<\/span><\/p>\n<p><span style=\"color: #008000;\">\u00a08. ceas imprimat pe faian\u021b\u0103 =\u00a0\u00a055 lei<\/span><\/p>\n<p><span style=\"color: #008000;\">\u00a09. felicitari\u00a0\u00a0\u00a0\u00a0\u00a0=\u00a0\u00a010 lei<\/span><\/p>\n<p><span style=\"color: #008000;\">\u00a010. semne de carte\u00a0= \u00a010 lei<\/span><\/p>\n<p><span style=\"color: #008000;\">\u00a011. mandala\u00a0pe vinil, mare:\u00a0 9\/9 sau 10\/10 cm\u00a0\u00a0\u00a0=\u00a0\u00a030 \u2013 35\u00a0lei<\/span><\/p>\n<p><span style=\"color: #008000;\">\u00a0\u00a0\u00a0\u00a0 \u00a0mandala pe vinil,\u00a0mic\u0103: 4\/4 cm\u00a0=\u00a0 25 lei<\/span><\/p>\n<p><span style=\"color: #008000;\">12. c\u0103ni\u00a0 albe, imprimate=\u00a040 lei<\/span><\/p>\n<p><span style=\"color: #008000;\">\u00a0\u00a0\u00a0\u00a0 c\u0103ni colorate, imprimate= 48 lei<\/span><\/p>\n<p><span style=\"color: #008000;\">\u00a013. puzzle imprimate cu mandale: 45 lei<\/span><\/p>\n<p><span style=\"color: #008000;\">14. canvas 35\/35 cm= 100 lei<\/span><\/p>\n<p><span style=\"color: #008000;\">\u00a0\u00a0\u00a0\u00a0\u00a0 canvas 50\/50 cm= 130 lei<\/span><\/p>\n<p><span style=\"color: #008000;\"><b><i>* pre\u021bul este negociabil \u00een func\u021bie de cantitate\u2026<\/i><\/b><\/span><\/p>\n<p><span style=\"color: #008000;\"><b><i>\u00a0<\/i><\/b><b><i>* dac\u0103 dori\u021bi s\u0103 deveni\u021bi distribuitor LiLA, v\u0103 rug\u0103m s\u0103 ne contacta\u021bi \u00een vederea stabilirii condi\u021biilor de colaborare\u2026<\/i><\/b><\/span><\/p>\n<p><span style=\"color: #008000;\"><b><i>\u00a0<\/i><\/b><b><i>* pentru produsele personalizate se adaug\u0103 un cost suplimentar, care depinde \u0219i de materialul ales\u2026<\/i><\/b><\/span><\/p>\n<p><span style=\"color: #008000;\"><b><i>\u00a0<\/i><\/b><b><i>V\u0103 mul\u021bumim\u2026<\/i><\/b><\/span><\/p>\n<p>&nbsp;<\/p>\n<p><span style=\"color: #ff0000;\"><b><i>\u00a0<\/i><\/b><b><i>Aten\u021bie:<\/i><\/b><\/span><\/p>\n<p><span style=\"color: #ff0000;\"><b><i>* mandalele copiate nu au acela\u015fi con\u0163inut informa\u0163ional \u015fi nu func\u0163ioneaz\u0103\u2026\u00a0<\/i><\/b><b> <\/b><b><i><\/i><\/b><\/span><\/p>\n<p><span style=\"color: #ff0000;\"><b><i>** mandalele sunt manufacturate \u015f<\/i><\/b><b><i>i necesit\u0103 delicate\u0163e \u00een manevrare\u2026 <\/i><\/b><b> <\/b><\/span><\/p>\n<p><b><i><span style=\"color: #ff0000;\">*** LiLA este marc\u0103 \u00eenregistrat\u0103\u2026<\/span> <\/i><\/b><\/p>\n<p>&nbsp;<\/p>\n<p>&nbsp;<\/p>\n<p><strong>\u00a0<\/strong><\/p>\n<p>&nbsp;<\/p>\n<p>&nbsp;<\/p>\n","protected":false},"excerpt":{"rendered":"<p>Iat\u0103 ce devin mandalele, singure sau \u00een combina\u021bii: farfurioare de sticl\u0103 imprimate,\u00a0pl\u0103ci de\u00a0faian\u021b\u0103 imprimate, suporturi pentru pahare din plut\u0103 sau din material plastic, magneti, tablouri, cancasuri, ceasuri, medalioane, semne de carte,\u00a0etc&#8230; Toate aceste produse (imagini \u0219i explica\u021bii) le g\u0103si\u021bi \u00een submeniurile ata\u0219ate&#8230; &nbsp; Pentru \u00eentreb\u0103ri, detalii \u0219i comenzi v\u0103 pute\u0163i adresa la mandale.lila@yahoo.com, sau direct [&hellip;]<\/p>\n","protected":false},"author":1,"featured_media":0,"parent":187,"menu_order":0,"comment_status":"closed","ping_status":"open","template":"","meta":[],"_links":{"self":[{"href":"https:\/\/lila-spirit.ro\/wp\/index.php?rest_route=\/wp\/v2\/pages\/1166"}],"collection":[{"href":"https:\/\/lila-spirit.ro\/wp\/index.php?rest_route=\/wp\/v2\/pages"}],"about":[{"href":"https:\/\/lila-spirit.ro\/wp\/index.php?rest_route=\/wp\/v2\/types\/page"}],"author":[{"embeddable":true,"href":"https:\/\/lila-spirit.ro\/wp\/index.php?rest_route=\/wp\/v2\/users\/1"}],"replies":[{"embeddable":true,"href":"https:\/\/lila-spirit.ro\/wp\/index.php?rest_route=%2Fwp%2Fv2%2Fcomments&post=1166"}],"version-history":[{"count":18,"href":"https:\/\/lila-spirit.ro\/wp\/index.php?rest_route=\/wp\/v2\/pages\/1166\/revisions"}],"predecessor-version":[{"id":3044,"href":"https:\/\/lila-spirit.ro\/wp\/index.php?rest_route=\/wp\/v2\/pages\/1166\/revisions\/3044"}],"up":[{"embeddable":true,"href":"https:\/\/lila-spirit.ro\/wp\/index.php?rest_route=\/wp\/v2\/pages\/187"}],"wp:attachment":[{"href":"https:\/\/lila-spirit.ro\/wp\/index.php?rest_route=%2Fwp%2Fv2%2Fmedia&parent=1166"}],"curies":[{"name":"wp","href":"https:\/\/api.w.org\/{rel}","templated":true}]}}