{"id":1224,"date":"2013-10-03T10:24:43","date_gmt":"2013-10-03T10:24:43","guid":{"rendered":"http:\/\/lila-spirit.ro\/wp\/?page_id=1224"},"modified":"2015-07-01T10:15:03","modified_gmt":"2015-07-01T10:15:03","slug":"desidn-cu-mandale","status":"publish","type":"page","link":"https:\/\/lila-spirit.ro\/wp\/?page_id=1224","title":{"rendered":"Design cu mandale&#8230;"},"content":{"rendered":"<p><strong>Baia din Casa LiLA, ornat\u0103 cu pl\u0103ci de faian\u021be cu mandale&#8230;<\/strong><\/p>\n<p><a href=\"http:\/\/lila-spirit.ro\/wp\/wp-content\/uploads\/2013\/10\/IMG_50251.jpg\"><img loading=\"lazy\" class=\" size-medium wp-image-2543 alignright\" src=\"http:\/\/lila-spirit.ro\/wp\/wp-content\/uploads\/2013\/10\/IMG_50251-213x300.jpg\" alt=\"IMG_5025\" width=\"213\" height=\"300\" srcset=\"https:\/\/lila-spirit.ro\/wp\/wp-content\/uploads\/2013\/10\/IMG_50251-213x300.jpg 213w, https:\/\/lila-spirit.ro\/wp\/wp-content\/uploads\/2013\/10\/IMG_50251.jpg 447w\" sizes=\"(max-width: 213px) 100vw, 213px\" \/><\/a> <a href=\"http:\/\/lila-spirit.ro\/wp\/wp-content\/uploads\/2013\/10\/IMG_5028.jpg\"><img loading=\"lazy\" class=\"aligncenter size-medium wp-image-2542\" src=\"http:\/\/lila-spirit.ro\/wp\/wp-content\/uploads\/2013\/10\/IMG_5028-300x183.jpg\" alt=\"IMG_5028\" width=\"300\" height=\"183\" srcset=\"https:\/\/lila-spirit.ro\/wp\/wp-content\/uploads\/2013\/10\/IMG_5028-300x183.jpg 300w, https:\/\/lila-spirit.ro\/wp\/wp-content\/uploads\/2013\/10\/IMG_5028-377x230.jpg 377w, https:\/\/lila-spirit.ro\/wp\/wp-content\/uploads\/2013\/10\/IMG_5028.jpg 638w\" sizes=\"(max-width: 300px) 100vw, 300px\" \/><\/a><\/p>\n<h2><\/h2>\n<h2><\/h2>\n<h2>Pl\u0103ci de faian\u021b\u0103 incluse \u00een decora\u021biunile murale sau pardoseli, imagini printate cu mandale\u00a0sub cristalul de pe mese&#8230;, r\u0103sp\u00e2ndesc \u00een jur informa\u021bia con\u021binut\u0103 \u00een mandale, sau o transfer\u0103 apei \u0219i alimentelor&#8230;<\/h2>\n\n\t\t<style type=\"text\/css\">\n\t\t\t#gallery-1 {\n\t\t\t\tmargin: auto;\n\t\t\t}\n\t\t\t#gallery-1 .gallery-item {\n\t\t\t\tfloat: left;\n\t\t\t\tmargin-top: 10px;\n\t\t\t\ttext-align: center;\n\t\t\t\twidth: 33%;\n\t\t\t}\n\t\t\t#gallery-1 img {\n\t\t\t\tborder: 2px solid #cfcfcf;\n\t\t\t}\n\t\t\t#gallery-1 .gallery-caption {\n\t\t\t\tmargin-left: 0;\n\t\t\t}\n\t\t\t\/* see gallery_shortcode() in wp-includes\/media.php *\/\n\t\t<\/style>\n\t\t<div id='gallery-1' class='gallery galleryid-1224 gallery-columns-3 gallery-size-thumbnail'><dl class='gallery-item'>\n\t\t\t<dt class='gallery-icon landscape'>\n\t\t\t\t<a href='https:\/\/lila-spirit.ro\/wp\/?attachment_id=1286'><img width=\"150\" height=\"150\" src=\"https:\/\/lila-spirit.ro\/wp\/wp-content\/uploads\/2013\/10\/5-150x150.jpg\" class=\"attachment-thumbnail size-thumbnail\" alt=\"\" loading=\"lazy\" srcset=\"https:\/\/lila-spirit.ro\/wp\/wp-content\/uploads\/2013\/10\/5-150x150.jpg 150w, https:\/\/lila-spirit.ro\/wp\/wp-content\/uploads\/2013\/10\/5-76x76.jpg 76w, https:\/\/lila-spirit.ro\/wp\/wp-content\/uploads\/2013\/10\/5-184x184.jpg 184w\" sizes=\"(max-width: 150px) 100vw, 150px\" \/><\/a>\n\t\t\t<\/dt><\/dl><dl class='gallery-item'>\n\t\t\t<dt class='gallery-icon landscape'>\n\t\t\t\t<a href='https:\/\/lila-spirit.ro\/wp\/?attachment_id=1287'><img width=\"150\" height=\"150\" src=\"https:\/\/lila-spirit.ro\/wp\/wp-content\/uploads\/2013\/10\/6-150x150.jpg\" class=\"attachment-thumbnail size-thumbnail\" alt=\"\" loading=\"lazy\" srcset=\"https:\/\/lila-spirit.ro\/wp\/wp-content\/uploads\/2013\/10\/6-150x150.jpg 150w, https:\/\/lila-spirit.ro\/wp\/wp-content\/uploads\/2013\/10\/6-76x76.jpg 76w, https:\/\/lila-spirit.ro\/wp\/wp-content\/uploads\/2013\/10\/6-184x184.jpg 184w\" sizes=\"(max-width: 150px) 100vw, 150px\" \/><\/a>\n\t\t\t<\/dt><\/dl><dl class='gallery-item'>\n\t\t\t<dt class='gallery-icon portrait'>\n\t\t\t\t<a href='https:\/\/lila-spirit.ro\/wp\/?attachment_id=1285'><img width=\"150\" height=\"150\" src=\"https:\/\/lila-spirit.ro\/wp\/wp-content\/uploads\/2013\/10\/10-150x150.jpg\" class=\"attachment-thumbnail size-thumbnail\" alt=\"\" loading=\"lazy\" srcset=\"https:\/\/lila-spirit.ro\/wp\/wp-content\/uploads\/2013\/10\/10-150x150.jpg 150w, https:\/\/lila-spirit.ro\/wp\/wp-content\/uploads\/2013\/10\/10-76x76.jpg 76w, https:\/\/lila-spirit.ro\/wp\/wp-content\/uploads\/2013\/10\/10-184x184.jpg 184w\" sizes=\"(max-width: 150px) 100vw, 150px\" \/><\/a>\n\t\t\t<\/dt><\/dl><br style=\"clear: both\" \/><dl class='gallery-item'>\n\t\t\t<dt class='gallery-icon portrait'>\n\t\t\t\t<a href='https:\/\/lila-spirit.ro\/wp\/?attachment_id=1284'><img width=\"150\" height=\"150\" src=\"https:\/\/lila-spirit.ro\/wp\/wp-content\/uploads\/2013\/10\/9-150x150.jpg\" class=\"attachment-thumbnail size-thumbnail\" alt=\"\" loading=\"lazy\" srcset=\"https:\/\/lila-spirit.ro\/wp\/wp-content\/uploads\/2013\/10\/9-150x150.jpg 150w, https:\/\/lila-spirit.ro\/wp\/wp-content\/uploads\/2013\/10\/9-76x76.jpg 76w, https:\/\/lila-spirit.ro\/wp\/wp-content\/uploads\/2013\/10\/9-184x184.jpg 184w\" sizes=\"(max-width: 150px) 100vw, 150px\" \/><\/a>\n\t\t\t<\/dt><\/dl><dl class='gallery-item'>\n\t\t\t<dt class='gallery-icon landscape'>\n\t\t\t\t<a href='https:\/\/lila-spirit.ro\/wp\/?attachment_id=1271'><img width=\"150\" height=\"150\" src=\"https:\/\/lila-spirit.ro\/wp\/wp-content\/uploads\/2013\/10\/IMG_0672-150x150.jpg\" class=\"attachment-thumbnail size-thumbnail\" alt=\"\" loading=\"lazy\" srcset=\"https:\/\/lila-spirit.ro\/wp\/wp-content\/uploads\/2013\/10\/IMG_0672-150x150.jpg 150w, https:\/\/lila-spirit.ro\/wp\/wp-content\/uploads\/2013\/10\/IMG_0672-76x76.jpg 76w, https:\/\/lila-spirit.ro\/wp\/wp-content\/uploads\/2013\/10\/IMG_0672-184x184.jpg 184w\" sizes=\"(max-width: 150px) 100vw, 150px\" \/><\/a>\n\t\t\t<\/dt><\/dl><dl class='gallery-item'>\n\t\t\t<dt class='gallery-icon landscape'>\n\t\t\t\t<a href='https:\/\/lila-spirit.ro\/wp\/?attachment_id=1270'><img width=\"150\" height=\"150\" src=\"https:\/\/lila-spirit.ro\/wp\/wp-content\/uploads\/2013\/10\/IMG_0676-150x150.jpg\" class=\"attachment-thumbnail size-thumbnail\" alt=\"\" loading=\"lazy\" srcset=\"https:\/\/lila-spirit.ro\/wp\/wp-content\/uploads\/2013\/10\/IMG_0676-150x150.jpg 150w, https:\/\/lila-spirit.ro\/wp\/wp-content\/uploads\/2013\/10\/IMG_0676-76x76.jpg 76w, https:\/\/lila-spirit.ro\/wp\/wp-content\/uploads\/2013\/10\/IMG_0676-184x184.jpg 184w\" sizes=\"(max-width: 150px) 100vw, 150px\" \/><\/a>\n\t\t\t<\/dt><\/dl><br style=\"clear: both\" \/><dl class='gallery-item'>\n\t\t\t<dt class='gallery-icon landscape'>\n\t\t\t\t<a href='https:\/\/lila-spirit.ro\/wp\/?attachment_id=1269'><img width=\"150\" height=\"150\" src=\"https:\/\/lila-spirit.ro\/wp\/wp-content\/uploads\/2013\/10\/IMG_0673-150x150.jpg\" class=\"attachment-thumbnail size-thumbnail\" alt=\"\" loading=\"lazy\" srcset=\"https:\/\/lila-spirit.ro\/wp\/wp-content\/uploads\/2013\/10\/IMG_0673-150x150.jpg 150w, https:\/\/lila-spirit.ro\/wp\/wp-content\/uploads\/2013\/10\/IMG_0673-76x76.jpg 76w, https:\/\/lila-spirit.ro\/wp\/wp-content\/uploads\/2013\/10\/IMG_0673-184x184.jpg 184w\" sizes=\"(max-width: 150px) 100vw, 150px\" \/><\/a>\n\t\t\t<\/dt><\/dl><dl class='gallery-item'>\n\t\t\t<dt class='gallery-icon landscape'>\n\t\t\t\t<a href='https:\/\/lila-spirit.ro\/wp\/?attachment_id=1267'><img width=\"150\" height=\"150\" src=\"https:\/\/lila-spirit.ro\/wp\/wp-content\/uploads\/2013\/10\/IMG_0655-150x150.jpg\" class=\"attachment-thumbnail size-thumbnail\" alt=\"\" loading=\"lazy\" srcset=\"https:\/\/lila-spirit.ro\/wp\/wp-content\/uploads\/2013\/10\/IMG_0655-150x150.jpg 150w, https:\/\/lila-spirit.ro\/wp\/wp-content\/uploads\/2013\/10\/IMG_0655-76x76.jpg 76w, https:\/\/lila-spirit.ro\/wp\/wp-content\/uploads\/2013\/10\/IMG_0655-184x184.jpg 184w\" sizes=\"(max-width: 150px) 100vw, 150px\" \/><\/a>\n\t\t\t<\/dt><\/dl>\n\t\t\t<br style='clear: both' \/>\n\t\t<\/div>\n\n<h2>Iat\u0103 \u0219i o idee frumoas\u0103 de glasvand cu mandale&#8230;<\/h2>\n\n\t\t<style type=\"text\/css\">\n\t\t\t#gallery-2 {\n\t\t\t\tmargin: auto;\n\t\t\t}\n\t\t\t#gallery-2 .gallery-item {\n\t\t\t\tfloat: left;\n\t\t\t\tmargin-top: 10px;\n\t\t\t\ttext-align: center;\n\t\t\t\twidth: 33%;\n\t\t\t}\n\t\t\t#gallery-2 img {\n\t\t\t\tborder: 2px solid #cfcfcf;\n\t\t\t}\n\t\t\t#gallery-2 .gallery-caption {\n\t\t\t\tmargin-left: 0;\n\t\t\t}\n\t\t\t\/* see gallery_shortcode() in wp-includes\/media.php *\/\n\t\t<\/style>\n\t\t<div id='gallery-2' class='gallery galleryid-1224 gallery-columns-3 gallery-size-thumbnail'><dl class='gallery-item'>\n\t\t\t<dt class='gallery-icon landscape'>\n\t\t\t\t<a href='https:\/\/lila-spirit.ro\/wp\/?attachment_id=1434'><img width=\"150\" height=\"150\" src=\"https:\/\/lila-spirit.ro\/wp\/wp-content\/uploads\/2013\/10\/DSCN3047-150x150.jpg\" class=\"attachment-thumbnail size-thumbnail\" alt=\"\" loading=\"lazy\" srcset=\"https:\/\/lila-spirit.ro\/wp\/wp-content\/uploads\/2013\/10\/DSCN3047-150x150.jpg 150w, https:\/\/lila-spirit.ro\/wp\/wp-content\/uploads\/2013\/10\/DSCN3047-76x76.jpg 76w, https:\/\/lila-spirit.ro\/wp\/wp-content\/uploads\/2013\/10\/DSCN3047-184x184.jpg 184w\" sizes=\"(max-width: 150px) 100vw, 150px\" \/><\/a>\n\t\t\t<\/dt><\/dl><dl class='gallery-item'>\n\t\t\t<dt class='gallery-icon portrait'>\n\t\t\t\t<a href='https:\/\/lila-spirit.ro\/wp\/?attachment_id=1431'><img width=\"150\" height=\"150\" src=\"https:\/\/lila-spirit.ro\/wp\/wp-content\/uploads\/2013\/10\/DSCN3021-150x150.jpg\" class=\"attachment-thumbnail size-thumbnail\" alt=\"\" loading=\"lazy\" srcset=\"https:\/\/lila-spirit.ro\/wp\/wp-content\/uploads\/2013\/10\/DSCN3021-150x150.jpg 150w, https:\/\/lila-spirit.ro\/wp\/wp-content\/uploads\/2013\/10\/DSCN3021-76x76.jpg 76w, https:\/\/lila-spirit.ro\/wp\/wp-content\/uploads\/2013\/10\/DSCN3021-184x184.jpg 184w\" sizes=\"(max-width: 150px) 100vw, 150px\" \/><\/a>\n\t\t\t<\/dt><\/dl><dl class='gallery-item'>\n\t\t\t<dt class='gallery-icon landscape'>\n\t\t\t\t<a href='https:\/\/lila-spirit.ro\/wp\/?attachment_id=1435'><img width=\"150\" height=\"150\" src=\"https:\/\/lila-spirit.ro\/wp\/wp-content\/uploads\/2013\/10\/DSCN3049-150x150.jpg\" class=\"attachment-thumbnail size-thumbnail\" alt=\"\" loading=\"lazy\" srcset=\"https:\/\/lila-spirit.ro\/wp\/wp-content\/uploads\/2013\/10\/DSCN3049-150x150.jpg 150w, https:\/\/lila-spirit.ro\/wp\/wp-content\/uploads\/2013\/10\/DSCN3049-76x76.jpg 76w, https:\/\/lila-spirit.ro\/wp\/wp-content\/uploads\/2013\/10\/DSCN3049-184x184.jpg 184w\" sizes=\"(max-width: 150px) 100vw, 150px\" \/><\/a>\n\t\t\t<\/dt><\/dl><br style=\"clear: both\" \/>\n\t\t<\/div>\n\n<p>&nbsp;<\/p>\n<p>&nbsp;<\/p>\n<p>&nbsp;<\/p>\n<p>&nbsp;<\/p>\n","protected":false},"excerpt":{"rendered":"<p>Baia din Casa LiLA, ornat\u0103 cu pl\u0103ci de faian\u021be cu mandale&#8230; Pl\u0103ci de faian\u021b\u0103 incluse \u00een decora\u021biunile murale sau pardoseli, imagini printate cu mandale\u00a0sub cristalul de pe mese&#8230;, r\u0103sp\u00e2ndesc \u00een jur informa\u021bia con\u021binut\u0103 \u00een mandale, sau o transfer\u0103 apei \u0219i alimentelor&#8230; Iat\u0103 \u0219i o idee frumoas\u0103 de glasvand cu mandale&#8230; &nbsp; &nbsp; &nbsp; &nbsp;<\/p>\n","protected":false},"author":1,"featured_media":0,"parent":187,"menu_order":0,"comment_status":"closed","ping_status":"open","template":"","meta":[],"_links":{"self":[{"href":"https:\/\/lila-spirit.ro\/wp\/index.php?rest_route=\/wp\/v2\/pages\/1224"}],"collection":[{"href":"https:\/\/lila-spirit.ro\/wp\/index.php?rest_route=\/wp\/v2\/pages"}],"about":[{"href":"https:\/\/lila-spirit.ro\/wp\/index.php?rest_route=\/wp\/v2\/types\/page"}],"author":[{"embeddable":true,"href":"https:\/\/lila-spirit.ro\/wp\/index.php?rest_route=\/wp\/v2\/users\/1"}],"replies":[{"embeddable":true,"href":"https:\/\/lila-spirit.ro\/wp\/index.php?rest_route=%2Fwp%2Fv2%2Fcomments&post=1224"}],"version-history":[{"count":12,"href":"https:\/\/lila-spirit.ro\/wp\/index.php?rest_route=\/wp\/v2\/pages\/1224\/revisions"}],"predecessor-version":[{"id":2549,"href":"https:\/\/lila-spirit.ro\/wp\/index.php?rest_route=\/wp\/v2\/pages\/1224\/revisions\/2549"}],"up":[{"embeddable":true,"href":"https:\/\/lila-spirit.ro\/wp\/index.php?rest_route=\/wp\/v2\/pages\/187"}],"wp:attachment":[{"href":"https:\/\/lila-spirit.ro\/wp\/index.php?rest_route=%2Fwp%2Fv2%2Fmedia&parent=1224"}],"curies":[{"name":"wp","href":"https:\/\/api.w.org\/{rel}","templated":true}]}}