{"id":1306,"date":"2013-10-08T11:43:09","date_gmt":"2013-10-08T11:43:09","guid":{"rendered":"http:\/\/lila-spirit.ro\/wp\/?page_id=1306"},"modified":"2013-10-20T12:05:24","modified_gmt":"2013-10-20T12:05:24","slug":"1306-2","status":"publish","type":"page","link":"https:\/\/lila-spirit.ro\/wp\/?page_id=1306","title":{"rendered":"Mandalele, medita\u021bia, iluminarea&#8230;"},"content":{"rendered":"<p style=\"text-align: justify;\"><em><strong>Acest text este o ofrand\u0103, precum o mandal\u0103&#8230; <\/strong><\/em><\/p>\n<p style=\"text-align: justify;\"><em><strong>Le sunt datoare \u0219i recunosc\u0103toare,\u00a0Marilor Mae\u0219trii ai mandalelor- \u00a0m\u0103car cu acest text&#8230; <\/strong><\/em><\/p>\n<p style=\"text-align: justify;\">In sanscrit\u0103 \u201dmandala\u201d \u00eenseamn\u0103 cerc. Mandalele sunt instrumente ritualice \u0219i de medita\u021bie mai ales \u00een budhism \u0219i hinduism.<\/p>\n<p style=\"text-align: justify;\">Unei mandale clasice i se pot atribui multiple semnifica\u021bii, vom \u00eencerca s\u0103 explic\u0103m c\u00e2teva dintre acestea.<\/p>\n<p style=\"text-align: justify;\">Mandalele sunt reprezent\u0103ri ale lumii, ale lumii cunoscute dar \u0219i ale lumilor necunoscute, \u00een care practicantul vrea s\u0103 accead\u0103&#8230; Mandala devine astfel o cale de acces spre alte lumi&#8230; Calea nu este \u00eens\u0103 accesibil\u0103 oricui, ea se poate realiza numai dup\u0103 \u00eendeplinirea unor ritualuri sacre&#8230;<\/p>\n<p style=\"text-align: justify;\"><a href=\"http:\/\/lila-spirit.ro\/wp\/wp-content\/uploads\/2013\/10\/3D-mandala.jpg\"><img loading=\"lazy\" alt=\"3D-mandala\" src=\"http:\/\/lila-spirit.ro\/wp\/wp-content\/uploads\/2013\/10\/3D-mandala-300x186.jpg\" width=\"198\" height=\"119\" \/><\/a>\u00a0\u00a0Mandala, reprezentare a lumii&#8230;<\/p>\n<p style=\"text-align: justify;\">Mandalele au por\u021bi, forma clasic\u0103 este cea rectangular\u0103, cu patru por\u021bi \u00een form\u0103 de T. Prin aceste por\u021bi se p\u0103trunde \u00een mandal\u0103, ca \u00eentr-un templu, \u00eenaint\u00e2nd mai apoi spre centru ei&#8230; Centrul mandalei reprezint\u0103 un spa\u021biu sacru. Exteriorul s\u0103u este lumea fenomenal\u0103, samsaric\u0103, dual\u0103; interiorul mandalei reprezint\u0103 nirvana, non-dualitatea, cap\u0103tul de drum al c\u0103ut\u0103torului spiritual. Acesta va explora \u201dlumea\u201d mandalei, dinspre exteriorul cunoscut, omenesc, acces\u00e2nd apoi nivele din ce \u00een ce mai profunde, mai rafinate de sim\u021bire \u0219i \u00een\u021belegere, p\u00e2n\u0103 c\u00e2nd, \u00een cele din urm\u0103, va atinge centrul&#8230;<\/p>\n<p style=\"text-align: justify;\"><a href=\"http:\/\/lila-spirit.ro\/wp\/wp-content\/uploads\/2013\/10\/Mandala-Kalachakra-1.jpg\"><img loading=\"lazy\" alt=\"SONY DSC\" src=\"http:\/\/lila-spirit.ro\/wp\/wp-content\/uploads\/2013\/10\/Mandala-Kalachakra-1-300x300.jpg\" width=\"189\" height=\"176\" \/><\/a>\u00a0\u00a0Mandala Kalachakra: por\u021bi ale lumii sacre&#8230;<\/p>\n<p style=\"text-align: justify;\">Pentru asta c\u0103ut\u0103torul spiritual va trebui \u00eens\u0103 s\u0103 se purifice: el va l\u0103sa astfel la fiecare poart\u0103 a mandalei sau pe diferitele ei nivele, emo\u021biile omene\u0219ti, mintea, obiceiurile, ata\u0219amentele&#8230; pentru c\u0103 doar cel pur, doar cel f\u0103r\u0103 ata\u0219amente, doar cel ne\u00eempov\u0103rat de nimic &#8211; poate ajunge \u00een centru&#8230; Por\u021bile corespund punctelor cardinale iar mandala va trebui parcurs\u0103 de mai multe ori, p\u00e2n\u0103 la transformarea complet\u0103 a emo\u021biilor respective: de exemplu, la poarta estic\u0103 practicantul se debaraseaz\u0103 de ignoran\u021b\u0103, dob\u00e2ndind \u00een\u021belepciune, la cea sudic\u0103 va l\u0103sa zg\u00e2rcenia, dob\u00e2ndind generozitatea, la poarta verstic\u0103 va l\u0103sa furia, dob\u00e2ndind discern\u0103m\u00e2ntul, la poarta nordic\u0103 va l\u0103sa invidia, dob\u00e2ndind bucuria&#8230; Astfel, mandalele devin \u00een primul r\u00e2nd, \u0219i foarte concret,\u00a0 instrumente de \u201dcur\u0103\u021bare\u201d, de purificare energetic\u0103, mental\u0103, emo\u021bional\u0103.<\/p>\n<p style=\"text-align: justify;\">Centrul mandalei reprezint\u0103 \u201dregatul\u201d ilumin\u0103rii, nirvana. Acolo c\u0103ut\u0103torul spiritual va g\u0103si pur \u0219i simplu un spa\u021biu, care, vom vedea mai t\u00e2rziu, reprezint\u0103 de fapt spa\u021biul s\u0103u interior, centrul s\u0103u&#8230; Va putea descoperi \u00eens\u0103 o zeitate, o manifestare energetic\u0103 superioar\u0103: un buddha al compasiunii, al iubirii, al vindec\u0103rii&#8230; Ajuns \u00een centrul mandalei, practicantul se va identifica cu acea zeitate, prelu\u00e2nd tr\u0103s\u0103turile ei: compasiunea, iubirea, vindecarea, \u00een\u021belegerea, iluminarea&#8230; Astfel, mandala devine un instrument de rafinare emo\u021bional\u0103, de vindecare, de evolu\u021bie.<\/p>\n<p style=\"text-align: justify;\"><a href=\"http:\/\/lila-spirit.ro\/wp\/wp-content\/uploads\/2013\/10\/avalokiteshvara_mandala.jpg\"><img loading=\"lazy\" alt=\"avalokiteshvara_mandala\" src=\"http:\/\/lila-spirit.ro\/wp\/wp-content\/uploads\/2013\/10\/avalokiteshvara_mandala-300x300.jpg\" width=\"182\" height=\"167\" \/><\/a>\u00a0Mandala lui Avalokiteshvara, buddha al compasiunii<\/p>\n<p style=\"text-align: justify;\">\u00cen acest sens sunt clasice mandalele buddhiste con\u021bin\u00e2nd cele 5 familii de buddha\u0219i, de fiin\u021be iluminate. Ele reprezint\u0103 de fapt doar aspecte distincte, caracteristici ale fiin\u021belor iluminate: puritatea, non-violen\u021ba, \u00een\u021belepciunea, des\u0103v\u00e2r\u0219irea, iluminarea. Acestea sunt privite ca \u0219i \u201dcoresponden\u021be\u201d ale celor 5 lumi inferioare, samsarice: lumile guvernate de furie, dorin\u021b\u0103, invidie \u0219i gelozie, m\u00e2ndrie, ignoran\u021b\u0103. Mandala faciliteaz\u0103 astfel trecerea spre lumile superioare, transmutarea emo\u021biilor respective, prin medita\u021bie sau prin identificarea practicantului aflat pe calea ilumin\u0103rii, cu zeit\u0103\u021bile respective, de fapt dob\u00e2ndirea \u201dfrecven\u021belor\u201d energetice superioare corespondente.<\/p>\n<p style=\"text-align: justify;\"><a href=\"http:\/\/lila-spirit.ro\/wp\/wp-content\/uploads\/2013\/10\/FiveBuddhaFamilies.jpg\"><img loading=\"lazy\" alt=\"FiveBuddhaFamilies\" src=\"http:\/\/lila-spirit.ro\/wp\/wp-content\/uploads\/2013\/10\/FiveBuddhaFamilies-228x300.jpg\" width=\"158\" height=\"191\" \/><\/a>\u00a0 \u00a0Cele 5 familii de buddha\u0219i&#8230;<\/p>\n<p style=\"text-align: justify;\">Spuneam c\u0103 mandala reprezint\u0103 \u00eens\u0103 \u0219i calea spre interior, spre spa\u021biul sacru al fiec\u0103ruia, acolo unde se afl\u0103 sufletul, acolo unde se afl\u0103 Spiritul, Esen\u021ba&#8230; Este un drum spre interior, un drum care poate fi dificil, pres\u0103rat cu obstacole, cu \u201dzeit\u0103\u021bi m\u00eenioase\u201d, reprezent\u0103ri vizuale plastice ale emo\u021biilor negative, ale violen\u021belor, ata\u0219amentelor, \u00eenl\u0103n\u021buirilor. Ori pentru a ajunge \u00een centru, toate acestea trebuie transcense&#8230; Mandala reprezint\u0103 astfel Calea spre interior&#8230; Practicantul o va parcurge mai \u00eent\u00e2i ca \u0219i reprezentare simbolic\u0103: mai apoi \u00eens\u0103, antrenat fiind, o va putea parcurge \u00een via\u021ba sa.<\/p>\n<p style=\"text-align: justify;\">Pentru aceasta \u00eens\u0103, mandala trebuie interiorizat\u0103, practicantul trebuie <i>s\u0103 intre<\/i> \u00een mandal\u0103, sau <i>s\u0103 aduc\u0103 mandala \u00een sine<\/i>, s\u0103 se identifice cu mandala \u0219i cu calea&#8230; Aceasta se realizeaz\u0103 prim medita\u021bia cu mandala, prin tehnica de fixare. Doar privind mandala c\u00e2teva secunde &#8211; miracolul nu se \u00eent\u00e2mpl\u0103&#8230;<\/p>\n<p style=\"text-align: justify;\">O alt\u0103 interpretare a mandalei este cea de reprezentare a min\u021bii: minte care con\u021bine \u201drealit\u0103\u021bile\u201d samsarice, grosiere, fenomenale, dar a c\u0103rei esen\u021b\u0103 este de fapt con\u0219tiin\u021ba: con\u0219tiin\u021ba de sine, iar mai apoi, con\u0219tiin\u021ba cosmic\u0103. Mandala \u00eei va indica practicantului drumul spre esen\u021ba min\u021bii sale, la fel ca \u0219i \u00een cazul emo\u021biilor, ajut\u00e2ndu-l s\u0103 transcead\u0103 straturile superficiale,\u201dlume\u0219ti\u201d&#8230; Descoperind Esen\u021ba min\u021bii sale, practicantul va \u00een\u021belege c\u0103 aceasta este Esen\u021ba a tot, Centrul&#8230; practicantul va descoperi Punctul terminus al c\u0103l\u0103toriei sale, dar \u0219i\u00a0 Punctul de emergen\u021b\u0103 al Crea\u021biei&#8230;<\/p>\n<p style=\"text-align: justify;\">Spuneam c\u0103 mandala poate folosi ca \u0219i instrument pentru a accesa diferite forme de energie: sunt cunoscutele yantrele hinduse, care \u0219i ele, corespund fiecare unei divinit\u0103\u021bi. Dar o divinitate, reprezint\u0103 de fapt \u00een orice cultur\u0103 \u0219i \u00een orice religie, o form\u0103 de energie&#8230; Concentr\u00e2ndu-se asupra unei yantre, practicantul va accesa o anumit\u0103 form\u0103 de energie. Simbolurile reiki reprezint\u0103 \u0219i ele mandale, cu exact acela\u0219i rol, de a racorda practicantul la o anumit\u0103 frecven\u021b\u0103: acea a energiei pure, a iubirii, a vindec\u0103rii trecutului, etc.<\/p>\n<p style=\"text-align: justify;\"><a href=\"http:\/\/lila-spirit.ro\/wp\/wp-content\/uploads\/2013\/10\/Kali_yantra.jpg\"><img loading=\"lazy\" alt=\"Kali_yantra\" src=\"http:\/\/lila-spirit.ro\/wp\/wp-content\/uploads\/2013\/10\/Kali_yantra-300x291.jpg\" width=\"167\" height=\"162\" \/><\/a>\u00a0\u00a0 Yantra lui Kali, marea putere cosmic\u0103 a timpului&#8230;<\/p>\n<p style=\"text-align: justify;\">Asta reprezint\u0103 \u00eens\u0103 doar primul pas, acela \u00een care practicantul consider\u0103 divinitatea respectiv\u0103 sau respectiva frecven\u021b\u0103 energetic\u0103- ca fiind ceva exterior sie\u0219i. De <i>fapt totul este \u00een interior: <\/i>\u0219i atunci interiorizarea mandalei te va face s\u0103 \u00een\u021belegi acest lucru: c\u0103 tu e\u0219ti totul, tu con\u021bii totul, exact a\u0219a cum con\u021bii mandala-lume sau mandala-form\u0103 de energie&#8230;<\/p>\n<p style=\"text-align: justify;\">Mandala, pentru budhi\u0219ti, simbolizeaz\u0103 de asemenea impermanen\u021ba: mandalele sunt construite din nisip, printr-o str\u0103danie exemplar\u0103 (care semnific\u0103 desigur, necesitatea str\u0103daniei spirituale&#8230;)&#8230; Dup\u0103 ce practica meditativ\u0103 \u0219i ritualul s-au \u00eencheiat, mandalele de nisip sunt \u00eempr\u0103\u0219tiate \u00een ap\u0103, \u00een acela\u0219i mod \u00een care totul se transform\u0103, totul dispare, totul este nepermanent&#8230; \u00cen plus, informa\u021bia \u0219i sacraliatea mandalei vor fi transferate apei, care le va r\u0103sp\u00e2ndi \u00een lume&#8230; C\u0103ci practica spiritual\u0103 nu se desf\u0103\u0219oar\u0103 doar pentru sine, ci pentru toate fiin\u021bele, v\u0103zute \u0219i nev\u0103zute, din toate timpurile&#8230;<\/p>\n<p style=\"text-align: justify;\"><a href=\"http:\/\/lila-spirit.ro\/wp\/wp-content\/uploads\/2013\/09\/Kalachakra-Mandala1.jpg\"><img loading=\"lazy\" class=\"alignleft size-medium wp-image-1243\" alt=\"Kalachakra-Mandala[1]\" src=\"http:\/\/lila-spirit.ro\/wp\/wp-content\/uploads\/2013\/09\/Kalachakra-Mandala1-300x154.jpg\" width=\"266\" height=\"153\" \/><\/a>\u00a0\u00a0 Kalachakra, mandal\u0103 de nisip&#8230;<\/p>\n<p style=\"text-align: justify;\">\n<p style=\"text-align: justify;\">\n<p style=\"text-align: justify;\">\n<p style=\"text-align: justify;\">\n<p style=\"text-align: justify;\">Mandalele pot constitui o ofrand\u0103 ritualic\u0103: ofranda ultim\u0103, de devo\u021biune total\u0103, este cea a \u00eentregii lumi \u201dcare \u00ee\u021bi apar\u021bine\u201d&#8230; \u00cen acela\u0219i timp, tu \u00eenve\u021bi s\u0103 renun\u021bi, simbolic, la toat\u0103 acea lume iluzorie, pe care o consideri \u201da ta\u201d&#8230;<\/p>\n<p style=\"text-align: justify;\"><a href=\"http:\/\/lila-spirit.ro\/wp\/wp-content\/uploads\/2013\/10\/offering-mandala.jpg\"><img loading=\"lazy\" alt=\"offering mandala\" src=\"http:\/\/lila-spirit.ro\/wp\/wp-content\/uploads\/2013\/10\/offering-mandala-300x225.jpg\" width=\"251\" height=\"160\" \/><\/a>\u00a0\u00a0 Mandala ca \u0219i ofrand\u0103&#8230;<\/p>\n<p style=\"text-align: justify;\">C.G.Jung este cel care a \u201ddescoperit\u201d mandalele pentru lumea occidental\u0103 \u0219i le-a introdus \u00een demersul psihoterapeutic. Pentru Jung mandalele reprezint\u0103 spirale de acces spre subcon\u0219tient, dar \u0219i spirale \u00een sens opus, spre evolu\u021bie, spre des\u0103v\u00e2r\u0219ire. Dup\u0103 Jung, mandala este capabil\u0103 s\u0103 restaureze o ordine interioar\u0103 pierdut\u0103&#8230; dar mandala poate de asemenea crea noi structuri interioare, aspecte p\u00e2n\u0103 acum neformate, nedefinite&#8230;<\/p>\n<p style=\"text-align: justify;\">Mandala este o spiral\u0103 a crea\u021biei: ea trece prin acela\u0219i punct dar la un alt nivel, ceea ce \u00eenseamn\u0103 evolu\u021bie&#8230;<\/p>\n<p style=\"text-align: justify;\">Mandala este o machet\u0103 energetic\u0103 pentru re-ordonare a universului sau pentru crea\u021bie de novo: a unei lumi, a unei p\u0103r\u021bi din lume: din lumea fizic\u0103, din lumea emo\u021bional\u0103, din lumile min\u021bii, din lumile Spiritului&#8230;<\/p>\n<p style=\"text-align: justify;\"><a href=\"http:\/\/lila-spirit.ro\/wp\/wp-content\/uploads\/2013\/10\/floarea-vieii.jpg\"><img loading=\"lazy\" alt=\"Picture 036\" src=\"http:\/\/lila-spirit.ro\/wp\/wp-content\/uploads\/2013\/10\/floarea-vieii-300x300.jpg\" width=\"178\" height=\"164\" \/><\/a>\u00a0\u00a0 \u00a0Floarea vie\u021bii&#8230;<\/p>\n<p style=\"text-align: justify;\"><span style=\"color: #000080;\">Floarea vie\u021bii este o mandal\u0103 clasic\u0103, de fapt tridimensional\u0103, este o mandal\u0103\u00a0\u00een spa\u021biu. Este mandala SPA\u021aIULUI. A spa\u021biului &#8211; ca \u0219i manifestare a Existen\u021bei, dar \u0219i a spa\u021biului ca\u00a0\u0219i \u201dcon\u021bin\u0103tor\u201d al acestei\u00a0manifest\u0103ri&#8230;<\/span><\/p>\n<div id=\"yui_3_7_2_11_1382188346522_46\" style=\"text-align: justify;\">\n<div id=\"yui_3_7_2_11_1382188346522_58\">\n<div id=\"yui_3_7_2_11_1382188346522_57\">\n<div id=\"yiv3223228858\">\n<div id=\"yui_3_7_2_11_1382188346522_56\">\n<div id=\"yui_3_7_2_11_1382188346522_55\">\n<div><span style=\"color: #000080;\">Dup\u0103 mine, ea reprezint\u0103 INTERDEPENDEN\u021aA, conexiunea tuturor formelor de via\u021b\u0103 din univers&#8230; suntem interconecta\u021bi cu\/la TOT, a\u0219a cum sunt intersectate cercurile Florii vie\u021bii&#8230;<\/span><\/div>\n<div id=\"yui_3_7_2_11_1382188346522_47\"><span style=\"color: #000080;\">De ce? pentru c\u0103 totul <em>provine<\/em> din aceea\u0219i Esen\u021b\u0103 Primordial\u0103&#8230; \u0219i pentru c\u0103 Totul <em id=\"yui_3_7_2_11_1382188346522_5267\">face parte, tr\u0103ie\u0219te \u0219i se dizolv\u0103\u00a0\u00ceN<\/em> acea Esen\u021b\u0103 Primordial\u0103: n<var id=\"yiv3223228858yui-ie-cursor\"><\/var>umit\u0103 Dumnezeu, sau Brahma, sau orice alt nume I-au dat oamenii Necuprinsului&#8230;<\/span><\/div>\n<div><\/div>\n<div><span style=\"color: #000080;\">Cercurile florii vie\u021bii\u00a0reprezint\u0103 \u201dlumile\u201d fiec\u0103rei fiin\u021be, intersectate, \u00eentrep\u0103trunse, \u00een interac\u021biune&#8230; reprezint\u0103 lumea material\u0103, universul creat de\/ \u0219i \u00een jurul fiec\u0103rei fiin\u021be, dar \u0219i coconul, \u00eenveli\u0219ul\u00a0s\u0103u energetic, lumea sa energetic\u0103.<\/span><\/div>\n<div>\n<span style=\"color: #000080;\">Cercurile, de fapt sferele care alc\u0103tuiesc mandala, reprezint\u0103 unit\u0103\u021bi ale structurilor mai complexe, c\u0103ci tot Universul poate fi redus la unit\u0103\u021bi: particule de energie,\u00a0atomi, fiin\u021be, planete, galaxii&#8230; Particulele de energie devin atomi, atomii se grupeaz\u0103 \u00een fiin\u021be, planetele \u00een galaxii, totul devine astfel un organism imens, FIIN\u021aA Cosmic\u0103, Dumnezeul care creaz\u0103, dar care con\u021bine, \u00een acela\u0219i timp, totul&#8230;<\/span><\/div>\n<div><\/div>\n<div id=\"yui_3_7_2_11_1382188346522_2194\"><span style=\"color: #000080;\">Floarea vie\u021bii este de fapt infinit\u0103. Ea reprezint\u0103 Crea\u021bia, \u00een\u00a0infinitatea\u00a0dezvolt\u0103rii,\u00a0manifest\u0103rii\u00a0\u0219i interconexiunilor ei.<\/span><\/div>\n<div><span style=\"color: #000080;\">Dar pentru c\u0103 mintea uman\u0103 nu poate percepe infinitatea, Floarea Vie\u021bii este reprezentat\u0103 ca fiind&#8230; o floare!<\/span><\/div>\n<div><\/div>\n<\/div>\n<\/div>\n<\/div>\n<\/div>\n<\/div>\n<\/div>\n<p style=\"text-align: justify;\">Indra<\/p>\n<p style=\"text-align: justify;\"><em>(textele apar\u021bin autoarei, copierea, transmiterea sau alt\u0103 utilizare a lor se poate face doar dup\u0103 ob\u021binerea permisiunii \u0219i cu respectarea fidel\u0103 a con\u021binutului\u2026 mul\u021bumesc!)<\/em><\/p>\n<p style=\"text-align: justify;\"><i>* imagini = internet&#8230;<\/i><\/p>\n<p style=\"text-align: justify;\">\n<p style=\"text-align: justify;\">\n<p style=\"text-align: justify;\">\n<p style=\"text-align: justify;\">\n","protected":false},"excerpt":{"rendered":"<p>Acest text este o ofrand\u0103, precum o mandal\u0103&#8230; Le sunt datoare \u0219i recunosc\u0103toare,\u00a0Marilor Mae\u0219trii ai mandalelor- \u00a0m\u0103car cu acest text&#8230; In sanscrit\u0103 \u201dmandala\u201d \u00eenseamn\u0103 cerc. Mandalele sunt instrumente ritualice \u0219i de medita\u021bie mai ales \u00een budhism \u0219i hinduism. Unei mandale clasice i se pot atribui multiple semnifica\u021bii, vom \u00eencerca s\u0103 explic\u0103m c\u00e2teva dintre acestea. Mandalele [&hellip;]<\/p>\n","protected":false},"author":1,"featured_media":1243,"parent":216,"menu_order":0,"comment_status":"closed","ping_status":"open","template":"","meta":[],"_links":{"self":[{"href":"https:\/\/lila-spirit.ro\/wp\/index.php?rest_route=\/wp\/v2\/pages\/1306"}],"collection":[{"href":"https:\/\/lila-spirit.ro\/wp\/index.php?rest_route=\/wp\/v2\/pages"}],"about":[{"href":"https:\/\/lila-spirit.ro\/wp\/index.php?rest_route=\/wp\/v2\/types\/page"}],"author":[{"embeddable":true,"href":"https:\/\/lila-spirit.ro\/wp\/index.php?rest_route=\/wp\/v2\/users\/1"}],"replies":[{"embeddable":true,"href":"https:\/\/lila-spirit.ro\/wp\/index.php?rest_route=%2Fwp%2Fv2%2Fcomments&post=1306"}],"version-history":[{"count":12,"href":"https:\/\/lila-spirit.ro\/wp\/index.php?rest_route=\/wp\/v2\/pages\/1306\/revisions"}],"predecessor-version":[{"id":1384,"href":"https:\/\/lila-spirit.ro\/wp\/index.php?rest_route=\/wp\/v2\/pages\/1306\/revisions\/1384"}],"up":[{"embeddable":true,"href":"https:\/\/lila-spirit.ro\/wp\/index.php?rest_route=\/wp\/v2\/pages\/216"}],"wp:featuredmedia":[{"embeddable":true,"href":"https:\/\/lila-spirit.ro\/wp\/index.php?rest_route=\/wp\/v2\/media\/1243"}],"wp:attachment":[{"href":"https:\/\/lila-spirit.ro\/wp\/index.php?rest_route=%2Fwp%2Fv2%2Fmedia&parent=1306"}],"curies":[{"name":"wp","href":"https:\/\/api.w.org\/{rel}","templated":true}]}}