{"id":1332,"date":"2013-10-13T09:52:13","date_gmt":"2013-10-13T09:52:13","guid":{"rendered":"http:\/\/lila-spirit.ro\/wp\/?page_id=1332"},"modified":"2020-09-14T16:59:32","modified_gmt":"2020-09-14T13:59:32","slug":"o-noua-seara-de-practica-yoga-exercitii-meditatie-de-marti-22-oct","status":"publish","type":"page","link":"https:\/\/lila-spirit.ro\/wp\/?page_id=1332","title":{"rendered":"PROGRAM de PRACTIC\u0102 S\u0102PT\u0102M\u00c2NAL\u0102&#8230;"},"content":{"rendered":"\n<div style=\"height:60px\" aria-hidden=\"true\" class=\"wp-block-spacer\"><\/div>\n\n\n\n<h2 style=\"text-align:center\"><strong>Program de practic\u0103 de sal\u0103, 2020-2021<\/strong><\/h2>\n\n\n\n<div style=\"height:60px\" aria-hidden=\"true\" class=\"wp-block-spacer\"><\/div>\n\n\n\n<p>S\u0103 nu uit\u0103m LiLA este o \u0218coal\u0103 spiritual\u0103! Iar practican\u021bii s-au structurat deja, \u00een func\u021bie de vechime, capacit\u0103\u021bi, nivel de preocupare, nivel de con\u0219tiin\u021b\u0103, studiu individual, etc. = pe ni\u0219te trepte foarte diferite; din acest motiv amestecul nu este posibil, fiind \u00een detrimentul tuturor (al \u00eencep\u0103torilor \u2013 care nu pot practica lucruri mai sofisticate, dar \u0219i al celor mai vechi, care ar putea merge, de acum, mai departe).<\/p>\n\n\n\n<p><strong><em>Luni (ora 18), mar\u021bi \u0219i miercuri (ora 18 30) <\/em><\/strong><em><strong>: Yoga, exerci\u021bii, medita\u021bie + elemente teoretice, discu\u021bii;<\/strong><\/em> pentru <strong>grupa mixt\u0103<\/strong> (asta \u00eenseamn\u0103 cei care au cel pu\u021bin un an sau doi de grup\u0103 de \u00eencep\u0103tori, cu o participare constant\u0103; desigur, \u0219i cei mai vechi!).<\/p>\n\n\n\n<p><em>\u00cen zilele de luni &#8211; de obicei programul va fi ceva mai dificil, con\u021bin\u00e2nd \u0219i elemente de kata LiLA, mai mult\u0103 medita\u021bie, etc.<\/em><\/p>\n\n\n\n<p><strong><em>Miercuri, ora 1O: Yoga, exerci\u021bii, medita\u021bie;<\/em><\/strong> <strong>grupa mic\u0103, \u00eencep\u0103torii. V<\/strong>a fi o practic\u0103 fizic\u0103 (serii de asane), pranayama, elemente introductive de medita\u021bie, accentul se pune pe exerci\u021biile de cur\u0103\u021bare, con\u0219tientizare, etc.<\/p>\n\n\n\n<p><strong>Joia<\/strong> va fi destinat\u0103 unei <strong>grupe de practican\u021bi ceva mai avansa\u021bi<\/strong>; \u00eei vom numi <strong>\u201dcerc restr\u00e2ns\u201d sau \u201dgrupa mare\u201d <\/strong>(din motive de prevenire a ego-urilor spirituale!).&nbsp; Cei c\u00e2\u021biva, pu\u021bini din p\u0103cate \u2013 vor fi anun\u021ba\u021bi personal dac\u0103 fac parte din aceast\u0103 grup\u0103, dup\u0103 ce au \u201dpromovat\u201d celelalte stadii.<\/p>\n\n\n\n<p>\u00cen alte zile de joi &#8211; vor fi <strong>\u0218coli de joi, cu discu\u021bii sau practic\u0103 intensiv\u0103.<\/strong> Discu\u021biile se adreseaz\u0103 \u00een general, tuturor \u201delevilor\u201d \u0218colii. Practica intensiv\u0103 poate necesita \u00eens\u0103, uneori, o anumit\u0103 vechime, capacitate de concentrare, abilit\u0103\u021bi meditative, etc.<\/p>\n\n\n\n<p>Mai exist\u0103 \u0219i <strong>cursuri<\/strong>, cu adresabilitate mai larg\u0103. Dar toate acestea vor fi anun\u021bate s\u0103pt\u0103m\u00e2nal, nu v\u0103 \u00eengrijora\u021bi.<\/p>\n\n\n\n<p><em><strong>Vinerea<\/strong><\/em> r\u0103m\u00e2ne o zi deschis\u0103 \u2013 <strong><em>unei practici suplimentare<\/em><\/strong> (dac\u0103 vor fi doritori), unor <strong><em>\u0219edin\u021be de lucru, organiz\u0103ri de tabere, evenimente, etc. <\/em><\/strong><\/p>\n\n\n\n<p><strong><em>S\u00e2mb\u0103t\u0103 <\/em><\/strong>diminea\u021ba \u0219i pr\u00e2nz: putem programa<strong> TERAPII LiLA&#8230;<\/strong><\/p>\n\n\n\n<p><em>\u0218i s\u0103 nu uit\u0103m<strong> karma yoga, cur\u0103\u021benia la sal\u0103&#8230;, alte activit\u0103\u021bi (casa LiLA de la R\u0103te\u0219ti, etc.).<br><\/strong><\/em><\/p>\n\n\n\n<p class=\"has-text-color has-background has-very-dark-gray-color has-pale-pink-background-color\"><strong><em>\u00cenc\u0103 ceva: cu c\u00e2t practican\u021bii sunt mai vechi &#8211; cu at\u00e2t devine din ce \u00een ce mai necesar&#8230;, apoi, la un moment dat \u2013 va deveni obligatoriu (!) STUDIUL CONCEPTELOR \u0218COLII. Toat\u0103 practica este cl\u0103dit\u0103 \u00een sprijinul acestor concepte. Iar scopul \u0218colii este exact \u00een\u021belegerea \u0219i aplicarea lor, \u00een vederea transform\u0103rii interioare \u0219i atingerii unui alt nivel de con\u0219tiin\u021b\u0103. <\/em><\/strong><\/p>\n\n\n\n<p class=\"has-background has-pale-pink-background-color\"><em>(Iar dac\u0103 nu sunte\u021bi dispu\u0219i s\u0103 face\u021bi asta, probabil c\u0103 aceast\u0103 \u0218coal\u0103 nu este pentru dvs.)<\/em><\/p>\n\n\n\n<h2><\/h2>\n\n\n\n<p><em>Cei \u00eenscri\u0219i la cursurile \u0218colii &#8211; primesc email s\u0103pt\u0103m\u00e2nal cu progamul respectivelor zile (acesta mai sufer\u0103 modific\u0103ri: vacan\u021be, tabere, etc., DECI VA TREBUI CITIT)<\/em><strong><em><br><\/em><\/strong><\/p>\n\n\n\n<p class=\"has-background has-luminous-vivid-amber-background-color\"><em><strong>Dac\u0103 dori\u021bi s\u0103 v\u0103 \u00eenscrie\u021bi&#8230; o pute\u021bi face la sec\u021biunea Contact sau contact\u00e2nd direct instructoarele (Mihaela Price: 0724283778). \u00cen plus, ele v\u0103 pot oferi mai multe informa\u021bii despre desf\u0103\u0219urarea practicii sau a terapiilor&#8230;<\/strong><\/em><\/p>\n\n\n\n<p class=\"has-background has-luminous-vivid-amber-background-color\"><em><strong>Obligatoriu: de studiat \u0219i DE APLICAT Codul de conduit\u0103 \u0219i regulamentul de practic\u0103.<\/strong><\/em><\/p>\n\n\n\n<p class=\"has-background has-pale-cyan-blue-background-color\"><em><strong>V\u0103 rug\u0103m (insistent)!!! s\u0103 citi\u021bi materialele de pe acest site, pentru a v\u0103 familiariza cu conceptele \u0219i atitudinea \u0218colii; pe m\u0103sur\u0103 ce ve\u021bi practica, presupunem c\u0103 aceste no\u021biuni vor fi mai bine \u00een\u021belese \u0219i integrate&#8230;<\/strong><\/em><\/p>\n\n\n\n<p><strong><em>V\u0103 mul\u021bumim \u0219i v\u0103 a\u0219tept\u0103m!<br><\/em><\/strong><\/p>\n\n\n\n<p><strong> Indra<\/strong><\/p>\n\n\n<p><\/p>\n<div id=\"kpm_content_wrapper\" class=\"notranslate\">&nbsp;<\/div>","protected":false},"excerpt":{"rendered":"<p>Program de practic\u0103 de sal\u0103, 2020-2021 S\u0103 nu uit\u0103m LiLA este o \u0218coal\u0103 spiritual\u0103! Iar practican\u021bii s-au structurat deja, \u00een func\u021bie de vechime, capacit\u0103\u021bi, nivel de preocupare, nivel de con\u0219tiin\u021b\u0103, studiu individual, etc. = pe ni\u0219te trepte foarte diferite; din acest motiv amestecul nu este posibil, fiind \u00een detrimentul tuturor (al \u00eencep\u0103torilor \u2013 care nu [&hellip;]<\/p>\n","protected":false},"author":1,"featured_media":1342,"parent":16,"menu_order":0,"comment_status":"closed","ping_status":"open","template":"","meta":[],"_links":{"self":[{"href":"https:\/\/lila-spirit.ro\/wp\/index.php?rest_route=\/wp\/v2\/pages\/1332"}],"collection":[{"href":"https:\/\/lila-spirit.ro\/wp\/index.php?rest_route=\/wp\/v2\/pages"}],"about":[{"href":"https:\/\/lila-spirit.ro\/wp\/index.php?rest_route=\/wp\/v2\/types\/page"}],"author":[{"embeddable":true,"href":"https:\/\/lila-spirit.ro\/wp\/index.php?rest_route=\/wp\/v2\/users\/1"}],"replies":[{"embeddable":true,"href":"https:\/\/lila-spirit.ro\/wp\/index.php?rest_route=%2Fwp%2Fv2%2Fcomments&post=1332"}],"version-history":[{"count":56,"href":"https:\/\/lila-spirit.ro\/wp\/index.php?rest_route=\/wp\/v2\/pages\/1332\/revisions"}],"predecessor-version":[{"id":3929,"href":"https:\/\/lila-spirit.ro\/wp\/index.php?rest_route=\/wp\/v2\/pages\/1332\/revisions\/3929"}],"up":[{"embeddable":true,"href":"https:\/\/lila-spirit.ro\/wp\/index.php?rest_route=\/wp\/v2\/pages\/16"}],"wp:featuredmedia":[{"embeddable":true,"href":"https:\/\/lila-spirit.ro\/wp\/index.php?rest_route=\/wp\/v2\/media\/1342"}],"wp:attachment":[{"href":"https:\/\/lila-spirit.ro\/wp\/index.php?rest_route=%2Fwp%2Fv2%2Fmedia&parent=1332"}],"curies":[{"name":"wp","href":"https:\/\/api.w.org\/{rel}","templated":true}]}}