{"id":1463,"date":"2013-11-30T09:32:46","date_gmt":"2013-11-30T09:32:46","guid":{"rendered":"http:\/\/lila-spirit.ro\/wp\/?page_id=1463"},"modified":"2020-04-21T20:27:36","modified_gmt":"2020-04-21T17:27:36","slug":"cani-cu-mandale-lila","status":"publish","type":"page","link":"https:\/\/lila-spirit.ro\/wp\/?page_id=1463","title":{"rendered":"C\u0102NI cu Mandale LiLA&#8230;"},"content":{"rendered":"<p><span style=\"color: #000080;\"><b> <a href=\"http:\/\/lila-spirit.ro\/wp\/wp-content\/uploads\/2013\/11\/IMG_1400.jpg\"><img loading=\"lazy\" class=\"alignleft size-medium wp-image-1628\" src=\"http:\/\/lila-spirit.ro\/wp\/wp-content\/uploads\/2013\/11\/IMG_1400-300x225.jpg\" alt=\"IMG_1400\" width=\"300\" height=\"225\" srcset=\"https:\/\/lila-spirit.ro\/wp\/wp-content\/uploads\/2013\/11\/IMG_1400-300x225.jpg 300w, https:\/\/lila-spirit.ro\/wp\/wp-content\/uploads\/2013\/11\/IMG_1400.jpg 640w\" sizes=\"(max-width: 300px) 100vw, 300px\" \/><\/a> <a href=\"http:\/\/lila-spirit.ro\/wp\/wp-content\/uploads\/2013\/11\/IMG_1401.jpg\"><img loading=\"lazy\" class=\"alignleft size-medium wp-image-1629\" src=\"http:\/\/lila-spirit.ro\/wp\/wp-content\/uploads\/2013\/11\/IMG_1401-300x225.jpg\" alt=\"IMG_1401\" width=\"300\" height=\"225\" srcset=\"https:\/\/lila-spirit.ro\/wp\/wp-content\/uploads\/2013\/11\/IMG_1401-300x225.jpg 300w, https:\/\/lila-spirit.ro\/wp\/wp-content\/uploads\/2013\/11\/IMG_1401.jpg 640w\" sizes=\"(max-width: 300px) 100vw, 300px\" \/><\/a>C\u0103nile imprimate cu mandale &#8211; con\u021bin \u00een primul r\u00e2nd mandalele pentru \u201dAP\u0102\u201d: acestea confer\u0103 apei\u00a0propriet\u0103\u0163i de cur\u0103\u0163ate a energiilor patogene, de restructurare, reconfigurare energetic\u0103 \u0219i cristalin\u0103, de energizare \u015fi aduc informa\u0163ii de vindecare fizic\u0103 \u015fi emo\u0163ional\u0103, armonie, iubire, bucurie. <\/b><\/span><\/p>\n<p><span style=\"color: #000080;\"><b><span style=\"color: #000080;\"><b>Informa\u021bia va fi transmis\u0103 apoi \u00eentregului con\u021binut de ap\u0103 al organismului, care \u00ee\u0219i va schimba astfel propriet\u0103\u021bile energetice \u0219i mai apoi &#8211; propriet\u0103\u021bile fizice&#8230;<\/b><\/span><\/b><\/span><\/p>\n<p><span style=\"color: #000080;\"><b>Se pot ad\u0103uga \u00een compozi\u021bie mandalele \u201dElemente\u201d, \u201dVindecare emo\u021bional\u0103\u201d, \u201dDependen\u021be\u201d, \u201dADN\u201d, etc.<\/b><\/span><\/p>\n<address>\n<address>\u00a0<\/address>\n<address><span style=\"text-decoration: underline;\"><strong>Aten\u021bie: c\u0103nile sunt manufacturate \u0219i necesit\u0103 delicate\u021be \u00een manevrare \u0219i sp\u0103lare!<\/strong><\/span><\/address>\n<address>\u00a0<\/address>\n<address>\n<address>\n<address>\n<address><span style=\"color: #000080;\"><i>Pentru \u00eentreb\u0103ri, detalii \u0219i comenzi v\u0103 pute\u0163i adresa la <\/i><strong><i><a href=\"mailto:mandale.lila@yahoo.com\" target=\"_blank\" rel=\"noopener noreferrer\">mandale.lila@yahoo.com<\/a><\/i><\/strong><i> sau direct din magazinul<\/i><strong><i> <span style=\"text-decoration: underline;\">http:\/\/mandalashop.lila-spirit.ro<\/span>,<\/i><\/strong><i> sau de pe <strong>eMAG,<\/strong> unde ve\u021bi g\u0103si mult mai multe imagini.<\/i><\/span><\/address>\n<address>\u00a0<\/address>\n<\/address>\n<\/address>\n<\/address>\n<address><a href=\"http:\/\/lila-spirit.ro\/wp\/wp-content\/uploads\/2013\/11\/IMG_1165.jpg\"><img loading=\"lazy\" class=\"alignleft size-medium wp-image-1612\" src=\"http:\/\/lila-spirit.ro\/wp\/wp-content\/uploads\/2013\/11\/IMG_1165-300x225.jpg\" alt=\"IMG_1165\" width=\"300\" height=\"225\" srcset=\"https:\/\/lila-spirit.ro\/wp\/wp-content\/uploads\/2013\/11\/IMG_1165-300x225.jpg 300w, https:\/\/lila-spirit.ro\/wp\/wp-content\/uploads\/2013\/11\/IMG_1165-1024x768.jpg 1024w\" sizes=\"(max-width: 300px) 100vw, 300px\" \/><\/a> <a href=\"http:\/\/lila-spirit.ro\/wp\/wp-content\/uploads\/2013\/11\/IMG_1174.jpg\"><img loading=\"lazy\" class=\"alignleft size-medium wp-image-1615\" src=\"http:\/\/lila-spirit.ro\/wp\/wp-content\/uploads\/2013\/11\/IMG_1174-300x225.jpg\" alt=\"IMG_1174\" width=\"300\" height=\"225\" srcset=\"https:\/\/lila-spirit.ro\/wp\/wp-content\/uploads\/2013\/11\/IMG_1174-300x225.jpg 300w, https:\/\/lila-spirit.ro\/wp\/wp-content\/uploads\/2013\/11\/IMG_1174.jpg 640w\" sizes=\"(max-width: 300px) 100vw, 300px\" \/><\/a><\/address>\n<\/address>\n","protected":false},"excerpt":{"rendered":"<p>C\u0103nile imprimate cu mandale &#8211; con\u021bin \u00een primul r\u00e2nd mandalele pentru \u201dAP\u0102\u201d: acestea confer\u0103 apei\u00a0propriet\u0103\u0163i de cur\u0103\u0163ate a energiilor patogene, de restructurare, reconfigurare energetic\u0103 \u0219i cristalin\u0103, de energizare \u015fi aduc informa\u0163ii de vindecare fizic\u0103 \u015fi emo\u0163ional\u0103, armonie, iubire, bucurie. Informa\u021bia va fi transmis\u0103 apoi \u00eentregului con\u021binut de ap\u0103 al organismului, care \u00ee\u0219i va schimba astfel [&hellip;]<\/p>\n","protected":false},"author":1,"featured_media":0,"parent":187,"menu_order":0,"comment_status":"closed","ping_status":"open","template":"","meta":[],"_links":{"self":[{"href":"https:\/\/lila-spirit.ro\/wp\/index.php?rest_route=\/wp\/v2\/pages\/1463"}],"collection":[{"href":"https:\/\/lila-spirit.ro\/wp\/index.php?rest_route=\/wp\/v2\/pages"}],"about":[{"href":"https:\/\/lila-spirit.ro\/wp\/index.php?rest_route=\/wp\/v2\/types\/page"}],"author":[{"embeddable":true,"href":"https:\/\/lila-spirit.ro\/wp\/index.php?rest_route=\/wp\/v2\/users\/1"}],"replies":[{"embeddable":true,"href":"https:\/\/lila-spirit.ro\/wp\/index.php?rest_route=%2Fwp%2Fv2%2Fcomments&post=1463"}],"version-history":[{"count":25,"href":"https:\/\/lila-spirit.ro\/wp\/index.php?rest_route=\/wp\/v2\/pages\/1463\/revisions"}],"predecessor-version":[{"id":3791,"href":"https:\/\/lila-spirit.ro\/wp\/index.php?rest_route=\/wp\/v2\/pages\/1463\/revisions\/3791"}],"up":[{"embeddable":true,"href":"https:\/\/lila-spirit.ro\/wp\/index.php?rest_route=\/wp\/v2\/pages\/187"}],"wp:attachment":[{"href":"https:\/\/lila-spirit.ro\/wp\/index.php?rest_route=%2Fwp%2Fv2%2Fmedia&parent=1463"}],"curies":[{"name":"wp","href":"https:\/\/api.w.org\/{rel}","templated":true}]}}