{"id":1562,"date":"2013-12-12T09:01:36","date_gmt":"2013-12-12T09:01:36","guid":{"rendered":"http:\/\/lila-spirit.ro\/wp\/?page_id=1562"},"modified":"2013-12-12T15:04:11","modified_gmt":"2013-12-12T15:04:11","slug":"despre-frecvente-si-protectie","status":"publish","type":"page","link":"https:\/\/lila-spirit.ro\/wp\/?page_id=1562","title":{"rendered":"Despre protectie, rinoceri \u0219i supracon\u021biin\u021b\u0103&#8230;"},"content":{"rendered":"<blockquote>\n<p style=\"text-align: justify;\" align=\"center\"><em>Un text despre protec\u021bie, un rezumat al r\u0103spunsurilor date la numeroasele = obsesiv repetatele !!!\u00a0 \u00eentreb\u0103ri despre protectie (din \u0218coala de joi, cursuri, tabere,\u00a0etc&#8230;), scris de Gabi C., \u00een stilul ei extrem de clar \u0219i concis&#8230;<\/em><\/p>\n<p style=\"text-align: justify;\" align=\"center\"><i><em>Indra<\/em><\/i><\/p>\n<\/blockquote>\n<h2 style=\"text-align: center;\" align=\"center\">Despre protec\u021bie<\/h2>\n<p style=\"text-align: justify;\">\u00a0Vorbind despre ceea ce i se \u00eent\u00e2mpl\u0103 unui om, unii spun c\u0103 exist\u0103 un destin, al\u021bii c\u0103 e Voia Domnului, al\u021bii c\u0103 de ce \u021bi-e fric\u0103 nu scapi, adic\u0103 tu \u00ee\u021bi atragi tot ce este \u00een via\u021ba ta. Au dreptate cu to\u021bii: pentru c\u0103 exist\u0103 un destin, exist\u0103 o Voie a Domnului \u0219i exist\u0103 \u0219i contribu\u021bia ta con\u0219tiento-incon\u0219tient\u0103 la toat\u0103 povestea.<\/p>\n<p style=\"text-align: justify;\">Simplist vorbind, Universul e ca un computer care cite\u0219te programele inscrip\u021bionate \u00een om. Programele fiind: Karma, educa\u021bia, toate programele con\u0219tiente sau incon\u0219tiente din noi, comportamentul nostru, dorin\u021bele, adic\u0103 toat\u0103 informa\u021bia cuprins\u0103 \u00een structura noastra energetic\u0103.<\/p>\n<p style=\"text-align: justify;\">Pentru c\u0103 omul este, de fapt, un c\u00e2mp energo-informa\u021bional. Asta \u00eenseamn\u0103 c\u0103 tot, dar absolut tot ceea ce ni se \u00eent\u00e2mpl\u0103 este deja \u00een noi. Este \u00een noi tot. TOT.<\/p>\n<p style=\"text-align: justify;\"><i>Concluzia este c\u0103 ar trebui s\u0103 ne protej\u0103m de noi \u00een\u0219ine.<\/i> Cum zicea Nichita, \u201e D\u0103-mi Doamne victorie,\/ajut\u0103-m\u0103\u00a0 s\u0103-mi \u00eenving du\u0219manii\/ pielea de pe mine, marginea,\/ orele, anii\u201d&#8230;<\/p>\n<p style=\"text-align: justify;\">Revenind la protec\u021bie, ce \u00eenseamn\u0103 protec\u021bie, de fapt? Selectarea anumitor evenimente din mediu. OK. Ceea ce ar corespunde select\u0103rii anumitor informa\u021bii din noi, ceea ce este practic imposibil. Computerul Univers este cel care cite\u0219te programele pe care le vrea El. Totu\u0219i ce putem face?<\/p>\n<ol style=\"text-align: justify;\" start=\"1\">\n<li>S\u0103 \u00een\u021belegem cum func\u021bion\u0103m.<\/li>\n<li>S\u0103 accept\u0103m c\u0103 a\u0219a stau lucrurile \u0219i c\u0103 Universul \u00a0\u00a0\u00a0\u00a0 \u00ee\u0219i are propriile legi, mai presus dec\u00e2t noi.<\/li>\n<li>S\u0103 lucr\u0103m asupra noastr\u0103, asupra informa\u021biilor din \u00a0\u00a0\u00a0\u00a0 noi, s\u0103 lucr\u0103m pentru a elimina blocajele, pentru a rafina energia, pentru \u00a0\u00a0\u00a0\u00a0 a schimba programele. DA, se poate: pranayama, yoga, con\u0219tientizare, \u00a0\u00a0\u00a0\u00a0 rug\u0103ciune, igien\u0103 fizic\u0103, psihic\u0103, mental\u0103. AT\u00c2T.<\/li>\n<\/ol>\n<p style=\"text-align: justify;\"><i>Pentru c\u0103 ap\u0103rarea \u0219i protec\u021bia inventat\u0103 de energeticieni, reiki\u0219ti, vr\u0103jitori \u0219i alte neamuri, nu este eficient\u0103, pentru c\u0103 dup\u0103 cum am mai spus, totul e \u00een noi. <\/i><\/p>\n<p style=\"text-align: justify;\">Sau, altfel spus, exist\u0103 fenomenul de rezonan\u021b\u0103 care ne guverneaz\u0103 \u00eent\u00e2lnirile \u0219i \u00eent\u00e2mpl\u0103rile din via\u021b\u0103. Din fizic\u0103, vorbim despre fenomenul de rezonan\u021b\u0103 din fizic\u0103. Dac\u0103 nu exist\u0103 rezonan\u021b\u0103 nu exist\u0103 contact, nu exist\u0103 \u00eent\u00e2lnire nu exist\u0103 comunicare, pentru c\u0103 nu este posibil, fizic, nu se poate. Nu po\u021bi s\u0103 faci o boal\u0103 dac\u0103 nu ai informa\u021bia bolii \u00een tine, (bolile <i>se fac<\/i>, nu se iau, sunt personale, chiar dac\u0103 similare), nu po\u021bi s\u0103 ai o \u00eent\u00e2lnire cu un om dac\u0103 nu rezoneaz\u0103 cu ceva din tine, nu participi la o \u00eent\u00e2mplare &#8211; dec\u00e2t dac\u0103 ai aceea\u0219i energie cu ea, sau cu locul respectiv sau cu ceilal\u021bi paticipan\u021bi la acea \u00eent\u00e2mplare.<\/p>\n<p style=\"text-align: justify;\">Deci \u201dpentru a ne proteja\u201d &#8211; putem cur\u0103\u021ba informa\u021biile <i><span style=\"text-decoration: underline;\">din noi<\/span><\/i><span style=\"text-decoration: underline;\">, <\/span>putem rafina<i>structurile noastre<\/i>. Da, putem s\u0103 folosim reiki care este o energie de calitate superioar\u0103, \u0219i un du\u0219 de lumin\u0103, \u0219i acatiste, <i>dar numai pentru a ne schimba pe noi \u00een\u0219ine. <span style=\"text-decoration: underline;\">Asta e singura \u201dprotec\u021bie\u201d valabil\u0103 \u0219i eficient\u0103: lucrul asupra propriei persoane<\/span>.<\/i><\/p>\n<p style=\"text-align: justify;\">\u0218i mai exist\u0103 \u0219i alte aspecte. Unul dintre ele ar fi c\u0103 tot ce exist\u0103 \u00een Univers este \u00een interrela\u021bie, \u00eentr-un fel de leg\u0103tur\u0103. Oamenii sunt conecta\u021bi unii la ceilal\u021bi \u0219i la tot ce exist\u0103 \u00een Univers. Chiar dac\u0103 nu ne d\u0103m seama, \u00eentre noi \u0219i restul lumii exist\u0103 un flux permanent de energie, schimb\u0103m permanent informa\u021bii, emitem \u0219i recep\u021bion\u0103m. A\u0219a ne hr\u0103nim, a\u0219a ne eliber\u0103m de mizeriile fizice, psihice \u0219i mentale din noi (da, ar trebui s\u0103 mul\u021bumim din c\u00e2nd \u00een c\u00e2nd, m\u0103car), c\u0103 nu suntem izola\u021bi. Cum este o celul\u0103 din corpul nostru, a\u0219a suntem \u0219i noi o celul\u0103 \u00een Univers<i>. <\/i><\/p>\n<p style=\"text-align: justify;\">Ori atunci<i> c\u00e2nd \u00eencerc\u0103m s\u0103 ne facem ziduri de protec\u021bie, t\u0103iem din aceste conexiuni cu Universul.<\/i> Adic\u0103 nu numai c\u0103 este ceva ineficient, pentru c\u0103 oricum ni se va \u00eent\u00e2mpla ceea ce este codificat \u00een noi, dar \u00een plus &#8211; ne \u0219i d\u0103uneaz\u0103, pentru c\u0103 ne izol\u0103m, <i>pentru c\u0103 t\u0103iem leg\u0103tura care ne asigur\u0103 supravie\u021buirea \u0219i func\u021bionarea fizic\u0103, psihic\u0103 \u0219i mental\u0103 normal\u0103. <\/i><\/p>\n<p style=\"text-align: justify;\">Desigur c\u0103 realitatea este mult mai complex\u0103 \u0219i sunt infinit de multe aspecte, inteligen\u021ba Universului nu poate fi cuprins\u0103 \u00een cuvinte, putem doar s\u0103 aproxim\u0103m grosier, pentru ca mintea noastr\u0103 s\u0103 \u00een\u021beleag\u0103 c\u00e2te ceva&#8230;<\/p>\n<p style=\"text-align: justify;\">Dr.\u00a0Gabi Ciorbea<\/p>\n<blockquote>\n<p style=\"text-align: justify;\" align=\"center\"><i>Da: \u00een \u201dviziunea LiLA\u201d &#8211; protec\u021bia nu numai c\u0103 nu este necesar\u0103, dar este chiar d\u0103un\u0103toare&#8230;<\/i><\/p>\n<p style=\"text-align: justify;\" align=\"center\"><i>Da: schimb\u00e2ndu-\u021bi tu \u201dfrecven\u021ba\u201d \u2013 nu mai ai nevoie de nici oprotectie&#8230; pentru c\u0103 nimic nu te mai poate ajunge&#8230;<\/i><\/p>\n<p style=\"text-align: justify;\" align=\"center\"><i>Da, ne-mai-protej\u00e2ndu-te, ne-mai-fiind obsedat de protectie, ai o \u0219ans\u0103 s\u0103 devii, \u00een sf\u00e2r\u0219it, non-violent&#8230; ai o \u0219ans\u0103, \u00een sf\u00e2r\u0219it, s\u0103 evoluezi&#8230;, s\u0103 \u00eentrerupi ciclurile karmice ale violen\u021bei&#8230;<\/i><\/p>\n<p style=\"text-align: justify;\" align=\"center\"><i>Da,ne-mai-protej\u00e2ndu-te, poate \u00ee\u021bi mai reduci din importan\u021ba de sine, din Ego-ul acela m\u0103re\u021b &#8211; care se vrea protejat tocmai din cauza \u201dvalorii\u201dsale&#8230;<\/i><\/p>\n<p style=\"text-align: justify;\" align=\"center\"><i>Da,ne-mai-protej\u00e2ndu-te, poate ajungi, \u00een sf\u00e2r\u0219it, s\u0103 fii \u00een comuniune cuUniversul&#8230;<\/i><\/p>\n<p style=\"text-align: justify;\" align=\"center\">Indra<\/p>\n<\/blockquote>\n<p style=\"text-align: justify;\" align=\"center\">(&#8230;&#8230;)<\/p>\n<h2 align=\"center\"><b>Despre om, frecven\u021be \u0219i din nou, protec\u021bie\u2026<\/b><\/h2>\n<p><b>\u00a0<\/b><\/p>\n<p>Din feedback-urile primite la micul text despre protec\u021bie, a reie\u0219it c\u0103 nu toat\u0103 lumea are suficiente informa\u021bii ca s\u0103-l \u00een\u021beleag\u0103. A\u0219a c\u0103, la rug\u0103mintea Indrei, am hot\u0103r\u00e2t s\u0103 mai scriu c\u00e2te ceva \u00eenspre l\u0103murire, cu men\u021biunea c\u0103 dialogul r\u0103m\u00e2ne deschis \u0219i c\u0103 informa\u021biile au acceptul Indrei ca \u0219i profesor, \u00eenv\u0103\u021b\u0103tor, maestru, supervizer, surs\u0103, filtru de informa\u021bii, persoan\u0103 care \u0219tie despre ce vorbe\u0219te, clarv\u0103z\u0103tor&#8230;<\/p>\n<p>Am asem\u0103nat simplist omul cu un cumul de programe pe care le cite\u0219te computerul Univers.<i> Adic\u0103 tot ceea ce ni se \u00eent\u00e2mpl\u0103 este codificat \u00een noi. <\/i>O alt\u0103 compara\u021bie ar fi aceea c\u0103 <i>tot ceea ce ni se \u00eent\u00e2mpl\u0103 este reflexia noastr\u0103 \u00een Univers ca \u00eentr-o oglind\u0103. <\/i>Omul este un c\u00e2mp de energie \u0219i informa\u021bie.<\/p>\n<p>Expresia noastr\u0103 \u00een planul fizic este traducerea acestei informa\u021bii \u00een materie. <i>Via\u021ba noastr\u0103 toat\u0103 este reflexia acestui c\u00e2mp energo-informa\u021bional care suntem.<\/i> Dar rela\u021bia este bidirec\u021bional\u0103: prin ceea ce facem, spunem, g\u00e2ndim, putem modifica acest c\u00e2mp. Complexitatea alc\u0103tuirii \u0219i func\u021bion\u0103rii Universului este greu de redat \u0219i greu de \u00een\u021beles, cu at\u00e2t mai mult cu c\u00e2t nou\u0103, oamenilor nu ne este accesibil\u0103 privirea de ansamblu.<\/p>\n<p>Totu\u0219i au fost \u0219i sunt clarv\u0103z\u0103tori care au \u00eencercat s\u0103 fac\u0103 accesibile min\u021bilor noastre p\u0103r\u021bi din legile dup\u0103 care func\u021bion\u0103m.<\/p>\n<p>Lu\u00e2nd omul, repet, putem spune despre el c\u0103 este o\u00a0 structur\u0103 energo-informa\u021bional\u0103. De unde vine informa\u021bia ? Din vie\u021bile lui anterioare, din via\u021ba lui prezent\u0103, din tot ceea ce a f\u0103cut, spus, g\u00e2ndit vreodat\u0103, din educa\u021bia lui, din concep\u021biile lui despre lume \u0219i via\u021b\u0103. S\u0103 spunem c\u0103 \u00eentr-o via\u021b\u0103 trecut\u0103 am f\u0103cut diverse, nu le numim, am inscrip\u021bionat astfel, anumite programe \u00een structura noastr\u0103, astfel \u00eenc\u00e2t avem o culoare albastr\u0103 cu pic\u0103\u021bele roz. Universul ne manifest\u0103 programele \u0219i c\u00e2nd ne na\u0219tem urm\u0103toarea dat\u0103, cadrul va fi albastru cu pic\u0103\u021bele roz: corpul, mintea, p\u0103rin\u021bii, meseria, proiectul vie\u021bii. \u00centre timp omul n\u0103scut cre\u0219te, \u0219i prin ceea ce g\u00e2nde\u0219te, face, spune, \u00eencepe s\u0103 modifice programele, culorile devin verzi, se schimb\u0103 destinul, se schimb\u0103 rela\u021biile, se schimb\u0103 corpul, mintea, emo\u021biile, locul \u00een care stai \u0219i oamenii de pe strad\u0103 cu care te intersectezi pentru c\u00e2teva secunde, <i>pentru c\u0103 toate sunt reflexia acestui c\u00e2mp energo-informa\u021bional, oglinda c\u00e2mpului, sau traducerea lui, sau cum vrei s\u0103-i spui.<\/i> \u00cen plus, \u00eentre oameni, exist\u0103 interrela\u021bii mult prea complexe pentru a fi descrise. Se \u00eembin\u0103, ca \u00eentru-un imens puzzle n dimensional, structurile tuturor.<\/p>\n<p>Revenind, <b><i>exteriorul este, chiar dac\u0103 nu ne convine deloc, expresia interiorului nostru, inclusiv poten\u021bialii agresori<\/i><\/b>. Inclusiv colegul de la serviciu fa\u021b\u0103 de care vrem s\u0103 ne protej\u0103m, inclusiv vampirii energetici de care tot vorbim \u0219i de care ne tot ne tot temem! \u0218i pe ei, tot noi i-am adus \u00een via\u021ba noastr\u0103, prin rezonan\u021b\u0103: \u0219i ei sunt oglinda noastr\u0103!!!<\/p>\n<p><b><i>\u0218i atunci, revenim, SINGURA MODALITATE \u201dde a ne proteja\u201d este de a ne schimba interiorul.<\/i><\/b> Astfel nu vom mai atrage colegii respectivi \u0219i nici \u201dvampirii\u201d&#8230; <b><i>SINGURA!<\/i><\/b><\/p>\n<p>Exist\u0103 metode de schimbare a structurilor energo-informa\u021bionale care suntem. Unii, printre care \u0219i Indra, le numesc rafinare a structurilor. O aproximare grosier\u0103 ar fi cu frecven\u021bele din fizic\u0103. Dac\u0103 \u00ee\u021bi cre\u0219ti frecven\u021ba devii mai u\u0219or, ca un balon, \u0219i te ridici din noroi, \u0219i nu te mai ating rinocerii cu cornul lor pentru c\u0103 nu mai e\u0219ti la nivelul lor, te vei afla \u00een alt\u0103 parte. \u0218i rinocerii sunt foarte ok \u00een locul \u00een care sunt, \u00een armonie cu noroiul \u0219i cu ce mai e pe acolo. \u0218i da, o rug\u0103ciune te poate ajuta pu\u021bin, un acatist spus cu dragoste \u00ee\u021bi deschide inima, te umple de bucurie, de \u00eencredere, \u00ee\u021bi rafineaz\u0103 pu\u021bin structurile \u0219i \u00ee\u021bi ofer\u0103 pe aceast\u0103 cale protec\u021bie. Dar ca s\u0103 corectezi programe majore din structurile tale \u00ee\u021bi trebuie mult mai mult dec\u00e2t un acatist, sau un cho-ku-rei, sau o \u0219edin\u021b\u0103 de yoga.<\/p>\n<p><b><i>Exteriorul e\u0219ti tu, ca s\u0103 schimbi exteriorul trebuie s\u0103 te schimbi pe tine<\/i><\/b>. Ca s\u0103 po\u021bi avea o conduit\u0103 corect\u0103 \u00een exterior este nevoie s\u0103-\u021bi schimbi interiorul. Foarte nepl\u0103cut\u0103 veste! Nu mai putem da vina pe ceilal\u021bi pentru tot ce ni se \u00eent\u00e2mpl\u0103! Foarte trist dar foarte adev\u0103rat, noi suntem singurii resposabili de ceea ce ni se \u00eent\u00e2mpl\u0103, deci singura persoan\u0103 de care este nevoie s\u0103 ne ap\u0103r\u0103m suntem noi \u00een\u0219ine. <b><i>NU exist\u0103 alt\u0103 \u201dprotec\u021bie\u201d<\/i><\/b><i>! <b>\u0218i NU sunt excep\u021bii de la aceast\u0103 regul\u0103!<\/b> <\/i><\/p>\n<p>Este adev\u0103rat c\u0103 de multe ori \u00een sfera con\u0219tientului nostru nu ne g\u0103sim nici o gre\u0219al\u0103: uneori pentru c\u0103 nu exist\u0103 (\u00een via\u021ba asta, poate c\u0103 nu \u201dam gre\u0219it\u201d at\u00e2t de evident, de exemplu&#8230; dar \u00een celelalte?!), alteori pentru c\u0103 nu avem suficiente informa\u021bii pentru a corela, de exemplu, un eveniment cu un sentiment, cu o tr\u0103ire, cu un concept. De foarte multe ori, e vorba pur \u0219i simplu de ignoran\u021b\u0103. Dar, lucr\u00e2nd cu noi \u00een\u0219ine, fie apare eroarea, fie se remediaz\u0103 problema f\u0103r\u0103 s\u0103 identific\u0103m cauza ei neap\u0103rat. Asta pentru c\u0103, a\u0219a cum am mai spus, pe de o parte ne lipse\u0219te imaginea de ansamblu, suntem con\u0219tien\u021bi doar de o buc\u0103\u021bic\u0103 minuscul\u0103 din noi, pe de alt\u0103 parte ne lipsesc aproape cu cu des\u0103v\u00e2r\u015fire informa\u021biile, adic\u0103 pur \u0219i simplu habar nu avem cum func\u021bion\u0103m.<\/p>\n<p><span style=\"text-decoration: underline;\">Exact, habar nu avem cum func\u0163ion\u0103m \u00een mod real!<\/span> Educa\u021bia primit\u0103, mai corect spus felul \u00een care am fost condi\u021biona\u021bi &#8211; nu face dec\u00e2t s\u0103 ne \u00eempiedice s\u0103 vedem realitatea. Toat\u0103 educa\u021bia noastr\u0103 este bazat\u0103 strict pe planul material, \u0219i din p\u0103cate, multiplele curente de a\u0219a-zis\u0103 spiritualitate nu fac dec\u00e2t s\u0103 prezinte un adev\u0103r trunchiat care ne accentueaz\u0103 confuzia.<\/p>\n<p>\u0218i ce ar trebui s\u0103 facem? S\u0103 g\u00e2ndim f\u0103r\u0103 idei preconcepute, s\u0103 experiment\u0103m \u00eent\u00e2i noi \u00een\u0219ine cu ochii deschi\u0219i \u0219i apoi s\u0103 credem, s\u0103 avem bun sim\u021b \u0219i \u00een\u021belepciune, pentru c\u0103 sunt valabile \u00een orice sistem de valori autentic. \u00cen plus s\u0103 \u00een\u021belegem c\u0103 exist\u0103 multiple fa\u021bete ale realit\u0103\u021bii, valabile toate \u0219i s\u0103 privim \u00een spatele limbajului \u0219i diverselor modalit\u0103\u021bi de exprimare pentru a accesa esen\u021ba lucrurilor. \u0218i la sf\u00e2r\u0219it, asta e: fiecare pricepe c\u00e2t poate, lucrurile sunt oricum \u00een dinamic\u0103 \u0219i continu\u0103 transformare&#8230; La un moment dat, fiecare va \u00een\u021belege, fiecare se va transforma, cum spune Indra.<\/p>\n<p>Da. La un moment dat.<\/p>\n<p>Dr. Gabi Ciorbea<\/p>\n<p>&nbsp;<\/p>\n<h2 style=\"text-align: center;\"><b>Protec\u021bia, de la rinocer la supracon\u0219tiin\u021b\u0103&#8230;<\/b><\/h2>\n<p><b>\u00a0<\/b><\/p>\n<p>\u00cencerc s\u0103 aduc acum \u00een discu\u021bie \u0219i celelalte aspecte, unele men\u021bionate deja de Gabi \u00een primul ei text, dar poate prea pu\u021bin \u00een\u021belese, sau de loc b\u0103gate \u00een seam\u0103 de cititori&#8230;<\/p>\n<p>Gabi a explicat cu m\u0103iestria ei cuantic\u0103 &#8211; aspectele \u201dmai omene\u0219ti\u201d, legate de rinocerii din jur \u0219i frecven\u021bele lor&#8230; \u00cencerc acum s\u0103 m\u0103 apropii pu\u021bin de supracon\u0219tiin\u021b\u0103, cel\u0103lalt pol al discu\u021biilor noastre (structurate mereu pe nivele, cei de la \u0218coala de joi \u0219tiu asta prea bine).<\/p>\n<p>\u0218i dac\u0103 tot suntem la frecven\u021bele omene\u0219ti \u0219i rinocere\u0219ti, haide\u021bi s\u0103 vorbim \u0219i din punctul de vedere al energeticii chakrelor, pentru c\u0103 tot au fost cursuri despre chakre&#8230;<\/p>\n<p>Chakrele, spuneam noi, sunt un fel de antene de transmisie \u0219i recep\u021bie, de o extraordinar\u0103 bog\u0103\u021bie \u0219i rafinament &#8211; poten\u021biale am\u00e2ndou\u0103 \u00eens\u0103, acoperind, din nou, poten\u021bial (!), un spectru extrem de divers de frecven\u021be: fizice, mentale, emo\u021bionale, comportamentale, arhetipale, spirituale, etc. Ori toate acele \u201dsfere\u201d, \u201darme\u201d, tot instrumentarul propus pentru protec\u021bia energetic\u0103 \u2013 nu fac dec\u00e2t s\u0103 amputeze aceste antene: antenele devin ciuntite, oloage, incomplete, boante&#8230; iar omul s\u0103r\u0103ce\u0219te, se \u00eempu\u021bineaz\u0103 ca \u0219i percep\u021bii, dar \u0219i ca gam\u0103 de emisie&#8230; \u0218i, mai departe, ca orice organism izolat &#8211; c\u0103ruia nu ie se mai permit schimburile energetice cu exteriorul, \u00eentr-un final se stafide\u0219te, se usuc\u0103, moare&#8230; A\u0219a mor sim\u021burile, a\u0219a mor percep\u021biile, a\u0219a moare bucuria, via\u021ba din chakre&#8230; R\u0103m\u00e2ne doar frica, separarea&#8230; \u0219i bine-n\u021beles, sfera de\u00a0 protec\u021bie! Sfer\u0103 care a devenit \u00eentre timp, \u00eenchisoare.<\/p>\n<p>\u00cen termeni de chakre, protec\u021bia \u021bine de primele trei: <i>frica <\/i>de a nu fi \u201datacat\u201d din prima chakr\u0103, <i>individualizarea<\/i>, <i>separarea<\/i> (\u201deu, cel atacat\u201d \u0219i \u201dcel\u0103lalt, atacatorul\u201d) din chakra a doua, \u0219i bine-n\u021beles, <i>ego-ul<\/i>, ca \u0219i \u00eencununare a primelor dou\u0103, constituit \u00een chakra a treia.<\/p>\n<p>Spuneam c\u0103 orice protec\u021bie \u00eenseamn\u0103 separare. \u00censeamn\u0103 deci o nou\u0103 cultivare, \u00eent\u0103ririi a fricii \u0219i a separ\u0103rii, caracteristice primelor dou\u0103 chakre dizarmonice&#8230; <i>Astfel \u00eenc\u00e2t prin protec\u021bie nu facem dec\u00e2t s\u0103 aliment\u0103m, s\u0103 \u00eent\u0103rim aceste dezechilibre, \u00een loc s\u0103 cur\u0103\u021bim, s\u0103 stabiliz\u0103m, s\u0103 armoniz\u0103m bietele chakre deja dezechilibrate!!!<\/i><\/p>\n<p>\u0218i iat\u0103 c\u0103 am ajuns \u0219i la aspectul care mi se pare cel mai important din toat\u0103 aceast\u0103 poveste, pentru c\u0103 este un obstacol MAJOR pe calea evolu\u021biei spirituale: \u0219i anume EGO-ul&#8230; din nou, ego-ul. \u201dEU m\u0103 protejez PE MINE, ca s\u0103 nu-mi fac\u0103 MIE cineva ceva r\u0103u, ca s\u0103 nu M\u0102 \u00eemboln\u0103vesc EU\u201d&#8230; EU, mereu \u00een centrul preocup\u0103rilor MELE: du\u0219manii MEI, colegii care m\u0103 \u201dvampirizeaz\u0103 energetic\u201d PE MINE, cel important!<\/p>\n<p>Ego-ul, bine-n\u021beles ca reflectare a ATA\u0218AMENTELOR: fa\u021b\u0103 de corp, fa\u021b\u0103 de propria imagine, fa\u021b\u0103 de propria individualitate \u0219i mai ales, fa\u021b\u0103 de importan\u021ba de sine&#8230;<\/p>\n<p>\u0218i atunci c\u00e2nd ai \u00een\u021beles \u00een mod organic (!) povestea cu ego-ul \u0219i mai ales, c\u00e2nd ai \u00een\u021beles necesitatea \u201dspiritual\u0103\u201d de a-l dizolva, <b><i>NU TE VEI MAI PROTEJA<\/i><\/b>&#8230;<\/p>\n<p>Nemaivorbind c\u0103 vei putea \u201dexersa\u201d non-protec\u021bia <i>tocmai <\/i>ca \u0219i instrument de \u00een\u021belegere, de dizolvare a ego-ului, de evolu\u021bie: \u201dchiar sunt EU a\u0219a de important, ca mereu s\u0103 M\u0102 simt amenin\u021bat, atacat?\u201d Cre\u0219tinii ar numi-o smerenie&#8230; Carlos Castaneda ar numi-o diminuare a importan\u021bei de sine&#8230; \u0218i mai spuneam noi, c\u0103 orice gest zilnic poate fi folosit \u00een acest scop, al diminu\u0103rii importan\u021bei de sine: inclusiv analiza fricii \u201dde atac\u201d, inclusiv nevoia de protec\u021bie&#8230;: \u201dcine sunt eu, de fapt, at\u00e2t de important, \u00eenc\u00e2t trebuie s\u0103 fiu protejat&#8230;\u201d<\/p>\n<p>\u0218i dac\u0103 mergem mai departe cu \u00eentrebarea: \u201dcine sunt eu, de fapt&#8230;?\u201d, \u0219i dac\u0103 \u00eemi \u0219i r\u0103spund: \u201dnu sunt corpul acesta, nu sunt mintea aceasta, nu sunt emo\u021biile&#8230; sunt Esen\u021ba, sunt Atman, Sinele suprem&#8230;\u201d Atunci <i>cine<\/i> mai are nevoie de protec\u021bie?? Cine s\u0103 se mai protejeze <i>de cine<\/i>?? <i>Cine<\/i> s\u0103 mai protejeze <i>pe cine<\/i>??<\/p>\n<p><b><i>\u0218i iat\u0103 cum, non-protec\u021bia devine din acest moment &#8211; al \u00een\u021belegerii, o validare a evolu\u021biei tale spirituale<\/i><\/b>!<\/p>\n<p>\u0218i iat\u0103 cum am ajuns \u0219i la aspectul \u201dspiritual\u201d al pove\u0219tii despre protec\u021bie, \u00een evolu\u021bia ei de la rinocer la supracon\u0219tiin\u021b\u0103&#8230;<\/p>\n<p>C\u00e2nd chiar am \u00een\u021beles c\u0103 sunt una cu Tot, c\u0103 nu exist\u0103 limite, c\u0103 nu exist\u0103 separare&#8230; atunci \u2013 <b><i>s\u0103 m\u0103 protejez, de cine??<\/i><\/b><\/p>\n<p>Iar c\u00e2nd ego-ul dispare cu des\u0103v\u00e2r\u0219ire, va disp\u0103rea \u0219i \u201d<i>m\u0103\u201d <\/i>din propozi\u021bia de mai sus&#8230; Iar propozi\u021bia se dezintegreaz\u0103 \u0219i ea cu totul&#8230; pentru c\u0103 nu mai e nimeni acolo care s\u0103 simt\u0103 frica sau nevoia de protec\u021bie sau vreo\u00a0 importan\u021b\u0103 de sine&#8230; <b><i>nu va mai fi nimeni acolo<\/i><\/b> care s\u0103 <i>se <\/i>protejeze&#8230; pentru c\u0103 nu mai exist\u0103 nici un <i>eu <\/i>\u0219i nici un <i>cel\u0103lalt <\/i>\u0219i nici o importan\u021b\u0103 de sine&#8230; \u0219i nici o importan\u021b\u0103&#8230;<\/p>\n<p>Rinocerul a devenit supracon\u0219tiin\u021b\u0103.<\/p>\n<p>Indra<\/p>\n<p>&nbsp;<\/p>\n","protected":false},"excerpt":{"rendered":"<p>Un text despre protec\u021bie, un rezumat al r\u0103spunsurilor date la numeroasele = obsesiv repetatele !!!\u00a0 \u00eentreb\u0103ri despre protectie (din \u0218coala de joi, cursuri, tabere,\u00a0etc&#8230;), scris de Gabi C., \u00een stilul ei extrem de clar \u0219i concis&#8230; Indra Despre protec\u021bie \u00a0Vorbind despre ceea ce i se \u00eent\u00e2mpl\u0103 unui om, unii spun c\u0103 exist\u0103 un destin, al\u021bii [&hellip;]<\/p>\n","protected":false},"author":1,"featured_media":1572,"parent":102,"menu_order":0,"comment_status":"closed","ping_status":"open","template":"","meta":[],"_links":{"self":[{"href":"https:\/\/lila-spirit.ro\/wp\/index.php?rest_route=\/wp\/v2\/pages\/1562"}],"collection":[{"href":"https:\/\/lila-spirit.ro\/wp\/index.php?rest_route=\/wp\/v2\/pages"}],"about":[{"href":"https:\/\/lila-spirit.ro\/wp\/index.php?rest_route=\/wp\/v2\/types\/page"}],"author":[{"embeddable":true,"href":"https:\/\/lila-spirit.ro\/wp\/index.php?rest_route=\/wp\/v2\/users\/1"}],"replies":[{"embeddable":true,"href":"https:\/\/lila-spirit.ro\/wp\/index.php?rest_route=%2Fwp%2Fv2%2Fcomments&post=1562"}],"version-history":[{"count":9,"href":"https:\/\/lila-spirit.ro\/wp\/index.php?rest_route=\/wp\/v2\/pages\/1562\/revisions"}],"predecessor-version":[{"id":1578,"href":"https:\/\/lila-spirit.ro\/wp\/index.php?rest_route=\/wp\/v2\/pages\/1562\/revisions\/1578"}],"up":[{"embeddable":true,"href":"https:\/\/lila-spirit.ro\/wp\/index.php?rest_route=\/wp\/v2\/pages\/102"}],"wp:featuredmedia":[{"embeddable":true,"href":"https:\/\/lila-spirit.ro\/wp\/index.php?rest_route=\/wp\/v2\/media\/1572"}],"wp:attachment":[{"href":"https:\/\/lila-spirit.ro\/wp\/index.php?rest_route=%2Fwp%2Fv2%2Fmedia&parent=1562"}],"curies":[{"name":"wp","href":"https:\/\/api.w.org\/{rel}","templated":true}]}}