{"id":1631,"date":"2014-01-08T14:58:20","date_gmt":"2014-01-08T14:58:20","guid":{"rendered":"http:\/\/lila-spirit.ro\/wp\/?page_id=1631"},"modified":"2016-09-13T15:52:10","modified_gmt":"2016-09-13T12:52:10","slug":"invocatie-lila-catre-energia-reiki","status":"publish","type":"page","link":"https:\/\/lila-spirit.ro\/wp\/?page_id=1631","title":{"rendered":"INVOCA\u021aIE LiLA c\u0103tre energia Reiki sau c\u0103tre Shakti, energia primordial\u0103&#8230;"},"content":{"rendered":"<p><span style=\"color: #000000;\">\u00a0<\/span><\/p>\n<p><span style=\"color: #000000;\">Energia Reiki face parte din energia primordial\u0103, numit\u0103 Shakti \u00een textele sfinte hinduse. Energia Reiki poate constitui astfel o cale de re\u00eentoarcere la aceast\u0103 energie primordial\u0103, iar mai apoi, la Originea ei&#8230; <\/span><\/p>\n<p><span style=\"color: #000000;\">\u00cen viziunea LiLA, Reiki nu este doar o tehnic\u0103 de vindecare&#8230; ea poate fi folosit\u0103 \u0219i ca o \u201dtehnic\u0103 spiritual\u0103\u201d. (\u00cen acela\u0219i scop folosim combina\u021bia Reiki-yoga-pranayama, tehnicile de medita\u021bie, etc. )<\/span><\/p>\n<p><span style=\"color: #000000;\">Invoca\u021bia de mai jos este c\u0103tre energia Reiki, mai accesibil\u0103 practicantului pe calea simbolurilor cunoscute, sau c\u0103tre energia Shakti, accesibil\u0103 dup\u0103 o practic\u0103 mai \u00eendelungat\u0103 \u0219i dup\u0103 rafinarea extrem\u0103 a energiilor practicantului. <\/span><\/p>\n<p><span style=\"color: #000000;\">Folosind-o, practicantul \u00ee\u0219i poate contura \u0219i rafina demersul, put\u00e2ndu-l orienta nu numai \u00een scopul \u201dautovindec\u0103rii\u201d, ci \u0219i al evolu\u021biei. <\/span><\/p>\n<p><span style=\"color: #000000;\"><i>\u00cen\u021beleg\u00e2nd-o cu adev\u0103rat<\/i>, <i>medit\u00e2nd asupra ei<\/i>, practicantul va descoperi un fir c\u0103l\u0103uzitor al practicii sale, reamintindu-\u0219i mereu, care este scopul ultim al acesteia&#8230; <\/span><\/p>\n<p>&nbsp;<\/p>\n<h3 align=\"center\"><\/h3>\n<h3 align=\"center\"><span style=\"color: #800080; text-decoration: underline;\"><b><span style=\"text-decoration: underline;\">INVOCA\u021aIE LiLA c\u0103tre energia Reiki (sau c\u0103tre SHAKTI, energia primordial\u0103)<\/span><\/b><\/span><span style=\"color: #800080;\"><b>&#8230;<\/b><\/span><\/h3>\n<p align=\"center\"><b><span style=\"color: #000000;\">\u00a0<\/span><\/b><\/p>\n<h4><span style=\"color: #800080;\"><b>Tu creezi totul, prin Tine se transform\u0103 totul, \u00een Tine se dizolv\u0103 totul&#8230;<\/b><\/span><\/h4>\n<h4><span style=\"color: #800080;\"><b>A\u0219a c\u0103 \u00ee\u021bi \u00eencredin\u021bez \u021aie totul, \u0219i m\u0103 \u00eencredin\u021bez, pe mine, &#8211; \u021aie&#8230;<\/b><\/span><\/h4>\n<h4><span style=\"color: #800080;\"><b>Ac\u021bioneaz\u0103 Tu \u00een mine \u0219i prin mine, spre folosul \u0219i \u00eenv\u0103\u021b\u0103tura mea, spre binele tuturor fiin\u021belor (din toate timpurile, din toate lumile&#8230;)<\/b><\/span><\/h4>\n<h4><span style=\"color: #800080;\"><b>Te rog, \u00eenl\u0103tur\u0103 violen\u021bele de orice natur\u0103, blocajele, rigiditatea, ignoran\u021ba&#8230; (ck picioarelor)<\/b><\/span><\/h4>\n<h4><span style=\"color: #800080;\"><b>Te rog, elibereaz\u0103 ata\u0219amentele \u0219i fricile acestui corp \u0219i ale acestei min\u021bi &#8211; consolidate \u00een at\u00e2ta vie\u021bi, \u00eenva\u021b\u0103-m\u0103 libertatea&#8230; (ck1) <\/b><\/span><\/h4>\n<h4><span style=\"color: #800080;\"><b>\u00cenva\u021b\u0103-m\u0103 s\u0103 cunosc Esen\u021ba, esen\u021ba mea \u0219i a crea\u021biei&#8230; (ck2)<\/b><\/span><\/h4>\n<h4><span style=\"color: #800080;\"><b>Statornice\u0219te \u00een mine dorin\u021ba de a cre\u0219te, de a \u00een\u021belege, de a sim\u021bi \u0219i de a \u00eenv\u0103\u021ba, de a deveni una cu tine \u0219i cu Spiritul&#8230; <\/b><\/span><\/h4>\n<h4><span style=\"color: #800080;\"><b>\u00ce\u021bi \u00eencredin\u021bez \u021bie trecutul, prezentul \u0219i viitorul meu, spre vindecare, \u00een\u021belegere \u0219i armonie&#8230;<\/b><\/span><\/h4>\n<h4><span style=\"color: #800080;\"><b>\u00cenva\u021b\u0103-m\u0103 legile tale, \u00eenva\u021b\u0103-m\u0103 \u00eencrederea: \u00een mine, \u00een ceilal\u021bi, \u00een Existen\u021b\u0103&#8230; (ck 3) <\/b><\/span><\/h4>\n<h4><span style=\"color: #800080;\"><b>\u00cenva\u021b\u0103-m\u0103 smerenia \u2013 \u00een fa\u021ba celorlal\u021bi, \u00een fa\u021ba des\u0103v\u00e2r\u0219irii crea\u021biei&#8230;<\/b><\/span><\/h4>\n<h4><span style=\"color: #800080;\"><b>Deschide-te \u00een mine ca iubire, iertare, compasiune, pentru toate fiin\u021bele, pentru toat\u0103 crea\u021bia&#8230; (ck 4)<\/b><\/span><\/h4>\n<h4><span style=\"color: #800080;\"><b>Vorbe\u0219te tu prin mine, \u00eenva\u021b\u0103-m\u0103 puterea cuvintelor&#8230; (ck 5)<\/b><\/span><\/h4>\n<h4><span style=\"color: #800080;\"><b>F\u0103-m\u0103 martor deta\u0219at: al meu, al celorlal\u021bi, al jocului cosmic &#8211; Lila&#8230; <\/b><\/span><\/h4>\n<h4><span style=\"color: #800080;\"><b>Stabilizeaz\u0103 \u00een mine lini\u0219tea mental\u0103, con\u0219tiin\u021ba f\u0103r\u0103 g\u00e2nduri, prezen\u021ba pur\u0103&#8230; (ck 6)<\/b><\/span><\/h4>\n<h4><span style=\"color: #800080;\"><b>\u00cenva\u021b\u0103-m\u0103 Adev\u0103rul&#8230;<\/b><\/span><\/h4>\n<h4><span style=\"color: #800080;\"><b>Ajut\u0103-m\u0103 s\u0103-mi dep\u0103\u0219esc toate identific\u0103rile, pentru ca disp\u0103r\u00e2nd, s\u0103 fiu una cu tine&#8230;<\/b><\/span><\/h4>\n<h4><span style=\"color: #800080;\"><b>Mul\u021bumesc&#8230;<\/b><\/span><\/h4>\n<p><span style=\"color: #000000;\">\u00a0<\/span><span style=\"color: #000000;\">\u00a0<\/span><\/p>\n<p><em><span style=\"color: #000000;\">Invoca\u021bia se poate rosti ca atare, ca \u0219i o rug\u0103ciune, la \u00eenceputul zilei, sau oric\u00e2nd, etc.<\/span><\/em><\/p>\n<p><em><span style=\"color: #000000;\">Sau la \u00eenceputul auto-tratamentului, \u0219i\/sau \u00een timpul auto-tratamentului pe chakre (exist\u0103 o corela\u021bie a afirma\u021biilor respective \u2013 cu nivelele de func\u021bionare ale chakrelor)&#8230;<\/span><\/em><\/p>\n<p><em><span style=\"color: #000000;\">Sau \u00een timp ce trat\u0103m pe altcineva, folosind invoca\u021bia fie pentru noi, fie pentru persoana respectiv\u0103&#8230;(unul dintre principiile terapiilelor LiLA este, din nou, cel \u201dspiritual\u201d: tu e\u0219ti una cu cel pe care \u00eel tratezi, astfel \u00eenc\u00e2t trat\u00e2ndu-l pe el \u2013 te tratezi de fapt pe tine, \u0219i trat\u00e2ndu-te pe tine \u2013 \u00eel tratezi de fapt pe el&#8230;)<\/span><\/em><\/p>\n<p><em>Pentru cei care nu au ini\u021biere, invoca\u021bia poate constitui (m\u0103car) un subiect de medita\u021bie&#8230;<\/em><\/p>\n<p><strong>Indra<\/strong><\/p>\n<p><em>(textele apar\u021bin autoarei, copierea, transmiterea sau alt\u0103 utilizare a lor se poate face doar dup\u0103 ob\u021binerea permisiunii \u0219i cu respectarea fidel\u0103 a con\u021binutului\u2026 mul\u021bumesc!)<\/em><\/p>\n<p><span style=\"color: #000000;\">\u00a0<\/span><\/p>\n<p><span style=\"color: #000000;\">\u00a0<\/span><\/p>\n<p><span style=\"color: #000000;\">\u00a0<\/span><\/p>\n","protected":false},"excerpt":{"rendered":"<p>\u00a0 Energia Reiki face parte din energia primordial\u0103, numit\u0103 Shakti \u00een textele sfinte hinduse. Energia Reiki poate constitui astfel o cale de re\u00eentoarcere la aceast\u0103 energie primordial\u0103, iar mai apoi, la Originea ei&#8230; \u00cen viziunea LiLA, Reiki nu este doar o tehnic\u0103 de vindecare&#8230; ea poate fi folosit\u0103 \u0219i ca o \u201dtehnic\u0103 spiritual\u0103\u201d. (\u00cen acela\u0219i [&hellip;]<\/p>\n","protected":false},"author":1,"featured_media":0,"parent":1445,"menu_order":0,"comment_status":"closed","ping_status":"open","template":"","meta":[],"_links":{"self":[{"href":"https:\/\/lila-spirit.ro\/wp\/index.php?rest_route=\/wp\/v2\/pages\/1631"}],"collection":[{"href":"https:\/\/lila-spirit.ro\/wp\/index.php?rest_route=\/wp\/v2\/pages"}],"about":[{"href":"https:\/\/lila-spirit.ro\/wp\/index.php?rest_route=\/wp\/v2\/types\/page"}],"author":[{"embeddable":true,"href":"https:\/\/lila-spirit.ro\/wp\/index.php?rest_route=\/wp\/v2\/users\/1"}],"replies":[{"embeddable":true,"href":"https:\/\/lila-spirit.ro\/wp\/index.php?rest_route=%2Fwp%2Fv2%2Fcomments&post=1631"}],"version-history":[{"count":15,"href":"https:\/\/lila-spirit.ro\/wp\/index.php?rest_route=\/wp\/v2\/pages\/1631\/revisions"}],"predecessor-version":[{"id":2875,"href":"https:\/\/lila-spirit.ro\/wp\/index.php?rest_route=\/wp\/v2\/pages\/1631\/revisions\/2875"}],"up":[{"embeddable":true,"href":"https:\/\/lila-spirit.ro\/wp\/index.php?rest_route=\/wp\/v2\/pages\/1445"}],"wp:attachment":[{"href":"https:\/\/lila-spirit.ro\/wp\/index.php?rest_route=%2Fwp%2Fv2%2Fmedia&parent=1631"}],"curies":[{"name":"wp","href":"https:\/\/api.w.org\/{rel}","templated":true}]}}