{"id":1811,"date":"2014-05-14T15:10:29","date_gmt":"2014-05-14T15:10:29","guid":{"rendered":"http:\/\/lila-spirit.ro\/wp\/?page_id=1811"},"modified":"2014-05-14T15:10:29","modified_gmt":"2014-05-14T15:10:29","slug":"despre-bolile-de-piele-o-abordare-psihologica-energetica-si-spirituala","status":"publish","type":"page","link":"https:\/\/lila-spirit.ro\/wp\/?page_id=1811","title":{"rendered":"Despre bolile de piele, o abordare psihologic\u0103, energetic\u0103 \u0219i spiritual\u0103\u2026"},"content":{"rendered":"<p align=\"center\"><span style=\"color: #000000;\">\u00a0<\/span><\/p>\n<p><span style=\"color: #000000;\">Bolile de piele sunt tipic emo<\/span><span style=\"color: #000000;\">\u021b<\/span><span style=\"color: #000000;\">ionale\u2026<\/span><\/p>\n<p><span style=\"color: #000000;\">Pielea reprezint\u0103 o interfa\u021b\u0103 \u00eentre \u201cinteriorul\u201d fiec<\/span><span style=\"color: #000000;\">\u0103<\/span><span style=\"color: #000000;\">ruia \u0219i lumea \u201cexterioar\u0103\u201d. De ce ghilimele? Pentru c\u0103, de fapt, nu exist\u0103 un \u201cinterior\u201d \u0219i un \u201cexterior\u201d\u2026. Dar asta e deja mai dificil, acesta este deja un concept spiritual\u2026<\/span><\/p>\n<p><span style=\"color: #000000;\">Dar tocmai pentru c\u0103 nu exist\u0103 de fapt, un \u201cinterior\u201d \u0219i un \u201cexterior\u201d, bolile de piele sunt boli de separare, pentru c\u0103 a\u0219a se auto-percepe fiin\u021ba omeneasc\u0103, ca fiind separat\u0103\u2026 Sau, mai bine zis, sunt boli de reac\u021bie la aceast\u0103 (fals\u0103) separare\u2026 Vorbim de separarea primordial\u0103, a fiin\u021bei \u2013 fa\u021b\u0103 de Existen\u021ba care i-a dat na\u0219tere\u2026 (asta este din nou un concept spiritual, dar explic\u0103 patogeneza acestor afec\u021biuni). \u0218i vorbim de o fals\u0103 separare, tocmai pentru c\u0103 toate fiin\u021bele de fapt fac parte, \u0219i mai mult, <\/span><i><span style=\"color: #000000;\">sunt, <\/span><\/i><span style=\"color: #000000;\">\u00a0<\/span><span style=\"color: #000000;\">Existen\u021ba\u2026<\/span><\/p>\n<p><span style=\"color: #000000;\">Ori din aceast\u0103 (fals\u0103) separare decurge individualitatea, dar \u0219i izolarea, frica, riposta, atacul\u2026, de aici decurg rela\u021biile, ego-ul \u0219i ve\u0219nica lui nevoie de consolidare, de afirmare\u2026<\/span><\/p>\n<p><span style=\"color: #000000;\">Ori pielea reprezint\u0103 exact asta, \u201cbariera\u201d, delimitarea: dintre noi \u0219i lumea \u00eenconjur\u0103toare, dintre noi \u0219i ceilal\u021bi. \u201cBarier\u0103\u201d perceput\u0103 \u00een dou\u0103 sensuri: dinspre ceilal\u021bi \u00eenspre noi (atac, agresiune, etc.) \u0219i dinspre noi \u00eenspre ceilal\u021bi (deschidere, comunicare, sau fric\u0103, \u00eenchidere, ripost\u0103, protec\u021bie, etc.)\u2026 \u201cCeilal\u021bi\u201d \u00eensemn\u00e2nd de fapt tot ce <\/span><span style=\"color: #000000;\">\u00eenseamn\u0103 <\/span><span style=\"color: #000000;\">\u201clumea exterioar\u0103\u201d, nu numai persoane, ci \u0219i mediu \u00eenconjur\u0103tor, evenimente, etc.<\/span><\/p>\n<p><span style=\"color: #000000;\">\u0218i atunci pielea va manifesta reac\u021biile noastre emo\u021bionale vis-\u00e0-vis de aceast\u0103 rela\u021bie cu exteriorul, reac\u021bii de cele mai multe ori \u2013 necon\u0219tientizate:<\/span><\/p>\n<p><span style=\"color: #000000;\">De exemplu, acneea poate reprezenta un r\u0103spuns de neputin\u021b\u0103 agresiv\u0103 &#8211; contra unor a\u0219a-zise \u201catacuri\u201d exterioare: de ce a\u0219a-zise? Pentru c\u0103 de foarte multe ori, atacurile sunt doar \u00een mintea noastr\u0103, care se ap\u0103r\u0103, care se simte, iat\u0103, separat\u0103! izolat\u0103, vulnerabil\u0103, mereu \u201catacat\u0103\u201d\u2026 <\/span><\/p>\n<p><span style=\"color: #000000;\">Sau complexe de inferioritate: \u201csunt ur\u00e2t, lumea nu m\u0103 iube\u0219te, m\u0103 respinge, iar eu resimt asta ca pe o agresiune \u0219i m\u0103 ap\u0103r \u00een felul meu\u2026\u201d\u2026 asta de obicei asociind auto-pedepsire: \u201cnu merit iubirea celorlal\u021bi, am s\u0103 m\u0103 ur\u00e2\u021besc, \u0219i am s\u0103 fac \u00een a\u0219a fel ca ei s\u0103 nu m\u0103 iubeasc\u0103, pentru c\u0103 nu merit\u2026 am s\u0103 devin \u0219i mai resping\u0103tor\u2026\u201d\u2026. <\/span><\/p>\n<p><span style=\"color: #000000;\">\u00a0<\/span><\/p>\n<p><span style=\"color: #000000;\">Sau temperamentele vulcanice, tot felul de furii reprimate cultural, educa\u021bional, etc\u2026, reprim\u0103ri, care nu mai pot fi con\u021binute la un moment dat \u0219i care se exteriorizeaz\u0103 ca micii vulcani acneici\u2026 sau\u2026 sau\u2026<\/span><\/p>\n<p><span style=\"color: #000000;\">Nu exist\u0103 un \u0219ablon comun\u2026, comun\u0103 este \u00eens\u0103, spuneam, reac\u021bia la ceva exterior.<\/span><\/p>\n<p><span style=\"color: #000000;\">Ce ne spune alergia: \u201cm\u0103 feresc de ce e exterior, riposez, m\u0103 aricesc, dar f\u0103r\u0103 s\u0103 atac f\u0103\u021bi\u0219, \u00eencerc s\u0103 con\u021bin furia aceasta\u2026 dar ia \u00eemi scap\u0103 involuntar, prin piele\u2026\u201d. Bine-n\u021beles, alergenul \u2013 soarele, polenul, etc., este doar un pretext, doar o reprezentare a lumii exterioare, de obicei riposta este fa\u021b\u0103 de un p\u0103rinte, fa\u021b\u0103 de o situa\u021bie, un loc de munc\u0103, o rela\u021bie, etc. \u201cIa sta\u021bi voi mai la distan\u021b\u0103, c\u0103-mi face\u021bi r\u0103u\u2026\u201d<\/span><\/p>\n<p><span style=\"color: #000000;\">Psoriazisul: \u201cmi-e ru\u0219ine s\u0103 recunosc asta, dar ceva din afar\u0103 \u00eemi provoac\u0103 repulsie, m\u0103 murd\u0103re\u0219te, trebuie s\u0103 m\u0103 cur\u0103t mereu, s\u0103 m\u0103 refac mereu\u2026 \u0219i iar m\u0103 murd\u0103resc\u2026\u201d. Murd\u0103ria \u201creal\u0103\u201d este \u00eens\u0103 cea emo\u021bional\u0103, \u201cne-cur\u0103\u021benia\u201d moral\u0103, impuritatea\u2026 \u0219i vinov\u0103\u021bia asociat\u0103\u2026 La fel, multe dintre eczeme\u2026<\/span><\/p>\n<p><span style=\"color: #000000;\">Dermatozele care \u00eengroa\u0219\u0103 pielea \u2013 sunt \u00een mod evident carapace de protec\u021bie fa\u021b\u0103 de exteriorul \u201cpericulos\u201d\u2026<\/span><\/p>\n<p><span style=\"color: #000000;\">Sclerodermia, pielea care \u00ee\u0219i pierde elasticitatea, sugereaz\u0103 o lips\u0103 de \u201celasticitate\u201d interioar\u0103, rigiditate mental\u0103, lipsa dorin\u021bei, sau neputin\u021ba de a se schimba sau de a accepta schimb\u0103rile din via\u021b\u0103, din \u201cexterior\u201d.<\/span><\/p>\n<p><span style=\"color: #000000;\">Tumorile canceroase, \u00een mod cert asociaz\u0103 lipsa iubirii (tumorile sunt legate de chakra a patra, a iubirii, care este disfunc\u021bional\u0103), iar bolile autoimune (lupusul, de exemplu), \u0219i ele tributare chakrei a patra, sunt boli de autoagresiune, auto-pedepsire, autoflagelare (incon\u0219tient\u0103, sau semi-con\u0219tient\u0103\u2026).<\/span><\/p>\n<p><span style=\"color: #000000;\">Dar repet\u0103m, acestea de mai sus sunt doar c\u00e2teva exemple, NU exist\u0103 \u0219abloane, fiecare persoan\u0103 are profilul s\u0103u emo\u021bional, \u0219i asociat, profilul particular al bolii sale\u2026 iar printr-o \u201cinvestigatie emo\u021bional\u0103\u201d sincer\u0103, acesta poate fi depistat \u0219i tratat. <\/span><\/p>\n<p><span style=\"color: #000000;\">Pielea reprezint\u0103 un \u201cfiltru de respira\u021bie\u201d\u2026 prin piele se realizeaz\u0103 tot felul de schimburi energetice cu exteriorul. Bolile de piele pot fi cauze, dar mai ales, efecte, ale \u201ccolmat\u0103rii\u201d acestui filtru\u2026 Pe l\u00e2ng\u0103 cauzele fizice \u0219tiute de medicina alopat\u0103, aici, din nou, vom men\u021biona \u201ccolmatarea\u201d prin energiile patogene, de joas\u0103 frecven\u021b\u0103, ale emo\u021biilor negative, ale ata\u0219amentelor, furiilor, fricilor, etc.<\/span><\/p>\n<p><span style=\"color: #000000;\">Pentru c\u0103, spuneam, bolile de piele sunt eminamente emo\u021bionale! \u0218i atunci tratamentul lor ar trebui s\u0103 cuprind\u0103, \u00een mod obligatoriu, vindecarea emo\u021bional\u0103\u2026<\/span><\/p>\n<p><span style=\"color: #000000;\">\u0218i atunci, unde este dificultatea?? \u00cen faptul c\u0103 majoritatea acestor emo\u021bii sunt subcon\u0219tiente\u2026 \u0219i dac\u0103 vreodat\u0103 ele se apropie c\u00e2t de c\u00e2t de zona de con\u0219tient\u0103, ele sunt de multe ori ru\u0219inoase, greu de acceptat, \u0219i vor fi, de aceea, din nou \u00eempinse ad\u00e2nc \u00een subcon\u0219tientul unde nu le \u0219tie nimeni\u2026 sau le \u0219tie doar pielea.<\/span><\/p>\n<p><span style=\"color: #000000;\">Cum se ajunge la vindecarea emo\u021bional\u0103? Printr-un demers asem\u0103n\u0103tor celui psihanalitic, de introspec\u021bie, con\u0219tientizare\u2026, apoi prin remedii florale Bach, tratament energetic, mandale specifice, remedii informa\u021bionale, etc. \u201cCheia succesului\u201d o constituie<\/span><span style=\"color: #000000;\"> \u00eens\u0103 complian\u021ba pacientului, dorin\u021ba acestuia de a-\u0219i dep\u0103\u0219i limitele \u00een\u021belegerii \u0219i ale tratamentului conven\u021bional al afec\u021biunii, curajul acestuia de a-\u0219i con\u0219tientiza problemele reale emo\u021bionale \u0219i de a lucra asupra lor.<\/span><\/p>\n<p><span style=\"color: #000000;\">Sau, mai exist\u0103 varianta spiritual\u0103, de \u00een\u021belegere a sentimentului de separare fa\u021b\u0103 de acel <\/span><span style=\"color: #000000;\">\u201cexterior\u201d, sentiment ve\u0219nic <\/span><span style=\"color: #000000;\">\u00eentre\u021binut <\/span><span style=\"color: #000000;\">\u0219i exacerbat <\/span><span style=\"color: #000000;\">de c\u0103tre ego; \u0219i de angajare \u00een acest sens: de \u00een\u021belegere a celorlal\u021bi, de acceptare, iertare, asta ca prim pas, apoi de \u00een\u021belegere \u0219i de dep\u0103\u0219ire a fricilor, a luptei, ripostei, etc. De dep\u0103\u0219ire a ego-ului&#8230; Munca devine cu adev\u0103rat spiritual\u0103 \u00een momentul \u00een care practicantul dore\u0219te cu adev\u0103rat s\u0103-\u0219i dizolve barierele mentale \u0219i egotice care \u00eel despart de <\/span><span style=\"color: #000000;\">\u201crestul Existen\u021bei\u201d\u2026 \u0218i atunci problema fizic\u0103 se rezolv\u0103 prin \u00eenl\u0103turarea cauzei ei primordiale, sentimental separ\u0103rii\u2026<\/span><\/p>\n<p><span style=\"color: #000000;\">(\u00cen acest sens exist\u0103, pentru cei interesa\u021bi, exerci\u021bii energetice specifice, respira\u021bii specifice, etc., bazate toate pe filozofia non-separ\u0103rii, care ar trebui \u0219i ea cunoscut\u0103\u2026)<\/span><\/p>\n<p><span style=\"color: #000000;\">\u0218i poate c\u0103, unele dintre afec\u021biunile dermatologice, reprezint\u0103, de fapt, dorin\u021ba incon\u0219tien\u021b\u0103 a fiin\u021bei de str\u0103pungere a acestei bariere separatoare \u0219i de \u201c\u00eentoarcere acas\u0103\u201d, de dizolvare \u00een Esen\u021ba din care s-a n\u0103scut\u2026<\/span><\/p>\n<p><span style=\"color: #000000;\">\u00a0<\/span><\/p>\n<p><span style=\"color: #000000;\">Indra<\/span><\/p>\n<p><span style=\"color: #000000;\">\u00a0<\/span><\/p>\n<p><span style=\"color: #000000;\">\u00a0<\/span><\/p>\n<p><span style=\"color: #000000; font-size: medium;\">\u00a0<\/span><\/p>\n","protected":false},"excerpt":{"rendered":"<p>\u00a0 Bolile de piele sunt tipic emo\u021bionale\u2026 Pielea reprezint\u0103 o interfa\u021b\u0103 \u00eentre \u201cinteriorul\u201d fiec\u0103ruia \u0219i lumea \u201cexterioar\u0103\u201d. De ce ghilimele? Pentru c\u0103, de fapt, nu exist\u0103 un \u201cinterior\u201d \u0219i un \u201cexterior\u201d\u2026. Dar asta e deja mai dificil, acesta este deja un concept spiritual\u2026 Dar tocmai pentru c\u0103 nu exist\u0103 de fapt, un \u201cinterior\u201d \u0219i un [&hellip;]<\/p>\n","protected":false},"author":1,"featured_media":0,"parent":102,"menu_order":0,"comment_status":"closed","ping_status":"open","template":"","meta":[],"_links":{"self":[{"href":"https:\/\/lila-spirit.ro\/wp\/index.php?rest_route=\/wp\/v2\/pages\/1811"}],"collection":[{"href":"https:\/\/lila-spirit.ro\/wp\/index.php?rest_route=\/wp\/v2\/pages"}],"about":[{"href":"https:\/\/lila-spirit.ro\/wp\/index.php?rest_route=\/wp\/v2\/types\/page"}],"author":[{"embeddable":true,"href":"https:\/\/lila-spirit.ro\/wp\/index.php?rest_route=\/wp\/v2\/users\/1"}],"replies":[{"embeddable":true,"href":"https:\/\/lila-spirit.ro\/wp\/index.php?rest_route=%2Fwp%2Fv2%2Fcomments&post=1811"}],"version-history":[{"count":1,"href":"https:\/\/lila-spirit.ro\/wp\/index.php?rest_route=\/wp\/v2\/pages\/1811\/revisions"}],"predecessor-version":[{"id":1812,"href":"https:\/\/lila-spirit.ro\/wp\/index.php?rest_route=\/wp\/v2\/pages\/1811\/revisions\/1812"}],"up":[{"embeddable":true,"href":"https:\/\/lila-spirit.ro\/wp\/index.php?rest_route=\/wp\/v2\/pages\/102"}],"wp:attachment":[{"href":"https:\/\/lila-spirit.ro\/wp\/index.php?rest_route=%2Fwp%2Fv2%2Fmedia&parent=1811"}],"curies":[{"name":"wp","href":"https:\/\/api.w.org\/{rel}","templated":true}]}}