{"id":187,"date":"2013-09-12T19:05:14","date_gmt":"2013-09-12T19:05:14","guid":{"rendered":"http:\/\/lila-spirit.ro\/wp\/?page_id=187"},"modified":"2016-09-15T19:34:43","modified_gmt":"2016-09-15T16:34:43","slug":"mandalele-lila-2","status":"publish","type":"page","link":"https:\/\/lila-spirit.ro\/wp\/?page_id=187","title":{"rendered":"MANDALELE LiLA&#8230;"},"content":{"rendered":"<p>&nbsp;<\/p>\n<p><b>\u00a0\u00a0\u00a0\u00a0\u00a0\u00a0\u00a0\u00a0\u00a0\u00a0\u00a0\u00a0\u00a0\u00a0\u00a0\u00a0\u00a0\u00a0\u00a0\u00a0\u00a0\u00a0\u00a0\u00a0\u00a0\u00a0\u00a0\u00a0\u00a0\u00a0\u00a0\u00a0\u00a0\u00a0\u00a0\u00a0\u00a0\u00a0\u00a0\u00a0\u00a0\u00a0\u00a0\u00a0 <\/b><\/p>\n<h2 align=\"center\"><strong><span style=\"color: #993366;\"><a href=\"http:\/\/lila-spirit.ro\/wp\/wp-content\/uploads\/2013\/09\/Untitled.jpg\"><img loading=\"lazy\" class=\"size-full wp-image-17 aligncenter\" src=\"http:\/\/lila-spirit.ro\/wp\/wp-content\/uploads\/2013\/09\/Untitled.jpg\" alt=\"Untitled\" width=\"119\" height=\"122\" \/><\/a><\/span><\/strong><\/h2>\n<h2 style=\"text-align: justify;\" align=\"center\"><span style=\"color: #993366;\"><b><strong>Generalit\u0103\u021bi&#8230;<\/strong><\/b><\/span><\/h2>\n<p style=\"text-align: justify;\" align=\"center\"><span style=\"color: #993366;\"><b>Mandalele sunt imagini care con\u0163<\/b><b>in informa\u0163ie, codificat\u0103 \u00een desene \u015fi culori, conform regulilor geometriei sacre \u015fi codului Fibonacci. <\/b><\/span><\/p>\n<p style=\"text-align: justify;\"><span style=\"color: #993366;\"><b>Mandala va transmite aceast\u0103 informa\u0163ie \u00een jur, influen\u0163\u00e2nd informa\u0163ional \u015fi energetic diferitele tipuri de structuri energetice (corp mental, emo\u0163ional, chakre, meridiane, etc.) \u015fi structuri fizice. <\/b><\/span><\/p>\n<p style=\"text-align: justify;\"><span style=\"color: #993366;\"><b>Mandalele devin astfel instrumente de comunicare, de vindecare emo\u0163ional\u0103, de armonizare energetic\u0103, evolu\u0163ie spiritual\u0103.<\/b><\/span><\/p>\n<p style=\"text-align: justify;\"><span style=\"color: #993366;\"><b>Oricare mandal\u0103 poate fi plasat\u0103 sub recipientele cu lichide, sub medicamente, creme, etc. Apa este vehiculul ideal pentru a aduce informa\u021bia \u00een corp, \u00een structurile celulare. <\/b><\/span><\/p>\n<p style=\"text-align: justify;\"><span style=\"color: #993366;\"><b>In cursul terapiilor energetice mandalele (cele de vinil) se pot plasa direct pe corp, pe chakre, pe zonele cele mai afectate, etc. Terapia cu mandale se poate asocia oric\u0103rui alt tip de terapie energetic\u0103 (Reiki, biorezonan\u021b\u0103, etc.)<\/b><\/span><\/p>\n<p style=\"text-align: justify;\"><span style=\"color: #993366;\"><b>Mandalele se pot executa pe\u00a0 c\u0103ni, pe suport de vinil (utile \u00een tratamente sau autotratamente energetice), plut\u0103 (suporturi pentru pahare), sticl\u0103 (farfurioare, suporturi pentru pahare, decora\u021biuni), faian\u021b\u0103 (farfurioare, suporturi pentru pahare, decora\u021biuni, ceasuri), folie magnetic\u0103 autoadeziv\u0103 (pentru frigidere, u\u0219i \u0219i alte structuri metalice, etc.), h\u00e2rtie fotografic\u0103 sau folie transparent\u0103 (tablouri, ceasuri), h\u00e2rtie (semne de carte), cauciuc (mouse-pad). <\/b><\/span><\/p>\n<p style=\"text-align: justify;\"><span style=\"color: #993366;\"><b>\u00cen cur\u00e2nd vom imprima mandale \u015fi pe \u0163es\u0103turi, tricouri de bumbac, etc.<\/b><\/span><\/p>\n<p style=\"text-align: justify;\"><span style=\"color: #993366;\"><b>Pe fiecare pagin\u0103 cu mandale este specificat materialul pe care acestea sunt imprimate (nu orice imagine se preteaz\u0103 la orice\u00a0fel de\u00a0material&#8230;).<\/b><\/span><\/p>\n<address><i>Pentru \u00eentreb\u0103ri, alte\u00a0detalii\u00a0 v\u0103 pute\u0163i adresa la <\/i><strong><i><\/i><i><a href=\"mailto:mandale.lila@yahoo.com\" target=\"_blank\">mandale.lila@yahoo.com<\/a><\/i><\/strong><i>. <\/i><\/address>\n<address>\u00a0<\/address>\n<blockquote>\n<address><strong><i>Pute\u021bi alege\u00a0\u0219i comanda diferite produse direct \u2013<\/i><\/strong><\/address>\n<address><strong><i> din magazinul nostru on-line\u00a0: <\/i><\/strong><\/address>\n<address><strong><a href=\"http:\/\/mandalashop.lila-spirit.ro\">http:\/\/mandalashop.lila-spirit.ro<\/a><\/strong><\/address>\n<\/blockquote>\n<p style=\"text-align: justify;\"><span style=\"color: #000080;\"><b><i>La cerere, se pot executa \u015fi mandale personalizate, \u00een func\u021bie de nume \u0219i data na\u0219terii, pentru diferite afec\u0163iuni, pentru alte probleme, pentru evenimente, etc. O consulta\u0163ie personal\u0103 poate fi util\u0103 \u00een acest sens.<\/i><\/b><b><i> <\/i><\/b><\/span><b><i><\/i><\/b><\/p>\n<p style=\"text-align: justify;\"><b><i>\u00a0<\/i><\/b><span style=\"color: #ff0000;\"><b><i>Aten\u021bie:<\/i><\/b><\/span><\/p>\n<p style=\"text-align: justify;\"><span style=\"color: #ff0000;\"><b><i>* mandalele copiate nu au acela\u015fi con\u0163inut informa\u0163ional \u015fi nu func\u0163ioneaz\u0103\u2026\u00a0<\/i><\/b><b> <\/b><b><i><\/i><\/b><\/span><\/p>\n<p style=\"text-align: justify;\"><span style=\"color: #ff0000;\"><b><i>** mandalele sunt manufacturate \u015f<\/i><\/b><b><i>i necesit\u0103 delicate\u0163e \u00een manevrare&#8230; <\/i><\/b><b> <\/b><\/span><\/p>\n<p style=\"text-align: justify;\"><span style=\"color: #ff0000;\"><em><strong>*** mandalele NU \u00eenlocuiesc tratamentele medicale prescrise!<\/strong><\/em><\/span><\/p>\n<p style=\"text-align: justify;\"><b><i><span style=\"color: #ff0000;\">**** LiLA este marc\u0103 \u00eenregistrat\u0103\u2026<\/span> <\/i><\/b><\/p>\n<h3 style=\"text-align: justify;\"><b><i>\u00a0<\/i><\/b><\/h3>\n<h2 style=\"text-align: justify;\"><span style=\"color: #3366ff;\"><b>Ne pute\u021bi g\u0103si \u0219i pe:<\/b><\/span><\/h2>\n<p style=\"text-align: justify;\">\u00a0<strong><a href=\"http:\/\/www.facebook.com\/mandale.lila\">http:\/\/www.facebook.com\/mandale.lila<\/a>,<\/strong><\/p>\n<p style=\"text-align: justify;\"><strong><a href=\"http:\/\/mandalashop.lila-spirit.ro\">http:\/\/mandalashop.lila-spirit.ro<\/a><\/strong><\/p>\n","protected":false},"excerpt":{"rendered":"<p>&nbsp; \u00a0\u00a0\u00a0\u00a0\u00a0\u00a0\u00a0\u00a0\u00a0\u00a0\u00a0\u00a0\u00a0\u00a0\u00a0\u00a0\u00a0\u00a0\u00a0\u00a0\u00a0\u00a0\u00a0\u00a0\u00a0\u00a0\u00a0\u00a0\u00a0\u00a0\u00a0\u00a0\u00a0\u00a0\u00a0\u00a0\u00a0\u00a0\u00a0\u00a0\u00a0\u00a0\u00a0\u00a0 Generalit\u0103\u021bi&#8230; Mandalele sunt imagini care con\u0163in informa\u0163ie, codificat\u0103 \u00een desene \u015fi culori, conform regulilor geometriei sacre \u015fi codului Fibonacci. Mandala va transmite aceast\u0103 informa\u0163ie \u00een jur, influen\u0163\u00e2nd informa\u0163ional \u015fi energetic diferitele tipuri de structuri energetice (corp mental, emo\u0163ional, chakre, meridiane, etc.) \u015fi structuri fizice. Mandalele devin astfel instrumente de comunicare, de vindecare emo\u0163ional\u0103, [&hellip;]<\/p>\n","protected":false},"author":1,"featured_media":0,"parent":0,"menu_order":0,"comment_status":"closed","ping_status":"closed","template":"","meta":[],"_links":{"self":[{"href":"https:\/\/lila-spirit.ro\/wp\/index.php?rest_route=\/wp\/v2\/pages\/187"}],"collection":[{"href":"https:\/\/lila-spirit.ro\/wp\/index.php?rest_route=\/wp\/v2\/pages"}],"about":[{"href":"https:\/\/lila-spirit.ro\/wp\/index.php?rest_route=\/wp\/v2\/types\/page"}],"author":[{"embeddable":true,"href":"https:\/\/lila-spirit.ro\/wp\/index.php?rest_route=\/wp\/v2\/users\/1"}],"replies":[{"embeddable":true,"href":"https:\/\/lila-spirit.ro\/wp\/index.php?rest_route=%2Fwp%2Fv2%2Fcomments&post=187"}],"version-history":[{"count":26,"href":"https:\/\/lila-spirit.ro\/wp\/index.php?rest_route=\/wp\/v2\/pages\/187\/revisions"}],"predecessor-version":[{"id":2999,"href":"https:\/\/lila-spirit.ro\/wp\/index.php?rest_route=\/wp\/v2\/pages\/187\/revisions\/2999"}],"wp:attachment":[{"href":"https:\/\/lila-spirit.ro\/wp\/index.php?rest_route=%2Fwp%2Fv2%2Fmedia&parent=187"}],"curies":[{"name":"wp","href":"https:\/\/api.w.org\/{rel}","templated":true}]}}