{"id":2015,"date":"2014-09-20T14:04:25","date_gmt":"2014-09-20T14:04:25","guid":{"rendered":"http:\/\/lila-spirit.ro\/wp\/?page_id=2015"},"modified":"2020-03-08T18:22:30","modified_gmt":"2020-03-08T16:22:30","slug":"canvas-cu-mandale","status":"publish","type":"page","link":"https:\/\/lila-spirit.ro\/wp\/?page_id=2015","title":{"rendered":"CANVAS cu MANDALE LiLA"},"content":{"rendered":"<p><strong><span style=\"color: #000080;\">&#8230; O MANDAL\u0102 &#8211; TABLOU,<\/span><\/strong><\/p>\n<p><strong><span style=\"color: #000080;\">de\u00a0DIMENSIUNI MARI, 35\/35\u00a0cm SAU 50\/50 cm, imprimat\u0103 pe &#8220;p\u00e2nz\u0103&#8221; de pictur\u0103<\/span><\/strong><\/p>\n<p><strong><span style=\"color: #000080;\">cu una dintre\u00a0mandalele IUBIRE, MINTE, VINDECARE EMO\u021aIONAL\u0102, CON\u0218TIENTIZARE, sau MANDALELE SPIRITUALE&#8230; <\/span><\/strong><\/p>\n<p><strong><span style=\"color: #000080;\">le puteti alege\u00a0\u0219i comanda la <em>mandale.lila@yahoo.com<\/em>, sau din magazin: <em>http:\/\/mandalashop.lila-spirit.ro\u00a0<\/em><\/span><\/strong><\/p>\n<div id=\"kpm_content_wrapper\" class=\"notranslate\"><\/div>\n","protected":false},"excerpt":{"rendered":"<p>&#8230; O MANDAL\u0102 &#8211; TABLOU, de\u00a0DIMENSIUNI MARI, 35\/35\u00a0cm SAU 50\/50 cm, imprimat\u0103 pe &#8220;p\u00e2nz\u0103&#8221; de pictur\u0103 cu una dintre\u00a0mandalele IUBIRE, MINTE, VINDECARE EMO\u021aIONAL\u0102, CON\u0218TIENTIZARE, sau MANDALELE SPIRITUALE&#8230; le puteti alege\u00a0\u0219i comanda la mandale.lila@yahoo.com, sau din magazin: http:\/\/mandalashop.lila-spirit.ro\u00a0<\/p>\n","protected":false},"author":1,"featured_media":0,"parent":187,"menu_order":0,"comment_status":"closed","ping_status":"open","template":"","meta":[],"_links":{"self":[{"href":"https:\/\/lila-spirit.ro\/wp\/index.php?rest_route=\/wp\/v2\/pages\/2015"}],"collection":[{"href":"https:\/\/lila-spirit.ro\/wp\/index.php?rest_route=\/wp\/v2\/pages"}],"about":[{"href":"https:\/\/lila-spirit.ro\/wp\/index.php?rest_route=\/wp\/v2\/types\/page"}],"author":[{"embeddable":true,"href":"https:\/\/lila-spirit.ro\/wp\/index.php?rest_route=\/wp\/v2\/users\/1"}],"replies":[{"embeddable":true,"href":"https:\/\/lila-spirit.ro\/wp\/index.php?rest_route=%2Fwp%2Fv2%2Fcomments&post=2015"}],"version-history":[{"count":14,"href":"https:\/\/lila-spirit.ro\/wp\/index.php?rest_route=\/wp\/v2\/pages\/2015\/revisions"}],"predecessor-version":[{"id":3608,"href":"https:\/\/lila-spirit.ro\/wp\/index.php?rest_route=\/wp\/v2\/pages\/2015\/revisions\/3608"}],"up":[{"embeddable":true,"href":"https:\/\/lila-spirit.ro\/wp\/index.php?rest_route=\/wp\/v2\/pages\/187"}],"wp:attachment":[{"href":"https:\/\/lila-spirit.ro\/wp\/index.php?rest_route=%2Fwp%2Fv2%2Fmedia&parent=2015"}],"curies":[{"name":"wp","href":"https:\/\/api.w.org\/{rel}","templated":true}]}}