{"id":2358,"date":"2015-02-15T08:16:07","date_gmt":"2015-02-15T08:16:07","guid":{"rendered":"http:\/\/lila-spirit.ro\/wp\/?page_id=2358"},"modified":"2015-02-15T09:43:48","modified_gmt":"2015-02-15T09:43:48","slug":"a-privi-lumea-printr-un-geam-murdar","status":"publish","type":"page","link":"https:\/\/lila-spirit.ro\/wp\/?page_id=2358","title":{"rendered":"A privi lumea printr-un geam murdar&#8230;"},"content":{"rendered":"<p><a href=\"http:\/\/lila-spirit.ro\/wp\/wp-content\/uploads\/2015\/02\/a-privi-lumea-printr-un-geam-murdar....jpg\"><img loading=\"lazy\" class=\"alignnone size-full wp-image-2359\" src=\"http:\/\/lila-spirit.ro\/wp\/wp-content\/uploads\/2015\/02\/a-privi-lumea-printr-un-geam-murdar....jpg\" alt=\"a privi lumea printr-un geam murdar...\" width=\"257\" height=\"236\" \/><\/a><\/p>\n<p>Mintea obi\u0219nuit\u0103 este comparat\u0103 frecvent \u00een textele orientale clasice cu un geam murdar sau cu o oglind\u0103 murdar\u0103; \u0219i mintea oglind\u0103 &#8211; cu o oglind\u0103 curat\u0103.<\/p>\n<p>Compara\u021bia este foarte bun\u0103: pentru c\u0103 <strong><em>exact a\u0219a cum nu vezi prin acel geam murdar, la fel nu vezi &#8211; cu mintea ta obi\u0219nuit\u0103 de zi cu zi. La fel cum o oglind\u0103 murdar\u0103 nu poate reflecta corect realitatea, la fel, nici mintea ta nu poate s\u0103 vad\u0103 corect lucrurile. \u0218i atunci, \u00eentr-o prim\u0103 etap\u0103, dezideratul ar fi m\u0103car de a cur\u0103\u021ba geamul sau oglinda, de a cur\u0103\u021ba mintea de tot felul de lucruri.<\/em><\/strong><\/p>\n<p>&#8211; S\u0103 ai discern\u0103m\u00e2nt&#8230;<\/p>\n<p>&#8211; S\u0103 vezi lumea \u00eentr-un alt fel&#8230;\u00a0 s\u0103 percepi lumea \u00een alt mod&#8230;<\/p>\n<p>&#8211; Da, s\u0103 percepi lumea cu o minte mai curat\u0103, cu un geam mai transparent&#8230; Nu ne referim aici la discern\u0103m\u00e2ntul legat de judecat\u0103. \u00cen limba hindus\u0103 acest discern\u0103m\u00e2nt se cheam\u0103 <em>viveka<\/em>, \u0219i \u00eenseamn\u0103 o minte clar\u0103, o minte limpede, care vede lucrurile c\u00e2t se poate de aproape de realitatea lor.<\/p>\n<p>Haide\u021bi s\u0103 o luam altfel, mintea murdar\u0103, geamul murdar&#8230;, cu ce se murd\u0103re\u0219te mintea obi\u0219nuit\u0103?<\/p>\n<p>&#8211; Cu toate programele, cu toate judec\u0103\u021bile, cu tot ce \u00eei este indus acolo, cu tot ceea ce este \u00eenv\u0103\u021bat\u0103 mintea s\u0103 fac\u0103, cu toate alegerile, ata\u0219amentele, fixismele, \u00eenc\u0103p\u0103\u021b\u00e2n\u0103rile, judec\u0103\u021bile de valoare. \u0218i atunci ea nu va putea s\u0103 evalueze corect o situa\u021bie dat\u0103 &#8211; tocmai din cauza acestor filtre, a acestor \u201cmurd\u0103rii\u201d prin care ea vede doar ceea ce \u00eei permit ele&#8230;<\/p>\n<p>&#8211; Se murd\u0103re\u0219te cu toate programele pe care le avem&#8230;, cu toate fricile, obsesiile, condi\u021bion\u0103rile: \u201casta e bine\u201d, \u201casta nu se face a\u0219a\u201d&#8230;, cu acel \u201cdat cu p\u0103rerea\u201d, ve\u0219nic: \u201ceu cred c\u0103\u2026\u201d, \u201cp\u0103rerea mea este\u2026\u201d, \u201ccutare nu ar trebui s\u0103&#8230;\u201d, etc.<\/p>\n<p>&#8211; Tot timpul va compara un eveniment nou &#8211; cu ceva ce \u201c\u0219tie ea\u201d&#8230;<\/p>\n<p>&#8211; Da! Dar aten\u021bie la acest \u201c\u0219tie\u201d! Cum \u0219tie ea?<\/p>\n<p>&#8211; A fost \u00eenv\u0103\u021bat\u0103&#8230;<\/p>\n<p>&#8211; Exact! A fost programat\u0103! Deci nu este \u0219tiin\u021ba ei proprie<em>. <\/em><\/p>\n<p><em>Ori discern\u0103m\u00e2nt &#8211; \u00eenseamn\u0103 \u0219tiin\u021ba ei, percep\u021bia ei proprie. <\/em>Ea nu va mai reac\u021biona repetitiv, nu va mai reac\u021biona prin prisma experien\u021belor anterioare, nu va mai reac\u021biona prin prisma judec\u0103\u021bilor de valoare, prin prisma sfaturilor altora, prin prisma celor v\u0103zute sau auzite din mediul exterior. Pentru c\u0103, de fapt, toate acestea sunt acele \u201cmurd\u0103rii\u201d care se depun pe geamul min\u021bii, pe oglinda min\u021bii, \u0219i care distorsioneaz\u0103 realitatea: <em>\u00eentruc\u00e2t mintea vede prin astea, judec\u0103 prin astea, catalogheaz\u0103 prin astea \u0219i ac\u021bioneaz\u0103 prin aceast\u0103 p\u00e2cl\u0103 de confuzie, de neclaritate.<\/em> \u0218i ce va mai face, mintea cea \u201cmurdar\u0103\u201d? Ac\u021bion\u00e2nd exact \u00een conformitate cu murd\u0103riile ei, va mai crea \u00een plus ni\u0219te karm\u0103: de unde repeti\u021biile \u00een via\u021b\u0103, \u0219i \u00een ciclul re\u00eencarn\u0103rii.<\/p>\n<p><em>Mintea discriminativ\u0103<\/em> este o oglind\u0103 relativ curat\u0103, care poate oglindi foarte multe lucruri, \u0219i care poate \u00een\u021belege foarte multe aspecte din orice situa\u021bie, eveniment, etc.<\/p>\n<p>Dac\u0103 lu\u0103m, de exemplu o scen\u0103, un eveniment, o adunare de oameni: mintea pr\u0103fuit\u0103, murdar\u0103, va \u00eencepe imediat s\u0103 judece, conform programelor ei: asta e a\u0219a,\u00a0 asta e pe dincolo,\u00a0 \u0103la e str\u00e2mb, \u0103la e ur\u00e2t, \u0103la nu are dreptate, etc., etc., etc., rat\u00e2nd, de fapt, totul&#8230;, tr\u0103ind doar \u00een ceea ce \u201c\u0219tie ea\u201d.<\/p>\n<p>Mintea discriminativ\u0103 va vedea \u00een cu totul alt mod \u2013 acea scen\u0103, acele fiin\u021be, va \u00een\u021belege ce este \u00een spatele aparen\u021belor, va \u00een\u021belege de ce se interac\u021bioneaz\u0103 \u00eentr-un anume mod, va \u00een\u021belege care este programul subcon\u0219tient care \u00eei face pe oameni s\u0103 se poarte \u00eentr-un anume fel&#8230;, va vedea tot felul de subtilit\u0103\u021bi&#8230;, \u0219i a\u0219a mai departe.<\/p>\n<p>Deci cam a\u0219a func\u021bioneaz\u0103 o minte care are aceast\u0103 capacitate de discriminare, <em>viveka<\/em>; ea nu este \u00eenc\u0103 o minte oglind\u0103, dar a devenit o minte care \u00een\u021belege foarte, foarte multe lucruri. <em>\u0218i antrenamentul pentru mintea discriminativ\u0103 este, spuneam noi, starea de martor. \u0218i practica: exerci\u021biile energetice, medita\u021bia&#8230;<\/em><\/p>\n<p>Numai a\u0219a te po\u021bi antrena, pe de o parte fiind tot timpul foarte atent la tine, v\u0103z\u00e2nd cum func\u021bionezi&#8230;, pentru c\u0103, \u00een\u021beleg\u00e2nd cum func\u021bionezi, vei \u0219ti la ce s\u0103 renun\u021bi, vei putea \u201ccur\u0103\u021ba murd\u0103riile\u201d din minte; <em>ori dac\u0103 tu nu \u00ee\u021bi vezi propriile murd\u0103rii, n-o s\u0103 le po\u021bi cur\u0103\u021ba niciodat\u0103.<\/em> Prin starea de martor vei putea s\u0103 le vezi, s\u0103 ie\u0219i din ele, \u0219i atunci mintea ta va fi din ce \u00een ce mai curat\u0103, mai clar\u0103, mai lucid\u0103, din ce \u00een ce mai aproape de acea stare de minte oglind\u0103. Iar prin practica comportamental\u0103 \u0219i energetic\u0103, prin exerci\u021biile de cur\u0103\u021bare, vei reu\u0219i&#8230; chiar s\u0103 le cure\u021bi.<\/p>\n<p>Mintea discriminativ\u0103 este un fel de minte practic\u0103, putem spune, adic\u0103 func\u021bioneaz\u0103 bine \u00een via\u021ba de zi cu zi, se descurc\u0103 \u00een via\u021ba de zi cu zi, ia deciziile cele \u201cbune\u201d; adic\u0103 dac\u0103 \u00eel cit\u0103m pe Osho este \u201co minte care ac\u021bionez\u0103, nu reac\u021bioneaz\u0103\u201d. \u0218i fraza asta este de fapt o fraz\u0103 foarte important\u0103, de ce? Pentru c\u0103 o minte care reac\u021bioneaz\u0103, de fapt ce face? Repet\u0103! Reac\u021bioneaz\u0103 conform unor \u0219abloane, conform unor scheme, a unor programe preexistente. O minte care ac\u021bioneaz\u0103 este o minte creativ\u0103, o minte care \u0219tie c\u0103 de fiecare dat\u0103 situa\u021bia e alta, personajele sunt altele, planetele sunt aliniate \u00een alt fel, condi\u021biile sunt de fiecare dat\u0103 diferite, iar ea va ac\u021biona \u00eentr-un mod creativ. <em>Deci o minte discriminativ\u0103 este \u00een acela\u0219i timp o minte creativ\u0103, \u00een sensul c\u0103 nu repet\u0103, nu repet\u0103 de fiecare dat\u0103 acelea\u0219i \u0219abloane, acelea\u0219i scheme, acelea\u0219i condi\u021bion\u0103ri, acelea\u0219i gre\u0219eli ve\u0219nice. \u0218i din cauz\u0103 c\u0103 nu repet\u0103, are \u0219anse s\u0103 se re\u00eencarneze din ce \u00een ce mai pu\u021bin, iese cumva din ciclul repeti\u021biilor \u0219i din ciclul programelor samsarei.<\/em><\/p>\n<p>De asta practic\u0103m!<\/p>\n<p>&nbsp;<\/p>\n<p><a href=\"http:\/\/lila-spirit.ro\/wp\/wp-content\/uploads\/2015\/02\/a-privi-prin-geam-curat-3.jpg\"><img loading=\"lazy\" class=\"wp-image-2375 aligncenter\" src=\"http:\/\/lila-spirit.ro\/wp\/wp-content\/uploads\/2015\/02\/a-privi-prin-geam-curat-3-300x300.jpg\" alt=\"a privi prin geam curat 3\" width=\"208\" height=\"208\" srcset=\"https:\/\/lila-spirit.ro\/wp\/wp-content\/uploads\/2015\/02\/a-privi-prin-geam-curat-3-300x300.jpg 300w, https:\/\/lila-spirit.ro\/wp\/wp-content\/uploads\/2015\/02\/a-privi-prin-geam-curat-3-150x150.jpg 150w, https:\/\/lila-spirit.ro\/wp\/wp-content\/uploads\/2015\/02\/a-privi-prin-geam-curat-3-76x76.jpg 76w, https:\/\/lila-spirit.ro\/wp\/wp-content\/uploads\/2015\/02\/a-privi-prin-geam-curat-3-184x184.jpg 184w, https:\/\/lila-spirit.ro\/wp\/wp-content\/uploads\/2015\/02\/a-privi-prin-geam-curat-3.jpg 358w\" sizes=\"(max-width: 208px) 100vw, 208px\" \/><\/a><\/p>\n<p>Indra, Lia, Gabi <em>(din \u0218coala de joi, <\/em><em>\u201cDespre minte\u201d)\u00a0\u00a0<\/em><\/p>\n<p><em>(textele apar\u021bin autoarei, copierea, transmiterea sau alt\u0103 utilizare a lor se poate face doar dup\u0103 ob\u021binerea permisiunii \u0219i cu respectarea fidel\u0103 a con\u021binutului\u2026 mul\u021bumesc!)\u00a0\u00a0\u00a0\u00a0\u00a0\u00a0\u00a0\u00a0\u00a0\u00a0\u00a0\u00a0\u00a0 <\/em><\/p>\n","protected":false},"excerpt":{"rendered":"<p>Mintea obi\u0219nuit\u0103 este comparat\u0103 frecvent \u00een textele orientale clasice cu un geam murdar sau cu o oglind\u0103 murdar\u0103; \u0219i mintea oglind\u0103 &#8211; cu o oglind\u0103 curat\u0103. Compara\u021bia este foarte bun\u0103: pentru c\u0103 exact a\u0219a cum nu vezi prin acel geam murdar, la fel nu vezi &#8211; cu mintea ta obi\u0219nuit\u0103 de zi cu zi. La [&hellip;]<\/p>\n","protected":false},"author":1,"featured_media":2359,"parent":223,"menu_order":0,"comment_status":"closed","ping_status":"open","template":"","meta":[],"_links":{"self":[{"href":"https:\/\/lila-spirit.ro\/wp\/index.php?rest_route=\/wp\/v2\/pages\/2358"}],"collection":[{"href":"https:\/\/lila-spirit.ro\/wp\/index.php?rest_route=\/wp\/v2\/pages"}],"about":[{"href":"https:\/\/lila-spirit.ro\/wp\/index.php?rest_route=\/wp\/v2\/types\/page"}],"author":[{"embeddable":true,"href":"https:\/\/lila-spirit.ro\/wp\/index.php?rest_route=\/wp\/v2\/users\/1"}],"replies":[{"embeddable":true,"href":"https:\/\/lila-spirit.ro\/wp\/index.php?rest_route=%2Fwp%2Fv2%2Fcomments&post=2358"}],"version-history":[{"count":4,"href":"https:\/\/lila-spirit.ro\/wp\/index.php?rest_route=\/wp\/v2\/pages\/2358\/revisions"}],"predecessor-version":[{"id":2377,"href":"https:\/\/lila-spirit.ro\/wp\/index.php?rest_route=\/wp\/v2\/pages\/2358\/revisions\/2377"}],"up":[{"embeddable":true,"href":"https:\/\/lila-spirit.ro\/wp\/index.php?rest_route=\/wp\/v2\/pages\/223"}],"wp:featuredmedia":[{"embeddable":true,"href":"https:\/\/lila-spirit.ro\/wp\/index.php?rest_route=\/wp\/v2\/media\/2359"}],"wp:attachment":[{"href":"https:\/\/lila-spirit.ro\/wp\/index.php?rest_route=%2Fwp%2Fv2%2Fmedia&parent=2358"}],"curies":[{"name":"wp","href":"https:\/\/api.w.org\/{rel}","templated":true}]}}