{"id":2439,"date":"2015-03-12T11:30:56","date_gmt":"2015-03-12T11:30:56","guid":{"rendered":"http:\/\/lila-spirit.ro\/wp\/?page_id=2439"},"modified":"2020-09-26T14:40:20","modified_gmt":"2020-09-26T11:40:20","slug":"s-a-deschis-magazinul-cu-mandale","status":"publish","type":"page","link":"https:\/\/lila-spirit.ro\/wp\/?page_id=2439","title":{"rendered":"&#8220;Magazinul cu Mandale&#8221;&#8230;"},"content":{"rendered":"<address>\n<address><span style=\"color: #000080;\"><i>\u00a0<\/i><\/span><\/address>\n<address><strong>\u00a0<\/strong><\/address>\n<h2><span style=\"color: #ff0000;\"><strong><i>Pute\u021bi alege\u00a0\u0219i comanda diferite produse direct &#8211; din magazinul nostru on-line\u00a0:<\/i><\/strong><i> <\/i><span style=\"color: #993366;\"><strong><i><a style=\"color: #993366;\" href=\"http:\/\/mandalashop.lila-spirit.ro\/\">http:\/\/mandalashop.lila-spirit.ro<\/a><\/i><\/strong><\/span><\/span><\/h2>\n<h2>sau de pe <span style=\"text-decoration: underline;\">eMAG<\/span><\/h2>\n<p><span style=\"color: #ff0000;\"><strong>(c\u0103ni imprimate cu mandale, farfurioare sau platouri de sticl\u0103, suporturi pentru pahare &#8211; din plut\u0103, ceramic\u0103 sau material plastic, ceasuri, canvasuri, tablouri, magne\u021bi&#8230;)<\/strong><\/span><\/p>\n<address><span style=\"color: #ff0000;\"><strong>v\u0103 a\u0219tept\u0103m cu drag!<\/strong><\/span><\/address>\n<\/address>\n<address>\u00a0<\/address>\n<address><a href=\"https:\/\/lila-spirit.ro\/wp\/wp-content\/uploads\/2015\/03\/CM-57-Armonie-Evolutie-a-.jpg\"><img loading=\"lazy\" class=\"wp-image-3007 size-medium alignleft\" src=\"https:\/\/lila-spirit.ro\/wp\/wp-content\/uploads\/2015\/03\/CM-57-Armonie-Evolutie-a--283x300.jpg\" alt=\"cm-57-armonie-evolutie-a\" width=\"283\" height=\"300\" srcset=\"https:\/\/lila-spirit.ro\/wp\/wp-content\/uploads\/2015\/03\/CM-57-Armonie-Evolutie-a--283x300.jpg 283w, https:\/\/lila-spirit.ro\/wp\/wp-content\/uploads\/2015\/03\/CM-57-Armonie-Evolutie-a-.jpg 478w\" sizes=\"(max-width: 283px) 100vw, 283px\" \/><\/a> Can\u0103 imprimat\u0103 cu mandalele armonie-evolu\u021bie&#8230;<\/address>\n<address>\u00a0<\/address>\n<address>\u00a0<\/address>\n<address>\u00a0<\/address>\n<address>\u00a0<\/address>\n<address>\u00a0<\/address>\n<address>\u00a0<\/address>\n<address>\u00a0<\/address>\n<address>\u00a0<\/address>\n<address>\u00a0<\/address>\n<address>\u00a0<\/address>\n<address>\u00a0<\/address>\n<address>\u00a0<\/address>\n<address>\u00a0<\/address>\n<address>\u00a0<\/address>\n<address>\u00a0<\/address>\n<address><a href=\"https:\/\/lila-spirit.ro\/wp\/wp-content\/uploads\/2016\/09\/Platou-wmk.jpg\"><img loading=\"lazy\" class=\"aligncenter wp-image-3045 size-full\" src=\"https:\/\/lila-spirit.ro\/wp\/wp-content\/uploads\/2016\/09\/Platou-wmk.jpg\" alt=\"platou-wmk\" width=\"1018\" height=\"713\" srcset=\"https:\/\/lila-spirit.ro\/wp\/wp-content\/uploads\/2016\/09\/Platou-wmk.jpg 1018w, https:\/\/lila-spirit.ro\/wp\/wp-content\/uploads\/2016\/09\/Platou-wmk-300x210.jpg 300w, https:\/\/lila-spirit.ro\/wp\/wp-content\/uploads\/2016\/09\/Platou-wmk-768x538.jpg 768w\" sizes=\"(max-width: 1018px) 100vw, 1018px\" \/><\/a><\/address>\n<address>\u00a0<\/address>\n<address>\u00a0\u00a0\u00a0\u00a0\u00a0\u00a0\u00a0\u00a0\u00a0\u00a0\u00a0\u00a0\u00a0\u00a0\u00a0\u00a0\u00a0\u00a0\u00a0\u00a0\u00a0\u00a0\u00a0\u00a0\u00a0\u00a0\u00a0\u00a0\u00a0 Platou de sticl\u0103 cu mandale&#8230;<\/address>\n","protected":false},"excerpt":{"rendered":"<p>\u00a0 \u00a0 Pute\u021bi alege\u00a0\u0219i comanda diferite produse direct &#8211; din magazinul nostru on-line\u00a0: http:\/\/mandalashop.lila-spirit.ro sau de pe eMAG (c\u0103ni imprimate cu mandale, farfurioare sau platouri de sticl\u0103, suporturi pentru pahare &#8211; din plut\u0103, ceramic\u0103 sau material plastic, ceasuri, canvasuri, tablouri, magne\u021bi&#8230;) v\u0103 a\u0219tept\u0103m cu drag! \u00a0 Can\u0103 imprimat\u0103 cu mandalele armonie-evolu\u021bie&#8230; \u00a0 \u00a0 \u00a0 \u00a0 [&hellip;]<\/p>\n","protected":false},"author":1,"featured_media":3045,"parent":187,"menu_order":0,"comment_status":"closed","ping_status":"open","template":"","meta":[],"_links":{"self":[{"href":"https:\/\/lila-spirit.ro\/wp\/index.php?rest_route=\/wp\/v2\/pages\/2439"}],"collection":[{"href":"https:\/\/lila-spirit.ro\/wp\/index.php?rest_route=\/wp\/v2\/pages"}],"about":[{"href":"https:\/\/lila-spirit.ro\/wp\/index.php?rest_route=\/wp\/v2\/types\/page"}],"author":[{"embeddable":true,"href":"https:\/\/lila-spirit.ro\/wp\/index.php?rest_route=\/wp\/v2\/users\/1"}],"replies":[{"embeddable":true,"href":"https:\/\/lila-spirit.ro\/wp\/index.php?rest_route=%2Fwp%2Fv2%2Fcomments&post=2439"}],"version-history":[{"count":17,"href":"https:\/\/lila-spirit.ro\/wp\/index.php?rest_route=\/wp\/v2\/pages\/2439\/revisions"}],"predecessor-version":[{"id":3939,"href":"https:\/\/lila-spirit.ro\/wp\/index.php?rest_route=\/wp\/v2\/pages\/2439\/revisions\/3939"}],"up":[{"embeddable":true,"href":"https:\/\/lila-spirit.ro\/wp\/index.php?rest_route=\/wp\/v2\/pages\/187"}],"wp:featuredmedia":[{"embeddable":true,"href":"https:\/\/lila-spirit.ro\/wp\/index.php?rest_route=\/wp\/v2\/media\/3045"}],"wp:attachment":[{"href":"https:\/\/lila-spirit.ro\/wp\/index.php?rest_route=%2Fwp%2Fv2%2Fmedia&parent=2439"}],"curies":[{"name":"wp","href":"https:\/\/api.w.org\/{rel}","templated":true}]}}