{"id":2463,"date":"2015-03-28T11:29:36","date_gmt":"2015-03-28T11:29:36","guid":{"rendered":"http:\/\/lila-spirit.ro\/wp\/?page_id=2463"},"modified":"2016-09-13T15:33:59","modified_gmt":"2016-09-13T12:33:59","slug":"mantra-om-cd","status":"publish","type":"page","link":"https:\/\/lila-spirit.ro\/wp\/?page_id=2463","title":{"rendered":"CD: Mantra OM&#8230;"},"content":{"rendered":"<div id=\"yiv3227305841yui_3_16_0_1_1427381886422_19362\" class=\"yiv3227305841\">\n<!--[if lt IE 9]><script>document.createElement('audio');<\/script><![endif]-->\n<audio class=\"wp-audio-shortcode\" id=\"audio-2463-1\" preload=\"none\" style=\"width: 100%;\" controls=\"controls\"><source type=\"audio\/mpeg\" src=\"http:\/\/lila-spirit.ro\/wp\/wp-content\/uploads\/2015\/03\/OM-fragment-75-MB.mp3?_=1\" \/><a href=\"http:\/\/lila-spirit.ro\/wp\/wp-content\/uploads\/2015\/03\/OM-fragment-75-MB.mp3\">http:\/\/lila-spirit.ro\/wp\/wp-content\/uploads\/2015\/03\/OM-fragment-75-MB.mp3<\/a><\/audio>\n<p><span id=\"yiv3227305841yui_3_16_0_1_1427523801910_11796\" style=\"font-size: x-large;\">Iat\u0103 CD-ul nostru cu mantra OM&#8230;<\/span><\/p>\n<\/div>\n<div id=\"yiv3227305841yui_3_16_0_1_1427381886422_19399\" class=\"yiv3227305841\" dir=\"ltr\">\n<h3><em>ave\u021bi mai sus un fragment audio-mp3,<\/em><\/h3>\n<h3>\u0219i <em>un mic clip &#8211; pe <a href=\"https:\/\/youtu.be\/xtcj-4151r0\">https:\/\/youtu.be\/xtcj-4151r0<\/a><\/em><b><br \/>\n<\/b><\/h3>\n<\/div>\n<div id=\"yiv3227305841yui_3_16_0_1_1427381886422_19401\" class=\"yiv3227305841\" dir=\"ltr\"><b id=\"yiv3227305841yui_3_16_0_1_1427523801910_8114\"><i id=\"yiv3227305841yui_3_16_0_1_1427523801910_8113\">Poate fi folosit pentru medita\u021bie, ca interiorizare a mantrei, cur\u0103\u021bare, deblocare&#8230;, dar mai ales, pentru rafinat frecven\u021bele, pentru a \u00eenv\u0103\u021ba s\u0103 sim\u021bi sunete, frecven\u021be&#8230; pentru a \u00eencerca s\u0103 te abandonezi acelor sunete, s\u0103 devii acele sunete&#8230;<\/i><\/b><\/div>\n<div id=\"yiv3227305841yui_3_16_0_1_1427381886422_19410\" class=\"yiv3227305841\" dir=\"ltr\">\n<div id=\"yiv3227305841yui_3_16_0_1_1427381886422_21782\" class=\"yiv3227305841\"><b id=\"yiv3227305841yui_3_16_0_1_1427523801910_8165\"><i id=\"yiv3227305841yui_3_16_0_1_1427523801910_8164\">este un antrenament pentru ca, vreodat\u0103, s\u0103 pute\u021bi percepe sunetul Existen\u021bei&#8230;<\/i><\/b><\/div>\n<div class=\"yiv3227305841\"><\/div>\n<div class=\"yiv3227305841\"><\/div>\n<div id=\"yiv3227305841yui_3_16_0_1_1427381886422_21841\" class=\"yiv3227305841\"><\/div>\n<div id=\"yiv3227305841yui_3_16_0_1_1427381886422_21910\" class=\"yiv3227305841\" dir=\"ltr\">\n<div id=\"yiv3227305841yui_3_16_0_1_1427523801910_6202\">(CD-ul se poate comanda, cump\u0103ra&#8230; ,\u00a040 lei)<\/div>\n<div id=\"yiv3227305841yui_3_16_0_1_1427523801910_6218\"><\/div>\n<div id=\"yiv3227305841yui_3_16_0_1_1427523801910_6220\" dir=\"ltr\">Indra<\/div>\n<div dir=\"ltr\"><\/div>\n<div dir=\"ltr\"><\/div>\n<div dir=\"ltr\"><\/div>\n<div dir=\"ltr\">\u00a0<a href=\"http:\/\/lila-spirit.ro\/wp\/wp-content\/uploads\/2015\/03\/Coperta-CD-OM-fata.jpg\"><img loading=\"lazy\" class=\"alignnone size-large wp-image-2465\" src=\"http:\/\/lila-spirit.ro\/wp\/wp-content\/uploads\/2015\/03\/Coperta-CD-OM-fata-1024x507.jpg\" alt=\"Coperta CD - OM (fata)\" width=\"1024\" height=\"507\" srcset=\"https:\/\/lila-spirit.ro\/wp\/wp-content\/uploads\/2015\/03\/Coperta-CD-OM-fata-1024x507.jpg 1024w, https:\/\/lila-spirit.ro\/wp\/wp-content\/uploads\/2015\/03\/Coperta-CD-OM-fata-300x148.jpg 300w\" sizes=\"(max-width: 1024px) 100vw, 1024px\" \/><\/a><\/div>\n<div dir=\"ltr\"><\/div>\n<div dir=\"ltr\"><\/div>\n<\/div>\n<\/div>\n","protected":false},"excerpt":{"rendered":"<p>Iat\u0103 CD-ul nostru cu mantra OM&#8230; ave\u021bi mai sus un fragment audio-mp3, \u0219i un mic clip &#8211; pe https:\/\/youtu.be\/xtcj-4151r0 Poate fi folosit pentru medita\u021bie, ca interiorizare a mantrei, cur\u0103\u021bare, deblocare&#8230;, dar mai ales, pentru rafinat frecven\u021bele, pentru a \u00eenv\u0103\u021ba s\u0103 sim\u021bi sunete, frecven\u021be&#8230; pentru a \u00eencerca s\u0103 te abandonezi acelor sunete, s\u0103 devii acele sunete&#8230; [&hellip;]<\/p>\n","protected":false},"author":1,"featured_media":0,"parent":0,"menu_order":0,"comment_status":"closed","ping_status":"open","template":"","meta":[],"_links":{"self":[{"href":"https:\/\/lila-spirit.ro\/wp\/index.php?rest_route=\/wp\/v2\/pages\/2463"}],"collection":[{"href":"https:\/\/lila-spirit.ro\/wp\/index.php?rest_route=\/wp\/v2\/pages"}],"about":[{"href":"https:\/\/lila-spirit.ro\/wp\/index.php?rest_route=\/wp\/v2\/types\/page"}],"author":[{"embeddable":true,"href":"https:\/\/lila-spirit.ro\/wp\/index.php?rest_route=\/wp\/v2\/users\/1"}],"replies":[{"embeddable":true,"href":"https:\/\/lila-spirit.ro\/wp\/index.php?rest_route=%2Fwp%2Fv2%2Fcomments&post=2463"}],"version-history":[{"count":7,"href":"https:\/\/lila-spirit.ro\/wp\/index.php?rest_route=\/wp\/v2\/pages\/2463\/revisions"}],"predecessor-version":[{"id":2867,"href":"https:\/\/lila-spirit.ro\/wp\/index.php?rest_route=\/wp\/v2\/pages\/2463\/revisions\/2867"}],"wp:attachment":[{"href":"https:\/\/lila-spirit.ro\/wp\/index.php?rest_route=%2Fwp%2Fv2%2Fmedia&parent=2463"}],"curies":[{"name":"wp","href":"https:\/\/api.w.org\/{rel}","templated":true}]}}