{"id":2517,"date":"2015-06-04T09:37:04","date_gmt":"2015-06-04T09:37:04","guid":{"rendered":"http:\/\/lila-spirit.ro\/wp\/?page_id=2517"},"modified":"2015-06-04T13:25:25","modified_gmt":"2015-06-04T13:25:25","slug":"un-cod-de-conduit-pentru-practicanti","status":"publish","type":"page","link":"https:\/\/lila-spirit.ro\/wp\/?page_id=2517","title":{"rendered":"Cod de conduit\u0103 pentru practican\u021bi&#8230;"},"content":{"rendered":"<p><strong><u>\u015ecoala Spiritual\u0103 LiLA, un Cod de conduit\u0103 al practican\u021bilor&#8230;<\/u><\/strong><\/p>\n<p>Dintotdeauna au fost oameni care au n\u0103zuit spre o cre\u0219tere interioar\u0103. Dintre cei care au reu\u0219it s\u0103-\u0219i dep\u0103\u0219esc\u0103 limitele \u0219i s\u0103 fac\u0103 saltul spre absolut, unii au devenit ceea ce numim Mae\u0219tri sau \u00cenv\u0103\u021b\u0103tori, adic\u0103 s-au \u00eentors spre ceilal\u021bi pentru a-i ajuta. Au fost constituite astfel, de-a lungul vremii, \u0219coli spirituale, \u00een care oamenii puteau afla despre cum func\u021bioneaz\u0103 Existen\u021ba, despre ce \u00eenseamn\u0103 a evolua \u0219i cum se poate realiza aceasta.<\/p>\n<p><strong>\u0218coala spiritual\u0103 Lila<\/strong> are acela\u0219i scop, \u0219i anume de a ajuta oamenii s\u0103 evolueze, iar Indra este Maestrul care \u0219i-a asumat responsabilitatea de a ne transmite adev\u0103rurile \u0219i \u00eenv\u0103\u021b\u0103turile unice &#8211; \u00eentr-o form\u0103 accesibil\u0103 min\u021bilor noastre. De\u0219i informa\u021bia este \u00een esen\u021b\u0103 aceea\u0219i, ca fiecare Maestru, Indra are propriile ei tehnici \u0219i metode de lucru, adaptate pentru noi \u0219i pentru timpurile pe care le tr\u0103im.<\/p>\n<p>\u201cCeea ce facem noi aici \u2013 putem spune c\u0103 este o <strong>combina\u021bie de tehnici<\/strong>, exist\u0103 elemente din toate tipurile de practic\u0103&#8230; Prin toate discu\u021biile \u0219i prelegerile, putem spune c\u0103\u00a0\u201cfacem\u201d\u00a0<strong><em>jnana-yoga<\/em><\/strong><em>.\u00a0<\/em>Prin analizarea \u0219i educarea conduitei, prin explica\u021biile despre karm\u0103, prin acea con\u0219tientizare pe care o propunem mereu, prin \u00eencercarea unui comportament non-violent \u0219i con\u0219tient, \u00een slujba altora,\u00a0\u201cfacem\u201d\u00a0<strong><em>kriya \u0219i karma yoga<\/em>.<\/strong> Posturile,\u00a0<em>pranayama<\/em>, practica fizic\u0103 \u0219i energetic\u0103, \u021bin de\u00a0<strong><em>hatha yoga<\/em><\/strong>. Totul, de fapt, concur\u0103 la Realizarea Sinelui \u0219i la acea descoperire a Esen\u021bei\u00a0\u201ctale\u201d, care este Esen\u021ba a Tot&#8230;, \u0219i c\u0103reia i\u00a0\u201cte\u201d abandonezi, \u00eentr-un final\u2026 (iat\u0103 \u0219i elementul de\u00a0<strong><em>bhakti-yoga<\/em><\/strong><em>)<\/em>.\u00a0C\u0103ci f\u0103r\u0103 acest abandon&#8230; nu se \u00eent\u00e2mpl\u0103 nimic! Dar vorbim despre un abandon pornit din \u00een\u021belegere (jnana), din iubire (deschiderea inimii), din devo\u021biune (bhakti), pentru Existen\u021b\u0103&#8230; Vorbim despre \u00een\u021belegerea faptului c\u0103 Esen\u021ba este aceea\u0219i, infinit\u0103, necuprins\u0103&#8230;, Esen\u021b\u0103 care con\u021bine totul, care genereaz\u0103 totul, \u00een care se dizolv\u0103 totul&#8230;, inclusiv acel\u00a0\u201ctu\u201d\u2026,\u00a0\u0219i atunci, dup\u0103 ce\u00a0ai \u00een\u021beles asta, singurul lucru pe care-l mai po\u021bi \u201cface\u201d, este iubirea \u0219i devo\u021biunea\u2026 Iat\u0103 cum cele dou\u0103 c\u0103i se \u00eembin\u0103, iar\u00a0locul \u00een care \u00eencepe s\u0103 se \u00eent\u00e2mpl\u0103 asta, este chakra inimii, spa\u021biul inimii&#8230; \u201d<\/p>\n<p>Numai c\u0103 ceea ce descrie Indra at\u00e2t de frumos, evolu\u021bia spiritual\u0103, nu se petrece \u00een luni, nici m\u0103car \u00een ani, ci \u00eentr-o perioad\u0103 lung\u0103 de timp, care depinde de tenacitatea \u015fi dorin\u0163a sincer\u0103 a fiec\u0103ruia, \u015fi care poate dura foarte multe vie\u021bi.<\/p>\n<p><strong>\u00a0<\/strong><\/p>\n<p><strong>Este important de precizat c\u0103 o \u0219coal\u0103 spiritual\u0103 este foarte diferit\u0103 de o \u0219coal\u0103 obi\u0219nuit\u0103!<\/strong><\/p>\n<p><strong>\u00cen primul r\u00e2nd, nu este obligatoriu a fi urmat\u0103 acum, \u00een aceast\u0103 via\u0163\u0103! <\/strong>(\u201c&#8230; nu te oblig\u0103 nimeni s\u0103 evoluezi! Este alegerea ta&#8230;, nu se poate face evolu\u021bie cu for\u021ba&#8230;\u201d)<\/p>\n<p><strong>\u0218i atunci, pentru cei care au ales s\u0103 evolueze,\u00a0vorbim despre o con\u0219tientizare \u0219i o disciplin\u0103 acceptat\u0103 \u0219i asumat\u0103 \u2013 exact \u00een acest scop, al evolu\u021biei.<\/strong><\/p>\n<p>Iar aceasta va deveni o autodisciplin\u0103 \u00een sensul\u00a0\u201cde a face lucrurile cu drag\u201d, o autodisciplin\u0103 venit\u0103 exact din con\u0219tientizarea faptului c\u0103 ne folose\u0219te s\u0103 practic\u0103m&#8230;<\/p>\n<p><strong>Pentru aceste persoane este acest cod de conduit\u0103<\/strong>. Cu scuzele \u0219i explica\u021biile de rigoare &#8230;<\/p>\n<p>Prin urmare, \u00eencepem s\u0103 vorbim despre reguli, preciz\u00e2nd c\u0103<strong> un <u>comportament adecvat fa\u021b\u0103 de aceast\u0103 \u0219coal\u0103 este primul pas al practicii<\/u>. <\/strong><\/p>\n<p><strong>\u00ceNV\u0102\u021a\u0102TURA ESTE UN MARE PRIVILEGIU: smerenia<\/strong>, <strong>respectul <\/strong>\u0219i <strong>o atitudine pozitiv\u0103, deschis\u0103 \u0219i r\u0103bd\u0103toare <\/strong>sunt calit\u0103\u021bile care definesc un practicant.<\/p>\n<p>Cunoa\u0219terea este ceva ce nu-\u021bi poate fi luat. Acest lucru trebuie tratat cu respect, cunoa\u0219terea \u00een sine trebuie tratat\u0103 cu respect.<\/p>\n<p><strong>\u00centr-o \u0219coal\u0103 spiritual\u0103, <\/strong><strong>\u201c<\/strong><strong>a \u0219ti\u201d \u00eenseamn\u0103 a integra informa\u021bia \u00een structura ta, \u00eenseamn\u0103 a o sim\u021bi, \u00eenseamn\u0103 <em>a fi<\/em> acea informa\u021bie, a o tr\u0103i, \u0219i nu a o memora, nu a o \u0219ti ra\u021bional.\u00a0\u00a0\u00a0\u00a0\u00a0 <\/strong><\/p>\n<p><strong>\u00a0<\/strong><strong>Informa\u021biile prezentate \u00een cadrul \u0219colii, oricum au un grad foarte mare de subtilitate <em>\u0219i este nevoie de un anumit timp de practic\u0103 pentru a le \u00een\u021belege. Pentru a fi una cu ele este nevoie de \u0219i mai mult timp&#8230;<\/em><\/strong><\/p>\n<p>De aceea, <strong><em><u>citirea materialelor<\/u><\/em><\/strong>\u00a0 (exist\u0103 un site, texte, o carte, bro\u0219uri, DVD-uri) \u0219i <strong><em><u>participarea la orele de practic\u0103 \u0219i prelegeri timp de cel pu\u021bin c\u00e2teva luni, <\/u>sunt necesare pentru un prim contact, <u>doar pentru a lua la cuno\u0219tin\u021b\u0103, pentru a afla despre ce este vorba<\/u>!<\/em><\/strong><\/p>\n<p><strong>\u00cenv\u0103t\u0103\u021b\u0103turile scolii Lila<\/strong> sunt pe mai multe <strong>trepte,<\/strong> <strong><u>de con\u0219tientizare,<\/u> <u>de \u00een\u021belegere,<\/u> <u>de evolu\u021bie. <\/u><\/strong><\/p>\n<p>P\u00e2n\u0103 ajungem la nivelul absolut avem de traversat etapa omeneasc\u0103.<\/p>\n<p><strong>Etapa omeneasc\u0103 <u>nu poate fi s\u0103rit\u0103<\/u>,<\/strong> <strong>nu exist\u0103 evolu\u021bie spiritual\u0103 f\u0103r\u0103 un nivel omenesc frumos!!! <\/strong><\/p>\n<p><strong>Prin nivel omenesc frumos se \u00een\u021belege at\u00e2t atitudinea interioar\u0103, c\u00e2t \u0219i atitudinea exterioar\u0103.<\/strong><\/p>\n<p>Atitudinea corect\u0103 este cea de <strong>smerenie, <\/strong>pentru c\u0103 numai cu aceast\u0103 atitudine putem deveni cu adev\u0103rat un practicant. <em>Numai c\u00e2nd vom accepta c\u0103 nu \u0219tim, de fapt, nimic, din rostul Universului \u0219i c\u0103 nimic nu ni se cuvine, numai \u00een acel moment ne putem deschide s\u0103 primim \u00eenv\u0103\u0163\u0103tura spiritual\u0103. <\/em>Altfel suntem ca un vas cu capac, \u00een care nu se mai poate pune nimic.<\/p>\n<p>Foarte importante sunt <strong>sinceritatea \u0219i onestitatea<\/strong>, at\u00e2t exterioare c\u00e2t \u0219i interioare, sinceritatea \u0219i curajul de a te vedea tu pe tine, de a accepta c\u0103 nu e\u0219ti a\u0219a cum ai crezut\/ sau cum ai vrea, \u0219i apoi de a schimba.<\/p>\n<p><strong>Pentru c\u0103 a urma o \u0219coal\u0103 spiritual\u0103 \u00eenseamn\u0103 TRASFORMARE, profund\u0103, definitiv\u0103, pe toate planurile, a fiec\u0103ruia dintre noi. <\/strong><\/p>\n<p>Asta \u00eenseamn\u0103 s\u0103 <strong>VREI <\/strong>s\u0103 te transformi \u0219i <strong>S\u0102 LUCREZI<\/strong> pentru asta. S\u0103 vrei cu adev\u0103rat! \u0218i mai ai nevoie <strong>S\u0102 \u0218TII<\/strong> cum anume s\u0103 te schimbi \u0219i aici intervine <strong>Maestrul <\/strong>de la care to\u021bi ceilal\u021bi \u00eenva\u021b\u0103<strong>. <\/strong><\/p>\n<p><strong>Maestrul, c\u0103ruia \u00a0\u00eei dator\u0103m respect, pentru ceea ce \u0219tie \u0219i pentru ceea ce face pentru noi. Acest respect implic\u0103 multe aspecte ale comportamentului nostru, de la a nu-l \u00eentrerupe c\u00e2nd vorbe\u0219te, p\u00e2n\u0103 la o regul\u0103 de conduit\u0103 interioar\u0103 extrem de important\u0103: Maestrul ar trebui ascultat! Sau altfel spus, \u00eenv\u0103\u021b\u0103turile chiar ar trebui urmate!<\/strong><\/p>\n<p>Adic\u0103 este important s\u0103 nu ne p\u0103c\u0103lim singuri cum c\u0103 am \u0219ti noi ce s\u0103 facem \u0219i c\u0103 nu avem nevoie de \u00eendrumare. Dac\u0103 rolul unui maestru este s\u0103-l \u201cvad\u0103\u201d pe fiecare \u0219i s\u0103-i dea \u00eendrum\u0103rile potrivite, \u00een mod sigur rolul \u00eenv\u0103\u021b\u0103celului este s\u0103 \u201caud\u0103\u201d \u0219i s\u0103 urmeze \u00eendrum\u0103rile. Maestrul este l\u00e2ng\u0103 noi ca s\u0103 ne ajute, s\u0103 ne arate drumul bun, s\u0103 ne deschid\u0103 u\u0219a ca noi s\u0103 putem intra. Toate acestea sunt posibile cu condi\u021bia s\u0103 nu-l ignor\u0103m, s\u0103 nu consider\u0103m c\u0103 \u0219tim noi mai bine ce s\u0103 facem \u0219i cum s\u0103 facem, rat\u00e2nd astfel tot procesul de ini\u021biere.<\/p>\n<p>La un moment dat Indra spune fiec\u0103ruia dintre noi ce are de corectat, care este \u201cceva-ul\u201d fiec\u0103ruia de f\u0103cut pentru a putea urca \u00eenc\u0103 o treapt\u0103, \u0219i, dac\u0103 nu ascult\u0103m, nu urc\u0103m: e simplu.<\/p>\n<p><strong>O \u0219coal\u0103 spiritual\u0103 asta \u00eenseamn\u0103: existen\u021ba Maestrului care <\/strong>\u201c<strong>\u0218TIE\u201d \u0219i care \u00ee\u0219i asum\u0103 marea responsabilitate de a-i \u00eenv\u0103\u021ba pe ceilal\u021bi.<\/strong><\/p>\n<p>Dar, cum nimeni nu este obligat s\u0103 ne \u00eenve\u021be, s\u0103 ne primeasc\u0103 \u00een casa \u0219i via\u021ba lui, s\u0103 ne acorde timpul, energia \u0219i mai ales, cunoa\u0219terea lui, \u00a0<strong>dac\u0103 o face, este firesc s\u0103 fim recunosc\u0103tori.<\/strong> Recunosc\u0103tori at\u00e2t c\u00e2t suntem noi \u00een stare, la nivelul la care ne afl\u0103m acum. Este firesc s\u0103 d\u0103m ceva \u00een schimb pentru ceea ce primim, \u00eentr-un fel sau altul, cinstit, dup\u0103 posibilit\u0103\u021bile fiec\u0103ruia.<em> <u>Nim\u0103nui nu \u00eei este \u00eenchis\u0103 u\u0219a \u0219i nu \u00eei este refuzat\u0103 sau condi\u021bionat\u0103 practica, cunoa\u0219terea \u0219i ajutorul, dac\u0103 vine cu dorin\u021ba sincer\u0103 de a \u00eenv\u0103\u021ba \u0219i evolua \u0219i cu respectul cuvenit! <\/u><\/em><\/p>\n<p>Cei care sunt sinceri cu ei \u00eensi\u015fi, care \u00een\u0163eleg mesajul \u0219colii \u0219i con\u0219tientizeaz\u0103 ajutorul primit, vor g\u0103si calea cea mai bun\u0103 de a se recompensa \u0219i vor sim\u021bi \u0219i m\u0103sura acestei recompense. Chiar dac\u0103 material nu pl\u0103tesc nimic, pentru c\u0103 nu au, se pot recompensa \u00eentr-un alt mod. Pe de alt\u0103 parte, cei care au o situa\u021bie material\u0103 mai bun\u0103, \u00ee\u0219i pot cultiva non-ata\u0219amentul \u0219i compasiunea, pl\u0103tind propor\u021bional cu posibilit\u0103\u021bile lor, \u0219i \u00een contul celor care nu pot face asta. <em>Pentru c\u0103 rezultatele practicii noastre sunt pe m\u0103sura investi\u021biilor noastre, emo\u021bionale, de timp, de atitudine interioar\u0103, de credin\u021b\u0103, materiale.<\/em> Oricum, nu pot fi p\u0103c\u0103lite nici Existen\u021ba, inteligen\u021ba ei este infinit\u0103, \u0219i nici subco\u0219tientul personal: nu po\u021bi s\u0103 vii, s\u0103 te prefaci c\u0103 lucrezi \u0219i s\u0103 ob\u021bii rezultate, nu po\u021bi s\u0103 vii \u0219i s\u0103 nu crezi nimic din ceea ce se face \u0219i se spune aici, \u0219i s\u0103 ob\u021bii rezultate, nu po\u021bi s\u0103 vii \u0219i s\u0103 nu fii recunosc\u0103tor \u00een nici un fel, \u0219i s\u0103 ob\u021bii rezultate.<\/p>\n<p><strong>Acela\u0219i respect \u00eel dator\u0103m\u00a0 <u>locului de practic\u0103<\/u>.<\/strong><\/p>\n<p>\u00cel g\u0103sim curat \u0219i \u00een ordine, este firesc ca \u00een momentul \u00een care plec\u0103m s\u0103 fie l\u0103sat a\u015fa cum l-am g\u0103sit.<\/p>\n<p>A\u0219a dup\u0103 cum pentru un practicant al unei religii, biserica sa este un loc sacru, pentru un practicant al unei \u0219coli spirituale &#8211; sacru este locul s\u0103u de practic\u0103. Deci a\u0219a cum cre\u0219tinul intr\u0103 \u00een biseric\u0103 cu smerenie \u0219i respect, a\u0219a ar fi normal s\u0103 intr\u0103m \u0219i noi \u00een sala de practic\u0103.\u00a0 Firesc ar fi, de fapt, s\u0103 avem aceast\u0103 atitudine permanent, fa\u021b\u0103 de \u00eentreaga crea\u021bie, c\u0103ci Dumnezeu este peste tot, nu numai \u00een biserici sau s\u0103li de practic\u0103&#8230;<\/p>\n<p>Dar cum nu avem aceast\u0103 atitudine, facem \u0219i noi ce putem, \u00eencerc\u0103m s\u0103 nu deranj\u0103m m\u0103car (<em>cel mai simplu <strong><u>\u00a0ne \u00eenchidem telefoanele mobile dar \u0219i gurile)<\/u> &#8211;<\/strong><\/em> cel care are ceva de spus este Maestrul. Da, avem voie s\u0103 punem \u00eentreb\u0103ri doar dup\u0103 un timp de practic\u0103, dup\u0103 ce suntem familiariza\u021bi cu no\u021biunile, cu men\u021biunea c\u0103 dac\u0103 vom pune \u00eentreb\u0103rile potrivite, la momentul potrivit, ni se va r\u0103spunde. Indra este cea care va decide dac\u0103 \u0219i c\u00e2nd va r\u0103spunde, astfel \u00eenc\u00e2t fluxul informa\u021biei s\u0103 nu fie deranjat \u0219i transmiterea \u00eenv\u0103\u021b\u0103turii s\u0103 nu fie \u00eencetinit\u0103. <em>Toate \u00eentreb\u0103rile, chiar \u015fi cele nespuse, \u00ee\u015fi primesc r\u0103spunsul atunci c\u00e2nd este momentul potrivit pentru a-l \u00een\u0163elege. P\u0103rerile spuse de la \u00eenceput de c\u0103tre o persoan\u0103 care abia a venit, sunt doar manifest\u0103ri ale egoului personal \u015fi nu ajut\u0103 la evolu\u0163ia spiritual\u0103, ci \u00eei d\u0103uneaz\u0103. <\/em><\/p>\n<p><strong>Dator\u0103m respect <u>practicii \u00een sine. <\/u><\/strong><\/p>\n<p><em><u>Renun\u021b\u0103m la atitudinea violent\u0103, repezit\u0103<\/u><\/em> ( tr\u00e2ntit de u\u0219i, isoprene&#8230;) sau <em><u>la cea critic\u0103, precum \u0219i la contribu\u021biile personale vis-a vis de exerci\u021bii<\/u><\/em>. Ele au fost concepute \u00eentr-un anume fel, din anumite motive, de aceea <strong>toat\u0103 lumea este obligat\u0103 s\u0103 respecte exerci\u021biile exact a\u0219a cum le facem! <\/strong><\/p>\n<p><em><u>Nu \u00eentrerupem practica f\u0103r\u0103 un motiv foarte serios <\/u><\/em>(c\u00e2nd toat\u0103 lumea practic\u0103, nu ne \u00eentrerupem doar pentru c\u0103 a\u0219a avem noi chef, sau ca s\u0103 mergem la baie, c\u00e2nd, de fapt, puteam s\u0103 mai a\u0219tept\u0103m zece minute, f\u0103r\u0103 probleme).<\/p>\n<p><strong>Este nevoie de o disciplin\u0103, o rigoare \u0219i o constan\u021b\u0103 a practicii pentru ca ea s\u0103 fie eficient\u0103!<\/strong><\/p>\n<p>\u201c&#8230; odat\u0103 cu practica se stabilizeaz\u0103 energetic \u00een tine ni\u0219te lucruri, se cur\u0103\u021b\u0103 chakrele. Pe m\u0103sur\u0103 ce practici, apare curajul, apare \u00eemp\u0103m\u00e2ntarea, apare for\u021ba! pe care nu o ai, dac\u0103 nu practici. Nu o ai! E\u0219ti dus de v\u00e2nt \u00een toate direc\u021biile&#8230; \u0218i abia atunci lucrurile \u00eencep s\u0103 se lege cumva. Dar pentru asta trebuie, cum spune Patanjali, practicat mult\u0103 vreme, cu \u00eencredere \u0219i cu drag; \u0219i f\u0103r\u0103 s\u0103 te cramponezi de rezultat. \u0218i \u00een nici un caz la modul de \u0219antaj, practic o lun\u0103, \u0219i i-a s\u0103 vedem, mi-a ie\u0219it? Am primit\u00a0\u201cceva\u201d\u00a0\u00a0\u00een schimb?\u201d<\/p>\n<p><u>Pe m\u0103sur\u0103 ce practic\u0103m toate structurile se schimb\u0103, se rafineaz\u0103, cum spunem noi, \u0219i devenim capabili s\u0103 \u00een\u021belegem \u0219i informa\u021bia teoretic\u0103. \u0218i pe m\u0103sur\u0103 ce afl\u0103m no\u021biunile <\/u><u>\u201c<\/u><u>teoretice\u201d, \u00een\u021belegem de ce practic\u0103m, de ce practic\u0103m \u00eentr-un anume fel, \u00een\u021belegem rostul exerci\u021biilor, posturilor, medita\u021biilor, \u00een\u021belegem necesitatea practicii. <\/u><\/p>\n<p><strong>Prin urmare ideal ar fi ca toat\u0103 lumea s\u0103 participe at\u00e2t la \u00eent\u00e2lnirile de joi c\u00e2t \u0219i la programul de <\/strong>\u201c<strong>exerci\u021bii\u201d, \u00een asta const\u0103 \u0219coala. <\/strong><\/p>\n<p>Bine\u00een\u021beles c\u0103 nu este obligatoriu, fiecare alege pentru el.<\/p>\n<p><strong>Informa\u021biile sunt complexe \u0219i, a\u0219a cum am mai spus, sunt pe trepte : fiecare va pleca de unde se afl\u0103 \u00een acel moment, \u0219i, chiar dac\u0103, \u00een mare, facem to\u021bi acela\u0219i lucru, fiecare \u00ee\u0219i are buc\u0103\u021bica lui de practic\u0103 personal\u0103 ca \u0219i viteza lui de procesare, fiecare merge \u00een ritmul lui. Nu suntem \u00een competi\u021bie \u0219i nu ne compar\u0103m, doar mergem cu to\u021bii \u00een aceea\u0219i directive.<\/strong><\/p>\n<p><strong><em><u>\u0218i mai este nevoie s\u0103 nu avem a\u0219tept\u0103ri!<\/u><\/em><\/strong><\/p>\n<p>Rezultatele vor veni la momentul potrivit! <strong>Oricum, munca este indispensabil\u0103 evolu\u021biei, \u0219i, orice efort, la un moment dat, va da roade! <\/strong><\/p>\n<p>\u201cAt\u00e2ta timp c\u00e2t omenirea se afl\u0103 la nivelul de con\u0219tiin\u021b\u0103 material\u0103 \u2013 este nevoie de reguli, de\u00a0\u201cporunci\u201d, de \u201ct\u0103bli\u021be\u201d \u0219i de coduri ale legii\u2026 Altfel ar domni (domne\u0219te!) anarhia. C\u00e2nd oamenii vor func\u021biona de la nivelul de con\u0219tiin\u021b\u0103 al sufletului, regulile, \u201cporuncile\u201d\u00a0vor disp\u0103rea \u0219i vor fi \u00eenlocuite de iubire, empatie, compasiune, \u00eemp\u0103rt\u0103\u0219ire\u2026, izvor\u00e2te din acel spa\u021biu al inimii, \u0219i nu impuse din afar\u0103\u2026 Iar c\u00e2nd nivelul de con\u0219tiin\u021b\u0103 va fi cel Hristic sau Buddhic, acolo va fi doar Existen\u021b\u0103, Con\u0219tiin\u021b\u0103, Beatitudine\u2026 Acestea sunt nivelurile de Con\u0219tiin\u021b\u0103, acestea sunt planurile Existen\u021bei\u201d&#8230;<\/p>\n<p>Un cod de conduit\u0103 se \u00eenscrie \u0219i el, undeva, mai la \u00eenceput, \u00eentre aceste planuri&#8230;<\/p>\n<p>\u00cen speran\u021ba c\u0103 nu v-am speriat cu aceste reguli, v\u0103 a\u0219tept\u0103m cu drag la \u0219coal\u0103!!!!<\/p>\n<p>Oamenii Lila<\/p>\n<p><em>(citatele sunt din textele \u0218colii de joi, comentariile Indrei)<\/em><\/p>\n<p><em>\u00a0<\/em><\/p>\n<p><em>\u00a0<\/em><\/p>\n","protected":false},"excerpt":{"rendered":"<p>\u015ecoala Spiritual\u0103 LiLA, un Cod de conduit\u0103 al practican\u021bilor&#8230; Dintotdeauna au fost oameni care au n\u0103zuit spre o cre\u0219tere interioar\u0103. Dintre cei care au reu\u0219it s\u0103-\u0219i dep\u0103\u0219esc\u0103 limitele \u0219i s\u0103 fac\u0103 saltul spre absolut, unii au devenit ceea ce numim Mae\u0219tri sau \u00cenv\u0103\u021b\u0103tori, adic\u0103 s-au \u00eentors spre ceilal\u021bi pentru a-i ajuta. Au fost constituite astfel, [&hellip;]<\/p>\n","protected":false},"author":1,"featured_media":2525,"parent":16,"menu_order":0,"comment_status":"closed","ping_status":"open","template":"","meta":[],"_links":{"self":[{"href":"https:\/\/lila-spirit.ro\/wp\/index.php?rest_route=\/wp\/v2\/pages\/2517"}],"collection":[{"href":"https:\/\/lila-spirit.ro\/wp\/index.php?rest_route=\/wp\/v2\/pages"}],"about":[{"href":"https:\/\/lila-spirit.ro\/wp\/index.php?rest_route=\/wp\/v2\/types\/page"}],"author":[{"embeddable":true,"href":"https:\/\/lila-spirit.ro\/wp\/index.php?rest_route=\/wp\/v2\/users\/1"}],"replies":[{"embeddable":true,"href":"https:\/\/lila-spirit.ro\/wp\/index.php?rest_route=%2Fwp%2Fv2%2Fcomments&post=2517"}],"version-history":[{"count":3,"href":"https:\/\/lila-spirit.ro\/wp\/index.php?rest_route=\/wp\/v2\/pages\/2517\/revisions"}],"predecessor-version":[{"id":2522,"href":"https:\/\/lila-spirit.ro\/wp\/index.php?rest_route=\/wp\/v2\/pages\/2517\/revisions\/2522"}],"up":[{"embeddable":true,"href":"https:\/\/lila-spirit.ro\/wp\/index.php?rest_route=\/wp\/v2\/pages\/16"}],"wp:featuredmedia":[{"embeddable":true,"href":"https:\/\/lila-spirit.ro\/wp\/index.php?rest_route=\/wp\/v2\/media\/2525"}],"wp:attachment":[{"href":"https:\/\/lila-spirit.ro\/wp\/index.php?rest_route=%2Fwp%2Fv2%2Fmedia&parent=2517"}],"curies":[{"name":"wp","href":"https:\/\/api.w.org\/{rel}","templated":true}]}}