{"id":2559,"date":"2015-07-08T09:18:36","date_gmt":"2015-07-08T09:18:36","guid":{"rendered":"http:\/\/lila-spirit.ro\/wp\/?page_id=2559"},"modified":"2015-10-16T04:05:49","modified_gmt":"2015-10-16T04:05:49","slug":"dvd-despre-meditatie","status":"publish","type":"page","link":"https:\/\/lila-spirit.ro\/wp\/?page_id=2559","title":{"rendered":"DVD despre MEDITA\u021aIE&#8230;"},"content":{"rendered":"<p id=\"yui_3_16_0_1_1436254729891_33193\"><strong><a href=\"http:\/\/lila-spirit.ro\/wp\/wp-content\/uploads\/2015\/07\/Coperta-DVD-Meditatia.jpg\"><img loading=\"lazy\" class=\"aligncenter wp-image-2576\" src=\"http:\/\/lila-spirit.ro\/wp\/wp-content\/uploads\/2015\/07\/Coperta-DVD-Meditatia-1024x724.jpg\" alt=\"Coperta DVD - Meditatia\" width=\"1024\" height=\"724\" srcset=\"https:\/\/lila-spirit.ro\/wp\/wp-content\/uploads\/2015\/07\/Coperta-DVD-Meditatia-1024x724.jpg 1024w, https:\/\/lila-spirit.ro\/wp\/wp-content\/uploads\/2015\/07\/Coperta-DVD-Meditatia-300x212.jpg 300w\" sizes=\"(max-width: 1024px) 100vw, 1024px\" \/><\/a>V\u0103 supunem aten\u021biei, \u00een\u021belegerii\u00a0(\u0219i practicii!!!) &#8211; un nou DVD, despre MEDITA\u021aIE&#8230;<\/strong><\/p>\n<h4><span id=\"yiv9138640137yui_3_16_0_1_1444498991757_4475\" class=\"yiv9138640137\">Pute\u021bi viziona un fragment &#8211; pe: <a href=\"https:\/\/youtu.be\/cT9WES2yj64\" target=\"_blank\">https:\/\/youtu.be\/cT9WES2yj64<\/a><br \/>\n<\/span><\/h4>\n<p>&nbsp;<\/p>\n<p><span style=\"color: #800080;\"><strong><span id=\"yui_3_16_0_1_1436254729891_33498\"><i id=\"yui_3_16_0_1_1436254729891_33264\">Medita\u021bia \u00eenseamn\u0103 Centrare \u00eentr-un spa\u021biu interior infinit, relaxare, abandon, \u00een lini\u0219tea acelui Spa\u021biu, \u00een acela\u0219i timp &#8211; Prezen\u021b\u0103, Claritate, \u00een acela\u0219i timp &#8211; Receptivitate, Dechidere&#8230; \u0219i toate acestea &#8211; \u00een T\u0103cere, cu mintea lini\u0219tit\u0103&#8230;, sau, de preferat, \u00eentr-o stare non-mental\u0103&#8230;<\/i><\/span><\/strong><\/span><\/p>\n<p>&nbsp;<\/p>\n<p id=\"yui_3_16_0_1_1436254729891_33252\" dir=\"ltr\" data-setdir=\"false\"><strong>orice altceva &#8211; nu este medita\u021bie, ci exerci\u021biu, sau, mai r\u0103u, doar o \u201dp\u0103c\u0103leal\u0103 spiritual\u0103\u201d&#8230;<\/strong><\/p>\n<p id=\"yui_3_16_0_1_1436254729891_33279\" dir=\"ltr\" data-setdir=\"false\"><strong>deocamdat\u0103 &#8230; vorbim despre! asta face \u0219i acest DVD, vorbe\u0219te despre&#8230;<\/strong><\/p>\n<p id=\"yui_3_16_0_1_1436254729891_33336\" dir=\"ltr\" data-setdir=\"false\"><strong>pentru c\u0103 starea de medita\u021bie &#8211; va trebui sim\u021bit\u0103, tr\u0103it\u0103, de c\u0103tre fiecare&#8230;<\/strong><\/p>\n<p id=\"yui_3_16_0_1_1436254729891_33360\" dir=\"ltr\" data-setdir=\"false\"><strong>dar asta vine dup\u0103 \u00een\u021belegerea \u201dconceptului\u201d \u0219i dup\u0103 mult\u0103 practic\u0103.<\/strong><\/p>\n<p dir=\"ltr\" data-setdir=\"false\">Indra<\/p>\n<p dir=\"ltr\" data-setdir=\"false\"><em>* DVD-ul se poate achizi\u021biona de la Casa LiLA, sau, prin po\u0219t\u0103, comand\u00e2nd la mandale.lila@yahoo.com, <\/em><\/p>\n<p dir=\"ltr\" data-setdir=\"false\"><em>* pre\u021b=50 lei<\/em><\/p>\n","protected":false},"excerpt":{"rendered":"<p>V\u0103 supunem aten\u021biei, \u00een\u021belegerii\u00a0(\u0219i practicii!!!) &#8211; un nou DVD, despre MEDITA\u021aIE&#8230; Pute\u021bi viziona un fragment &#8211; pe: https:\/\/youtu.be\/cT9WES2yj64 &nbsp; Medita\u021bia \u00eenseamn\u0103 Centrare \u00eentr-un spa\u021biu interior infinit, relaxare, abandon, \u00een lini\u0219tea acelui Spa\u021biu, \u00een acela\u0219i timp &#8211; Prezen\u021b\u0103, Claritate, \u00een acela\u0219i timp &#8211; Receptivitate, Dechidere&#8230; \u0219i toate acestea &#8211; \u00een T\u0103cere, cu mintea lini\u0219tit\u0103&#8230;, sau, de [&hellip;]<\/p>\n","protected":false},"author":1,"featured_media":2581,"parent":216,"menu_order":0,"comment_status":"closed","ping_status":"open","template":"","meta":[],"_links":{"self":[{"href":"https:\/\/lila-spirit.ro\/wp\/index.php?rest_route=\/wp\/v2\/pages\/2559"}],"collection":[{"href":"https:\/\/lila-spirit.ro\/wp\/index.php?rest_route=\/wp\/v2\/pages"}],"about":[{"href":"https:\/\/lila-spirit.ro\/wp\/index.php?rest_route=\/wp\/v2\/types\/page"}],"author":[{"embeddable":true,"href":"https:\/\/lila-spirit.ro\/wp\/index.php?rest_route=\/wp\/v2\/users\/1"}],"replies":[{"embeddable":true,"href":"https:\/\/lila-spirit.ro\/wp\/index.php?rest_route=%2Fwp%2Fv2%2Fcomments&post=2559"}],"version-history":[{"count":24,"href":"https:\/\/lila-spirit.ro\/wp\/index.php?rest_route=\/wp\/v2\/pages\/2559\/revisions"}],"predecessor-version":[{"id":2648,"href":"https:\/\/lila-spirit.ro\/wp\/index.php?rest_route=\/wp\/v2\/pages\/2559\/revisions\/2648"}],"up":[{"embeddable":true,"href":"https:\/\/lila-spirit.ro\/wp\/index.php?rest_route=\/wp\/v2\/pages\/216"}],"wp:featuredmedia":[{"embeddable":true,"href":"https:\/\/lila-spirit.ro\/wp\/index.php?rest_route=\/wp\/v2\/media\/2581"}],"wp:attachment":[{"href":"https:\/\/lila-spirit.ro\/wp\/index.php?rest_route=%2Fwp%2Fv2%2Fmedia&parent=2559"}],"curies":[{"name":"wp","href":"https:\/\/api.w.org\/{rel}","templated":true}]}}