{"id":2590,"date":"2015-08-17T05:47:27","date_gmt":"2015-08-17T05:47:27","guid":{"rendered":"http:\/\/lila-spirit.ro\/wp\/?page_id=2590"},"modified":"2015-08-17T06:05:42","modified_gmt":"2015-08-17T06:05:42","slug":"cd-despre-smerenie-despre-iubire","status":"publish","type":"page","link":"https:\/\/lila-spirit.ro\/wp\/?page_id=2590","title":{"rendered":"CD: Despre smerenie, despre iubire&#8230;"},"content":{"rendered":"<p><strong><em><a href=\"http:\/\/lila-spirit.ro\/wp\/wp-content\/uploads\/2015\/08\/Coperta-Fata-si-interior-CD-Din-scoala-de-joi-VOL.1.jpg\"><img loading=\"lazy\" class=\"alignleft wp-image-2591 size-large\" src=\"http:\/\/lila-spirit.ro\/wp\/wp-content\/uploads\/2015\/08\/Coperta-Fata-si-interior-CD-Din-scoala-de-joi-VOL.1-1024x512.jpg\" alt=\"Coperta Fata si interior CD - Din scoala de joi -   VOL.1\" width=\"1024\" height=\"512\" srcset=\"https:\/\/lila-spirit.ro\/wp\/wp-content\/uploads\/2015\/08\/Coperta-Fata-si-interior-CD-Din-scoala-de-joi-VOL.1-1024x512.jpg 1024w, https:\/\/lila-spirit.ro\/wp\/wp-content\/uploads\/2015\/08\/Coperta-Fata-si-interior-CD-Din-scoala-de-joi-VOL.1-300x150.jpg 300w\" sizes=\"(max-width: 1024px) 100vw, 1024px\" \/><\/a> <a href=\"http:\/\/lila-spirit.ro\/wp\/wp-content\/uploads\/2015\/08\/Coperta-Spate-CD-Din-scoala-de-joi-VOL.1.jpg\"><img loading=\"lazy\" class=\"aligncenter wp-image-2592 size-large\" src=\"http:\/\/lila-spirit.ro\/wp\/wp-content\/uploads\/2015\/08\/Coperta-Spate-CD-Din-scoala-de-joi-VOL.1-1024x807.jpg\" alt=\"Coperta Spate CD - Din scoala de joi - VOL.1\" width=\"1024\" height=\"807\" srcset=\"https:\/\/lila-spirit.ro\/wp\/wp-content\/uploads\/2015\/08\/Coperta-Spate-CD-Din-scoala-de-joi-VOL.1-1024x807.jpg 1024w, https:\/\/lila-spirit.ro\/wp\/wp-content\/uploads\/2015\/08\/Coperta-Spate-CD-Din-scoala-de-joi-VOL.1-300x236.jpg 300w, https:\/\/lila-spirit.ro\/wp\/wp-content\/uploads\/2015\/08\/Coperta-Spate-CD-Din-scoala-de-joi-VOL.1.jpg 1510w\" sizes=\"(max-width: 1024px) 100vw, 1024px\" \/><\/a><\/em><\/strong><\/p>\n<p>&nbsp;<\/p>\n<p><strong><em>Sunt \u00eenregistr\u0103ri din discu\u021biile \u0218colii de joi, con\u021bin no\u021biuni teoretice, concepte ale \u0218colii, precum \u0219i referiri la practica \u201dde sal\u0103\u201d, dar \u0219i la cea individual\u0103, zilnic\u0103, inclusiv comportamental\u0103&#8230;<\/em><\/strong><\/p>\n<p>&nbsp;<\/p>\n<p><em>(* formatul este\u00a0mp3,<\/em><\/p>\n<p><em>* DVD-ul se poate achizi\u021biona de la Casa LiLA, sau, prin po\u0219t\u0103, comand\u00e2nd la mandale.lila@yahoo.com, <\/em><\/p>\n<p><em>* pre\u021b =\u00a050 lei)<\/em><\/p>\n<p>&nbsp;<\/p>\n<p>&nbsp;<\/p>\n","protected":false},"excerpt":{"rendered":"<p>&nbsp; Sunt \u00eenregistr\u0103ri din discu\u021biile \u0218colii de joi, con\u021bin no\u021biuni teoretice, concepte ale \u0218colii, precum \u0219i referiri la practica \u201dde sal\u0103\u201d, dar \u0219i la cea individual\u0103, zilnic\u0103, inclusiv comportamental\u0103&#8230; &nbsp; (* formatul este\u00a0mp3, * DVD-ul se poate achizi\u021biona de la Casa LiLA, sau, prin po\u0219t\u0103, comand\u00e2nd la mandale.lila@yahoo.com, * pre\u021b =\u00a050 lei) &nbsp; &nbsp;<\/p>\n","protected":false},"author":1,"featured_media":2591,"parent":223,"menu_order":0,"comment_status":"closed","ping_status":"open","template":"","meta":[],"_links":{"self":[{"href":"https:\/\/lila-spirit.ro\/wp\/index.php?rest_route=\/wp\/v2\/pages\/2590"}],"collection":[{"href":"https:\/\/lila-spirit.ro\/wp\/index.php?rest_route=\/wp\/v2\/pages"}],"about":[{"href":"https:\/\/lila-spirit.ro\/wp\/index.php?rest_route=\/wp\/v2\/types\/page"}],"author":[{"embeddable":true,"href":"https:\/\/lila-spirit.ro\/wp\/index.php?rest_route=\/wp\/v2\/users\/1"}],"replies":[{"embeddable":true,"href":"https:\/\/lila-spirit.ro\/wp\/index.php?rest_route=%2Fwp%2Fv2%2Fcomments&post=2590"}],"version-history":[{"count":6,"href":"https:\/\/lila-spirit.ro\/wp\/index.php?rest_route=\/wp\/v2\/pages\/2590\/revisions"}],"predecessor-version":[{"id":2600,"href":"https:\/\/lila-spirit.ro\/wp\/index.php?rest_route=\/wp\/v2\/pages\/2590\/revisions\/2600"}],"up":[{"embeddable":true,"href":"https:\/\/lila-spirit.ro\/wp\/index.php?rest_route=\/wp\/v2\/pages\/223"}],"wp:featuredmedia":[{"embeddable":true,"href":"https:\/\/lila-spirit.ro\/wp\/index.php?rest_route=\/wp\/v2\/media\/2591"}],"wp:attachment":[{"href":"https:\/\/lila-spirit.ro\/wp\/index.php?rest_route=%2Fwp%2Fv2%2Fmedia&parent=2590"}],"curies":[{"name":"wp","href":"https:\/\/api.w.org\/{rel}","templated":true}]}}