{"id":2617,"date":"2015-09-12T06:36:31","date_gmt":"2015-09-12T06:36:31","guid":{"rendered":"http:\/\/lila-spirit.ro\/wp\/?page_id=2617"},"modified":"2020-04-27T18:11:59","modified_gmt":"2020-04-27T15:11:59","slug":"intrebari-raspunsuri","status":"publish","type":"page","link":"https:\/\/lila-spirit.ro\/wp\/?page_id=2617","title":{"rendered":"\u00ceNTREB\u0102RI &#8211; R\u0102SPUNSURI&#8230;"},"content":{"rendered":"<h3><span style=\"color: #993366;\"><div class='et-box et-shadow'>\r\n\t\t\t\t\t<div class='et-box-content'>Iat\u0103 o nou\u0103 rubric\u0103, de <strong>\u00centreb\u0103ri -R\u0103spunsuri<\/strong>&#8230;\n<\/span><\/h3>\n<p><span style=\"color: #993366;\">V\u0103 mul\u021bumim&#8230;<\/div><\/div><\/span><\/p>\n","protected":false},"excerpt":{"rendered":"","protected":false},"author":1,"featured_media":0,"parent":0,"menu_order":0,"comment_status":"closed","ping_status":"open","template":"","meta":[],"_links":{"self":[{"href":"https:\/\/lila-spirit.ro\/wp\/index.php?rest_route=\/wp\/v2\/pages\/2617"}],"collection":[{"href":"https:\/\/lila-spirit.ro\/wp\/index.php?rest_route=\/wp\/v2\/pages"}],"about":[{"href":"https:\/\/lila-spirit.ro\/wp\/index.php?rest_route=\/wp\/v2\/types\/page"}],"author":[{"embeddable":true,"href":"https:\/\/lila-spirit.ro\/wp\/index.php?rest_route=\/wp\/v2\/users\/1"}],"replies":[{"embeddable":true,"href":"https:\/\/lila-spirit.ro\/wp\/index.php?rest_route=%2Fwp%2Fv2%2Fcomments&post=2617"}],"version-history":[{"count":6,"href":"https:\/\/lila-spirit.ro\/wp\/index.php?rest_route=\/wp\/v2\/pages\/2617\/revisions"}],"predecessor-version":[{"id":3823,"href":"https:\/\/lila-spirit.ro\/wp\/index.php?rest_route=\/wp\/v2\/pages\/2617\/revisions\/3823"}],"wp:attachment":[{"href":"https:\/\/lila-spirit.ro\/wp\/index.php?rest_route=%2Fwp%2Fv2%2Fmedia&parent=2617"}],"curies":[{"name":"wp","href":"https:\/\/api.w.org\/{rel}","templated":true}]}}