{"id":2627,"date":"2015-09-14T09:16:38","date_gmt":"2015-09-14T09:16:38","guid":{"rendered":"http:\/\/lila-spirit.ro\/wp\/?page_id=2627"},"modified":"2015-09-14T09:16:38","modified_gmt":"2015-09-14T09:16:38","slug":"cale-spirituala-sau-probleme-cotidiene","status":"publish","type":"page","link":"https:\/\/lila-spirit.ro\/wp\/?page_id=2627","title":{"rendered":"Cale spiritual\u0103, sau probleme cotidiene\u2026"},"content":{"rendered":"<p><strong>\u00centrebare-comentariu la scrisoarea pentru prieteni:<\/strong><\/p>\n<p>Pentru ca omul s\u0103 simt\u0103 nevoia unei evolu\u021bii spirituale,\u00a0nu este oare, mai \u00eent\u00e2i, de dorit ca m\u0103car s\u0103 fi \u00een\u021beles\/rezolvat problemele m\u0103rute de zi cu zi, ca s\u0103 ias\u0103 din cercul vicios, dup\u0103 care abia s\u0103 aleag\u0103 calea corect\u0103 (ce-o fi \u00eensemn\u00e2nd calea asta\u00a0corect\u0103 pentru fiecare) ?!?<\/p>\n<p><strong>R\u0103spuns (Gabi C):<\/strong><\/p>\n<p>Toat\u0103 via\u021ba noastr\u0103, inclusiv problemele de zi cu zi, sunt manifestarea propriilor noastre c\u00e2mpuri informa\u021bionale. <strong><em>Deci dac\u0103 vrem s\u0103 schimb\u0103m ceva \u00een via\u021ba noastr\u0103 \u00een mod real, este nevoie (este absolut necesar, de fapt!) &#8211; s\u0103 ne schimb\u0103m noi<\/em><\/strong><em>.<\/em> Altminteri este ca \u0219i c\u00e2nd am \u00eencerca s\u0103 corect\u0103m imaginea care se vede \u00een oglind\u0103.<br \/>\nOri urm\u00e2nd o cale spiritual\u0103, exact asta se petrece, <em><u>ne schimb\u0103m noi, iar problemele se vor rezolva de la sine, pentru c\u0103 ele nu sunt altceva dec\u00e2t expresia propriei noastre fiin\u021be<\/u><\/em>.<\/p>\n<p>Iar c\u00e2nd am pomenit despre \u201ccalea corect\u0103\u201d &#8211; f\u0103ceam aluzie la cele patru adev\u0103ruri nobile ale lui Buddha Sakyamuni :<br \/>\n1. Exist\u0103 suferin\u021b\u0103<br \/>\n2. Suferin\u021ba are o cauz\u0103<br \/>\n3. Suferin\u021ba poate s\u0103 dispar\u0103<br \/>\n4. Exist\u0103 o cale prin care suferin\u021ba poate s\u0103 dispar\u0103<br \/>\nIar la aceast\u0103 cale Buddha enumer\u0103 opt lucruri \u201ccorecte\u201d: vederea corect\u0103, inten\u021bia corect\u0103, vorbirea corect\u0103, ac\u021biunea corect\u0103, existen\u021ba corect\u0103, efortul corect, aten\u021bia corect\u0103 \u0219i concentrarea corect\u0103.<br \/>\nInten\u021bia corect\u0103 ar fi aspira\u021bia c\u0103tre evolu\u021bia spiritual\u0103.<br \/>\nVederea corect\u0103 ar fi aceea de a vedea realitatea a\u0219a cum este ea, nu de a o trece prin filtrele min\u021bii noastre.<br \/>\nVorbirea, ac\u021biunea \u0219i existen\u021ba \u021bin de via\u021ba concret\u0103, de comportament, de a te l\u0103sa \u00een voia Existen\u021bei, a urma fluxul Existen\u021bei, \u00een toate ac\u021biunile tale.<br \/>\nEfortul, aten\u021bia \u0219i concentrarea \u021bin de practica spiritual\u0103.<br \/>\nAm vorbit la o \u0219coal\u0103 de joi despre asta: \u201cDespre cele patru nobile adev\u0103ruri ale lui Buddha Sakyamuni\u201d, discu\u021bia se afl\u0103 pe site.<br \/>\n<em>\u201cScopul vie\u021bii\u201d este evolu\u021bia spiritual<\/em><em>\u0103<\/em><em>, dar dac\u0103 noi ne facem un scop din rezolvarea problemelor cotidiene, atunci rat\u0103m complet evolu\u021bia, rat\u0103m complet exact ceea ce conteaz\u0103 de fapt<\/em>.<br \/>\n<strong><em>Dar dac\u0103 structurile noastre se rafineaz\u0103, vom vedea cu totul altfel \u0219i lucrurile \u0219i rezolvarea lor.<\/em><\/strong> E ca \u0219i cum avem de s\u0103pat un \u0219an\u021b ad\u00e2nc cu m\u00e2inile goale sau cu un excavator: problema r\u0103m\u00e2ne, \u0219an\u021bul trebuie s\u0103pat, dar subiectul care face asta \u2013 va fi cu totul altul.<\/p>\n<p>&nbsp;<\/p>\n<p>Pe de alt\u0103 parte, \u00een lumea dual\u0103, adic\u0103 lumea \u00een care tr\u0103im, nu ne a\u0219tept\u0103m ca problemele s\u0103 se sf\u00e2r\u0219easc\u0103, ele nu se termin\u0103 oricum niciodat\u0103: pentru c\u0103 a\u0219a e filmul acestei dimensiuni, pentru c\u0103 to\u021bi avem o karm\u0103 care nu dispare pur \u0219i simplu, pentru c\u0103 oamenii sunt \u00een interrela\u021bie \u0219i ne ating \u0219i problemele celor din jur.<br \/>\n<em>Conteaz\u0103 \u00eens\u0103 <strong>cum percepem <\/strong>ceea ce se \u00eent\u00e2mpl\u0103, atitudinea noastr\u0103 egotic\u0103\/non-egotic\u0103 fa\u021b\u0103 de ele, ceea ce va schimba complet abordarea \u0219i rezolvarea problemei respective.<\/em><\/p>\n<p>&nbsp;<\/p>\n<p><strong><em>Urm\u00e2nd o cale spiritual\u0103, pur \u0219i simplu devenim mai ap\u021bi s\u0103 \u00een\u021belegem\/sim\u021bim\/gestion\u0103m\/integr\u0103m altfel &#8211; orice apare \u00een via\u021ba noastr\u0103: asta \u00eenseamn\u0103 c\u0103 vom avea alt\u0103 \u00een\u021belegere \u0219i vom ac\u021biona cu totul altfel.<br \/>\n\u0218i, de multe ori, a\u0219a-zisele \u201cprobleme\u201d \u2013 <\/em><\/strong><strong><em>se vor dovedi a fi, de fapt, ne-probleme.<\/em><\/strong><\/p>\n<p><em>\u00a0<\/em><\/p>\n<p>Dac\u0103 a\u0219tept\u0103m ca problemele noastre s\u0103 se sf\u00e2r\u0219easc\u0103 &#8211; pentru a alege apoi calea cea corect\u0103, atunci nu o s-o mai facem niciodat\u0103!<\/p>\n<p>&nbsp;<\/p>\n<p>(<strong>Indra:<\/strong><\/p>\n<p>A\u0219a este, \u0219i a\u0219a ar fi de preferat s\u0103 se \u00eent\u00e2mple, \u00eentr-adev\u0103r, pentru toat\u0103 lumea\u2026<\/p>\n<p>Unii oameni \u00eens\u0103, pur \u0219i simplu \u2013 \u00eenc\u0103 nu pot face asta, \u00eenc\u0103 nu au ajuns Acolo, la acel nivel de evolu\u021bie\/ \u00een\u021belegere\/ con\u0219tiin\u021b\u0103\u2026 Pentru ei, foarte mul\u021bi, din p\u0103cate \u2013 r\u0103m\u00e2n repeti\u021biile, cercurile vicioase, crizele de tot felul, bolile, apoi psihoterapia\u2026 , apoi doar c\u00e2te o no\u021biune \u201cpseudo-spiritual\u0103\u201d (gen \u201ciertarea\u201d) &#8211; aplicat\u0103 uneori \u201ccu for\u021ba\u201d: pa\u0219i m\u0103run\u021bi m\u0103run\u021bi, vie\u021bi multe multe\u2026)<\/p>\n<p>&nbsp;<\/p>\n","protected":false},"excerpt":{"rendered":"<p>\u00centrebare-comentariu la scrisoarea pentru prieteni: Pentru ca omul s\u0103 simt\u0103 nevoia unei evolu\u021bii spirituale,\u00a0nu este oare, mai \u00eent\u00e2i, de dorit ca m\u0103car s\u0103 fi \u00een\u021beles\/rezolvat problemele m\u0103rute de zi cu zi, ca s\u0103 ias\u0103 din cercul vicios, dup\u0103 care abia s\u0103 aleag\u0103 calea corect\u0103 (ce-o fi \u00eensemn\u00e2nd calea asta\u00a0corect\u0103 pentru fiecare) ?!? R\u0103spuns (Gabi C): [&hellip;]<\/p>\n","protected":false},"author":1,"featured_media":0,"parent":2617,"menu_order":0,"comment_status":"closed","ping_status":"open","template":"","meta":[],"_links":{"self":[{"href":"https:\/\/lila-spirit.ro\/wp\/index.php?rest_route=\/wp\/v2\/pages\/2627"}],"collection":[{"href":"https:\/\/lila-spirit.ro\/wp\/index.php?rest_route=\/wp\/v2\/pages"}],"about":[{"href":"https:\/\/lila-spirit.ro\/wp\/index.php?rest_route=\/wp\/v2\/types\/page"}],"author":[{"embeddable":true,"href":"https:\/\/lila-spirit.ro\/wp\/index.php?rest_route=\/wp\/v2\/users\/1"}],"replies":[{"embeddable":true,"href":"https:\/\/lila-spirit.ro\/wp\/index.php?rest_route=%2Fwp%2Fv2%2Fcomments&post=2627"}],"version-history":[{"count":1,"href":"https:\/\/lila-spirit.ro\/wp\/index.php?rest_route=\/wp\/v2\/pages\/2627\/revisions"}],"predecessor-version":[{"id":2628,"href":"https:\/\/lila-spirit.ro\/wp\/index.php?rest_route=\/wp\/v2\/pages\/2627\/revisions\/2628"}],"up":[{"embeddable":true,"href":"https:\/\/lila-spirit.ro\/wp\/index.php?rest_route=\/wp\/v2\/pages\/2617"}],"wp:attachment":[{"href":"https:\/\/lila-spirit.ro\/wp\/index.php?rest_route=%2Fwp%2Fv2%2Fmedia&parent=2627"}],"curies":[{"name":"wp","href":"https:\/\/api.w.org\/{rel}","templated":true}]}}