{"id":2655,"date":"2015-10-24T09:54:49","date_gmt":"2015-10-24T09:54:49","guid":{"rendered":"http:\/\/lila-spirit.ro\/wp\/?page_id=2655"},"modified":"2015-10-24T09:54:58","modified_gmt":"2015-10-24T09:54:58","slug":"motto-al-taberelor","status":"publish","type":"page","link":"https:\/\/lila-spirit.ro\/wp\/?page_id=2655","title":{"rendered":"Un motto al taberelor&#8230;"},"content":{"rendered":"<p id=\"yui_3_16_0_1_1445672243623_26362\" dir=\"ltr\" data-setdir=\"false\"><span id=\"yui_3_16_0_1_1445672243623_26791\" style=\"font-size: medium;\">Un motto al taberelor, propus &#8211; ar fi acest verset din Dhammapada:<\/span><\/p>\n<p id=\"yui_3_16_0_1_1445672243623_26368\" dir=\"ltr\" data-setdir=\"false\"><span id=\"yui_3_16_0_1_1445672243623_26918\" style=\"font-size: medium;\"><b id=\"yui_3_16_0_1_1445672243623_26922\">\u201dSt\u0103p\u00e2nul este treaz, puternic \u0219i umil\u201d<\/b>&#8230;<\/span><\/p>\n<p id=\"yui_3_16_0_1_1445672243623_26651\" dir=\"ltr\" data-setdir=\"false\"><span id=\"yui_3_16_0_1_1445672243623_26790\" style=\"font-size: medium;\"><u id=\"yui_3_16_0_1_1445672243623_26953\">cu \u00eendemnul (acela\u0219i de mii de ani!!!) &#8211; de a \u00eencerca s\u0103 \u00een\u021belegem\/ s\u0103 sim\u021bim\/ s\u0103 practic\u0103m asta\/ s\u0103 tr\u0103im a\u0219a<\/u><u> mereu<\/u>, nu numai \u00eentr-o tab\u0103r\u0103&#8230;<\/span><\/p>\n<p id=\"yui_3_16_0_1_1445672243623_26663\" dir=\"ltr\" data-setdir=\"false\"><span id=\"yui_3_16_0_1_1445672243623_26789\" style=\"font-size: medium;\">\u0219i atunci &#8211; practica \u201dconcret\u0103\u201d &#8211; dintr-o tab\u0103r\u0103, de exemplu, la asta se va referi: exerci\u021bii de con\u0219tientizare, exerci\u021bii de putere (\u00een sensul de for\u021b\u0103, dar \u0219i de stabilitate, lini\u0219te&#8230;), exerci\u021bii de non-ego, abandon&#8230;<\/span><\/p>\n<p id=\"yui_3_16_0_1_1445672243623_26964\" dir=\"ltr\" data-setdir=\"false\"><span id=\"yui_3_16_0_1_1445672243623_26789\" style=\"font-size: medium;\">practic\u0103 \u00eenseamn\u0103 exerci\u021bii, <u id=\"yui_3_16_0_1_1445672243623_31446\"><b id=\"yui_3_16_0_1_1445672243623_31445\">DAR \u0218I<\/b><\/u> comportament, vorbire, g\u00e2ndire, interac\u021biune cu ceilal\u021bi, etc&#8230;<\/span><\/p>\n<p id=\"yui_3_16_0_1_1445672243623_27001\" dir=\"ltr\" data-setdir=\"false\"><b id=\"yui_3_16_0_1_1445672243623_31443\"><span id=\"yui_3_16_0_1_1445672243623_27084\" style=\"font-size: medium;\">practic\u0103 \u00eenseamn\u0103 ORICE gest, act, vorb\u0103, g\u00e2nd<\/span><\/b><\/p>\n<p id=\"yui_3_16_0_1_1445672243623_27021\" dir=\"ltr\" data-setdir=\"false\"><b id=\"yui_3_16_0_1_1445672243623_31478\"><span id=\"yui_3_16_0_1_1445672243623_31335\" style=\"font-size: medium;\">practic\u0103 \u00eenseamn\u0103 TOTUL<\/span><\/b><\/p>\n<p id=\"yui_3_16_0_1_1445672243623_27332\" dir=\"ltr\" data-setdir=\"false\"><span id=\"yui_3_16_0_1_1445672243623_31337\" style=\"font-size: medium;\">iar o tab\u0103r\u0103 este doar un mic antrenament&#8230;<\/span><\/p>\n<p id=\"yui_3_16_0_1_1445672243623_27023\" dir=\"ltr\" data-setdir=\"false\"><span id=\"yui_3_16_0_1_1445672243623_27024\" style=\"font-size: medium;\">v\u0103 a\u0219tept\u0103m atunci, cu aceast\u0103 invita\u021bie \u0219i cu speran\u021ba \u00een\u021belegerii acestui mesaj&#8230;<\/span><\/p>\n<p id=\"yui_3_16_0_1_1445672243623_27027\" dir=\"ltr\" data-setdir=\"false\"><span id=\"yui_3_16_0_1_1445672243623_31336\" style=\"font-size: medium;\">Indra \u0219i organizatorii&#8230;<\/span><\/p>\n<p dir=\"ltr\" data-setdir=\"false\"><em>mai jos este comentariul acestui verset, din seria de discu\u021bii asupra Dhammapadei, din 2015, derulate \u00een \u0218colile de joi, dar \u0219i \u00een tabere:<\/em><\/p>\n<p><span style=\"color: #993366;\">&#8220;Buddha Sakyamuni vorbeste tot timpul despre <strong><em>\u201c<\/em><\/strong><strong><em>a fi treaz<\/em><\/strong><strong><em>\u201d<\/em><\/strong><strong><em>.<\/em><\/strong> A fi treaz, care are, iar\u0103\u0219i, o multitudine de niveluri\u2026 de \u201ca fi treaz\u201d.\u00a0 <strong><em>A fi treaz<\/em><\/strong> in foarte multe feluri \u0219i \u00een toate momentele, \u0219i \u00een infinite situa\u021bii\u00a0: <strong><em>a fi treaz<\/em><\/strong>. <strong><em>A fi treaz<\/em><\/strong> de la nivelul de baz\u0103, s\u0103-i spunem, acela de a fi con\u0219tient &#8211; ce faci, cum respiri, cum mergi, cum g\u00e2ndesti, cum vorbesti\u2026, p\u00e2n\u0103 la a fi <em>con\u0219tient de natura ta real\u0103, <\/em>\u2026 p\u00e2n\u0103 la a fi treaz de Esen\u021ba ta \u2013 acesta este deja v\u00e2rful piramidei con\u0219tientiz\u0103rii, piramidei treziei, dac\u0103 vre\u021bi. Dar \u00eentre timp &#8211; a fi treaz, con\u0219tient &#8211; de minte, a fi treaz de emotii, a fi con\u0219tient de tot ce se \u00eent\u00e2mpl\u0103 acolo, \u00een\u0103untrul t\u0103u. Deci sunt o gr\u0103mad\u0103 de straturi de \u201ca fi treaz\u201d. \u0218i este un capitol \u00eentreg despre asta, \u0219i, \u00een plus, ideea se reia mereu \u0219i mereu, \u00een toate celelalte capitole ale Dhammapadei.<\/span><\/p>\n<p><span style=\"color: #993366;\">Deci &#8211;<strong><em>St\u0103p\u00e2nul, <\/em><\/strong><strong><em>\u201c<\/em><\/strong><strong><em>cel care se st\u0103p\u00e2ne\u0219te\u201d, este treaz, puternic si umil.<\/em><\/strong><\/span><\/p>\n<p><span style=\"color: #993366;\">Puternic, ce \u00eenseamn\u0103\u00a0? \u00censeamn\u0103 c\u0103 \u0219i-a stabilizat \u00een el aceast\u0103 stare, de a fi treaz. \u00censeamn\u0103 c\u0103 aceste lucruri <em>sunt ale lui<\/em>, el nu mai poate fi \u00eentors din drumul s\u0103u, el nu mai poate fi scos din aceast\u0103 stare. Nu mai poate fi r\u0103sucit de c\u0103tre vreun simt, de vreo pl\u0103cere, de un g\u00e2nd, de vreo emo\u021bie. Deci \u00eenseamn\u0103 c\u0103 starea de a fi treaz &#8211; este puternic\u0103, stabil\u0103&#8230;, este acolo, neclintit\u0103.<\/span><\/p>\n<p><span style=\"color: #993366;\">\u0218i umil\u2026 St\u0103p\u00e2nul este umil, smerit\u00a0: asta \u00eenseamn\u0103 c\u0103 respec\u021bi Existenta\u2026, este acea smerenie despre care am vorbit noi , avem discu\u021biile \u00eenregistrate pe un CD&#8230;\u00a0 Da, e\u0219ti acolo, \u00een Existen\u021b\u0103, frumos, deschis, cu bucurie, f\u0103r\u0103 \u00eeng\u00e2mfare, f\u0103r\u0103 preten\u021bii, f\u0103r\u0103 nimic altceva. Doar <em>e\u0219ti, <\/em>doar te tr\u0103ie\u0219te Existen\u021ba\u201d\u2026<\/span><\/p>\n<p><span style=\"color: #993366;\">Indra<\/span><\/p>\n","protected":false},"excerpt":{"rendered":"<p>Un motto al taberelor, propus &#8211; ar fi acest verset din Dhammapada: \u201dSt\u0103p\u00e2nul este treaz, puternic \u0219i umil\u201d&#8230; cu \u00eendemnul (acela\u0219i de mii de ani!!!) &#8211; de a \u00eencerca s\u0103 \u00een\u021belegem\/ s\u0103 sim\u021bim\/ s\u0103 practic\u0103m asta\/ s\u0103 tr\u0103im a\u0219a mereu, nu numai \u00eentr-o tab\u0103r\u0103&#8230; \u0219i atunci &#8211; practica \u201dconcret\u0103\u201d &#8211; dintr-o tab\u0103r\u0103, de exemplu, la [&hellip;]<\/p>\n","protected":false},"author":1,"featured_media":0,"parent":36,"menu_order":0,"comment_status":"closed","ping_status":"closed","template":"","meta":[],"_links":{"self":[{"href":"https:\/\/lila-spirit.ro\/wp\/index.php?rest_route=\/wp\/v2\/pages\/2655"}],"collection":[{"href":"https:\/\/lila-spirit.ro\/wp\/index.php?rest_route=\/wp\/v2\/pages"}],"about":[{"href":"https:\/\/lila-spirit.ro\/wp\/index.php?rest_route=\/wp\/v2\/types\/page"}],"author":[{"embeddable":true,"href":"https:\/\/lila-spirit.ro\/wp\/index.php?rest_route=\/wp\/v2\/users\/1"}],"replies":[{"embeddable":true,"href":"https:\/\/lila-spirit.ro\/wp\/index.php?rest_route=%2Fwp%2Fv2%2Fcomments&post=2655"}],"version-history":[{"count":2,"href":"https:\/\/lila-spirit.ro\/wp\/index.php?rest_route=\/wp\/v2\/pages\/2655\/revisions"}],"predecessor-version":[{"id":2657,"href":"https:\/\/lila-spirit.ro\/wp\/index.php?rest_route=\/wp\/v2\/pages\/2655\/revisions\/2657"}],"up":[{"embeddable":true,"href":"https:\/\/lila-spirit.ro\/wp\/index.php?rest_route=\/wp\/v2\/pages\/36"}],"wp:attachment":[{"href":"https:\/\/lila-spirit.ro\/wp\/index.php?rest_route=%2Fwp%2Fv2%2Fmedia&parent=2655"}],"curies":[{"name":"wp","href":"https:\/\/api.w.org\/{rel}","templated":true}]}}