{"id":2659,"date":"2015-10-25T17:35:47","date_gmt":"2015-10-25T17:35:47","guid":{"rendered":"http:\/\/lila-spirit.ro\/wp\/?page_id=2659"},"modified":"2015-10-27T10:36:26","modified_gmt":"2015-10-27T10:36:26","slug":"ani-intreaba-de-ce-este-asa-de-greu-sa-evoluezi-spiritual","status":"publish","type":"page","link":"https:\/\/lila-spirit.ro\/wp\/?page_id=2659","title":{"rendered":"Ani \u00eentreab\u0103 de ce este a\u0219a de greu s\u0103 evoluezi spiritual&#8230;"},"content":{"rendered":"<p>Povestea Indra c\u0103 un maestru a fost \u00eentrebat acela\u0219i lucru de c\u0103tre unul dintre \u00eenv\u0103\u021b\u0103ceii s\u0103i, \u0219i maestrul i-a r\u0103spuns dup\u0103 cum urmeaz\u0103: l-a \u021binut cu capul \u00een ap\u0103 p\u00e2n\u0103 c\u00e2nd acesta aproape c\u0103 s-a sufocat, \u0219i c\u00e2nd i-a dat drumul, cu disperare \u00eenv\u0103\u021b\u0103celul tragea aer, iar maestrul i-a spus c\u0103 va reu\u0219i s\u0103 evolueze &#8211; abia \u00een momentul \u00een care va fi \u00eensetat de \u00eenv\u0103\u021b\u0103turi \u2013 a\u0219a cum a fost \u00eensetat acum de aer.<\/p>\n<p>Deci este vorba despre <strong>motiva\u021bie<\/strong>. Pentru c\u0103 din motiva\u021bie vine tenacitatea de a face un lucru, vine focusarea, concentrarea, aten\u021bia, vin toate cele necesare.<\/p>\n<p>Evolu\u021bia spiritual\u0103 nu este o motiva\u021bie suficient\u0103 pentru lumea noastr\u0103. \u00ce\u021bi dau un exemplu simplu: dac\u0103 cineva \u021bi-ar spune c\u0103 de evolu\u021bia ta, de practica ta \u0219i de rezultatele practicii tale, ar \u021bine via\u021ba nepoatei tale, care ar fi r\u00e2vna, tenacitatea?<\/p>\n<p>Vorbesc aici despre <strong>sisteme de valori<\/strong>, despre sistemele de valori ale oamenilor din societatea noastr\u0103 actual\u0103. <strong>Motiva\u021biile oamenilor sunt conforme cu sistemele lor de valori.<\/strong><\/p>\n<p><strong>Iar sistemele noastre de valori, motiva\u021biile noastre, ne stabilesc priorit\u0103\u021bile. <\/strong><\/p>\n<p>Oamenii au, prin natura lor uman\u0103, diverse <strong>alte priorit\u0103\u021bi.<\/strong><\/p>\n<p>Suntem primitivi, din creierul nostru reptilian, din vie\u021bile noastre multe, din incon\u0219tientul colectiv \u0219i personal vin \u0219abloanele legate de supravie\u021buire. \u00cen plus, avem, con\u0219tient \u0219i semicon\u0219tient, hai s\u0103 le zicem subcon\u0219tient, alte priorit\u0103\u021bi, setate de mintea noastr\u0103, de emo\u021biile noastre, adic\u0103 de ceea ce numim ego. Printre priorit\u0103\u021bile complexului minte-ego nu are cum s\u0103 se numere propria disolu\u021bie, prin urmare acesta se va ap\u0103ra prin toate mijloacele posibile.<\/p>\n<p>Toate aceste patternuri ne conduc, iar <strong>noi, complet incon\u0219tien\u021bi<\/strong>, ne l\u0103s\u0103m condu\u0219i de ele.<\/p>\n<p>Deci ca s\u0103 concluzionez: priorit\u0103\u021bile \u0219i motiva\u021biile noastre sunt conforme, \u00een mod real, cu educa\u021bia \u0219i cultura, cu subcon\u0219tientul, cu incon\u0219tientul, asta chiar dac\u0103, declarative, egoul spune c\u0103 evolu\u021bia e pe primul plan. (Iar de multe ori nici m\u0103car nu spune asta.) De aceea este at\u00e2t de greu s\u0103 evoluezi.<\/p>\n<p>Pentru c\u0103 ne ducem automat, incon\u0219tient bine\u00een\u021beles, pe frecven\u021ba priorit\u0103\u021bilor noaste, pentru c\u0103 a\u0219a e constituit\u0103 existen\u021ba: \u201e<strong>Noi suntem ceea ce g\u00e2ndim\/ Tot ceea ce suntem apare prin g\u00e2ndurile noastre \/ Prin g\u00e2ndurile noastre cre\u0103m lumea\u201d <\/strong>(din <strong>Dhammapada<\/strong>, primul capitol)<\/p>\n<p>\u0218i anume pe <strong>banda de frecven\u021b\u0103 ce corespunde complexului minte-ego: aici st\u0103m noi,\u2026 adic\u0103 ceea ce suntem, lumea noastr\u0103 cu tot ceea ce con\u021bine ea, aici se afl\u0103.<\/strong><\/p>\n<p>Oamenii <strong>nici nu vor s\u0103 evolueze<\/strong>, habar nu au ce \u00eenseamn\u0103 asta, singurul lucru de care sunt interesa\u021bi, \u00een mod real, este s\u0103-\u0219i fac\u0103 via\u021ba mai bun\u0103. \u0218i normal c\u0103 rezultatele sunt pe m\u0103sur\u0103.<\/p>\n<p>Indra \u00eencearc\u0103 s\u0103 ne scoat\u0103 de acolo, s\u0103 ne schimbe.<\/p>\n<p>\u0218i se \u00eent\u00e2mpl\u0103 diverse lucruri, toate consecin\u021b\u0103 sau dovad\u0103 a faptului c\u0103 suntem acolo unde suntem, lucruri pe care le-am mai vorbit, dar voi trece c\u00e2teva dintre ele \u00een revist\u0103, \u0219i las lista deschis\u0103, cum ar zice Indra \u201epoate c\u0103 dac\u0103 le tot auzi, poate c\u0103 vreodat\u0103, \u00ee\u021bi vei da seama c\u0103 e vorba \u0219i despre tine acolo\u201d:<\/p>\n<p>&#8211; selec\u021bia informa\u021biei f\u0103cute de minte, c\u0103 <strong>nu vreau s\u0103 aud<\/strong>, dar, foarte frecvent<\/p>\n<p>&#8211; <strong>nici nu pot s\u0103 aud,<\/strong> pentru c\u0103 ceea ce se spune nu este \u00een spectrul de frecven\u021be pe care le pot recep\u021biona eu; sau aud, sunt de accord teoretic, <strong>dar nu e vorba despre mine, ci mereu despre ceilal\u021bi, doar despre ei\u2026<\/strong><\/p>\n<p>&#8211; <strong>lenea,<\/strong><\/p>\n<p>&#8211; faptul c\u0103 <strong>\u00eemi construiesc via\u021ba \u00een a\u0219a fel \u00eenc\u00e2t chiar s\u0103 nu pot veni la practic\u0103, <\/strong>(pentru c\u0103 mi-o construiesc conform cu sistemul meu de valori, dar este un lucru pe care nu \u00eel fac con\u0219tient)<\/p>\n<p>&#8211; nu practic nimic, de fapt, sau atunci c\u00e2nd o fac, o fac cum vreau eu, ce vreau eu, nu ceea ce mi-ar trebui cu adev\u0103rat,<\/p>\n<p>&#8211; <strong>sunt complet incon\u0219tient,<\/strong> nu m\u0103 v\u0103d \u0219i nu m\u0103 simt eu pe mine, nu-mi dau seama ce manifest, de fapt, \u00een ceea ce spun, \u00een ceea ce fac. Exact textul trimis de Indra cu trezia. <strong>Nu sunt treaz, nu sunt con\u0219tient<\/strong> &#8211; nici m\u0103car picul \u0103la \u00eenc\u00e2t s\u0103 \u00eemi dau seama c\u0103 acolo, \u0103n ce se vorbe\u0219te, este ceva important, ceva care \u00eemi scap\u0103, nu \u00een\u021beleg acum, dar pare a fi important.<\/p>\n<p>&#8211; faptul c\u0103 <strong>m\u0103 duc cu aten\u021bia la al\u021bii, \u0219i asta mereu,<\/strong> ca s\u0103 fug de mine \u0219i s\u0103 nu m\u0103 v\u0103d \u0219i s\u0103 nu m\u0103 uit la mine<\/p>\n<p>&#8211; \u2026..<\/p>\n<p>&nbsp;<\/p>\n<p>Pe de alt\u0103 parte au fost oameni care au evoluat, deci se poate.<\/p>\n<p>Indra zice c\u0103 dac\u0103 practici constant \u0219i suficient de mult, cu motiva\u021bia cea bun\u0103, se face declicul.<\/p>\n<p>Prin urmare logic e c\u0103 dac\u0103 nu s-a f\u0103cut, nu am muncit destul.<\/p>\n<p>Vestea bun\u0103 este c\u0103 <strong>exist\u0103 o Cas\u0103 LiLA<\/strong> \u0219i <strong>exist\u0103 cineva care vrea s\u0103 ne ajute, pentru c\u0103 nu po\u021bi singur: Indra e aici \u0219i ne a\u0219teapt\u0103 ! <\/strong><\/p>\n<p>Asta e solu\u021bia. Practica constant\u0103, f\u0103r\u0103 a\u0219tept\u0103ri, prezen\u021ba Indrei care este, experimentat de noi to\u021bi, ajut\u0103toare. Cum zice \u0219i Osho, <strong>e suficient s\u0103 stai \u00een prezen\u021ba unui maestru pentru a te umple de energia lui. <\/strong><\/p>\n<p>N-am spus absolut nimic nou, toate le-am mai vorbit, dar fiecare are momentele lui c\u00e2nd aude \u0219i momente lui c\u00e2nd este surd, vor mai fi spuse, cum zice Indra, roat\u0103, roat\u0103\u2026 Acum s-a \u00eent\u00e2mplat s\u0103 \u00eentrebe Ani, dar aceast\u0103 \u00eentrebare este oricum \u00een min\u021bile tuturor, \u0219i a mai fost pus\u0103 \u0219i alt\u0103dat\u0103 \u0219i va mai fi pus\u0103.<\/p>\n<p><strong>\u0218i nimeni nu trebuie s\u0103 cread\u0103 nimic, trebuie doar s\u0103 experimenteze,<\/strong> cu r\u0103bdare, deschidere, bun\u0103voin\u021b\u0103, un timp suficient de lung. Pentru c\u0103, a\u0219a cum se \u00eencheie abecedarul, singura experien\u021b\u0103 folositoare, valoroas\u0103, este cea personal\u0103.<\/p>\n<p>Gabi C.<\/p>\n<p>&nbsp;<\/p>\n<p>Oana: <strong>\u00centreb\u0103rile despre evolu\u021bia spiritual\u0103 sunt doar o alt\u0103 \u00eencr\u00e2ncenare a min\u021bii egotice de a nu abdica\u2026<\/strong><\/p>\n<p>Indra:<strong> <em>DA, A\u0218A ESTE! Ideal ar fi ca mintea S\u0102 TAC\u0102 \u0219i EGO-UL S\u0102 DISPAR\u0102 C\u00c2T MAI DINTR-ODAT\u0102 POSIBIL\u2026. Adic\u0103 &#8211; acum!<\/em><\/strong><\/p>\n<p><strong><em>Da, aceasta ar fi situa\u021bia ideal\u0103 \u0219i, de fapt, ne\u00eent\u00e2lnit\u0103\u2026<\/em><\/strong><\/p>\n<p>Din p\u0103cate, 90\u2026 \u0219i mult % dintre oameni &#8211; nici m\u0103car nu-\u0219i pun problema s\u0103 \u00een\u021beleag\u0103 treburile astea, dar\u0103mite s\u0103 le mai \u0219i fac\u0103\u2026<\/p>\n<p>Iar dintre foarte pu\u021binii r\u0103ma\u0219i &#8211; care <em>\u00eencep<\/em> s\u0103 \u00een\u021beleag\u0103 necesitatea dizolv\u0103rii ego-ului \u2013 doar un procent infim <em>se vor str\u0103dui<\/em> s\u0103 \u0219i \u00eencerce s\u0103 \u201dlucreze\u201d \u00een mod real &#8211; cu ego-ul, \u00een sensul dizolv\u0103rii sale. Iar dintre ace\u0219ti extrem de pu\u021bini, un alt procent \u2013 vor c\u0103dea \u00een nenum\u0103ratele capcane \u00eentinse de c\u0103tre aceea\u0219i minte \u0219i de c\u0103tre acela\u0219i ego\u2026<\/p>\n<p>Aceste discu\u021bii se adreseaz\u0103 acestor oameni &#8211; care au nevoie de un imbold\/suport mental-explicativ, ca s\u0103 mearg\u0103 mai departe.<\/p>\n<p data-setdir=\"false\"><em>Chiar dac\u0103, \u00eentrebarea \u00een sine &#8211; este tot a min\u021bii.<\/em> <em><u>Chiar dac\u0103 exist\u0103 poten\u021biala capcan\u0103 &#8211; a ascunderii ego-ului exact \u00een spatele \u00eentreb\u0103rii \u0219i\/sau \u00een spatele r\u0103spunsurilor oferite<\/u><\/em><em>!<\/em> <em><u>Chiar dac\u0103 exact a\u0219a se \u0219i \u00eent\u00e2mpl\u0103 de multe ori: ego-ul \u00ee\u0219i va g\u0103si, \u00een cele spuse de noi, o nou\u0103 justificare <\/u><\/em>\u201c<em><u>CA S\u0102&#8230;\u201d: ca s\u0103 existe, ca s\u0103-\u0219i auto-justifice necesitatea.<\/u><\/em><\/p>\n<p>Dar s-ar mai putea ceva, mai exist\u0103 o posibilitate: ca aceast\u0103 minte care \u00eentreab\u0103 &#8211; s\u0103 fie deja una ceva mai rafinat\u0103, mai \u201cdiscriminativ\u0103\u201d, mai apropiat\u0103 de acea <em>minte buddhi&#8230;<\/em> \u0218i atunci, poate c\u0103 \u201cmi\u0219carea\u201d ei \u2013 chiar indic\u0103 un semn de trezire din amor\u021bire&#8230; Iar aceste momente sunt extreme de pre\u021bioase \u0219i nu trebuie ratate: iar aceast\u0103 minte trebuie ajutat\u0103!<\/p>\n<p>\u0218i atunci \u2013 vorbim, \u0219i iar\u0103\u0219i vorbim, pentru aceste diferite \u201ccategorii\u201d de \u00eentreb\u0103tori\u2026<\/p>\n<p>Iar pe m\u0103sura acestor vorb\u0103rii repetate \u2013 c\u00e2te ceva se mai strecoar\u0103 \u00een mintea vreunui \u201cc\u0103ut\u0103tor-\u00eentreb\u0103tor\u201d\u2026, \u201cse mai face c\u00e2te-un declic\u201d, acele min\u021bi \u00eencep s\u0103 se transforme\u2026<\/p>\n<p>\u201c<em>\u00cen\u021beleptul \u00ee\u021bi spune unde ai c\u0103zut \u0219i unde este posibil s\u0103 cazi<\/em><\/p>\n<p><em>Secrete pre\u021bioase! Ascult\u0103-i sfaturile, urmeaz\u0103 Calea.<\/em><\/p>\n<p><em>Las\u0103-l s\u0103 te dojeneasc\u0103 \u0219i s\u0103 te \u00eenve\u021be \u0219i s\u0103 te abat\u0103 de la rele. <\/em><\/p>\n<p><em>Lumea poate c\u0103 \u00eel ur\u0103\u0219te, dar oamenii buni \u00eel iubesc\u201d <\/em>\u2013 ar spune Buddha Sakyamuni \u00een Dhammapada<\/p>\n<p>&nbsp;<\/p>\n<p>&nbsp;<\/p>\n","protected":false},"excerpt":{"rendered":"<p>Povestea Indra c\u0103 un maestru a fost \u00eentrebat acela\u0219i lucru de c\u0103tre unul dintre \u00eenv\u0103\u021b\u0103ceii s\u0103i, \u0219i maestrul i-a r\u0103spuns dup\u0103 cum urmeaz\u0103: l-a \u021binut cu capul \u00een ap\u0103 p\u00e2n\u0103 c\u00e2nd acesta aproape c\u0103 s-a sufocat, \u0219i c\u00e2nd i-a dat drumul, cu disperare \u00eenv\u0103\u021b\u0103celul tragea aer, iar maestrul i-a spus c\u0103 va reu\u0219i s\u0103 evolueze [&hellip;]<\/p>\n","protected":false},"author":1,"featured_media":0,"parent":2617,"menu_order":0,"comment_status":"closed","ping_status":"closed","template":"","meta":[],"_links":{"self":[{"href":"https:\/\/lila-spirit.ro\/wp\/index.php?rest_route=\/wp\/v2\/pages\/2659"}],"collection":[{"href":"https:\/\/lila-spirit.ro\/wp\/index.php?rest_route=\/wp\/v2\/pages"}],"about":[{"href":"https:\/\/lila-spirit.ro\/wp\/index.php?rest_route=\/wp\/v2\/types\/page"}],"author":[{"embeddable":true,"href":"https:\/\/lila-spirit.ro\/wp\/index.php?rest_route=\/wp\/v2\/users\/1"}],"replies":[{"embeddable":true,"href":"https:\/\/lila-spirit.ro\/wp\/index.php?rest_route=%2Fwp%2Fv2%2Fcomments&post=2659"}],"version-history":[{"count":3,"href":"https:\/\/lila-spirit.ro\/wp\/index.php?rest_route=\/wp\/v2\/pages\/2659\/revisions"}],"predecessor-version":[{"id":2674,"href":"https:\/\/lila-spirit.ro\/wp\/index.php?rest_route=\/wp\/v2\/pages\/2659\/revisions\/2674"}],"up":[{"embeddable":true,"href":"https:\/\/lila-spirit.ro\/wp\/index.php?rest_route=\/wp\/v2\/pages\/2617"}],"wp:attachment":[{"href":"https:\/\/lila-spirit.ro\/wp\/index.php?rest_route=%2Fwp%2Fv2%2Fmedia&parent=2659"}],"curies":[{"name":"wp","href":"https:\/\/api.w.org\/{rel}","templated":true}]}}