{"id":2739,"date":"2015-12-15T12:25:23","date_gmt":"2015-12-15T12:25:23","guid":{"rendered":"http:\/\/lila-spirit.ro\/wp\/?page_id=2739"},"modified":"2015-12-16T11:50:34","modified_gmt":"2015-12-16T11:50:34","slug":"despre-ce-inseamna-a-sari-inauntru-si-despre-practica","status":"publish","type":"page","link":"https:\/\/lila-spirit.ro\/wp\/?page_id=2739","title":{"rendered":"Despre ce \u00eenseamn\u0103 \u201da s\u0103ri \u00een\u0103untru\u201d \u0219i despre practic\u0103&#8230;"},"content":{"rendered":"<p><em>Este un comentariu-\u00eentrebare al Oanei, referitor la programele mentale \u0219i la ceea ce am propus eu acolo \u201c<strong>a s<\/strong><\/em><strong><em>\u0103<\/em><\/strong><strong><em>ri \u00een centru<\/em><\/strong><em>\u2026\u201d: <\/em><\/p>\n<p><em>\u00a0<\/em><\/p>\n<p>&#8211; Namaste, Indra!<\/p>\n<p>Un maestru nu se recunoa\u015fte, nu se vede, nu se simte, nu intr\u0103 \u00een \u015fabloane, nu iese din tipare \u015fi n-are nevoie de validarea nim\u0103nui, neraport\u00e2ndu-se la percep\u021bii exterioare iluzorii \u015fi superflue.<br \/>\nEl doar se con\u015ftientizeaz\u0103&#8230; \u015fi-at\u00e2t. \u00ce\u021bi mul\u021bumim c\u0103 e\u015fti!<\/p>\n<p>Aveam c\u00e2teva \u00eentreb\u0103ri la care mi-ai r\u0103spuns \u00eenainte s\u0103 apuc s\u0103 le redactez.<\/p>\n<p>Mi-a mai r\u0103mas doar una.<br \/>\nSaltul \u00een interior e ceea ce ne face s\u0103 acces\u0103m cumva o cunoa\u015ftere non-g\u00e2nd, non-verbal\u0103, non-imaginativ\u0103, non-senzorial\u0103.<br \/>\nAsta fiindc\u0103 \u00een acel loc din noi \u00een care st\u0103m \u00een suspensie egoul, care merge pas la pas cu toate ac\u021biunile \u015fi nonac\u021biunile noastre, dispare.<\/p>\n<p>Doar practica e cea care ne asigur\u0103 acea stabilitate \u00een a r\u0103m\u00e2ne centrat?<\/p>\n<p>Cu respect \u015fi recuno\u015ftin\u021b\u0103!<br \/>\nOana<\/p>\n<p>&nbsp;<\/p>\n<p>&#8211; Am s\u0103 m\u0103 folosesc de \u00eentrebarea ta pentru a preciza mai multe lucruri, utile poate \u2013 \u0219i altora.<\/p>\n<p><strong><u>Ai caracterizat bine acel \u201c<em>salt \u00een interior<\/em>\u201d: asta \u00eenseamn\u0103 <em>centrare,<\/em> \u00een primul r\u00e2nd, dar ATEN\u021aIE! centrare \u00eentr-<em>un spa\u021biu interior t\u0103cut, clar, infinit, non-mental!<\/em><\/u><\/strong><\/p>\n<p><em>\u00a0<\/em>(Nu \u201cs\u0103rim \u00een\u0103untru\u201d \u00een sensul de introvertire, auto-analiz\u0103, preocupare de sine exagerat\u0103, etc., acestea fiind de fapt, mari capcane: pentru c\u0103 aceste \u201calte spa\u021bii\u201d \u2013 apar\u021bin tot ego-ului! Deci \u201caterizarea\u201d \u00een aceste spa\u021bii NU folose\u0219te la nimic, dec\u00e2t, din nou, la ranforsarea ego-ului, la g\u0103sirea de alte justific\u0103ri, la victimizare, la am\u00e2narea unei \u201cdecizii spirituale autentice\u201d, etc. <u>Deci NU despre asta vorbim noi aici<\/u>! Am f\u0103cut aceast\u0103 precizare mai ales pentru cei care nu particip\u0103 \u00een mod constant la exerci\u021biile-cursurile-discu\u021biile noastre\u2026)<\/p>\n<p>&nbsp;<\/p>\n<p><strong><u>\u00censeamn\u0103, apoi, \u201c<em>a sta aici\u201d<\/em> din ce \u00een ce mai mult\u2026 <\/u><\/strong><\/p>\n<p><strong><u>\u00censeamn\u0103 <em>a reveni aici<\/em> de fiecare dat\u0103 c\u00e2nd apare un g\u00e2nd, un program mental, o proiec\u021bie, o judecat\u0103, etc. etc. etc.<\/u><\/strong><\/p>\n<p><em>\u201cA s<\/em><em>\u0103ri \u00een\u0103untru<\/em><em>\u201d \u2013 \u00eenseamn\u0103 deci \u2013 centrare \u00eentr-un <strong>spa\u021biu interior non-mental.<\/strong><\/em><\/p>\n<p>Pentru \u00eencep\u0103tori \u2013 este foarte dificil s\u0103 te extragi din mintea orientat\u0103 mereu \u00eenspre exterior\u2026; \u0219i atunci \u2013 orice fel de \u00eentoarcere a aten\u021biei \u2013 \u00eenspre \u00eenn\u0103untru \u2013 va fi deja un mic pas spre centrare.<\/p>\n<p>(Centrarea se poate face \u00een \u201ccompartimentele\u201d acelui spa\u021biu interior: \u00een inim\u0103, abdomen sau cap, cele trei tandien-uri ale qi-gong-ului dac\u0103 vre\u021bi\u2026 Cele trei spa\u021bii au \u00eens\u0103 frecven\u021be diferite \u0219i corespund unor particularit\u0103\u021bi vibra\u021bionale aparte\u2026)<\/p>\n<p>&nbsp;<\/p>\n<p><em>Din punctul nostru de vedere, adic\u0103 al evolu\u021biei spirituale, ne referim mai \u00eent\u00e2i la <strong>\u201cspa\u021biul inimii<\/strong><\/em><strong><em>\u201d, apoi la canalul central: aceasta va fi <\/em><\/strong><strong><em>\u201ccentrarea ultim\u0103\u201d, a non-dualit\u0103\u021bii<\/em><\/strong><em>. <\/em><\/p>\n<p><strong><em>Doar \u00een aceste zone de vibra\u021bie rafinat\u0103 \u2013 se vor putea transmuta vibra\u021biile mai grosiere, ale programelor-g\u00e2ndurilor-dorin\u021belor<\/em><\/strong><em>. <\/em>(Pentru c\u0103 de la asta am pornit, propun\u00e2nd acest \u201csalt \u00een interior\u201d: la transmutarea acestor \u201cc\u00e2mpuri parazite\u201d\u2026 \u0218i din nou, acest r\u0103spuns este doar o explica\u021bie simplificat\u0103\u2026 pentru alte detalii, v\u0103 invit\u0103m\u2026 LA PRACTIC\u0102!)<\/p>\n<p><em>\u00a0<\/em><\/p>\n<p>Revenind: pentru centrare \u00een aceste spa\u021bii, \u00een primul r\u00e2nd &#8211; trebuie ca respectivele spa\u021bii, adic\u0103 inima (chakra, spa\u021biul) \u0219i mai apoi, (dup\u0103 mult\u0103 practic\u0103!) \u0219i canalul central \u2013 s\u0103 fie curate; iar mai apoi \u2013 s\u0103 fie deschise! <u>F\u0103r\u0103 asta nu se poate, pentru c\u0103 NU VEI AVEA UNDE <\/u><u>\u201cS\u0102 SARI\u201d<\/u>!<\/p>\n<p>(Sau vei \u00eencerca tu \u201cs\u0103 sari undeva \u00een\u0103untrul t\u0103u\u201d, dar vei ateriza exact \u00een acele alte spa\u021bii-capcan\u0103 care sunt deja \u201cdeschise\u201d, cele care apar\u021bin ego-ului; \u0219i care, \u00een plus, sunt foarte primitoare: de abia a\u0219teapt\u0103 ego-ul ca s\u0103 cazi, din nou, \u00eentr-o alt\u0103 \u201cni\u0219\u0103\u201d de-a lui! \u2013 este ceea ce explicasem mai \u00eenainte)<\/p>\n<p>&nbsp;<\/p>\n<p><strong>Revenind la necesitatea (obligativitatea!!!) practicii<\/strong>:<\/p>\n<p>1.<u>Pentru a ajunge la deschiderea inimii \u0219i a canalului central<\/u> \u2013 este nevoie de practic\u0103. Este obligatorie, din p\u0103cate! pur \u0219i simplu \u2013 pentru c\u0103 aceste spa\u021bii sunt colmatate, \u00eenchise, disfunc\u021bionale \u2013 la cam to\u021bi oamenii din ziua de azi.<\/p>\n<p>Vorbim aici despre exerci\u021bii energetice specifice (de deschidere a inimii, de cur\u0103\u021bate a chakrelor, a canalului central, etc, adic\u0103 ceea ce facem noi \u00een mod curent la sal\u0103, zilnic)<\/p>\n<p>&nbsp;<\/p>\n<p>2.Vorbim apoi despre o <u>practic\u0103 comportamental\u0103<\/u>, de zi cu zi, care ajut\u0103 la deschiderea inimii (compasiune, <em>bodhicitta<\/em>, empatie, vezi \u0219i <u>algoritmii spirituali pt \u00eencep\u0103tori<\/u>, etc.). Practicile comportamentale \u0219i de atitudine interioar\u0103 &#8211; sunt un fel de \u201cpractic\u0103 preliminar\u0103\u201d pentru exerci\u021biile mai complicate. Sau, dac\u0103 nu ca \u0219i practici preliminare &#8211; ar trebui <u>f\u0103cute obligatoriu<\/u> \u2013 \u00een paralel cu acestea.<\/p>\n<p>Dar doar acestea singure &#8211; NU cur\u0103\u021b\u0103 canalul central, din p\u0103cate&#8230;, \u0219i NU te \u00eenva\u021b\u0103 centarea!<\/p>\n<p>&nbsp;<\/p>\n<p>3. Apoi trebuie <u>S\u0102 \u00ceNVE\u021aI CEEA CE \u00ceNSEAMN\u0102 CENTRARE<\/u>: tocmai pentru a nu c\u0103dea \u00een capcanele mai-sus men\u021bionate&#8230;<\/p>\n<p>Ori asta se \u00eent\u00e2mpl\u0103 numai dup\u0103 3-4-X ani de exerci\u021bii sus\u021binute (yoga, \u00een special; sau, din nou, avem noi tehnici de respira\u021bie, exerci\u021bii anume pentru centrare, medita\u021bie \u201cf\u0103cut\u0103\u201d \u00eentr-un anume fel, etc.)<\/p>\n<p>C\u00e2nd vei sim\u021bi, cu adev\u0103rat, ce \u00eenseamn\u0103 centrarea, vei vedea c\u0103, p\u00e2n\u0103 atunci \u2013 doar te-ai p\u0103c\u0103lit, doar \u021bi-ai \u00eenchipui tu c\u0103 \u201cai ajuns \u00een centrul t\u0103u\u201d (=slogan spiritual!)&#8230;<\/p>\n<p>P\u00e2n\u0103 c\u00e2nd <em>nu sim\u021bi<\/em>, centrarea, concret, prin practic\u0103, nici NU \u0218TII m\u0103car despre ce este vorba:<u> trebuie s\u0103 \u00eenve\u021bi asta de la cineva, \u0219i apoi s\u0103 practici asta, p\u00e2n\u0103 c\u00e2nd starea respectiv\u0103 se va stabiliza \u00een tine.<\/u><\/p>\n<p>&nbsp;<\/p>\n<p>4.<u>Lini\u0219tirea min\u021bii<\/u> se ob\u021bine NUMAI prin medita\u021bie, practic\u0103 cu mantre, etc. (nu intr\u0103m \u00een detalii acum, am vorbit mult despre asta, avem exerci\u021bii, desigur&#8230; \u0218i&#8230; tot \u201cdesigur\u201d, sunt \u0219i aici alte capcane&#8230;)<\/p>\n<p>&nbsp;<\/p>\n<p>Toate acestea reprezint\u0103 <u>componentele acelui <\/u><u>\u201csalt interior<\/u>\u201d. F\u0103r\u0103 un spa\u021biu curat, cu frecven\u021be extreme de rafinate, f\u0103r\u0103 lini\u0219te mental\u0103, f\u0103r\u0103 centrare\u2026 nu se \u00eent\u00e2mpl\u0103 nimic! Doar ne p\u0103c\u0103lim c\u0103 facem asta (=ego spiritual! =CAPCAN\u0102!!!)<\/p>\n<p>&nbsp;<\/p>\n<p><strong><em>Pentru asta este deci nevoie absolut\u0103 de practic\u0103. <\/em><\/strong><\/p>\n<p><strong><em>Dar nu numai at\u00e2t: practica respectiv\u0103 trebuie s\u0103 \u201cating\u0103 toate obiectivele\u201d men\u021bionate, \u0219i, \u00een plus, s\u0103 fie coerent\u0103.<\/em><\/strong><\/p>\n<p>&nbsp;<\/p>\n<p><strong>\u0218i ideal ar fi ca practica s\u0103 fie condus\u0103 de un maestru<\/strong>&#8230; asta, pentru c\u0103 te-ai referit \u00een comentariul t\u0103u &#8211; \u0219i la mae\u0219trii.<\/p>\n<p>* De ce? Pentru c\u0103 exist\u0103 o practic\u0103 \u201cgeneral\u0103\u201d, exerci\u021bii foarte bune pt toat\u0103 lumea, s\u0103 spunem.<\/p>\n<p>* Dar mai exist\u0103 apoi o practic\u0103 individual\u0103, o<em> sadhana <\/em>personal\u0103, adaptat\u0103 fiec\u0103ruia, \u00een func\u021bie de \u201cnevoile\u201d, dezechilibrele, blocajele, evolu\u021bia\/non-evolu\u021bia respectivului.<\/p>\n<p>Iar aceasta ar trebui \u201cv\u0103zut\u0103\u201d \u0219i stabilit\u0103 de c\u0103tre un maestru.<\/p>\n<p>Iar apoi practicantul \u2013 ar trebui chiar S\u0102 FAC\u0102 ceea ce i se sugereaz\u0103\u2026<\/p>\n<p><em>Am s\u0103-l citez aici pe Radu, referindu-se la ceea ce facem noi aici:<\/em><\/p>\n<p><em>\u201c<\/em><em>Construc\u0163ia este \u00een dublu sens:<\/em><\/p>\n<p><em>&#8211; Din partea Indrei, de a ne \u00eendruma \u015fi ajuta s\u0103 evolu\u0103m. \u015etie \u015fi cum s\u0103 o fac\u0103 \u015fi ce poate fiecare. Nu insist \u00een am\u0103nunte, le \u015ftie fiecare foarte bine.<\/em><\/p>\n<p><em>&#8211; Din partea fiec\u0103ruia dintre noi, de a ne ridica mereu calitatea interioar\u0103, mereu, \u00een tot ce facem \u015fi astfel s\u0103 ne ajut\u0103m \u015fi la ridicarea calit\u0103\u0163ii vie\u0163ii proprii, dar \u015fi a celor din jurul nostru. \u015ei totul porne\u015fte de la fundamentul de baz\u0103, care trebuie s\u0103 fie solid \u015fi de nezdruncinat.\u201d<\/em><\/p>\n<p>\u0218tii, nimic nu-\u021bi cade din cer: poate doar un maestru! Dar dac\u0103 tu nu faci nimic cu el&#8230;<\/p>\n<p>&nbsp;<\/p>\n<p><strong>A\u0219a <em>ESTE<\/em>: CONSTRUC\u021aIA ESTE \u00ceN DUBLU SENS!<\/strong><\/p>\n<p>&nbsp;<\/p>\n<p>* \u0218i \u00eenc\u0103 ceva: un maestru real va \u0219tii s\u0103 te avertizeze c\u00e2nd tocmai ai c\u0103zut\/ sau te preg\u0103te\u0219ti s\u0103 cazi \u2013 \u00eentr-una dintre aceste numeroase capcane! Totul e s\u0103-l ascul\u021bi, s\u0103-l auzi, s\u0103 \u0219i faci apoi ce-\u021bi va spune el s\u0103 faci&#8230;<\/p>\n<p>* Tot referitor la mae\u0219trii:<\/p>\n<p>Iat\u0103 \u0219i o alt\u0103 variant\u0103\u2026 tot de\u2026 PRACTIC\u0102! Pentru c\u0103 si asta este tot o practic\u0103!<\/p>\n<p><strong><em>Satsang<\/em><\/strong><strong> &#8211;<\/strong> \u00eenseamn\u0103 a sta \u00een preajma maestrului<em>, <\/em>\u0219i \u201ca absorbi starea lui\u201d, \u201ca te impregna de starea lui\u201d\u2026 dar pt asta trebuie s\u0103 fii DESCHIS; DESCHIS!!! RECEPTIV, s\u0103 fii ca un burete care absoarbe starea maestrului, s\u0103 devii una cu maestrul t\u0103u\u2026 \u0219i astfel \u021bi se va transfera c\u00e2te ceva din lini\u0219tea lui \u0219i din centrarea lui \u0219i din non-mintea lui\u2026<\/p>\n<p>Este ceva extraordinar! A sta \u00een preajma maestrului, a te l\u0103sa p\u0103truns \u0219i transformat de c\u0103tre frecven\u021bele lui\u2026<\/p>\n<p><em>Dar asta nu se \u00eent\u00e2mpl\u0103 dec\u00e2t c\u00e2nd inima ta este larg deschis\u0103 \u2013 m\u0103car spre acel maestru, c\u00e2nd \u00eel iube\u0219ti, c\u00e2nd te abandonezi lui\u2026;<\/em> nu c\u00e2nd vii doar ca s\u0103 faci ni\u0219te exerci\u021bii \u201cpt corpul meu, s\u0103-mi fie mie bine\u201d\u2026 sau c\u00e2nd consideri tu \u201cc\u0103 \u0219tiu eu mai bine ce am de luat din acele exerci\u021bii\u201d, c\u00e2nd judeci mereu \u2013 ce face\/spune\/practic\u0103 maestrul respectiv, etc.: asta ca s\u0103 m\u0103 refer, din nou, la comentariul t\u0103u.<\/p>\n<p><em>Este o stare cu totul special\u0103 \u0219i rar\u0103, de iubire, de comuniune\u2026<\/em><\/p>\n<p>\u0218i, \u00een plus, <em>ea trebuie s\u0103 devin\u0103\u2026 <strong>o stare<\/strong><\/em>: nu ajunge ca s\u0103 \u021bi se \u00eent\u00e2mple asta doar o dat\u0103\u2026, starea va disp\u0103rea apoi rapid, se va pierde \u00een mla\u0219tina cotidian\u0103\u2026(poate c\u0103 va r\u00e2m\u0103ne doar o eventual\u0103 amintire, dar care \u0219i ea va contribui la ego-ul spiritual: \u201cuite ce am tr\u0103it eu atunci\u201d\u2026: = din nou \u2013 capcan\u0103! din nou \u2013 c\u0103dere!)<\/p>\n<p>&nbsp;<\/p>\n<p>\u00cenc\u0103 o dat\u0103, ne referim aici la acel \u201cs\u0103rit \u00een centru\u201d, care este, de fapt, metoda ultim\u0103, cea mai rafinat\u0103, eficient\u0103 \u0219i rapid\u0103 \u2013 de evolu\u021bie, \u00een acela\u0219i timp rezolv\u00e2nd \u201cdin mers\u201d &#8211; toate \u201cnepl\u0103cerile\u201d omene\u0219ti: programe mentale, ata\u0219amente, identific\u0103ri, etc. etc. etc.<\/p>\n<p>At\u00e2ta doar c\u0103 iat\u0103, nu este chiar simplu, necesit\u0103 MULT\u0102 MUNC\u0102, TENACITATE\u2026, PRACTIC\u0102!<\/p>\n<p>(Pentru ceilal\u021bi \u2013 r\u0103m\u00e2n metodele \u201cmai c\u0103ldu\u021be\u201d \u2013 de a cocheta, \u00een continuare, cu programele lor, de a le mai selecta, de a face tot felul de compromisuri, de a te mai duce la o psihoterapie, pu\u021bin reiki, vreo \u201ctehnic\u0103 de deblocare\u201d, vreun masaj mai special, etc., bune \u0219i ele, desigur, \u00een lips\u0103 de altceva\u2026)<\/p>\n<p>&nbsp;<\/p>\n<p><strong>\u201c<\/strong><strong>A s\u0103ri \u00een centru\u201d &#8211; \u00ee<\/strong><strong>nseamn\u0103, apoi, a func\u021biona de aici, \u201c a sta aici\u201d din ce \u00een ce mai mult, \u00een acel centru\u2026, apoi a func\u021biona de aici &#8211; permanent\u2026<\/strong><\/p>\n<p>Dac\u0103 doar ai \u00een\u021beles ni\u0219te concepte, a-\u021bi \u00eenchipui c\u0103 nu ai nevoie de practic\u0103 \u2013 este doar o MARE, IMENS\u0102, capcan\u0103 a ego-ului spiritual: \u201c<em>EU<\/em> nu am nevoie de practic\u0103\u201d\u2026, \u201cm\u0103 descurc <em>EU <\/em> \u0219i singur\u201d, \u201c\u0219tiu <em>EU <\/em>mai bine de ce am nevoie\u201d, etc&#8230;: sau, capcana \u0219i mai mare, c\u0103 deja &#8211; \u201cai ajuns\u201d\u2026<\/p>\n<p>\u0218i \u00eenc\u0103 ceva: mai bine s\u0103 fii tu super-evoluat, \u0219i s\u0103 nu te consideri a\u0219a, practic\u00e2nd \u00een continuare\u2026 (ceea ce ar fi o dovad\u0103 de smerenie interioar\u0103 \u0219i de non-ego), dec\u00e2t s\u0103 te crezi \u201cdeja ajuns\u201d &#8211; \u0219i s\u0103 nu practici nimic. \u0218i exact afirma\u021bia c\u0103 \u201ceu nu am nevoie de practic\u0103\u201d \u2013 este cea care te deconspir\u0103 c\u0103 nu ai \u00een\u021beles nimic \u00een mod real, \u0219i c\u0103 nu faci dec\u00e2t s\u0103 te la\u0219i leg\u0103nat de c\u0103tre iluziile ego-ului t\u0103u\u2026<\/p>\n<p>Iar abia c\u00e2nd \u201cvei fi ajuns\u201d \u2013 <strong>\u00een mod real, <\/strong>\u00een centrul t\u0103u, abia atunci\u2026 vei aprecia, vei iubi, <strong>vei tr\u0103i<\/strong> &#8211; cu adev\u0103rat, practica! \u0218i o vei face \u00een continuu, pentru c\u0103 ea deja a devenit parte din tine!<\/p>\n<p>(p\u00e2n\u0103 atunci \u2013 doar te p\u0103c\u0103le\u0219ti! = ego-spiritual, capcan\u0103!)<\/p>\n<p>Practica \u00eenseamn\u0103 o munc\u0103 de o via\u021ba: pentru c\u0103, dac\u0103 ai \u00een\u021beles \u201ccorect\u201d calea spiritual\u0103, Dhamma, <strong>PRACTICA, DEVINE, la un moment dat, VIA\u021aA TA!<\/strong><\/p>\n<p>\u0218i asta este valabil pentru oricine, inclusiv pentru maestru: el nu se va opri niciodat\u0103 din practic\u0103\u2026<\/p>\n<p>Iat\u0103 deci, un fel de concluzie:<strong> PRACTICA AR TREBUI S\u0102 DEVIN\u0102 VIA\u021aA TA!<\/strong><\/p>\n<p>Practic\u0103 \u2013 \u00eenseamn\u0103 yoga, <em>pranayama,<\/em> medita\u021bie\u2026 dar \u00eenseamn\u0103 \u0219i con\u0219tientizarea, starea de martor,<em> bodhicitta, <\/em>algoritmii spirituali\u2026 Ori asta \u00eenseamn\u0103 PRACTIC\u0102 ZILNIC\u0102, CONTINU\u0102, NE\u00ceNTRERUPT\u0102\u2026<\/p>\n<p>&nbsp;<\/p>\n<p>Dar, da &#8211; la \u00eenceput trebuie ni\u0219te exerci\u021bii, \u0219i o disciplin\u0103 a practicii, impus\u0103 \u2013 pt c\u0103 pur \u0219i simplu nu \u0219tii de unde s\u0103 \u00eencepi, nu \u0219tii cum s\u0103 ajungi acolo\u2026, iar mai apoi, nu \u0219tii cum s\u0103 r\u0103m\u00e2i acolo\u2026<\/p>\n<p>Dar acelea\u0219i exerci\u021bii \u2013 te vor duce din ce \u00een ce mai departe\u2026<\/p>\n<p>Cu condi\u021bia\u2026 s\u0103 practici!<\/p>\n<p>&nbsp;<\/p>\n<p>Indra<\/p>\n<p>&nbsp;<\/p>\n<p><a href=\"http:\/\/lila-spirit.ro\/wp\/?page_id=2725\"><em>Despre <strong><u>cum <\/u>practici<\/strong>\u2026 asta este o alt\u0103 poveste, exist\u0103 textul lui Gabi C (click aici).\u2026<\/em><\/a><\/p>\n<p>&nbsp;<\/p>\n","protected":false},"excerpt":{"rendered":"<p>Este un comentariu-\u00eentrebare al Oanei, referitor la programele mentale \u0219i la ceea ce am propus eu acolo \u201ca s\u0103ri \u00een centru\u2026\u201d: \u00a0 &#8211; Namaste, Indra! Un maestru nu se recunoa\u015fte, nu se vede, nu se simte, nu intr\u0103 \u00een \u015fabloane, nu iese din tipare \u015fi n-are nevoie de validarea nim\u0103nui, neraport\u00e2ndu-se la percep\u021bii exterioare iluzorii [&hellip;]<\/p>\n","protected":false},"author":1,"featured_media":0,"parent":2617,"menu_order":0,"comment_status":"closed","ping_status":"closed","template":"","meta":[],"_links":{"self":[{"href":"https:\/\/lila-spirit.ro\/wp\/index.php?rest_route=\/wp\/v2\/pages\/2739"}],"collection":[{"href":"https:\/\/lila-spirit.ro\/wp\/index.php?rest_route=\/wp\/v2\/pages"}],"about":[{"href":"https:\/\/lila-spirit.ro\/wp\/index.php?rest_route=\/wp\/v2\/types\/page"}],"author":[{"embeddable":true,"href":"https:\/\/lila-spirit.ro\/wp\/index.php?rest_route=\/wp\/v2\/users\/1"}],"replies":[{"embeddable":true,"href":"https:\/\/lila-spirit.ro\/wp\/index.php?rest_route=%2Fwp%2Fv2%2Fcomments&post=2739"}],"version-history":[{"count":7,"href":"https:\/\/lila-spirit.ro\/wp\/index.php?rest_route=\/wp\/v2\/pages\/2739\/revisions"}],"predecessor-version":[{"id":2747,"href":"https:\/\/lila-spirit.ro\/wp\/index.php?rest_route=\/wp\/v2\/pages\/2739\/revisions\/2747"}],"up":[{"embeddable":true,"href":"https:\/\/lila-spirit.ro\/wp\/index.php?rest_route=\/wp\/v2\/pages\/2617"}],"wp:attachment":[{"href":"https:\/\/lila-spirit.ro\/wp\/index.php?rest_route=%2Fwp%2Fv2%2Fmedia&parent=2739"}],"curies":[{"name":"wp","href":"https:\/\/api.w.org\/{rel}","templated":true}]}}