{"id":2764,"date":"2016-02-28T18:39:45","date_gmt":"2016-02-28T18:39:45","guid":{"rendered":"http:\/\/lila-spirit.ro\/wp\/?page_id=2764"},"modified":"2016-02-28T18:39:45","modified_gmt":"2016-02-28T18:39:45","slug":"reguli-de-conduita-in-scoala-spirituala-lila","status":"publish","type":"page","link":"https:\/\/lila-spirit.ro\/wp\/?page_id=2764","title":{"rendered":"Reguli de conduit\u0103 \u00een \u0218coala spiritual\u0103 LiLA"},"content":{"rendered":"<ol>\n<li><strong>RESPECTUL<\/strong> pentru maestru, locul de practic\u0103 \u0219i ceilal\u021bi practican\u021bi este indispensabil:<\/li>\n<\/ol>\n<p>&#8211; \u00eencerc\u0103m s\u0103 <strong>nu \u00eent\u00e2rziem<\/strong>, anun\u021b\u0103m \u00eent\u00e2rzierile<\/p>\n<p><strong>\u00a0\u00a0\u00a0\u00a0\u00a0\u00a0\u00a0\u00a0\u00a0\u00a0\u00a0\u00a0 \u00a0\u00a0\u00a0\u00a0 &#8211; nu \u00eentrerupem <\/strong>practica<\/p>\n<p><strong>\u00a0\u00a0\u00a0\u00a0\u00a0\u00a0\u00a0\u00a0\u00a0\u00a0\u00a0\u00a0 \u00a0\u00a0\u00a0\u00a0 &#8211; \u00eenchidem telefoanele<\/strong> \u00een timpul practicii<\/p>\n<p><strong>\u00a0\u00a0\u00a0\u00a0\u00a0\u00a0\u00a0\u00a0 \u00a0\u00a0\u00a0\u00a0\u00a0\u00a0 \u00a0 &#8211; facem ordine\/cur\u0103\u021benie<\/strong> la locul de practic\u0103<\/p>\n<p><strong>\u00a0\u00a0\u00a0\u00a0\u00a0\u00a0 \u00a0\u00a0\u00a0\u00a0\u00a0\u00a0\u00a0\u00a0\u00a0\u00a0\u00a0 &#8211;<\/strong> <strong>suntem binevoitori<\/strong> cu cei din jur<\/p>\n<p>&nbsp;<\/p>\n<ol start=\"2\">\n<li><strong>T\u0102CEREA <\/strong>este obligatorie. Nu vorbim chiar dac\u0103 cei din jur o fac.<\/li>\n<\/ol>\n<p>\u00centreb\u0103rile \u00ee\u0219i g\u0103sesc r\u0103spunsul pe parcursul frecvent\u0103rii \u0219colii.<\/p>\n<p>Pentru \u00eenceput <strong>doar practic\u0103m, doar ascult\u0103m.<\/strong><\/p>\n<p>&nbsp;<\/p>\n<ol start=\"3\">\n<li><strong> ATITUDINEA interioar\u0103 corect\u0103<\/strong><\/li>\n<\/ol>\n<p>&#8211; nimic nu ni se cuvine: <strong>suntem recunosc\u0103tori <\/strong><\/p>\n<p>&#8211; nu \u0219tim nimic: <strong>suntem deschi\u0219i<\/strong> pentru a putea \u00eenv\u0103\u021ba<\/p>\n<p>&#8211; \u00een\u021belegerea este rezultatul muncii personale:<strong> ne str\u0103duim<\/strong> cu adev\u0103rat<\/p>\n<p>&nbsp;<\/p>\n<ol start=\"4\">\n<li>Practica este<strong> PERSONAL\u0102. <\/strong><\/li>\n<\/ol>\n<p><strong>Nu judec\u0103m si nu coment\u0103m <\/strong>comportamentul celor din jur. Reflect\u0103m <strong>doar <\/strong>la propriul comportament.<\/p>\n<p>&nbsp;<\/p>\n<p><em>Mul\u021bumim tuturor pentru bun\u0103voin\u021ba de a respecta aceste reguli!<\/em><\/p>\n","protected":false},"excerpt":{"rendered":"<p>RESPECTUL pentru maestru, locul de practic\u0103 \u0219i ceilal\u021bi practican\u021bi este indispensabil: &#8211; \u00eencerc\u0103m s\u0103 nu \u00eent\u00e2rziem, anun\u021b\u0103m \u00eent\u00e2rzierile \u00a0\u00a0\u00a0\u00a0\u00a0\u00a0\u00a0\u00a0\u00a0\u00a0\u00a0\u00a0 \u00a0\u00a0\u00a0\u00a0 &#8211; nu \u00eentrerupem practica \u00a0\u00a0\u00a0\u00a0\u00a0\u00a0\u00a0\u00a0\u00a0\u00a0\u00a0\u00a0 \u00a0\u00a0\u00a0\u00a0 &#8211; \u00eenchidem telefoanele \u00een timpul practicii \u00a0\u00a0\u00a0\u00a0\u00a0\u00a0\u00a0\u00a0 \u00a0\u00a0\u00a0\u00a0\u00a0\u00a0 \u00a0 &#8211; facem ordine\/cur\u0103\u021benie la locul de practic\u0103 \u00a0\u00a0\u00a0\u00a0\u00a0\u00a0 \u00a0\u00a0\u00a0\u00a0\u00a0\u00a0\u00a0\u00a0\u00a0\u00a0\u00a0 &#8211; suntem binevoitori cu cei din jur &nbsp; T\u0102CEREA este obligatorie. [&hellip;]<\/p>\n","protected":false},"author":1,"featured_media":0,"parent":16,"menu_order":0,"comment_status":"closed","ping_status":"closed","template":"","meta":[],"_links":{"self":[{"href":"https:\/\/lila-spirit.ro\/wp\/index.php?rest_route=\/wp\/v2\/pages\/2764"}],"collection":[{"href":"https:\/\/lila-spirit.ro\/wp\/index.php?rest_route=\/wp\/v2\/pages"}],"about":[{"href":"https:\/\/lila-spirit.ro\/wp\/index.php?rest_route=\/wp\/v2\/types\/page"}],"author":[{"embeddable":true,"href":"https:\/\/lila-spirit.ro\/wp\/index.php?rest_route=\/wp\/v2\/users\/1"}],"replies":[{"embeddable":true,"href":"https:\/\/lila-spirit.ro\/wp\/index.php?rest_route=%2Fwp%2Fv2%2Fcomments&post=2764"}],"version-history":[{"count":1,"href":"https:\/\/lila-spirit.ro\/wp\/index.php?rest_route=\/wp\/v2\/pages\/2764\/revisions"}],"predecessor-version":[{"id":2765,"href":"https:\/\/lila-spirit.ro\/wp\/index.php?rest_route=\/wp\/v2\/pages\/2764\/revisions\/2765"}],"up":[{"embeddable":true,"href":"https:\/\/lila-spirit.ro\/wp\/index.php?rest_route=\/wp\/v2\/pages\/16"}],"wp:attachment":[{"href":"https:\/\/lila-spirit.ro\/wp\/index.php?rest_route=%2Fwp%2Fv2%2Fmedia&parent=2764"}],"curies":[{"name":"wp","href":"https:\/\/api.w.org\/{rel}","templated":true}]}}