{"id":2817,"date":"2016-07-02T13:52:30","date_gmt":"2016-07-02T13:52:30","guid":{"rendered":"http:\/\/lila-spirit.ro\/wp\/?page_id=2817"},"modified":"2016-07-02T13:52:30","modified_gmt":"2016-07-02T13:52:30","slug":"cd-vipassana-de-la-o-tehnica-la-esenta","status":"publish","type":"page","link":"https:\/\/lila-spirit.ro\/wp\/?page_id=2817","title":{"rendered":"CD: VIPASSANA, de la o tehnic\u0103 &#8211; la Esen\u021b\u0103&#8230;"},"content":{"rendered":"<p><span id=\"yui_3_16_0_ym19_1_1467136382300_275364\" style=\"font-size: medium;\">CD-ul con\u021bine explica\u021bii, comentarii referitoare la tehnica de medita\u021bie: comentarii clasice, dar \u0219i prin prisma abord\u0103rilor particulare ale \u0218colii noastre&#8230; Oferim astfel noi abord\u0103ri, noi sensuri, noi subtilit\u0103\u021bi&#8230; <\/span><\/p>\n<p><span id=\"yui_3_16_0_ym19_1_1467136382300_275364\" style=\"font-size: medium;\">\u00cen plus &#8211; c\u00e2teva medita\u021bii ghidate, legate tocmai de aceste explica\u021bii, de variantele mai subtile de lucru ale Vipassanei&#8230;<\/span><\/p>\n<p>Iat\u0103 doar un fragment, mult mai mult &#8211; pe CD; la fel &#8211; g\u0103si\u021bi acolo exers\u0103rile concrete&#8230;:<\/p>\n<ul>\n<li data-setdir=\"false\">\u201dVipassana este cunoscut\u0103 ca tehnic\u0103&#8230;, dar mai mult, dac\u0103 o \u00een\u021belegi, o practici \u0219i o sim\u021bi, vei vedea c\u0103 ea este o <strong><u>CALE<\/u><\/strong>&#8230;, cu mai mul\u021bi pa\u0219i, cu mai multe trepte, <strong>O CALE SPRE INTERIORUL T\u0102U, SPRE CENTRU, SPRE SINE, spre ESEN\u021a\u0102&#8230;<\/strong><\/li>\n<li>Este <strong>T<\/strong><strong>ehnica cea mai <\/strong><strong>\u201c<\/strong><strong>apropiat\u0103<\/strong><strong>\u201d de practicant\u2026<\/strong><\/li>\n<li><em>Secretul Vipassanei este c\u0103 <strong><u>folose\u0219te respira\u021bia ca vehicul al aten\u021biei,<\/u><\/strong><u> <strong>permi\u021b\u00e2ndu-\u021bi astfel o interiorizare din ce \u00een ce mai profund\u0103, p\u00e2n\u0103 c\u00e2nd vei ajunge, folosind respira\u021bia, \u00een interiorul t\u0103u, la Sinele t\u0103u, la Esen\u021b\u0103<\/strong><\/u><strong>\u2026<\/strong><\/em><\/li>\n<\/ul>\n<p>Este \u0219i <strong>tehnica cea mai paradoxal\u0103: at\u00e2t de simpl\u0103 \u0219i totu\u0219i, at\u00e2t de complex\u0103&#8230;<\/strong><\/p>\n<p>Prin simplitatea ei, prin lipsa ei de ornamente, prin claritate, Vipassana\u00a0 este o esen\u021b\u0103 a medita\u021biilor, reprezint\u0103 chintesen\u021ba <strong>artei de a fi prezent, a artei de A fi.<\/strong><\/p>\n<p>Apoi &#8211; tot ceea ce \u00eenseamn\u0103 \u201cmedita\u021bie\u201d, toate valen\u021bele medita\u021biei \u2013 vor fi reg\u0103site \u00een Vipassana\u2026<\/p>\n<p><u>Depinde de modul \u00een care o exersezi<\/u>, depinde de \u201cvalen\u021ba\u201d pe care o accentuezi, vei face diferi\u021bi pa\u0219i, vei trece prin diferite etape&#8230; <em><u>ACEASTA ESTE <strong>\u201c<\/strong><\/u><\/em><strong><em><u>ABORDAREA LiLA<\/u><\/em><\/strong><strong><em>\u201d. <\/em><\/strong><\/p>\n<p>Ea ofer\u0103 toate treptele, care sunt \u00eens\u0103 \u00eenl\u0103n\u021buite \u00eentr-o <strong><u>spiral\u0103 interioar\u0103,<\/u><\/strong> ele decurg unul dintr-altul, \u0219i ele toate converg, te conduc &#8211; spre <strong>Natura real\u0103 a lucrurilor\u2026<\/strong><\/p>\n<p data-setdir=\"false\"><strong><em>Ca percep\u021bie, ca experimentare direct\u0103!&#8230;\u201d <\/em><\/strong><br \/>\n(vezi desenul nostru, explica\u021biile sunt \u00een \u00eenregistr\u0103rile de pe CD)<\/p>\n<p data-setdir=\"false\">\n<p data-setdir=\"false\"><a href=\"http:\/\/lila-spirit.ro\/wp\/wp-content\/uploads\/2016\/07\/Coperta-CD-VIPASSANA.jpg\"><img loading=\"lazy\" class=\"aligncenter size-large wp-image-2818\" src=\"http:\/\/lila-spirit.ro\/wp\/wp-content\/uploads\/2016\/07\/Coperta-CD-VIPASSANA-1024x512.jpg\" alt=\"Coperta CD - VIPASSANA\" width=\"1024\" height=\"512\" srcset=\"https:\/\/lila-spirit.ro\/wp\/wp-content\/uploads\/2016\/07\/Coperta-CD-VIPASSANA-1024x512.jpg 1024w, https:\/\/lila-spirit.ro\/wp\/wp-content\/uploads\/2016\/07\/Coperta-CD-VIPASSANA-300x150.jpg 300w\" sizes=\"(max-width: 1024px) 100vw, 1024px\" \/><\/a><\/p>\n<p data-setdir=\"false\"><em>Se poate comanda de la Casa LiLA, sau trimite prin po\u0219t\u0103&#8230;<\/em><\/p>\n<p data-setdir=\"false\"><em>pre\u021b: 60 lei<\/em><\/p>\n","protected":false},"excerpt":{"rendered":"<p>CD-ul con\u021bine explica\u021bii, comentarii referitoare la tehnica de medita\u021bie: comentarii clasice, dar \u0219i prin prisma abord\u0103rilor particulare ale \u0218colii noastre&#8230; Oferim astfel noi abord\u0103ri, noi sensuri, noi subtilit\u0103\u021bi&#8230; \u00cen plus &#8211; c\u00e2teva medita\u021bii ghidate, legate tocmai de aceste explica\u021bii, de variantele mai subtile de lucru ale Vipassanei&#8230; Iat\u0103 doar un fragment, mult mai mult &#8211; [&hellip;]<\/p>\n","protected":false},"author":1,"featured_media":2818,"parent":216,"menu_order":0,"comment_status":"closed","ping_status":"closed","template":"","meta":[],"_links":{"self":[{"href":"https:\/\/lila-spirit.ro\/wp\/index.php?rest_route=\/wp\/v2\/pages\/2817"}],"collection":[{"href":"https:\/\/lila-spirit.ro\/wp\/index.php?rest_route=\/wp\/v2\/pages"}],"about":[{"href":"https:\/\/lila-spirit.ro\/wp\/index.php?rest_route=\/wp\/v2\/types\/page"}],"author":[{"embeddable":true,"href":"https:\/\/lila-spirit.ro\/wp\/index.php?rest_route=\/wp\/v2\/users\/1"}],"replies":[{"embeddable":true,"href":"https:\/\/lila-spirit.ro\/wp\/index.php?rest_route=%2Fwp%2Fv2%2Fcomments&post=2817"}],"version-history":[{"count":1,"href":"https:\/\/lila-spirit.ro\/wp\/index.php?rest_route=\/wp\/v2\/pages\/2817\/revisions"}],"predecessor-version":[{"id":2819,"href":"https:\/\/lila-spirit.ro\/wp\/index.php?rest_route=\/wp\/v2\/pages\/2817\/revisions\/2819"}],"up":[{"embeddable":true,"href":"https:\/\/lila-spirit.ro\/wp\/index.php?rest_route=\/wp\/v2\/pages\/216"}],"wp:featuredmedia":[{"embeddable":true,"href":"https:\/\/lila-spirit.ro\/wp\/index.php?rest_route=\/wp\/v2\/media\/2818"}],"wp:attachment":[{"href":"https:\/\/lila-spirit.ro\/wp\/index.php?rest_route=%2Fwp%2Fv2%2Fmedia&parent=2817"}],"curies":[{"name":"wp","href":"https:\/\/api.w.org\/{rel}","templated":true}]}}