{"id":2831,"date":"2016-08-31T11:49:57","date_gmt":"2016-08-31T11:49:57","guid":{"rendered":"http:\/\/lila-spirit.ro\/wp\/?page_id=2831"},"modified":"2016-09-15T15:26:05","modified_gmt":"2016-09-15T12:26:05","slug":"despre-disciplina-practicii-cateva-scurte-observatii","status":"publish","type":"page","link":"https:\/\/lila-spirit.ro\/wp\/?page_id=2831","title":{"rendered":"Despre disciplina practicii \u2013 c\u00e2teva scurte observa\u021bii\u2026"},"content":{"rendered":"<p>Disciplina practicii \u00eencepe <u>de la motiva\u021bia<\/u> pentru care suntem la o \u0219coal\u0103 spiritual\u0103: \u0219i anume aceea <u>c\u0103 suntem aici <strong>pentru c\u0103 vrem<\/strong> s\u0103 fim aici<\/u>. Nimeni nu ne oblig\u0103 s\u0103 fim aici. Nu este ca la clasa \u00eent\u00e2i c\u00e2nd mergem obligatoriu la \u0219coal\u0103 chiar dac\u0103 suntem mult prea mici, nici ca la liceu c\u00e2nd p\u0103rin\u021bii nu \u0219tiu ce s\u0103 mai fac\u0103 pentru ca noi, liceenii, s\u0103 \u00eenv\u0103\u021b\u0103m \u0219i s\u0103 reu\u0219im la examenul de bacalaureat. De aceast\u0103 dat\u0103, la aceast\u0103 \u0219coal\u0103, alegem noi \u00een\u0219ine s\u0103 fim, \u00een cuno\u0219tin\u021b\u0103 de cauz\u0103, de aceea se presupune c\u0103 dorim s\u0103 o urm\u0103m. <u>Prin urmare <strong>din start<\/strong> exist\u0103 <strong>alt interes, alt\u0103 focusare, alt\u0103 disciplin\u0103<\/strong>, de acest\u0103 dat\u0103 <strong>autoimpus\u0103,<\/strong> pentru c\u0103 fiecare dore\u0219te cu adev\u0103rat s\u0103 fie la aceast\u0103 \u0219coal\u0103<\/u>.<\/p>\n<p>Sau cel pu\u021bin a\u0219a ar trebui s\u0103 fie dac\u0103&#8230;<\/p>\n<p>&#8230;dac\u0103 nu am fi seta\u021bi, dac\u0103 nu am avea programul preformat de cum s\u0103 te compor\u021bi la \u0219coala obi\u0219nuit\u0103 \u0219i nu ne-am comporta, incon\u0219tient, desigur, exact la fel&#8230; cu aceea\u0219i lips\u0103 de interes, cu aceea\u0219i suficien\u021b\u0103, cu aceea\u0219i senza\u021bie de coerci\u021bie exterioar\u0103.<\/p>\n<p>&#8230;dac\u0103 nu am fi seta\u021bi conform cu, nu am avea \u00een noi, scala valorilor societ\u0103\u021bii umane actuale, \u0219i nu ne-am comporta incon\u0219tient, desigur, respect\u00e2nd-o&#8230; \u00een loc s\u0103 respect\u0103m o scal\u0103 corect\u0103 de valori.<\/p>\n<p>\u00cen\u021belesul cuv\u00e2ntului <strong>AUTODISCIPLIN\u0102 <\/strong>devine astfel foarte complex \u0219i nu se refer\u0103 \u00een nici un caz numai la a fi prezent la sal\u0102 la ora corect\u0103 \u0219i nu cu zece minute mai t\u00e2rziu, de\u0219i se refer\u0103, bine\u00een\u021beles \u0219i la aceasta, <u>ci la \u00eentreaga atitudine fa\u021b\u0103 de practic\u0103, iar prin practic\u0103 se \u00een\u021belege \u00eentreaga via\u021b\u0103 \u0219i nu cele dou\u0103 ore de sal\u0103. Atitudine care ar trebui s\u0103 fie aceea de <strong>profund respect<\/strong> \u0219i <strong>continuu interes<\/strong><\/u><strong>&#8230;<\/strong><\/p>\n<p>Respect pentru \u00eenv\u0103\u021b\u0103turi \u0219i respect \u00een a le pune \u00een practic\u0103 <strong>pentru c\u0103 asta vrem noi s\u0103 facem!<\/strong> \u0219i nu pentru c\u0103 altcineva ne impune. <em>Nu numai a vorbi despre ele, <strong><u>ci a le pune \u00een practic\u0103<\/u><\/strong>, <strong><u>ci \u0219i a observa c\u0103 nu le aplic\u0103m<\/u><\/strong>!&#8230; \u0219i asta &#8211; continuu, tot timpul&#8230;; cum ar fi: s\u0103 cultiv\u0103m <u>t\u0103cerea<\/u> <u>tot timpul<\/u>, s\u0103 fim <u>centra\u021bi<\/u> <u>tot timpul<\/u>, s\u0103 ac\u021bion\u0103m conform celor <u>\u0219apte ani de acas\u0103<\/u> <u>tot timpul<\/u>&#8230; S\u0103 aplic\u0103m filozofia \u0219colii tot timpul sau m\u0103car s\u0103 avem inten\u021bia de a face asta tot timpul&#8230; sau m\u0103car s\u0103 \u0219tim c\u0103 asta ar trebui s\u0103 facem \u0219i poate vreodat\u0103, cine \u0219tie, ne vom comporta ca ni\u0219te adul\u021bi responsabili&#8230; poate? <\/em><\/p>\n<p>\u0218i ajungem din nou la no\u021biunea de responsabilitate mult discutat\u0103, mult teoretizat\u0103, nu \u0219tim dac\u0103 \u0219i \u00een\u021beleas\u0103, nu \u0219tim dac\u0103 \u0219i aplicat\u0103. <em>Adic\u0103 s\u0103 <strong>\u00eemi asum<\/strong> ceea ce fac, ce cred, ce spun, \u0219i s\u0103 <strong>fiu lucid<\/strong>, s\u0103 \u0219tiu clar ceea ce \u00eemi asum.<\/em> Desigur toate acestea difer\u0103 \u0219i ele \u00een func\u021bie de treapta de evolu\u021bie pe care m\u0103 situez, nimic nu se \u00eencadreaz\u0103 \u00een tipare fixe.<\/p>\n<p>Revenind la <strong>disciplina practicii<\/strong>, concluzia este c\u0103 aceasta se va transforma \u00eentr-<strong>o disciplin\u0103 a vie\u021bii<\/strong>, conform cu \u00eenv\u0103\u021b\u0103turile mae\u0219trilor care nu sunt doar teorie, nu sunt doar cuvinte moarte, ci sunt energie de o anumit\u0103 calitate, calitate pe care ar trebui s\u0103 o reg\u0103sim \u00een vie\u021bile noastre.<\/p>\n<p>Aceasta este schimbarea despre care vorbim. Prefacerea fiin\u021bei este un lucru chiar real \u0219i aceasta este evolu\u021bia. Evolu\u021bie care nu se petrece spontan, ci este exact urmare a acelei autodiscipline pomenite mai \u00eenainte, f\u0103r\u0103 de care nimic nu este posibil.<\/p>\n<p><em>Gabi C., instructor LiLA<\/em><\/p>\n<p>&nbsp;<\/p>\n<div id=\"kpm_content_wrapper\" class=\"notranslate\"><\/div>\n","protected":false},"excerpt":{"rendered":"<p>Disciplina practicii \u00eencepe de la motiva\u021bia pentru care suntem la o \u0219coal\u0103 spiritual\u0103: \u0219i anume aceea c\u0103 suntem aici pentru c\u0103 vrem s\u0103 fim aici. Nimeni nu ne oblig\u0103 s\u0103 fim aici. Nu este ca la clasa \u00eent\u00e2i c\u00e2nd mergem obligatoriu la \u0219coal\u0103 chiar dac\u0103 suntem mult prea mici, nici ca la liceu c\u00e2nd p\u0103rin\u021bii [&hellip;]<\/p>\n","protected":false},"author":1,"featured_media":0,"parent":2840,"menu_order":0,"comment_status":"closed","ping_status":"closed","template":"","meta":[],"_links":{"self":[{"href":"https:\/\/lila-spirit.ro\/wp\/index.php?rest_route=\/wp\/v2\/pages\/2831"}],"collection":[{"href":"https:\/\/lila-spirit.ro\/wp\/index.php?rest_route=\/wp\/v2\/pages"}],"about":[{"href":"https:\/\/lila-spirit.ro\/wp\/index.php?rest_route=\/wp\/v2\/types\/page"}],"author":[{"embeddable":true,"href":"https:\/\/lila-spirit.ro\/wp\/index.php?rest_route=\/wp\/v2\/users\/1"}],"replies":[{"embeddable":true,"href":"https:\/\/lila-spirit.ro\/wp\/index.php?rest_route=%2Fwp%2Fv2%2Fcomments&post=2831"}],"version-history":[{"count":2,"href":"https:\/\/lila-spirit.ro\/wp\/index.php?rest_route=\/wp\/v2\/pages\/2831\/revisions"}],"predecessor-version":[{"id":2988,"href":"https:\/\/lila-spirit.ro\/wp\/index.php?rest_route=\/wp\/v2\/pages\/2831\/revisions\/2988"}],"up":[{"embeddable":true,"href":"https:\/\/lila-spirit.ro\/wp\/index.php?rest_route=\/wp\/v2\/pages\/2840"}],"wp:attachment":[{"href":"https:\/\/lila-spirit.ro\/wp\/index.php?rest_route=%2Fwp%2Fv2%2Fmedia&parent=2831"}],"curies":[{"name":"wp","href":"https:\/\/api.w.org\/{rel}","templated":true}]}}