{"id":2868,"date":"2016-09-13T15:41:30","date_gmt":"2016-09-13T12:41:30","guid":{"rendered":"https:\/\/lila-spirit.ro\/wp\/?page_id=2868"},"modified":"2016-09-15T15:46:23","modified_gmt":"2016-09-15T12:46:23","slug":"pentru-pacientii-terapeutilor-lila","status":"publish","type":"page","link":"https:\/\/lila-spirit.ro\/wp\/?page_id=2868","title":{"rendered":"Pentru pacien\u021bii terapeu\u021bilor LiLA&#8230;"},"content":{"rendered":"<h4><span style=\"color: #993366;\"><strong>\u00a0DESPRE TERAPIILE LiLA&#8230;<\/strong><\/span><\/h4>\n<p>&nbsp;<\/p>\n<p>Exist\u0103 multe tipuri de terapii, de la medicina clasic\u0103 &#8211; la homeopatie, flori Bach, tehnici energetice; \u0219i fiecare dintre ele sunt bazate pe anumite principii.<\/p>\n<p>Terapiile LiLA sunt bazate pe conceptele \u0219i filozofia \u0218colii spirituale LiLA, \u0219coal\u0103 de care acestea apar\u021bin.<\/p>\n<p>Astfel, conform conceptelor \u0218colii, omul, asemenea a tot, este o manifestare a Existen\u021bei:<\/p>\n<p>\u201cDumnezeul \u2013 Brahma creeaz\u0103 \u0219i recreeaz\u0103 \u00een fiecare clip\u0103 Universul&#8230;\u201d, spune Indra vorbind despre LiLA &#8211; Jocul cosmic, \u0219i despre LiLA &#8211; \u0218coala spiritual\u0103. \u201cPrin Gra\u021bie, prin Miracol, prin Manifestare&#8230; Dumnezeul se transform\u0103, clip\u0103 de clip\u0103, El \u00censu\u0219i &#8211; \u00een Univers&#8230; Este marele magician care se manifest\u0103 pe Sine \u00eensu\u0219i \u00een lume&#8230; Totul este fluid, totul curge, totul se transform\u0103 ne\u00eencetat&#8230; Dar \u00een acela\u0219i timp, totul este sacru: pentru c\u0103 totul provine din Dumnezeu, totul este Dumnezeu \u0219i totul se va \u00eentoarce \u00een Dumnezeu&#8230; \u00cen esen\u021ba sa, Lumea este perfect\u0103 pentru c\u0103 Dumnezeul este perfect\u201d.<\/p>\n<p>Desigur&#8230; Brahma sau Dumnezeu&#8230; sunt doar denumiri omene\u0219ti &#8211; a ceea ce nu poate fi numit, sunt doar \u00eencerc\u0103ri de a cuprinde cu mintea \u2013 ceea ce este de necuprins&#8230;<\/p>\n<p>&nbsp;<\/p>\n<p>Prin urmare, Dumnezeul se manifest\u0103 pe Sine &#8211; \u0219i prin om&#8230; Conform conceptelor \u0218colii, omul este o fr\u00e2ntur\u0103 din Existen\u021b\u0103; dar <em>o fr\u00e2ntur\u0103 cu o structur\u0103 energetic\u0103 complex\u0103, prin care ar trebui s\u0103 curg\u0103 fluxul Existen\u021bei, prin care ar trebui s\u0103 curg\u0103 liber energia Existen\u021bei<\/em>. Aceast\u0103 curgere nefiind altceva dec\u00e2t via\u021ba omului, cu tot ceea ce cuprinde ea; via\u021b\u0103, care, aliniat\u0103 Existen\u021bei, devine armonioas\u0103, frumoas\u0103, fericit\u0103.<\/p>\n<p>\u00cens\u0103 omul, prin toate manifest\u0103rile lui (de la g\u00e2nduri, la fapte, la concepte, la vorbe, la emo\u021bii) modific\u0103 coeren\u021ba \u0219i consisten\u021ba fluxurilor de energie care \u00eel compun; adic\u0103 interfer\u0103 cu fluxul Existen\u021bei. Rezult\u0103 Karma, destinul, de cele mai multe ori &#8211; boal\u0103, nefericire, durere&#8230;<\/p>\n<p>&nbsp;<\/p>\n<p><strong>\u00a0<\/strong><\/p>\n<p><strong>Ce fac terapiile LiLA ?<\/strong><\/p>\n<p>\u00cencearc\u0103 s\u0103 repun\u0103 omul \u00een fluxul Existen\u021bei&#8230; orice ar \u00eensemna asta; <em>pentru c\u0103 a fi aliniat la Existen\u021b\u0103 este cel mai bun lucru care i se poate \u00eent\u00e2mpla acestei fr\u00e2nturi pe care o numim om.<\/em><\/p>\n<p>Acest lucru nu \u00eenseamn\u0103 neap\u0103rat vindecarea fizic\u0103, pentru c\u0103 omul nu este numai corp&#8230; Din punctul de vedere al Existen\u021bei, nu exist\u0103 s\u0103n\u0103tate &#8211; boal\u0103, bun &#8211; r\u0103u,\u00a0 pedeaps\u0103 \u2013 recompens\u0103. \u00a0Acestea toate sunt doar etichete puse de o minte uman\u0103, limitat\u0103 \u0219i incon\u0219tient\u0103. Din punctul de vedere al Existen\u021bei nu exist\u0103 dec\u00e2t un echilibru absolut perfect \u00eentre cauz\u0103 \u2013 efect, armonie \u0219i curgere, transformare, evolu\u021bie&#8230;<\/p>\n<p>Terapeutul LiLA \u00een\u021belege ce \u00eenseamn\u0103 <em>cu adev\u0103rat<\/em> \u201cfac\u0103-se voia Domnului\u201d \u0219i faptul c\u0103 cel care poate vindeca este numai Universul.<\/p>\n<p>Acest lucru este bine s\u0103 fie \u00een\u021beles \u0219i de c\u0103tre pacient; \u0219i, \u00een plus, <em>faptul c\u0103 <strong>fiecare este<\/strong> <strong>responsabil, <\/strong>at\u00e2t pentru propria boal\u0103, c\u00e2t \u0219i pentru destinul lui, ele nefiind altceva dec\u00e2t reflexia propriei sale fiin\u021be.<\/em> Pentru c\u0103 lucrurile sunt mult prea complexe: nu poate gestiona nimeni miliardele de informa\u021bii din via\u021ba fiec\u0103ruia (\u0219i vorbim nu numai despre via\u021ba prezent\u0103, ci \u0219i despre toate cele trecute). Toate vie\u021bile, rela\u021biile, emo\u021biile, gre\u0219elile, violen\u021bele, sunt mult prea multe pentru a putea fi gestionate, \u00een\u021belese, rezolvate, vindecate omene\u0219te. Iar uneori \u00eenc\u0103p\u0103t\u00e2narea de a vindeca corpul sau de a for\u021ba anumite evenimente, se poate opune flagrant curgerii Existen\u021bei.<\/p>\n<p>&nbsp;<\/p>\n<p>Atunci ce fac terapiile LiLA?<\/p>\n<p>\u00cencerc\u0103 s\u0103 repun\u0103 omul \u00een fluxul Universului. Spunem c\u0103 \u201c\u00eencearc\u0103\u201d pentru c\u0103, da, terapeutul \u00ee\u0219i face treaba lui, dar <em>ideal ar fi ca \u0219i pacientul s\u0103 fac\u0103 acela\u0219i efort, de \u00een\u021belegere, con\u0219tientizare, schimbare, \u00eencredere<\/em>. \u201cDu-te \u0219i nu mai p\u0103c\u0103tui\u201d, spune Iisus&#8230;<\/p>\n<p>Prin urmare, caracteristica Terapiilor LiLA este aceea c\u0103 terapeutul nu intervine cu mintea \u0219i voin\u021ba sa \u00een actul terapeutic, adic\u0103 nu adaug\u0103 alte blocaje \u0219i alt\u0103 karm\u0103; din contr\u0103, <em>\u00eencearc\u0103 s\u0103 deblocheze, s\u0103 cure\u021be, s\u0103 fluidifice, pentru ca Existen\u021ba s\u0103 se poat\u0103 manifesta armonios.<\/em><\/p>\n<p>Este nevoie ca pacientul s\u0103 \u00een\u021beleag\u0103 \u0219i s\u0103 accepte toate aceste lucruri pentru a beneficia de terapiile LiLA.<\/p>\n<p>Terapeu\u021bii LiLA \u00eencearc\u0103 ei \u00een\u0219i\u0219i s\u0103 se supun\u0103 \u201cvoii Domnului\u201d, curgerii Existen\u021bei, pentru a nu perturba armonia \u0219i frumuse\u021bea Universului, lucru pe care \u00eencearc\u0103 s\u0103-l transmit\u0103 \u0219i pacien\u021bilor lor.<\/p>\n<p>\u00cen acela\u0219i timp, <em>terapiile LiLA lucreaz\u0103 asupra corpului energetic uman, debloc\u00e2nd, cur\u0103\u021b\u00e2nd, \u00eenc\u0103rc\u00e2nd apoi cu energie: ceea ce creaz\u0103 condi\u021biile perfecte pentru vindecare, schimbare, evolu\u021bie:<\/em> <em>dar a\u0219a cum o va g\u00e2ndi Universul \u2013 \u00een m\u0103iestria sa de neimaginat.<\/em><\/p>\n<p>Terapiile LiLA nu exclud \u0219i nici nu contravin medicinei alopate, ci \u00eencearc\u0103 s\u0103 lucreze sincron cu aceasta, dar conform principiilor \u0218colii. Exist\u0103 situa\u021bii de urgen\u021b\u0103 care au nevoie de interven\u021bii brutale, accesibile doar medicinei clasice; o boal\u0103 grav\u0103, creat\u0103 \u00een ani de erori, nu poate fi remediat\u0103 \u00eentr-o \u0219edin\u021b\u0103 de terapie, cu at\u00e2t mai mult cu c\u00e2t pacientul nu \u00een\u021belege \u0219i nu \u00ee\u0219i poate schimba imediat, \u00een mod fundamental, felul de a privi via\u021ba, de a tr\u0103i&#8230;<\/p>\n<p>Astfel <em>terapiile LiLA se \u00eenscriu \u00eentr-o alt\u0103 categorie de terapii, cu mult superioar\u0103 celor care au ca viz\u0103 doar vindecarea corpului.<\/em> <strong><em>Omul este privit \u00een ansamblul s\u0103u, ansamblu care cuprinde \u00eentreaga lui via\u021b\u0103 cu tot ce con\u021bine ea : trecut, rela\u021bii, servicii, familie&#8230; via\u021b\u0103 care are nevoie de vindecare, \u00een ansamblul ei.<\/em><\/strong><\/p>\n<p><em>\u00a0Terapiile LiLA \u00eencearc\u0103 s\u0103 ajute omul s\u0103 se lase tr\u0103it de Existen\u021b\u0103, s\u0103 se lase \u2013 \u00een mod con\u0219tient! tr\u0103it de Existen\u021b\u0103, printr-o stare permanent\u0103 de luciditate \u0219i prezen\u021b\u0103.<\/em><\/p>\n<p>Sau, altfel spus \u201cs\u0103 fac\u0103 voia Domnului\u201d, atitudine care este cea normal\u0103 \u0219i corect\u0103, singura care genereaz\u0103 armonie \u0219i vindecare&#8230; Vindecare nu numai a corpului fizic, ci \u0219i a sufletului, a destinului, a vie\u021bii, a karmei &#8230;<\/p>\n<p>Dr. Gabi Ciorbea<\/p>\n<p><a href=\"https:\/\/lila-spirit.ro\/wp\/wp-content\/uploads\/2016\/09\/stetoscop-LiLA-e1473943508360.jpg\"><img loading=\"lazy\" class=\"aligncenter size-full wp-image-2871\" src=\"https:\/\/lila-spirit.ro\/wp\/wp-content\/uploads\/2016\/09\/stetoscop-LiLA-e1473943508360.jpg\" alt=\"stetoscop-lila\" width=\"200\" height=\"213\" \/><\/a><\/p>\n<p>&nbsp;<\/p>\n<p>&nbsp;<\/p>\n<p>&nbsp;<\/p>\n<div id=\"kpm_content_wrapper\" class=\"notranslate\"><\/div>\n","protected":false},"excerpt":{"rendered":"<p>\u00a0DESPRE TERAPIILE LiLA&#8230; &nbsp; Exist\u0103 multe tipuri de terapii, de la medicina clasic\u0103 &#8211; la homeopatie, flori Bach, tehnici energetice; \u0219i fiecare dintre ele sunt bazate pe anumite principii. Terapiile LiLA sunt bazate pe conceptele \u0219i filozofia \u0218colii spirituale LiLA, \u0219coal\u0103 de care acestea apar\u021bin. Astfel, conform conceptelor \u0218colii, omul, asemenea a tot, este o [&hellip;]<\/p>\n","protected":false},"author":1,"featured_media":2982,"parent":102,"menu_order":0,"comment_status":"closed","ping_status":"closed","template":"","meta":[],"_links":{"self":[{"href":"https:\/\/lila-spirit.ro\/wp\/index.php?rest_route=\/wp\/v2\/pages\/2868"}],"collection":[{"href":"https:\/\/lila-spirit.ro\/wp\/index.php?rest_route=\/wp\/v2\/pages"}],"about":[{"href":"https:\/\/lila-spirit.ro\/wp\/index.php?rest_route=\/wp\/v2\/types\/page"}],"author":[{"embeddable":true,"href":"https:\/\/lila-spirit.ro\/wp\/index.php?rest_route=\/wp\/v2\/users\/1"}],"replies":[{"embeddable":true,"href":"https:\/\/lila-spirit.ro\/wp\/index.php?rest_route=%2Fwp%2Fv2%2Fcomments&post=2868"}],"version-history":[{"count":6,"href":"https:\/\/lila-spirit.ro\/wp\/index.php?rest_route=\/wp\/v2\/pages\/2868\/revisions"}],"predecessor-version":[{"id":2996,"href":"https:\/\/lila-spirit.ro\/wp\/index.php?rest_route=\/wp\/v2\/pages\/2868\/revisions\/2996"}],"up":[{"embeddable":true,"href":"https:\/\/lila-spirit.ro\/wp\/index.php?rest_route=\/wp\/v2\/pages\/102"}],"wp:featuredmedia":[{"embeddable":true,"href":"https:\/\/lila-spirit.ro\/wp\/index.php?rest_route=\/wp\/v2\/media\/2982"}],"wp:attachment":[{"href":"https:\/\/lila-spirit.ro\/wp\/index.php?rest_route=%2Fwp%2Fv2%2Fmedia&parent=2868"}],"curies":[{"name":"wp","href":"https:\/\/api.w.org\/{rel}","templated":true}]}}