{"id":2882,"date":"2016-09-14T16:31:06","date_gmt":"2016-09-14T13:31:06","guid":{"rendered":"https:\/\/lila-spirit.ro\/wp\/?page_id=2882"},"modified":"2016-09-14T16:46:50","modified_gmt":"2016-09-14T13:46:50","slug":"mandalele-lila-instrument-terapeutic","status":"publish","type":"page","link":"https:\/\/lila-spirit.ro\/wp\/?page_id=2882","title":{"rendered":"Mandalele LiLA &#8211; instrument terapeutic&#8230;"},"content":{"rendered":"<p><strong>Mandalele<\/strong> <strong>LiLA<\/strong> sunt imagini care con\u0163in informa\u0163ie codificat\u0103 \u00een desene \u015fi culori conform regulilor geometriei sacre. Mandalele genereaz\u0103 astfel \u00een jur un permanent c\u00e2mp de informa\u0163ie; prin acesta ele ac\u0163ioneaz\u0103 la un nivel foarte subtil, influen\u0163\u00e2nd informa\u0163ional \u015fi energetic diferitele tipuri de structuri, \u0219i devenind astfel, \u00eentr-un mod foarte concret, instrumente de purificare, de transmutare energetic\u0103, mental\u0103, emo\u021bional\u0103&#8230;, instrumente de rafinare a percep\u021biilor, de vindecare, de evolu\u021bie.<\/p>\n<p>Omul este un flux de energie\u2026; iar ceea ce numim noi \u201csubstan\u021b\u0103 fizic\u0103\u201d, este de fapt, o concentrare de forme de und\u0103 (frecven\u021be). Iar informa\u021bia precede manifestarea material\u0103&#8230;<\/p>\n<p>Omul este un sistem bio-energo-informa\u021bional deschis, foarte complex, cu o anumit\u0103 arhitectur\u0103, \u0219i desigur, av\u00e2nd o anumit\u0103 calitate. Sistem aflat \u00een conexiune cu tot ceea ce ne \u00eenconjoar\u0103, \u0219i \u00eentr-un permanent schimb de informa\u021bii cu acest \u201cmediu \u00eenconjur\u0103tor\u201d; informa\u021bii pe care le proceseaz\u0103, le stochez\u0103, le interpreteaz\u0103, le integreaz\u0103&#8230;, informa\u021bii la care r\u0103spunde, informa\u021bii care \u00eel modific\u0103&#8230;<\/p>\n<p>Am v\u0103zut c\u0103 mandala are \u0219i ea un c\u00e2mp, iar acesta va interfera cu c\u00e2mpurile energo-informa\u021bionale ale individului, modific\u00e2ndu-le. Mandala poate fi privit\u0103 astfel ca o machet\u0103 energetic\u0103 capabil\u0103 s\u0103 restaureze o ordine interioar\u0103 pierdut\u0103&#8230;; dar mandala poate de asemenea creea noi structuri interioare, aspecte p\u00e2n\u0103 acum neformate, nedefinite&#8230;: din lumea energetic\u0103, din lumea emo\u021bional\u0103, din lumile min\u021bii, din lumile fizice, din lumile Spiritului&#8230;<\/p>\n<p><strong><em>Mandalele LiLA fac parte din acest\u0103 ultim\u0103 categorie: ele sunt <\/em><\/strong><strong><em>\u201c<\/em><\/strong><strong><em>ordonatori de c\u00e2mp\u201d; printr-un fenomen de interferen\u021b\u0103 de c\u00e2mpuri &#8211; ele restructureaz\u0103, reconfigureaz\u0103, vindec\u0103 dizarmoniile &#8211; din c\u00e2mpurile informa\u021bionale fizice, mentale, emo\u021bionale \u2013 ale individului, ale spa\u021biului, ale momentului&#8230; <\/em><\/strong><\/p>\n<p><strong><em>\u00a0<\/em><\/strong><\/p>\n<p>Aceste efectele benefice se pot pune \u00een eviden\u0163\u0103 at\u00e2t prin observa\u0163ie experimental\u0103, c\u00e2t \u015fi obiectiv, prin m\u0103sur\u0103tori realizate cu aparate apar\u0163in\u00e2nd tehnologiilor de biorezonan\u021b\u0103.<\/p>\n<p>Exemplific\u0103m prin c\u00e2teva m\u0103sur\u0103tori ale c\u00e2mpurilor energetice (realizate cu un aparat<br \/>\nIMEDIS EXPERT), \u00eenainte \u0219i dup\u0103 ce respectivii subiec\u021bi au stat \u00een prezen\u021ba mandalelor un timp relativ scurt (2-6 ore) (Studiu dr. Lia Lucaci, dr. Tamara\u00a0 Bivol, Cabinet Imedis, Bucure\u0219ti, 2016)<\/p>\n<p><a href=\"https:\/\/lila-spirit.ro\/wp\/wp-content\/uploads\/2016\/09\/Subiect-1-A.jpg\"><img loading=\"lazy\" class=\"aligncenter size-large wp-image-2884\" src=\"https:\/\/lila-spirit.ro\/wp\/wp-content\/uploads\/2016\/09\/Subiect-1-A-1024x779.jpg\" alt=\"subiect-1-a\" width=\"1024\" height=\"779\" srcset=\"https:\/\/lila-spirit.ro\/wp\/wp-content\/uploads\/2016\/09\/Subiect-1-A-1024x779.jpg 1024w, https:\/\/lila-spirit.ro\/wp\/wp-content\/uploads\/2016\/09\/Subiect-1-A-300x228.jpg 300w, https:\/\/lila-spirit.ro\/wp\/wp-content\/uploads\/2016\/09\/Subiect-1-A-768x584.jpg 768w, https:\/\/lila-spirit.ro\/wp\/wp-content\/uploads\/2016\/09\/Subiect-1-A.jpg 1167w\" sizes=\"(max-width: 1024px) 100vw, 1024px\" \/><\/a><\/p>\n<p>&nbsp;<\/p>\n<p>&nbsp;<\/p>\n<div id=\"kpm_content_wrapper\" class=\"notranslate\"><\/div>\n","protected":false},"excerpt":{"rendered":"<p>Mandalele LiLA sunt imagini care con\u0163in informa\u0163ie codificat\u0103 \u00een desene \u015fi culori conform regulilor geometriei sacre. Mandalele genereaz\u0103 astfel \u00een jur un permanent c\u00e2mp de informa\u0163ie; prin acesta ele ac\u0163ioneaz\u0103 la un nivel foarte subtil, influen\u0163\u00e2nd informa\u0163ional \u015fi energetic diferitele tipuri de structuri, \u0219i devenind astfel, \u00eentr-un mod foarte concret, instrumente de purificare, de transmutare [&hellip;]<\/p>\n","protected":false},"author":1,"featured_media":2888,"parent":102,"menu_order":0,"comment_status":"closed","ping_status":"closed","template":"","meta":[],"_links":{"self":[{"href":"https:\/\/lila-spirit.ro\/wp\/index.php?rest_route=\/wp\/v2\/pages\/2882"}],"collection":[{"href":"https:\/\/lila-spirit.ro\/wp\/index.php?rest_route=\/wp\/v2\/pages"}],"about":[{"href":"https:\/\/lila-spirit.ro\/wp\/index.php?rest_route=\/wp\/v2\/types\/page"}],"author":[{"embeddable":true,"href":"https:\/\/lila-spirit.ro\/wp\/index.php?rest_route=\/wp\/v2\/users\/1"}],"replies":[{"embeddable":true,"href":"https:\/\/lila-spirit.ro\/wp\/index.php?rest_route=%2Fwp%2Fv2%2Fcomments&post=2882"}],"version-history":[{"count":4,"href":"https:\/\/lila-spirit.ro\/wp\/index.php?rest_route=\/wp\/v2\/pages\/2882\/revisions"}],"predecessor-version":[{"id":2887,"href":"https:\/\/lila-spirit.ro\/wp\/index.php?rest_route=\/wp\/v2\/pages\/2882\/revisions\/2887"}],"up":[{"embeddable":true,"href":"https:\/\/lila-spirit.ro\/wp\/index.php?rest_route=\/wp\/v2\/pages\/102"}],"wp:featuredmedia":[{"embeddable":true,"href":"https:\/\/lila-spirit.ro\/wp\/index.php?rest_route=\/wp\/v2\/media\/2888"}],"wp:attachment":[{"href":"https:\/\/lila-spirit.ro\/wp\/index.php?rest_route=%2Fwp%2Fv2%2Fmedia&parent=2882"}],"curies":[{"name":"wp","href":"https:\/\/api.w.org\/{rel}","templated":true}]}}