{"id":2928,"date":"2016-09-15T12:50:28","date_gmt":"2016-09-15T09:50:28","guid":{"rendered":"https:\/\/lila-spirit.ro\/wp\/?page_id=2928"},"modified":"2016-09-15T12:50:28","modified_gmt":"2016-09-15T09:50:28","slug":"nimic-nu-mi-se-cuvine","status":"publish","type":"page","link":"https:\/\/lila-spirit.ro\/wp\/?page_id=2928","title":{"rendered":"\u201dNIMIC NU MI SE CUVINE&#8230;\u201d"},"content":{"rendered":"<p><span style=\"text-decoration: underline;\"><\/span><\/p>\n<p><strong>De la smerenie la dezidentificare trec\u00e2nd prin atitudinea interioar\u0103 <\/strong><strong>\u201c<\/strong><strong>NU MI SE CUVINE<\/strong><strong>\u201d&#8230;<\/strong><\/p>\n<p>(de fapt doar c\u00e2teva cuvinte despre&#8230;)<\/p>\n<p>&nbsp;<\/p>\n<p>&#8211; \u201cCe nu \u021bi se cuvine? \u00eentreab\u0103 Indra, invit\u00e2nd la analiz\u0103, con\u0219tientizare, dialog.<\/p>\n<p>&#8211; Nimic! Nu mi se cuvine nimic! r\u0103spund, ca s\u0103 fie clar \u00eenc\u0103 de la \u00eenceput.<\/p>\n<p>&#8211; Exact, nu \u021bi se cuvine nimic, confirm\u0103 Indra. Dar ce cred oamenii c\u0103 li s-ar cuveni ?<\/p>\n<p>&#8211; Credem c\u0103 ni s-ar cuveni casa \u0219i ma\u0219ina, \u0219i dac\u0103 nu le avem, suferim c\u0103 nu le avem, zice Mihaela, pragmatic \u0219i adev\u0103rat.\u201d<\/p>\n<p>Pentru c\u0103 da, a\u0219a este, credem c\u0103 ni s-ar cuveni, conform vie\u021bii programate de p\u0103rin\u021bi, de societate, de filmele \u0219i reclamele de la televizor: \u201c meri\u021bi s\u0103 fii fericit \u201d, \u201cpentru c\u0103 meri\u021bi\u201d, \u201c au tr\u0103it ferici\u021bi p\u00e2n\u0103 la ad\u00e2nci b\u0103tr\u00e2ne\u021bi\u201d, \u00eent\u0103rite mai nou \u0219i de c\u0103tre cursurile, tehnicile de dezvoltare personal\u0103&#8230; Calupuri, calupuri de programe pe care le \u00eenghi\u021bim nemestecate, le facem ale noastre, ne identific\u0103m cu ele. Avem clar \u00een minte \u0219i subcon\u0219tient care sunt pilonii unei vie\u021bi de succes: bani, cas\u0103, ma\u0219in\u0103, partener, copii, nepo\u021bi, titluri, diplome, servicii, afaceri, recunoa\u0219tere, concedii, c\u0103l\u0103torii, m\u00e2ncare bio&#8230; acestea \u0219i \u00eenc\u0103 altele, selectate conform min\u021bii fiec\u0103ruia, devin condi\u021bii sine-qua-non pentru fericire \u0219i consider\u0103m c\u0103 e firesc s\u0103 le avem, consider\u0103m c\u0103 ni s-ar cuveni.<\/p>\n<p>\u0218i preten\u021biile continu\u0103: da, un serviciu, dar exact a\u0219a cum vrem noi, nu un serviciu oarecare, s\u0103 c\u00e2\u0219tig exact suma respectiv\u0103, nu mai pu\u021bin, nu muncesc <em>eu<\/em> doar pentru at\u00e2t&#8230;, \u0219i cas\u0103, c\u0103 toat\u0103 lumea are, \u0219i cas\u0103 mare, nu un apartament la bloc sau apartament cu trei camere sau&#8230;sau&#8230; fiecare dup\u0103 programul personal, \u0219i ma\u0219in\u0103, desigur dar nu orice ma\u0219in\u0103&#8230;<\/p>\n<p><em>Credem c\u0103 merit\u0103m, a\u0219a e programul pe care l-am \u00eencastrat \u00eenc\u0103 de copii \u00een noi.<\/em><\/p>\n<p>\u0218i atunci pretindem de la Existen\u021b\u0103, Dumnezeu, \u201cd\u0103-mi Doamne&#8230;\u201d<\/p>\n<p>Toate aceste lucruri ni se par implicite \u0219i dac\u0103 fereasc\u0103 sf\u00e2ntul nu le avem sau dac\u0103 nu sunt exact a\u0219a cum mintea noastr\u0103 le-a trasat, apar <strong>manifest\u0103rile conexe:<\/strong> potop de <strong>nemul\u021bumiri \u0219i v\u0103ic\u0103reli,<\/strong> <strong>nefericire, victimizare<\/strong>: \u201cnumai mie nu-mi d\u0103 Dumnezeu&#8230;!\u201d, \u201cn-am avut nici un noroc!\u201d, \u201coare cu ce am gre\u0219it de eu nu am&#8230;?!\u201d&#8230;; nu conteaz\u0103 c\u0103 afar\u0103 e soare, nu conteaz\u0103 c\u0103 e\u0219ti s\u0103n\u0103tos&#8230; <strong>pizme \u0219i invidii! <\/strong>\u201cMie nu mi-a dat nimeni nimic, altora le dau p\u0103rin\u021bii tot ce le trebuie&#8230;\u201d, <strong>depresii, \u00eencr\u00e2ncenare, <\/strong>mai mult sau mai pu\u021bin recunoscute sau total negate.<\/p>\n<p>Sau invers, dac\u0103 se \u00eent\u00e2mpl\u0103 s\u0103 fim\/s\u0103 avem ceea ce consider\u0103m noi valoros, apare cealalt\u0103 atitudine, de superioritate, <strong>superioritate<\/strong> care poate duce p\u00e2n\u0103 la <strong>\u00eeng\u00e2mfare \u0219i arogan\u021b\u0103.<\/strong><\/p>\n<p>Atitudine de superioritate \u0219i arogan\u021b\u0103 pe care le manifest\u0103m ori de c\u00e2te ori c\u00e2nd credem noi c\u0103 le suntem superiori celorlal\u021bi din diverse puncte de vedere, cum ar fi studiile, pozi\u021bia social\u0103, familia de provenien\u021b\u0103, abilit\u0103\u021bile, sau cine \u0219tie ce alte motive pentru care te sim\u021bi special, mai bun, \u0219i mai \u00eendrept\u0103\u021bit s\u0103 fii privit cu condescenden\u021b\u0103: adic\u0103 un alt fel de a \u021bi se cuveni.<\/p>\n<p>Faptul de a ni se cuveni, ne determin\u0103, prin urmare, atitudini de genul: ceilal\u021bi tr\u0103iesc doar ca s\u0103 ne asculte, admire, priveasc\u0103, aprecieze pe noi&#8230;<\/p>\n<p>Ni se cuvine ca prietenul, partenerul, mama, tata, colegul, v\u00e2nz\u0103toarea de la p\u00e2ine s\u0103 se poarte frumos, s\u0103 ne ajute&#8230;, iar noi s\u0103 uit\u0103m s\u0103 spunem mul\u021bumesc&#8230;<\/p>\n<p>Ni se cuvine s\u0103 ni se fac\u0103 curat acas\u0103 \u0219i la serviciu \u0219i la locul de practic\u0103&#8230;<\/p>\n<p>Sau, alt\u0103 versiune: ceilal\u021bi trebuie s\u0103 ne fac\u0103 servicii, s\u0103 ne tolereze preten\u021biile \u0219i obr\u0103znicia \u0219i arogan\u021ba \u0219i indolen\u021ba &#8211; pentru c\u0103 sunt o grupare spiritual\u0103 \u0219i cu asta se ocup\u0103 (!?) Ce, \u00eei deranjeaz\u0103 cumva comportamentul meu?! p\u0103i unde e evolu\u021bia, dac\u0103 e\u0219ti evoluat, trebuie s\u0103 ier\u021bi, s\u0103 fii tolerant, cum s\u0103 te deranjeze nesim\u021birea&#8230; Deh, mintea oamenilor!!!! Da, \u00een parantez\u0103 fie spus, din compasiune, nesim\u021birea este sanc\u021bionat\u0103, spre binele meu, cel care sunt nesim\u021bit, ca s\u0103 m\u0103 pot corecta, \u0219i nu pentru c\u0103 pe cel\u0103lalt \u00eel \u201cderanjeaz\u0103\u201d.<\/p>\n<p>Ni se cuvine s\u0103 \u00eent\u00e2rziem la \u00eent\u00e2lniri&#8230;<\/p>\n<p>Ni se cuvine s\u0103 m\u00e2nc\u0103m noi tot ce e pe mas\u0103, nu conteaz\u0103 c\u0103 mai exist\u0103 \u0219i al\u021bii \u00een jur&#8230;<\/p>\n<p>Ni se cuvine ca cineva s\u0103 ne \u00eenve\u021be, e de datoria lui!? ( De ce ar fi oare ?)<\/p>\n<p>Ni se cuvine s\u0103 fim asculta\u021bi, consilia\u021bi, s\u0103 ni se fac\u0103 tratament!<\/p>\n<p>E mai mult dec\u00e2t hilar, e grotesc, cu at\u00e2t mai mult cu c\u00e2t nu realiz\u0103m <strong><u>c\u0103 suntem<\/u> \u00een situa\u021biile descrise<\/strong>, nu realiz\u0103m <strong><u>c\u0103 despre noi e vorba<\/u><\/strong>, nu realiz\u0103m c\u0103 so\u021bul, prietena, colegul, secretara, v\u00e2nz\u0103toarea de pantofi nu s-au n\u0103scut ca s\u0103 ne fie <em>nou\u0103<\/em> servitori \u0219i aservi\u021bi; iar dac\u0103 ei sunt dr\u0103gu\u021bi \u0219i ne servesc &#8211; este pentru c\u0103 ne iubesc, sau pur \u0219i simplu pentru c\u0103 sunt ei oameni amabili, \u0219i ar fi cazul s\u0103 apreciem asta, s\u0103 fim recunosc\u0103tori, s\u0103 fim con\u0219tien\u021bi de frumuse\u021bea gesturilor lor, de miracolul unei rela\u021bii&#8230; \u0218i \u00een nici un caz s\u0103 nu credem c\u0103 ni se cuvine \u0219i c\u0103 ceilal\u021bi ne sunt obliga\u021bi cu ceva vreodat\u0103. Chiar dac\u0103 pl\u0103tesc un serviciu cu bani, acel serviciu <em><u>nu mi se cuvine<\/u><\/em>!<\/p>\n<p>Vorbim aici despre <strong>atitudinea interioar\u0103<\/strong> pe care o avem. C\u0103ci e firesc ca oamenii s\u0103-\u0219i fac\u0103 unii altora servicii, s\u0103 se poarte frumos, \u0219i da, uneori mai \u00eent\u00e2rzii&#8230;, \u0219i \u00eentotdeauna este cineva care te \u00eenva\u021b\u0103, care te ajut\u0103&#8230;; dar vorbim aici despre <strong><em>ATITUDINEA TA INTERIOAR\u0102<\/em><\/strong>&#8230;<\/p>\n<p>Care este atitudinea interioar\u0103 cu care primesc ceva ? Orice, de la un z\u00e2mbet, la un cuv\u00e2nt bun, la timp acordat, \u0219i p\u00e2n\u0103 la \u00cenv\u0103\u021b\u0103turi. Apreciez? Sunt recunosc\u0103tor? Am \u201cmul\u021bumescul\u201d \u00een inim\u0103? Sau mi se pare ceva firesc s\u0103 fiu servit? Sau nici m\u0103car nu observ c\u0103 cineva \u00eemi face un serviciu? M\u0103 uit la cel\u0103lalt? \u00cel v\u0103d? \u00cemi pun oare problema &#8211; eu ce fac pentru el? \u00cel r\u0103spl\u0103tesc \u00een vreun fel pentru ceea ce face pentru mine? Am o atitudine de bun sim\u021b, de considera\u021bie, de smerenie interioar\u0103?<\/p>\n<p>\u0218i iar\u0103\u0219i, care este atitudinea mea c\u00e2nd cred c\u0103 mi se cuvine \u201cceva\u201d \u0219i nu am acel \u201cceva\u201d?<\/p>\n<p>Sunt nefericit pentru c\u0103 sunt singur! <em>Eu vreau<\/em>, <em>vreau<\/em>, a\u0219a consider <em>eu<\/em> c\u0103 ar trebui, s\u0103 fiu cu cineva; dar desigur c\u0103 acel cineva trebuie s\u0103 \u00eendeplineasc\u0103 multe, multe condi\u021bii pentru a fi cu mine, de fapt nimeni nu e destul de bun&#8230;; dar <em>vreau<\/em> s\u0103 fiu cu cineva, sunt nefericit c\u0103 nu sunt \u0219i Dumnezeu nu e bun cu mine! Punct!<\/p>\n<p><em>Nu cumva ar trebui s\u0103 pot s\u0103 v\u0103d miracolul vie\u021bii \u0219i s\u0103 m\u0103 bucur de acest miracol, \u00een loc s\u0103 \u00eencerc s\u0103 dictez pe puncte, Existen\u021bei, cum ar trebui s\u0103 fie? <\/em><\/p>\n<p>Nu cumva&#8230; \u201c- <strong>Nu mi se cuvine cuvine via\u021ba,<\/strong> zice Delia transfigurat\u0103. Noi nu ne d\u0103m seama ce miracol, ce dar, este s\u0103 fii, s\u0103 exi\u0219ti&#8230;\u201d<\/p>\n<p>Da, Delia, a\u0219a este, nici via\u021ba \u00een sine nu e ceva care s\u0103 ni se cuvin\u0103, iar dac\u0103 o avem, nu-i sim\u021bim miracolul, nu sim\u021bim darul de a exista. C\u0103ci e un dar faptul de a avea v\u0103z \u0219i de a vedea soarele, formele, culorile&#8230; Doamne, Dumnezeule tr\u0103im miracolul de a avea piele \u0219i de a sim\u021bi atingerea, \u0219i c\u0103ldura, \u0219i v\u00e2ntul, \u0219i r\u0103coarea, \u0219i for\u021ba unei \u00eembr\u0103\u021bis\u0103ri \u0219i delicate\u021bea unei m\u00e2ng\u00e2ieri \u0219i noi habar nu avem nimic de aceasta&#8230; Tr\u0103im miracolul de a sim\u021bi emo\u021bii \u0219i sentimente, de a interac\u021biona cu oamenii, cu animalele, cu natura \u0219i ni se pare c\u0103 e firesc, c\u0103 \u201ca\u0219a trebuie s\u0103 fie\u201d. Credem c\u0103 ni se cuvine, c\u0103 ne apar\u021bine \u0219i nu realiz\u0103m c\u00e2t de frumos e totul, c\u00e2t de frumoas\u0103, c\u00e2t de miraculoas\u0103 este via\u021ba, de dureros de frumoas\u0103, at\u00e2t de frumoas\u0103 \u00eenc\u00e2t nu mai e loc de cuvinte&#8230; \u00ee\u021bi vine s\u0103 pl\u00e2ngi de frumuse\u021be, de miracol, de dar&#8230;<\/p>\n<p>&nbsp;<\/p>\n<p><strong>Miracolul care <u>NU<\/u> ni se cuvine ! Via\u021b\u0103 care <u>NU<\/u> ni se cuvine !<\/strong><\/p>\n<p>Via\u021ba cu toate ale ei, adic\u0103 nici m\u0103car propriul corp, propriile sim\u021buri, nu mai vorbim despre oamenii din via\u021ba noastr\u0103, servicii, bunuri&#8230; nu ni se cuvin \u00cenv\u0103\u021b\u0103turile!!!<\/p>\n<p>Si atunci poate c\u0103 se schimb\u0103 atitudinea mea fa\u021b\u0103 de toat\u0103 via\u021ba, pe care o voi privi ca pe un cadou, ca pe un mare dar, ca pe un mare privilegiu: acela de a exista!<\/p>\n<p>\u0218i aten\u021bie, nu este vorba aici despre <strong>eu<\/strong> care sunt recunosc\u0103tor c\u0103 sunt, c\u0103 am, <strong>eu<\/strong> care apreciez lucrurile care <strong>mi<\/strong> s-au \u00eent\u00e2mplat <strong>mie<\/strong>, <strong>eu <\/strong>care care am atitudinea potrivit\u0103, ci este vorba despre <strong>EXISTEN\u021aA <\/strong>care se manifest\u0103 prin mii de forme \u0219i culori, de sunete, de sim\u021biri&#8230; <strong><em>\u0219i acest lucru este marele miracol.<\/em><\/strong><\/p>\n<p>Acesta este Dumnezeul c\u0103ruia ne \u00eenchin\u0103m cu smerenie&#8230;<\/p>\n<p><em>Prin urmare ar trebui s\u0103 am o atitudine de smerenie, recuno\u0219tin\u021b\u0103, miracol, mirare, bucurie, ofrand\u0103, lini\u0219te \u0219i \u00eenchin\u0103ciune fa\u021b\u0103 de tot \u0219i toate, pentru c\u0103 tot \u0219i toate fac parte din aceea\u0219i via\u021b\u0103, din aceea\u0219i Existen\u021b\u0103&#8230; de la mine, la pisica Batman, moale, cald\u0103, torc\u0103toare, la cer\u0219etorul adormit pe banca din sta\u021bia de tramvai, la c\u0103ldura soarelui \u0219i r\u0103coarea ploii&#8230; p\u00e2n\u0103 la \u00cenv\u0103\u021b\u0103turi \u0219i la Indra care ne \u00eenva\u021b\u0103 saltul spre infinit,&#8230;<\/em><\/p>\n<p>Via\u021ba, Doamne, Via\u021ba, marele miracol &#8230;<\/p>\n<p><strong>M\u0103 \u00eenchin<\/strong><\/p>\n<p>deci<\/p>\n<p><strong>cu smerenie,<\/strong><\/p>\n<p><strong>cu ad\u00e2nc\u0103 recuno\u0219tin\u021b\u0103,<\/strong><\/p>\n<p><strong>\u00a0VIE\u021aII, EXISTEN\u021aEI, cu tot ceea ce \u00eenseamn\u0103 EA! <\/strong><\/p>\n<p>Totul este un mare miracol, un cadou, un dar nepre\u021buit&#8230; iar \u201ceu\u201d nu sunt nimic, nu de\u021bin nimic, pentru c\u0103 nici nu exist, pentru c\u0103, a\u0219a cum ne \u00eenva\u021b\u0103 Indra&#8230; <strong>nu exist\u0103 dec\u00e2t EL. <\/strong><\/p>\n<p><em>Gabi C.<\/em><\/p>\n<div id=\"kpm_content_wrapper\" class=\"notranslate\"><\/div>\n","protected":false},"excerpt":{"rendered":"<p>De la smerenie la dezidentificare trec\u00e2nd prin atitudinea interioar\u0103 \u201cNU MI SE CUVINE\u201d&#8230; (de fapt doar c\u00e2teva cuvinte despre&#8230;) &nbsp; &#8211; \u201cCe nu \u021bi se cuvine? \u00eentreab\u0103 Indra, invit\u00e2nd la analiz\u0103, con\u0219tientizare, dialog. &#8211; Nimic! Nu mi se cuvine nimic! r\u0103spund, ca s\u0103 fie clar \u00eenc\u0103 de la \u00eenceput. &#8211; Exact, nu \u021bi se cuvine [&hellip;]<\/p>\n","protected":false},"author":1,"featured_media":0,"parent":2683,"menu_order":0,"comment_status":"closed","ping_status":"closed","template":"","meta":[],"_links":{"self":[{"href":"https:\/\/lila-spirit.ro\/wp\/index.php?rest_route=\/wp\/v2\/pages\/2928"}],"collection":[{"href":"https:\/\/lila-spirit.ro\/wp\/index.php?rest_route=\/wp\/v2\/pages"}],"about":[{"href":"https:\/\/lila-spirit.ro\/wp\/index.php?rest_route=\/wp\/v2\/types\/page"}],"author":[{"embeddable":true,"href":"https:\/\/lila-spirit.ro\/wp\/index.php?rest_route=\/wp\/v2\/users\/1"}],"replies":[{"embeddable":true,"href":"https:\/\/lila-spirit.ro\/wp\/index.php?rest_route=%2Fwp%2Fv2%2Fcomments&post=2928"}],"version-history":[{"count":1,"href":"https:\/\/lila-spirit.ro\/wp\/index.php?rest_route=\/wp\/v2\/pages\/2928\/revisions"}],"predecessor-version":[{"id":2929,"href":"https:\/\/lila-spirit.ro\/wp\/index.php?rest_route=\/wp\/v2\/pages\/2928\/revisions\/2929"}],"up":[{"embeddable":true,"href":"https:\/\/lila-spirit.ro\/wp\/index.php?rest_route=\/wp\/v2\/pages\/2683"}],"wp:attachment":[{"href":"https:\/\/lila-spirit.ro\/wp\/index.php?rest_route=%2Fwp%2Fv2%2Fmedia&parent=2928"}],"curies":[{"name":"wp","href":"https:\/\/api.w.org\/{rel}","templated":true}]}}