{"id":3083,"date":"2016-12-13T15:37:05","date_gmt":"2016-12-13T13:37:05","guid":{"rendered":"https:\/\/lila-spirit.ro\/wp\/?page_id=3083"},"modified":"2020-09-26T15:00:52","modified_gmt":"2020-09-26T12:00:52","slug":"editura-lila","status":"publish","type":"page","link":"https:\/\/lila-spirit.ro\/wp\/?page_id=3083","title":{"rendered":"EDITURA LiLA"},"content":{"rendered":"\n<div class=\"wp-block-image\"><figure class=\"aligncenter\"><img loading=\"lazy\" width=\"212\" height=\"300\" src=\"https:\/\/lila-spirit.ro\/wp\/wp-content\/uploads\/2020\/05\/IMG-20200504-WA0003-212x300.jpg\" alt=\"\" class=\"wp-image-3845\" srcset=\"https:\/\/lila-spirit.ro\/wp\/wp-content\/uploads\/2020\/05\/IMG-20200504-WA0003-212x300.jpg 212w, https:\/\/lila-spirit.ro\/wp\/wp-content\/uploads\/2020\/05\/IMG-20200504-WA0003-768x1089.jpg 768w, https:\/\/lila-spirit.ro\/wp\/wp-content\/uploads\/2020\/05\/IMG-20200504-WA0003-722x1024.jpg 722w, https:\/\/lila-spirit.ro\/wp\/wp-content\/uploads\/2020\/05\/IMG-20200504-WA0003.jpg 980w\" sizes=\"(max-width: 212px) 100vw, 212px\" \/><\/figure><\/div>\n\n\n\n<div style=\"height:50px\" aria-hidden=\"true\" class=\"wp-block-spacer\"><\/div>\n\n\n\n<h3><strong>La Editura LiLA au ap\u0103rut:<\/strong><\/h3>\n\n\n<h3><strong>\u00a0<\/strong><\/h3>\n<p><strong>\u00cen colec\u021bia \u201eCalea \u00eenspre Sine\u2026\u201d <\/strong><\/p>\n<p>Indra, S\u0103 te c\u0103s\u0103tore\u0219ti cu v\u00e2ntul\u2026<\/p>\n<p>Indra, Spune DA Existen\u021bei\u2026<\/p>\n<p>Indra, Pentru c\u0103 nu exist\u0103 dec\u00e2t Sinele\u2026<\/p>\n<p>Indra, Dincolo de iluzie\u2026<\/p>\n<p>Indra, C\u0103l\u0103toria suprem\u0103\u2026<\/p>\n<p>Indra, Prezent \u00een propria prezen\u021b\u0103\u2026<\/p>\n<p>Indra, Getting married to the wind\u00a0 (traducere Rodica Albu)<\/p>\n<p>Indra, Un elefant \u00eentr-un borcan\u2026<\/p>\n<p><strong>\u00cen colec\u021bia \u201eForme de cuvinte\u201d <\/strong><\/p>\n<p>Oana Denis Rotariu, Suflet perpetuu\u2026<\/p>\n<p>Indra, Un fel de haiku-uri spirituale cu flori \u0219i c\u00e2teva pisici<\/p>\n<p><strong>\u00cen colec\u021bia \u201eForme de energie\u201d <\/strong><\/p>\n<p>\u00cen lumea de armonie a mandalelor LiLA\u2026 \u2013 carte de colorat<\/p>\n<p><strong>\u00cen colec\u021bia \u201eTexte sacre\u201d <\/strong><\/p>\n<p>Indra, Sutra de diamant, comentarii\u2026<\/p>\n<p>\u00a0<\/p>\n<p>\u00a0<\/p>\n<h3><strong><span style=\"text-decoration: underline;\">Vor ap\u0103rea<\/span>:<\/strong><\/h3>\n<p><strong>\u00cen colec\u021bia \u201eCalea \u00eenspre Sine\u2026\u201d <\/strong><\/p>\n<p>Indra, \u00cenc\u0103 o carte cu puncte-puncte\u2026<\/p>\n<p>Indra, Starea de yoga\u2026<\/p>\n<p><strong>\u00cen colec\u021bia \u201eTexte sacre\u201d <\/strong><\/p>\n<p>Indra, Dhammapada, comentarii\u2026 (2 vol.)<\/p>\n<p>\u00a0<\/p>\n<p>\u00a0<\/p>\n<p><span style=\"color: #ff0000;\"><em><strong>C\u0103r\u021bile Editurii se pot achizi\u021biona de la Casa LiLA din Bucure\u0219ti, sau se pot expedia prin po\u0219t\u0103 sau curier.<\/strong><\/em><\/span><\/p>\n<p><span style=\"color: #ff0000;\"><em><strong>Sau de la diferite libr\u0103rii din Bucure\u0219ti (C\u0103rture\u0219ti, Eminescu, etc.) \u0219i din \u021bar\u0103.<\/strong><\/em><\/span><\/p>\n<p><span style=\"color: #ff0000;\"><em><strong><span style=\"text-decoration: underline;\">Pentru comenzi<\/span>: <\/strong><\/em><\/span><\/p>\n<p><span style=\"color: #ff0000;\"><em>email: <\/em><\/span><span style=\"color: #ff0000;\"><em><strong>asociatia.lila@gmail.com, <\/strong><\/em><\/span><\/p>\n<p><span style=\"color: #ff0000;\"><em><strong>\u00a0\u00a0\u00a0\u00a0\u00a0\u00a0\u00a0\u00a0\u00a0\u00a0\u00a0 editura.lila@gmail.com, <\/strong><\/em><\/span><\/p>\n<p><span style=\"color: #ff0000;\"><em>tel: <strong>0737160611, 0724283778<br \/><\/strong><\/em><\/span><\/p>\n\n\n<div style=\"height:50px\" aria-hidden=\"true\" class=\"wp-block-spacer\"><\/div>\n\n\n\n<p style=\"font-size:24px\" class=\"has-background has-pale-pink-background-color\"><strong>S\u0103 nu uit\u0103m magazinul on-line: <\/strong><a href=\"https:\/\/elila.ro\"><strong>https:\/\/elila.ro<\/strong><\/a><\/p>\n\n\n\n<p class=\"has-background has-medium-font-size has-pale-pink-background-color\">unde pute\u021bi g\u0103si c\u0103r\u021bile noastre \u00een format electronic!<\/p>\n\n\n\n<p><\/p>\n","protected":false},"excerpt":{"rendered":"<p>La Editura LiLA au ap\u0103rut: \u00a0 \u00cen colec\u021bia \u201eCalea \u00eenspre Sine\u2026\u201d Indra, S\u0103 te c\u0103s\u0103tore\u0219ti cu v\u00e2ntul\u2026 Indra, Spune DA Existen\u021bei\u2026 Indra, Pentru c\u0103 nu exist\u0103 dec\u00e2t Sinele\u2026 Indra, Dincolo de iluzie\u2026 Indra, C\u0103l\u0103toria suprem\u0103\u2026 Indra, Prezent \u00een propria prezen\u021b\u0103\u2026 Indra, Getting married to the wind\u00a0 (traducere Rodica Albu) Indra, Un elefant \u00eentr-un borcan\u2026 \u00cen [&hellip;]<\/p>\n","protected":false},"author":1,"featured_media":0,"parent":0,"menu_order":0,"comment_status":"closed","ping_status":"closed","template":"","meta":[],"_links":{"self":[{"href":"https:\/\/lila-spirit.ro\/wp\/index.php?rest_route=\/wp\/v2\/pages\/3083"}],"collection":[{"href":"https:\/\/lila-spirit.ro\/wp\/index.php?rest_route=\/wp\/v2\/pages"}],"about":[{"href":"https:\/\/lila-spirit.ro\/wp\/index.php?rest_route=\/wp\/v2\/types\/page"}],"author":[{"embeddable":true,"href":"https:\/\/lila-spirit.ro\/wp\/index.php?rest_route=\/wp\/v2\/users\/1"}],"replies":[{"embeddable":true,"href":"https:\/\/lila-spirit.ro\/wp\/index.php?rest_route=%2Fwp%2Fv2%2Fcomments&post=3083"}],"version-history":[{"count":27,"href":"https:\/\/lila-spirit.ro\/wp\/index.php?rest_route=\/wp\/v2\/pages\/3083\/revisions"}],"predecessor-version":[{"id":3945,"href":"https:\/\/lila-spirit.ro\/wp\/index.php?rest_route=\/wp\/v2\/pages\/3083\/revisions\/3945"}],"wp:attachment":[{"href":"https:\/\/lila-spirit.ro\/wp\/index.php?rest_route=%2Fwp%2Fv2%2Fmedia&parent=3083"}],"curies":[{"name":"wp","href":"https:\/\/api.w.org\/{rel}","templated":true}]}}