{"id":3138,"date":"2017-01-19T14:25:19","date_gmt":"2017-01-19T12:25:19","guid":{"rendered":"https:\/\/lila-spirit.ro\/wp\/?page_id=3138"},"modified":"2017-01-19T14:28:45","modified_gmt":"2017-01-19T12:28:45","slug":"cum-sa-facem-sa-simtim","status":"publish","type":"page","link":"https:\/\/lila-spirit.ro\/wp\/?page_id=3138","title":{"rendered":"Cum s\u0103 facem s\u0103 sim\u021bim?!"},"content":{"rendered":"<p>Stii, Dana, Indra \u021bi-a rapuns \u0219i tie, \u0219i nou\u0103 tuturor, \u00eenainte s\u0103 \u00eentreb\u0103m, a f\u0103cut-o\u00a0de mult timp.<\/p>\n<p><strong><u>Doar c\u0103 noi nu o auzim.<\/u><\/strong> R\u0103spunsul este unul singur : <strong>Deschide-\u021bi inima !<\/strong><\/p>\n<p>&nbsp;<\/p>\n<p>Iar acest r\u0103spuns nu este dec\u00e2t unul din adev\u0103rurile spirituale, care este la vedere \u201e Limpede nu vezi dec\u00e2t cu inima, zise Micul Prin\u021b, ca s\u0103 \u021bin\u0103 minte. Ochii nu pot s\u0103 p\u0103trund\u0103 \u00een miezul lucrurilor.\u201d<\/p>\n<p>Trebuie doar s\u0103 nu mai cau\u021bi \u00een minte, \u00een ceea ce \u0219tii, mintea s\u0103 tac\u0103 iar din pieptul t\u0103u s\u0103 se reverse acea energie a inimi&#8230;\u00a0f\u0103r\u0103 \u00eencr\u00e2ncenare, f\u0103r\u0103 fric\u0103, doar \u00eei dai voie inimii tale s\u0103 se deschid\u0103, s\u0103-\u0219i \u00eentind\u0103 miile de antenu\u021be \u00een jur, \u201ds\u0103 te la\u0219i\u201d, cum zice Mihaela,\u201d s\u0103 deschizi cu for\u021ba\u201d, cum zice Indra&#8230; cuvintele nu conteaz\u0103 prea mult ci se se afl\u0103 \u00een spatele lor, adic\u0103\u00a0acea energie cald\u0103, bun\u0103, curat\u0103, str\u0103lucitoare, delicat\u0103, rafinat\u0103 care s\u0103 izvorasc\u0103 din inimile noastre \u00een jur&#8230; acea energie care transmut\u0103 totul \u0219i face ca totul s\u0103 fie posibil, acea energie a inimii &#8230; nu a complexului minte-ego, nu a fricilor \u0219i tiparelor subcon\u0219tientului&#8230; \u0218i atunci, c\u00eend inima noastr\u0103 va fi deschis\u0103, atunci vom \u00eencepe s\u0103\u00a0\u0219tim, atunci vom \u00eencepe s\u0103 sim\u021bim. Vom trece de la nivelul chakrei a treia la nivelul chakrei a patra.<\/p>\n<p>\u0218i apoi urmeaz\u0103 multe alte etape de deschidere, con\u0219tientizare, rafinare\u00a0\u0219i des\u0103v\u00e2r\u0219ire a acestui \u00eenceput&#8230; alte trepte, alte adev\u0103ruri, alte \u00eenv\u0103\u021b\u0103turi&#8230; la care vom ajunge poate dac\u0103 facem acest prim pas&#8230;<\/p>\n<p>Gabi<\/p>\n","protected":false},"excerpt":{"rendered":"<p>Stii, Dana, Indra \u021bi-a rapuns \u0219i tie, \u0219i nou\u0103 tuturor, \u00eenainte s\u0103 \u00eentreb\u0103m, a f\u0103cut-o\u00a0de mult timp. Doar c\u0103 noi nu o auzim. R\u0103spunsul este unul singur : Deschide-\u021bi inima ! &nbsp; Iar acest r\u0103spuns nu este dec\u00e2t unul din adev\u0103rurile spirituale, care este la vedere \u201e Limpede nu vezi dec\u00e2t cu inima, zise Micul [&hellip;]<\/p>\n","protected":false},"author":1,"featured_media":0,"parent":2617,"menu_order":0,"comment_status":"closed","ping_status":"closed","template":"","meta":[],"_links":{"self":[{"href":"https:\/\/lila-spirit.ro\/wp\/index.php?rest_route=\/wp\/v2\/pages\/3138"}],"collection":[{"href":"https:\/\/lila-spirit.ro\/wp\/index.php?rest_route=\/wp\/v2\/pages"}],"about":[{"href":"https:\/\/lila-spirit.ro\/wp\/index.php?rest_route=\/wp\/v2\/types\/page"}],"author":[{"embeddable":true,"href":"https:\/\/lila-spirit.ro\/wp\/index.php?rest_route=\/wp\/v2\/users\/1"}],"replies":[{"embeddable":true,"href":"https:\/\/lila-spirit.ro\/wp\/index.php?rest_route=%2Fwp%2Fv2%2Fcomments&post=3138"}],"version-history":[{"count":3,"href":"https:\/\/lila-spirit.ro\/wp\/index.php?rest_route=\/wp\/v2\/pages\/3138\/revisions"}],"predecessor-version":[{"id":3141,"href":"https:\/\/lila-spirit.ro\/wp\/index.php?rest_route=\/wp\/v2\/pages\/3138\/revisions\/3141"}],"up":[{"embeddable":true,"href":"https:\/\/lila-spirit.ro\/wp\/index.php?rest_route=\/wp\/v2\/pages\/2617"}],"wp:attachment":[{"href":"https:\/\/lila-spirit.ro\/wp\/index.php?rest_route=%2Fwp%2Fv2%2Fmedia&parent=3138"}],"curies":[{"name":"wp","href":"https:\/\/api.w.org\/{rel}","templated":true}]}}