{"id":3163,"date":"2017-02-16T14:26:50","date_gmt":"2017-02-16T12:26:50","guid":{"rendered":"https:\/\/lila-spirit.ro\/wp\/?page_id=3163"},"modified":"2018-05-13T13:21:23","modified_gmt":"2018-05-13T10:21:23","slug":"indra-sa-te-casatoresti-cu-vantul","status":"publish","type":"page","link":"https:\/\/lila-spirit.ro\/wp\/?page_id=3163","title":{"rendered":"Indra: S\u0103 te c\u0103s\u0103tore\u0219ti cu v\u00e2ntul&#8230;"},"content":{"rendered":"<p><a href=\"https:\/\/lila-spirit.ro\/wp\/wp-content\/uploads\/2016\/12\/Indra-Sa-te-casatoresti-cu-vantul-cover.jpg\"><img loading=\"lazy\" class=\"aligncenter wp-image-3084 size-medium\" src=\"https:\/\/lila-spirit.ro\/wp\/wp-content\/uploads\/2016\/12\/Indra-Sa-te-casatoresti-cu-vantul-cover-194x300.jpg\" width=\"194\" height=\"300\" srcset=\"https:\/\/lila-spirit.ro\/wp\/wp-content\/uploads\/2016\/12\/Indra-Sa-te-casatoresti-cu-vantul-cover-194x300.jpg 194w, https:\/\/lila-spirit.ro\/wp\/wp-content\/uploads\/2016\/12\/Indra-Sa-te-casatoresti-cu-vantul-cover-768x1189.jpg 768w, https:\/\/lila-spirit.ro\/wp\/wp-content\/uploads\/2016\/12\/Indra-Sa-te-casatoresti-cu-vantul-cover-661x1024.jpg 661w, https:\/\/lila-spirit.ro\/wp\/wp-content\/uploads\/2016\/12\/Indra-Sa-te-casatoresti-cu-vantul-cover.jpg 800w\" sizes=\"(max-width: 194px) 100vw, 194px\" \/><\/a><\/p>\n<h3 style=\"text-align: center;\"><strong>Indra, S\u0103 te c\u0103s\u0103tore\u0219ti cu v\u00e2ntul&#8230;<\/strong><\/h3>\n<p style=\"text-align: center;\">(edi\u021bia a doua)<\/p>\n<p>\u201c- Omul meu drag, spuse Spiritul, \u00een\u021belesul fabulei este exact pe dos: \u0219oarecele <em>poate<\/em> deveni non-\u0219oarece, poate deveni alt\u0103 specie, da, \u0219oarecele se poate c\u0103s\u0103tori cu v\u00e2ntul&#8230;<\/p>\n<p>Acesta este sensul vie\u021bii, Omule, acesta este sensul evolu\u021biei, asta \u00eenseamn\u0103 dezvoltarea \u0219i expansiunea Con\u0219tiin\u021bei, pentru asta te-ai \u00eentrupat tu aici \u0219i acum, Omule&#8230; Ca s\u0103-\u021bi reaminte\u0219ti c\u0103 e\u0219ti un Iisus sau un Buddha&#8230;<\/p>\n<p>Haide, adun\u0103-\u021bi curajul \u0219i \u00een\u021belege c\u0103 tu <em>e\u0219ti<\/em> deja o alt\u0103 specie\u2026<\/p>\n<p>\u0218i astfel omul \u00ee\u0219i adun\u0103 firavele sale puteri, \u00ee\u0219i \u0219terse lacrimile \u0219i porni cu curajul disper\u0103rii, pe calea Cunoa\u0219terii, pe acea cale f\u0103r\u0103 de \u00eentoarcere, c\u0103ut\u00e2ndu-\u0219i \u0219i el de acum, drumul s\u0103u \u00eenspre Acas\u0103\u2026<\/p>\n<p>\u0218i lu\u0103 cu el acele vorbe pre\u021bioase, care aveau s\u0103-l ridice de at\u00e2tea ori, care aveau s\u0103-l sprijine, s\u0103-i dea putere, care aveau s\u0103-i aline r\u0103nile \u0219i s\u0103-i vindece dorurile: \u201cOmul meu drag, fii liber, du-te, zboar\u0103, c\u0103s\u0103tore\u0219te-te cu v\u00e2ntul&#8230;\u201d<\/p>\n<p>\u201cDa, este o carte radical\u0103, care vrea s\u0103 distrug\u0103 ego-uri \u0219i min\u021bi condi\u021bionate&#8230;<\/p>\n<p>Este pentru cei care nu mai vor s\u0103 fac\u0103 compromisuri, pentru cei a c\u0103ror nevoie de schimbare a devenit dureros de acut\u0103, pentru cei care sunt gata s\u0103-\u0219i abandoneze falsa siguran\u021b\u0103 \u0219i automul\u021bumirea pentru a porni \u00een Marea lor Aventur\u0103, cum o nume\u0219te Spiritul&#8230;\u201d<\/p>\n<p>&nbsp;<\/p>\n<p><strong>Cuprins:<\/strong><\/p>\n<p>Introducere: De ce o carte. . . . . . . . . . . . . . . . . . . . 7<\/p>\n<p>De vorb\u0103 cu un Spirit&#8230; . . . . . . . . . . . . . . . . . . . . . 9<\/p>\n<p>&#8230;despre emo\u021bii, fric\u0103, identificare \u015fi suferin\u021b\u0103. . . . . . 15<\/p>\n<p>&#8230;despre ego, minte \u015fi non-minte . . . . . . . . . . 39<\/p>\n<p>&#8230;despre rela\u021bii, iubire, dor \u015fi uitare . . . . . . . 77<\/p>\n<p>&#8230;a tr\u0103i Vipassana. . . . . . . . . . . . . . . . . . . . . . 105<\/p>\n<p>&#8230;despre karm\u0103, valuri, legi \u015fi armonie. . . . 121<\/p>\n<p>&#8230;s\u0103 te c\u0103s\u0103tore\u015fti cu v\u00e2ntul . . . . . . . . . . . . . 155<\/p>\n<p>&nbsp;<\/p>\n<p><em>(160 pag., Pre\u021b: 25 lei)<\/em><\/p>\n","protected":false},"excerpt":{"rendered":"<p>Indra, S\u0103 te c\u0103s\u0103tore\u0219ti cu v\u00e2ntul&#8230; (edi\u021bia a doua) \u201c- Omul meu drag, spuse Spiritul, \u00een\u021belesul fabulei este exact pe dos: \u0219oarecele poate deveni non-\u0219oarece, poate deveni alt\u0103 specie, da, \u0219oarecele se poate c\u0103s\u0103tori cu v\u00e2ntul&#8230; Acesta este sensul vie\u021bii, Omule, acesta este sensul evolu\u021biei, asta \u00eenseamn\u0103 dezvoltarea \u0219i expansiunea Con\u0219tiin\u021bei, pentru asta te-ai \u00eentrupat [&hellip;]<\/p>\n","protected":false},"author":1,"featured_media":3458,"parent":3083,"menu_order":0,"comment_status":"closed","ping_status":"closed","template":"","meta":[],"_links":{"self":[{"href":"https:\/\/lila-spirit.ro\/wp\/index.php?rest_route=\/wp\/v2\/pages\/3163"}],"collection":[{"href":"https:\/\/lila-spirit.ro\/wp\/index.php?rest_route=\/wp\/v2\/pages"}],"about":[{"href":"https:\/\/lila-spirit.ro\/wp\/index.php?rest_route=\/wp\/v2\/types\/page"}],"author":[{"embeddable":true,"href":"https:\/\/lila-spirit.ro\/wp\/index.php?rest_route=\/wp\/v2\/users\/1"}],"replies":[{"embeddable":true,"href":"https:\/\/lila-spirit.ro\/wp\/index.php?rest_route=%2Fwp%2Fv2%2Fcomments&post=3163"}],"version-history":[{"count":3,"href":"https:\/\/lila-spirit.ro\/wp\/index.php?rest_route=\/wp\/v2\/pages\/3163\/revisions"}],"predecessor-version":[{"id":3286,"href":"https:\/\/lila-spirit.ro\/wp\/index.php?rest_route=\/wp\/v2\/pages\/3163\/revisions\/3286"}],"up":[{"embeddable":true,"href":"https:\/\/lila-spirit.ro\/wp\/index.php?rest_route=\/wp\/v2\/pages\/3083"}],"wp:featuredmedia":[{"embeddable":true,"href":"https:\/\/lila-spirit.ro\/wp\/index.php?rest_route=\/wp\/v2\/media\/3458"}],"wp:attachment":[{"href":"https:\/\/lila-spirit.ro\/wp\/index.php?rest_route=%2Fwp%2Fv2%2Fmedia&parent=3163"}],"curies":[{"name":"wp","href":"https:\/\/api.w.org\/{rel}","templated":true}]}}