{"id":3165,"date":"2017-02-16T14:30:31","date_gmt":"2017-02-16T12:30:31","guid":{"rendered":"https:\/\/lila-spirit.ro\/wp\/?page_id=3165"},"modified":"2017-09-14T11:27:43","modified_gmt":"2017-09-14T08:27:43","slug":"indra-spune-da-existentei","status":"publish","type":"page","link":"https:\/\/lila-spirit.ro\/wp\/?page_id=3165","title":{"rendered":"Indra: Spune DA Existen\u021bei&#8230;"},"content":{"rendered":"<p><a href=\"https:\/\/lila-spirit.ro\/wp\/wp-content\/uploads\/2017\/02\/Indra-Spune-DA-Existentei-coperta.jpg\"><img loading=\"lazy\" class=\"aligncenter wp-image-3166 size-medium\" src=\"https:\/\/lila-spirit.ro\/wp\/wp-content\/uploads\/2017\/02\/Indra-Spune-DA-Existentei-coperta-214x300.jpg\" width=\"214\" height=\"300\" srcset=\"https:\/\/lila-spirit.ro\/wp\/wp-content\/uploads\/2017\/02\/Indra-Spune-DA-Existentei-coperta-214x300.jpg 214w, https:\/\/lila-spirit.ro\/wp\/wp-content\/uploads\/2017\/02\/Indra-Spune-DA-Existentei-coperta-768x1078.jpg 768w, https:\/\/lila-spirit.ro\/wp\/wp-content\/uploads\/2017\/02\/Indra-Spune-DA-Existentei-coperta-729x1024.jpg 729w, https:\/\/lila-spirit.ro\/wp\/wp-content\/uploads\/2017\/02\/Indra-Spune-DA-Existentei-coperta.jpg 800w\" sizes=\"(max-width: 214px) 100vw, 214px\" \/><\/a><\/p>\n<p><strong>SPUNE DA EXISTEN\u021aEI\u2026<\/strong><\/p>\n<p>Cuprins<\/p>\n<p>Cum apare o \u0218coal\u0103\u2026\u00a0\u00a0 . . . . . . . . . . . . . . . . . . . . . . . . . . . . . . .9<\/p>\n<p>\u201e\u00cencerc\u0103rile\u201d LiLA, un altfel de cod de conduit\u0103 moral\u0103\u2026 . . . . . . .15<\/p>\n<p>Evolu\u021bia spiritual\u0103 \u00eenseamn\u0103, simplist\u2026\u00a0 . . . . . . . . . . . . . . . . . . .19<\/p>\n<p>Despre Violen\u021b\u0103 \u0219i Non-violen\u021b\u0103\u2026 . . . . . . . . . . . . . . . . . . . . . . . . . .21<\/p>\n<p>Despre un Iuda\u2026\u00a0 . . . . . . . . . . . . . . . . . . . . . . . . . . . . . . . . . . . . . . .69<\/p>\n<p>Despre iertare \u0219i o \u201ea patra dimensiune\u201d\u2026\u00a0\u00a0 . . . . . . . . . . . . . . . . . .79<\/p>\n<p>Despre \u201eOmul-robot\u201d \u0219i programele lui mentale\u2026\u00a0\u00a0 . . . . . . . . . . . . . . . 123<\/p>\n<p>Despre \u201e\u00cen\u021belepciunea care face ca lucrurile s\u0103 curg\u0103 \u00eentr-un anume fel\u201d\u2026\u00a0\u00a0 . . . . . . . . . .145<\/p>\n<p>Despre spirale \u0219i drumuri de energie\u2026 . . . . . . . . . . . . . . . . . . . . .171<\/p>\n<p>\u201eTu e\u0219ti cheia a tot\u201d\u2026\u00a0\u00a0 . . . . . . . . . . . . . . . . . . . . . . . . . . . . 197<\/p>\n<p>Despre smerenie\u2026\u00a0 . . . . . . . . . . . . . . . . . . . . . . . . . . . . . . . 207<\/p>\n<p>\u201eNimic nu mi se cuvine\u201d: de la smerenie la dezidenti\ufb01care\u2026\u00a0 . . .251<\/p>\n<p>Despre suferin\u021b\u0103 \u0219i \u201eCele patru nobile adev\u0103ruri\u201d\u2026\u00a0\u00a0 . . . . . . . . . .257<\/p>\n<p>Despre ata\u0219amente \u0219i bucuria de a tr\u0103i\u2026\u00a0\u00a0 . . . . . . . . . . . . . . . . . .287<\/p>\n<p>Spune \u201eDA\u201d Existen\u021bei\u2026\u00a0\u00a0 . . . . . . . . . . . . . . . . . . . . . . . . . . . . .329<\/p>\n<p>&nbsp;<\/p>\n<p>&#8211; Adev\u0103rul Absolut\u2026 este tocmai c\u0103 nu exist\u0103 nici un adev\u0103r absolut&#8230;. z\u00e2mbi Spiritul ca pentru sine&#8230; oare avea Omule\u021bul s\u0103 \u00een\u021beleag\u0103 asta vreodat\u0103? Da, cu siguran\u021b\u0103 c\u0103 da, de fapt la \u00eenceput avea s\u0103 o simt\u0103, s\u0103 o intuiasc\u0103 cumva vag, difuz, apoi s\u0103 o \u00een\u021beleag\u0103, apoi s\u0103 o tr\u0103iasc\u0103, a\u0219a e \u00een firea lucrurilor, asta \u00eenseamn\u0103 evolu\u021bia&#8230; se bucur\u0103 Spiritul pentru Omule\u021b \u00een sinea sa, anticip\u00e2nd cu dragoste acel moment, cine \u0219tie peste c\u00e2te alte vie\u021bi&#8230; Omule\u021bul acesta \u00eencepea deja s\u0103 dep\u0103\u0219easc\u0103 turma\u2026 ori evolu\u021bie asta \u00eenseamn\u0103, drumul de la turm\u0103 \u2013 la un Iisus, la un Buddha\u2026<\/p>\n<p>Nu exist\u0103 nici un adev\u0103r absolut, \u00ee\u0219i z\u00e2mbi Spiritul sie\u0219i, exist\u0103 doar poten\u021bialitate \u0219i transformare \u0219i crea\u021bie \u0219i anihilare \u0219i cauzalitate \u0219i inten\u021bie \u0219i spirale de energie&#8230; dar, de fapt, nici acestea nu exist\u0103,\u00a0sunt doar cuvinte prin care un Spirit am\u0103r\u00e2t \u00eencearc\u0103 s\u0103-\u0219i explice, sie\u0219i \u0219i oamenilor, Ceea ce e de Neexplicat&#8230; \u00eei z\u00e2mbi Spiritul, cu duio\u0219ie \u0219i smerenie, de data aceasta, Existen\u021bei. \u0218i Existen\u021ba \u00eei \u00eentoarse, complice, z\u00e2mbetul.<\/p>\n<p>&nbsp;<\/p>\n<p>&#8211; Putem repeta, pentru noi cei afla\u021bi la nivelele ceva \u201cmai omene\u0219ti\u201d, p\u00e2n\u0103 una-alta? \u00eentreb\u0103 retoric Omule\u021bul cel cu mintea abstract\u0103: oricum avea s\u0103 o fac\u0103, \u0219i de fapt era foarte bun\u0103, aceast\u0103 sintetizare a sa. Ca s\u0103 avem o explica\u021bie-regul\u0103 clar\u0103:<\/p>\n<p><em>Tu e\u0219ti cauza, \u0219i, \u00een acela\u0219i timp, tu e\u0219ti \u0219i efectul\u2026: al t\u0103u \u0219i al vie\u021bii tale, cu tot ceea ce \u00eenseamn\u0103 asta! Tu \u2013 cel din toate vie\u021bile, tu \u2013 cu tot ce ai acumulat \u0219i ai structurat: adic\u0103 cu acel c\u00e2mp informa\u021bional numit minte-ego.<\/em><\/p>\n<p><em>\u0218i asta \u00eenseamn\u0103 karm\u0103.<\/em><\/p>\n<p><em>Iar solu\u021bia prim\u0103 \u0219i ultim\u0103 este aceea de a lucra tu cu tine. \u00cen mod con\u0219tient \u0219i responsabil\u2026 <\/em>(nu din nou egotic: \u201cca s\u0103 ob\u021bin ce vreau\u2026\u201d, \u201cca s\u0103-mi \u00eendeplinesc dorin\u021bele\u201d!). <em>Ci \u00een\u021beleg\u00e2nd \u0219i asum\u00e2ndu-\u021bi asta.<\/em><\/p>\n<p>&nbsp;<\/p>\n<p>&#8211; Fericirea nu \u201cse merit\u0103\u201d, nu e nimeni acolo care \u201cs\u0103-\u021bi dea\u201d fericirea&#8230; se burzului Spiritul: Omule\u021bul acesta iat\u0103 c\u0103 nu a \u00een\u021beles nimic to\u021bi anii ace\u0219tia\u2026<\/p>\n<p><em>Fericirea este \u00een tine, este \u00een fiecare, ori tu (\u0219i to\u021bi ceilal\u021bi!) c\u0103uta\u021bi fericirea \u00een afara voastr\u0103&#8230; <\/em><em>Fericirea provine din acea ananda, din acea <\/em><em>\u201cbeatitufine\u201d<\/em><em> primordial\u0103&#8230;, ea Este, ea face parte din Crea\u021bie, ea este, mereu, pretutindeni&#8230; numai c\u0103 mintea ta vrea o anumit\u0103 fericire, dup\u0103 criteriile, dup\u0103 \u0219abloanele ei ei\u2026 <\/em>Omul vrea mereu c\u00e2te ceva, sau altceva, \u0219i ignor\u0103 cu des\u0103v\u00e2r\u0219ire ceea ce <em>deja are<\/em> \u00een el&#8230; \u0218i mai ales, vrea mereu ca <em>altcineva sau altceva &#8211;<\/em> s\u0103-i \u201caduc\u0103\u201d fericirea aceea !<\/p>\n<p>Ori fericirea <em>deja este<\/em>, ea nu trebuie adus\u0103 de nic\u0103ieri \u0219i de c\u0103tre nimeni, trebuie doar descoperit\u0103, b\u0103gat\u0103 \u00een seam\u0103&#8230; ori asta se face prin redirec\u021bionarea preocup\u0103rilor tale (mentale, desigur!) \u0219i a aten\u021biei tale, \u00eenspre interior: adic\u0103 centrare, adic\u0103 medita\u021bie&#8230;<\/p>\n<p>&nbsp;<\/p>\n<p><em>350 pag, 40 lei<\/em><\/p>\n","protected":false},"excerpt":{"rendered":"<p>SPUNE DA EXISTEN\u021aEI\u2026 Cuprins Cum apare o \u0218coal\u0103\u2026\u00a0\u00a0 . . . . . . . . . . . . . . . . . . . . . . . . . . . . . . .9 \u201e\u00cencerc\u0103rile\u201d LiLA, un altfel de cod de conduit\u0103 moral\u0103\u2026 . . . . . . .15 [&hellip;]<\/p>\n","protected":false},"author":1,"featured_media":3166,"parent":3083,"menu_order":0,"comment_status":"closed","ping_status":"closed","template":"","meta":[],"_links":{"self":[{"href":"https:\/\/lila-spirit.ro\/wp\/index.php?rest_route=\/wp\/v2\/pages\/3165"}],"collection":[{"href":"https:\/\/lila-spirit.ro\/wp\/index.php?rest_route=\/wp\/v2\/pages"}],"about":[{"href":"https:\/\/lila-spirit.ro\/wp\/index.php?rest_route=\/wp\/v2\/types\/page"}],"author":[{"embeddable":true,"href":"https:\/\/lila-spirit.ro\/wp\/index.php?rest_route=\/wp\/v2\/users\/1"}],"replies":[{"embeddable":true,"href":"https:\/\/lila-spirit.ro\/wp\/index.php?rest_route=%2Fwp%2Fv2%2Fcomments&post=3165"}],"version-history":[{"count":3,"href":"https:\/\/lila-spirit.ro\/wp\/index.php?rest_route=\/wp\/v2\/pages\/3165\/revisions"}],"predecessor-version":[{"id":3265,"href":"https:\/\/lila-spirit.ro\/wp\/index.php?rest_route=\/wp\/v2\/pages\/3165\/revisions\/3265"}],"up":[{"embeddable":true,"href":"https:\/\/lila-spirit.ro\/wp\/index.php?rest_route=\/wp\/v2\/pages\/3083"}],"wp:featuredmedia":[{"embeddable":true,"href":"https:\/\/lila-spirit.ro\/wp\/index.php?rest_route=\/wp\/v2\/media\/3166"}],"wp:attachment":[{"href":"https:\/\/lila-spirit.ro\/wp\/index.php?rest_route=%2Fwp%2Fv2%2Fmedia&parent=3165"}],"curies":[{"name":"wp","href":"https:\/\/api.w.org\/{rel}","templated":true}]}}