{"id":3189,"date":"2017-06-06T13:25:10","date_gmt":"2017-06-06T10:25:10","guid":{"rendered":"https:\/\/lila-spirit.ro\/wp\/?page_id=3189"},"modified":"2019-09-04T12:04:00","modified_gmt":"2019-09-04T09:04:00","slug":"indra-pentru-ca-nu-exista-decat-sinele","status":"publish","type":"page","link":"https:\/\/lila-spirit.ro\/wp\/?page_id=3189","title":{"rendered":"Indra: Pentru c\u0103 nu exist\u0103 dec\u00e2t Sinele&#8230;"},"content":{"rendered":"<p><\/p>\n<p><a href=\"https:\/\/lila-spirit.ro\/wp\/wp-content\/uploads\/2019\/09\/@-Pentru-ca-nu-exista-decat-Sinele-cover.jpg\"><img loading=\"lazy\" class=\"aligncenter size-medium wp-image-3549\" src=\"https:\/\/lila-spirit.ro\/wp\/wp-content\/uploads\/2019\/09\/@-Pentru-ca-nu-exista-decat-Sinele-cover-214x300.jpg\" alt=\"\" width=\"214\" height=\"300\" srcset=\"https:\/\/lila-spirit.ro\/wp\/wp-content\/uploads\/2019\/09\/@-Pentru-ca-nu-exista-decat-Sinele-cover-214x300.jpg 214w, https:\/\/lila-spirit.ro\/wp\/wp-content\/uploads\/2019\/09\/@-Pentru-ca-nu-exista-decat-Sinele-cover-768x1074.jpg 768w, https:\/\/lila-spirit.ro\/wp\/wp-content\/uploads\/2019\/09\/@-Pentru-ca-nu-exista-decat-Sinele-cover-732x1024.jpg 732w, https:\/\/lila-spirit.ro\/wp\/wp-content\/uploads\/2019\/09\/@-Pentru-ca-nu-exista-decat-Sinele-cover.jpg 1299w\" sizes=\"(max-width: 214px) 100vw, 214px\" \/><\/a><\/p>\n<p><\/p>\n<p>Realitatea Absolut\u0103 este acela\u0219i lucru cu Natura ta real\u0103, sau Esen\u021ba min\u021bii, sau Natura real\u0103 a orice. Fizicienii \u00eei spun singularitate. Cre\u0219tinii \u00eei spun Dumnezeu.<\/p>\n<p>Putem s\u0103-i spunem cum vrem; doar c\u0103 Ea nu poate fi definit\u0103, nu poate fi \u00een\u021beleas\u0103 \u0219i nu poate fi perceput\u0103 cu mintea obi\u0219nuit\u0103. Oric\u00e2t s-ar str\u0103dui cineva s\u0103-i dea o defini\u021bie, nu va putea s\u0103 o dea, doar \u201cva ar\u0103ta \u00eenspre\u201d Ea, a\u0219a cum spun orientalii.<\/p>\n<p>Ca s\u0103 ajungi la realitatea Absolut\u0103 trebuie s\u0103 fii tu \u00eensu\u021bi \u00een Ea. \u201cTu \u00eensu\u021bi\u201d &#8211; \u00eens\u0103 f\u0103r\u0103 \u201ctine\u201d: adic\u0103 f\u0103r\u0103 mintea \u0219i egoul t\u0103u\u2026<\/p>\n<p>\u00cen rest nu po\u021bi avea dec\u00e2t informa\u021bii \u201cdespre\u201d, iar acestea de obicei se dau prin nega\u021bii: nu are \u00eenceput, nu are sf\u00e2r\u0219it, nu are cauz\u0103, acolo nu exist\u0103 timp, acolo nu exist\u0103 suferin\u021b\u0103.<\/p>\n<p>De ce ? pentru c\u0103 tot ceea exist\u0103 \u00een sfera lucrurilor care \u201cau\u201d c\u00e2te ceva, \u021bine foarte mult de minte. \u0218i atunci, ca s\u0103 po\u021bi descrie o stare unde mintea nu poate s\u0103 ajung\u0103, este greu s\u0103 te folose\u0219ti de exact aceast\u0103 minte \u0219i de acele cuvinte ale ei&#8230;<\/p>\n<p><\/p>\n<p>&#8211; Dar exist\u0103 un scop final al acestui drum pe care oamenii ar trebui s\u0103-l parcurg\u0103? \u00eentreb\u0103 acela\u0219i Omule\u021b, care, se vede treaba, nu \u00een\u021belesese nimic&#8230;<\/p>\n<p>&#8211; Finalul este descoperirea Esen\u021bei tale: \u0219i \u00een acel moment mintea ta va fi mintea Universului, g\u00e2ndurile tale vor fi g\u00e2ndurile Universului, voia ta va fi voia Universului, comportamentul t\u0103u va fi ceea ce vrea Universul s\u0103 fac\u0103 prin tine. Pentru c\u0103 \u00een momentul \u00een care tu dispari ca ego, Universul va lucra prin tine, pe diverse c\u0103i ne\u0219tiute, neb\u0103nuite. Nu vei mai fi tu, acolo, cel egotic: va fi vocea Universului \u0219i con\u0219tiin\u021ba Universului prin tine&#8230;; iar singura ta dorin\u021b\u0103 va mai putea fi doar aceea de a-i ajuta pe ceilal\u021bi&#8230; Cum? L\u0103s\u00e2nd Universul s\u0103-i ajute prin tine!<\/p>\n<p><\/p>\n<p>Realizarea Sinelui \u00eenseamn\u0103 a-\u021bi da seama c\u0103 \u0219i tu e\u0219ti una cu Tripura, cu Con\u0219tiin\u021ba transcendent\u0103, exact ceea ce afirm\u0103 Tripura \u00cens\u0103\u0219i: faptul c\u0103 Ea este Totul&#8230; Iar \u201crealizare\u201d &#8211; \u00eenseamn\u0103 o experien\u021b\u0103 interioar\u0103, \u00eenseamn\u0103 s\u0103 sim\u021bi, s\u0103 \u0219tii acest lucru, nu doar s\u0103 \u00eel reci\u021bi ca pe un \u201cslogan spiritual\u201d.<\/p>\n<p>\u0218i atunci tot secretul devine, de fapt, descoperirea Sinelui \u00een tine. Iar pentru asta nu trebuie dec\u00e2t s\u0103 dai jos straturile care \u00eel \u021bin ascuns. Nu trebuie s\u0103 cau\u021bi Sinele undeva \u00een exterior, nu trebuie s\u0103 te duci nic\u0103ieri\u2026 Iar \u00eentr-Acolo te va conduce medita\u021bia\u2026<\/p>\n<p><\/p>\n<p>Pornise el de la ceea ce \u00eenseamn\u0103 o Cale spiritual\u0103 \u00een termenii cei \u201eomene\u0219ti\u201d\u2026, \u00ee\u0219i rememor\u0103 Spiritul acest fragment de drum al \u00cenv\u0103\u021b\u0103turilor sale. \u0218i, iat\u0103, poate c\u0103 reu\u0219ise acum s\u0103-l \u00eencheie la un alt nivel, \u00een \u00eencercarea sa de a-i conduce pe Omule\u021bi, m\u0103car teoretic, \u00een apropierea acelui minunat \u201efruct\u201d al C\u0103ii: realizarea Sinelui, re\u00eentoarcerea la Esen\u021b\u0103\u2026 Universul e construit din spirale, infinite, \u00eentrep\u0103trunse, majestuoase\u2026 Oare construise, \u0219i el, o micu\u021b\u0103 spiral\u0103 coerent\u0103, \u00een acest Univers?! O spiral\u0103 care s\u0103 arate \u0219i ea, \u00censpre\u2026 \u00cei va r\u0103spunde Universul la asta, cu siguran\u021b\u0103\u2026, z\u00e2mbi Spiritul din acea T\u0103cere a non-min\u021bii\u2026, din T\u0103cerea \u00eenceputurilor \u0219i sf\u00e2r\u0219iturilor, Acolo unde se na\u0219te respira\u021bia grandioas\u0103 a Crea\u021biei, Acolo unde Shiva devine Shakti a sa, Manifestarea\u2026 Manifestare care \u00ee\u0219i va c\u00e2nta ve\u0219nic, prin \u00eens\u0103\u0219i fiin\u021barea sa, Originea: Ham\u2011sa\u2026, ham\u2011sa\u2026 Nu exist\u0103 dec\u00e2t El\u2026, Nu exist\u0103 dec\u00e2t El\u2026, Nu exist\u0103 dec\u00e2t El\u2026<\/p>\n<p><\/p>\n<p>Cuprins<\/p>\n<p>O Cale \u00eenspre tine\u2026 &#8230;&#8230;&#8230;&#8230;&#8230;&#8230;&#8230;&#8230;&#8230;&#8230;&#8230;&#8230;&#8230;&#8230;&#8230;&#8230;&#8230;&#8230;&#8230;&#8230;&#8230;&#8230;&#8230;..7<\/p>\n<p>O Cale \u00eenspre tine\u2026, apoi renun\u021barea la acest \u201etine\u201d\u2026 &#8230;&#8230;&#8230;&#8230;&#8230;9<\/p>\n<p>Jnana yoga, povestea min\u021bii \u0219i a ego-ului\u2026 &#8230;&#8230;&#8230;&#8230;&#8230;&#8230;&#8230;&#8230;&#8230;&#8230;.39<\/p>\n<p>Despre mai multe min\u021bi, \u00een Yoga sutra a lui Patanjali\u2026&nbsp; &#8230;&#8230;..105<\/p>\n<p>Tehnicile de fixare: shamata, shinay\u2026 &#8230;&#8230;&#8230;&#8230;&#8230;&#8230;&#8230;&#8230;&#8230;&#8230;&#8230;&#8230;.149<\/p>\n<p>Despre yoga, Upani\u0219ade, mintea buddhi \u0219i non-ac\u021biune\u2026 &#8230;&#8230;163<\/p>\n<p>Despre realizarea Sinelui, \u00een Tripura Rahasya\u2026 &#8230;&#8230;&#8230;&#8230;&#8230;&#8230;..193<\/p>\n<p>Trebuie s\u0103 mori pentru a rena\u0219te\u2026 &#8230;&#8230;&#8230;&#8230;&#8230;&#8230;&#8230;&#8230;&#8230;&#8230;&#8230;&#8230;&#8230;&#8230;.247<\/p>\n<p>Despre starea de Buddha, \u00een Mahayana Uttara Tantra\u2026 &#8230;&#8230;283<\/p>\n<p>Ham\u2011Sa, c\u00e2ntecul respira\u021biei: nu exist\u0103 dec\u00e2t El\u2026 &#8230;&#8230;&#8230;&#8230;&#8230;..339<\/p>\n<p><\/p>\n<p><em>351 pag.<\/em><\/p>\n<p><em>40 lei<\/em><\/p>\n\n\n<figure class=\"wp-block-image\"><img alt=\"\"\/><\/figure>\n","protected":false},"excerpt":{"rendered":"<p>Realitatea Absolut\u0103 este acela\u0219i lucru cu Natura ta real\u0103, sau Esen\u021ba min\u021bii, sau Natura real\u0103 a orice. Fizicienii \u00eei spun singularitate. Cre\u0219tinii \u00eei spun Dumnezeu. Putem s\u0103-i spunem cum vrem; doar c\u0103 Ea nu poate fi definit\u0103, nu poate fi \u00een\u021beleas\u0103 \u0219i nu poate fi perceput\u0103 cu mintea obi\u0219nuit\u0103. Oric\u00e2t s-ar str\u0103dui cineva s\u0103-i dea [&hellip;]<\/p>\n","protected":false},"author":1,"featured_media":3549,"parent":3083,"menu_order":0,"comment_status":"closed","ping_status":"closed","template":"","meta":[],"_links":{"self":[{"href":"https:\/\/lila-spirit.ro\/wp\/index.php?rest_route=\/wp\/v2\/pages\/3189"}],"collection":[{"href":"https:\/\/lila-spirit.ro\/wp\/index.php?rest_route=\/wp\/v2\/pages"}],"about":[{"href":"https:\/\/lila-spirit.ro\/wp\/index.php?rest_route=\/wp\/v2\/types\/page"}],"author":[{"embeddable":true,"href":"https:\/\/lila-spirit.ro\/wp\/index.php?rest_route=\/wp\/v2\/users\/1"}],"replies":[{"embeddable":true,"href":"https:\/\/lila-spirit.ro\/wp\/index.php?rest_route=%2Fwp%2Fv2%2Fcomments&post=3189"}],"version-history":[{"count":4,"href":"https:\/\/lila-spirit.ro\/wp\/index.php?rest_route=\/wp\/v2\/pages\/3189\/revisions"}],"predecessor-version":[{"id":3553,"href":"https:\/\/lila-spirit.ro\/wp\/index.php?rest_route=\/wp\/v2\/pages\/3189\/revisions\/3553"}],"up":[{"embeddable":true,"href":"https:\/\/lila-spirit.ro\/wp\/index.php?rest_route=\/wp\/v2\/pages\/3083"}],"wp:featuredmedia":[{"embeddable":true,"href":"https:\/\/lila-spirit.ro\/wp\/index.php?rest_route=\/wp\/v2\/media\/3549"}],"wp:attachment":[{"href":"https:\/\/lila-spirit.ro\/wp\/index.php?rest_route=%2Fwp%2Fv2%2Fmedia&parent=3189"}],"curies":[{"name":"wp","href":"https:\/\/api.w.org\/{rel}","templated":true}]}}