{"id":3203,"date":"2017-07-03T12:36:38","date_gmt":"2017-07-03T09:36:38","guid":{"rendered":"https:\/\/lila-spirit.ro\/wp\/?page_id=3203"},"modified":"2017-07-03T12:36:38","modified_gmt":"2017-07-03T09:36:38","slug":"mihaela-atitudinea-corecta","status":"publish","type":"page","link":"https:\/\/lila-spirit.ro\/wp\/?page_id=3203","title":{"rendered":"Mihaela: Atitudinea corect\u0103&#8230;"},"content":{"rendered":"<p>Dragi prieteni,<\/p>\n<p>&nbsp;<\/p>\n<p>Ne preg\u0103tim pentru tab\u0103r\u0103.<\/p>\n<p>Este nevoie a ne reaminti, cu to\u021bii, de atitudinea interioar\u0103 cu care ne preg\u0103tim s\u0103 plec\u0103m \u00een \u00a0tab\u0103r\u0103.<\/p>\n<p>Nu pornim cu deja \u201c\u0218TIU EU\u201d cum e \u00een tab\u0103r\u0103, \u201c\u0219tiu eu\u201d la ce m\u0103 a\u0219tept, \u201c\u0219tiu eu\u201d ce urmeaz\u0103, ci ne preg\u0103tim s\u0103 plec\u0103m \u201cgoi\u201d, <strong><em><u>f\u0103r\u0103 noi<\/u><\/em><\/strong>, cei cu identific\u0103rile noastre, problemele noastre, justific\u0103rile noastre, orgoliile, nemul\u021bumirile, vorb\u0103ria f\u0103r\u0103 rost, etc., etc.; ca \u0219i cum fiecare clip\u0103 e nou\u0103, unic\u0103!<\/p>\n<p>Plec\u0103m deschi\u0219i, cu mare acceptare, cu \u201cvrutul\u2019\u2019 interior de transformare profund\u0103, f\u0103r\u0103 s\u0103 punem etichete, f\u0103r\u0103 a\u0219tept\u0103ri, mai responsabili, mai buni, haide\u021bi chiar s\u0103 vedem ce decide Universul! S\u0103 ne unduim odat\u0103 cu El\u2026<\/p>\n<p>&nbsp;<\/p>\n<p>Atitudinea de mare respect \u0219i gratitudine pentru faptul c\u0103 putem pleca \u00een tab\u0103r\u0103, c\u0103 o avem pe Indra, c\u0103 putem practica mult, chiar doar st\u00e2nd \u00een prejma ei, c\u0103 nu \u0219tiu ce ne-am mai putea dori!<\/p>\n<p>S\u0103 putem realiza c\u0103 TOATE problemele noastre sunt foarte mici\u2026\u00a0 \u0219i s\u0103 realiz\u0103m faptul c\u0103 practica noastr\u0103 nu se \u00eentrerupe!<\/p>\n<p><em><u>Toat\u0103 via\u021ba noastr\u0103 este o practic\u0103, continu\u0103, frumoas\u0103. Practica ne sus\u021bine ea, permanent, dac\u0103 \u0219i noi lucr\u0103m sus\u021binut, cu adev\u0103rat, nu numai \u00een tab\u0103r\u0103!<\/u><\/em><\/p>\n<p><em><u>\u00a0<\/u><\/em><\/p>\n<p><em><u>\u00a0<\/u><\/em><\/p>\n<p>Cu foarte mult drag<\/p>\n<p>Mihaela<\/p>\n<p>&nbsp;<\/p>\n","protected":false},"excerpt":{"rendered":"<p>Dragi prieteni, &nbsp; Ne preg\u0103tim pentru tab\u0103r\u0103. Este nevoie a ne reaminti, cu to\u021bii, de atitudinea interioar\u0103 cu care ne preg\u0103tim s\u0103 plec\u0103m \u00een \u00a0tab\u0103r\u0103. Nu pornim cu deja \u201c\u0218TIU EU\u201d cum e \u00een tab\u0103r\u0103, \u201c\u0219tiu eu\u201d la ce m\u0103 a\u0219tept, \u201c\u0219tiu eu\u201d ce urmeaz\u0103, ci ne preg\u0103tim s\u0103 plec\u0103m \u201cgoi\u201d, f\u0103r\u0103 noi, cei cu [&hellip;]<\/p>\n","protected":false},"author":1,"featured_media":0,"parent":36,"menu_order":0,"comment_status":"closed","ping_status":"closed","template":"","meta":[],"_links":{"self":[{"href":"https:\/\/lila-spirit.ro\/wp\/index.php?rest_route=\/wp\/v2\/pages\/3203"}],"collection":[{"href":"https:\/\/lila-spirit.ro\/wp\/index.php?rest_route=\/wp\/v2\/pages"}],"about":[{"href":"https:\/\/lila-spirit.ro\/wp\/index.php?rest_route=\/wp\/v2\/types\/page"}],"author":[{"embeddable":true,"href":"https:\/\/lila-spirit.ro\/wp\/index.php?rest_route=\/wp\/v2\/users\/1"}],"replies":[{"embeddable":true,"href":"https:\/\/lila-spirit.ro\/wp\/index.php?rest_route=%2Fwp%2Fv2%2Fcomments&post=3203"}],"version-history":[{"count":1,"href":"https:\/\/lila-spirit.ro\/wp\/index.php?rest_route=\/wp\/v2\/pages\/3203\/revisions"}],"predecessor-version":[{"id":3204,"href":"https:\/\/lila-spirit.ro\/wp\/index.php?rest_route=\/wp\/v2\/pages\/3203\/revisions\/3204"}],"up":[{"embeddable":true,"href":"https:\/\/lila-spirit.ro\/wp\/index.php?rest_route=\/wp\/v2\/pages\/36"}],"wp:attachment":[{"href":"https:\/\/lila-spirit.ro\/wp\/index.php?rest_route=%2Fwp%2Fv2%2Fmedia&parent=3203"}],"curies":[{"name":"wp","href":"https:\/\/api.w.org\/{rel}","templated":true}]}}