{"id":3288,"date":"2017-09-21T15:19:48","date_gmt":"2017-09-21T12:19:48","guid":{"rendered":"https:\/\/lila-spirit.ro\/wp\/?page_id=3288"},"modified":"2017-09-21T15:19:48","modified_gmt":"2017-09-21T12:19:48","slug":"despre-energetica-unei-scoli-spirituale","status":"publish","type":"page","link":"https:\/\/lila-spirit.ro\/wp\/?page_id=3288","title":{"rendered":"Despre \u201denergetica\u201d unei \u0218coli spirituale&#8230;"},"content":{"rendered":"<p><strong>Despre energetica unei \u0218coli\u2026<\/strong><\/p>\n<p><strong>\u00a0<\/strong><\/p>\n<p>&#8211; Putem discuta pu\u021bin despre energetic\u0103? ai pomenit asta, cum c\u0103 fiecare \u0218coal\u0103 are energetica sa\u2026<\/p>\n<p>&#8211; I: <em>Nu numai fiecare \u0218coal\u0103, ci fiecare om, fiin\u021b\u0103, animal, piatr\u0103\u2026, floare\u2026, dar \u0219i idee, emo\u021bie, etc. Fiecare loc, fiecare carte\u2026, fiecare grup\u2026, fiecare \u2013 orice! are energetica sa. Fiecare \u0218coal\u0103, fiecare <\/em><em>\u201ccurent\u201d filozofic sau spiritual, <\/em><em>fiecare religie, desigur\u2026<\/em> Cre\u0219tinismul are o calitate energetic\u0103 diferit\u0103 de buddhism, sau de hinduism\u2026 Buddhismul Mahayana este diferit de cel Theravada, nu numai conceptual, dar \u0219i energetic; sau de Zen, care descinde tot din Buddhism\u2026 Energetic\u0103 diferit\u0103 &#8211; dat\u0103 exact de acele concepte u\u0219or diferite sau \u201cfolosite\u201d doar par\u021bial, sau amestecate cu altceva (\u00een cazul Zen-ului); dar \u0219i de situarea geografic\u0103 a \u0218colilor, de nivelul de con\u0219tiin\u021b\u0103 al practican\u021bilor (vedem mai departe), precum \u0219i de prelucr\u0103rile lor ulterioare. Doctrina Dzoghcen are elemente de buddhism clasic \u00eencorporate, dar pu\u021bine, energetica final\u0103 fiind cu totul alta (cea str\u0103veche, B\u00f6npo + Tibetul \u2013 ca creuzet + buddhismul supraad\u0103ugat +\u2026)\u2026 Nu facem acum teoria religiilor, \u00eencerc doar s\u0103 explic c\u00e2te ceva vis-a-vis de aceast\u0103 <em>diversitate energetic\u0103<\/em>\u2026<\/p>\n<p><em>Fiecare om are o calitate energetic\u0103 aparte, rezultat\u0103 din compozi\u021bia sa mental-emo\u021bional-egotic\u0103-ancestral\u0103-astral\u0103-a momentului-a religiei-etc.-etc. Acestea sunt acele \u201cstraturi\u201d ale fiec\u0103ruia, unele v\u0103zute altele (marea majoritate!) nev\u0103zute\u2026<\/em> <em><u>Energetic\u0103 \u201c<\/u><\/em><em><u>moderat\u0103\u201d (guvernat\u0103!) de nivelul s\u0103u de con\u0219tiin\u021b\u0103\u2026<\/u><\/em> <em>Toate acestea sunt, deci, c\u00e2mpuri care se sumeaz\u0103 \u0219i se compun \u00eentr-un anume mod.<\/em><\/p>\n<p>Un grup de oameni va avea o energetic\u0103 format\u0103 din cea a membrilor s\u0103i + a locului respectiv + a altor factori din cel moment (v\u00e2nt, ar\u0219i\u021b\u0103, planete aliniate cumva anume) + a \u021b\u0103rii respective + + + +\u2026 \u0218i tot a\u0219a Vorbim mereu deci \u2013 despre c\u00e2mpuri de energie compuse, av\u00e2nd anumite particularit\u0103\u021bi calitative (vibra\u021bionale, de frecven\u021b\u0103, de rafinament, etc., sunt cuvinte care indic\u0103 acela\u0219i lucru).<\/p>\n<p><strong><em>Ideile sunt impregnate cu energetica celui care le emite, la fel \u2013 vorbele, faptele, ele <u>con\u021bin \u0219i r\u0103sp\u00e2ndesc<\/u> energetica celui care le g\u00e2nde\u0219te, le spune, sau le face. Fiecare g\u00e2nd, gest, vorb\u0103 are o anumit\u0103 calitate energetic\u0103, un anumit rafinament, care va fi r\u0103sp\u00e2ndit \u00een jur\u2026<\/em><\/strong> Am vorbit \u0219i despre asta mai mult \u2013 mai demult. \u0218i este iar\u0103\u0219i ceva de \u021binut minte (algoritm, lege, cum vrei s\u0103-i spui).<\/p>\n<p>La fel \u2013 cursurile\u2026 Ca s\u0103 nu mai vorbim de <strong><em>o \u0218coal\u0103 f\u0103cut\u0103 de un maestru: ea va avea exact energetica aceluia, la fel ceea ce se discut\u0103 sau se practic\u0103 acolo, totul va fi impregnat de calitatea sa energetic\u0103\u2026 <\/em><\/strong>Deci \u0219i conceptele \u0219i exerci\u021biile au energetica lor. At\u00e2ta doar c\u0103 vin \u0219i ceilal\u021bi cu \u201cc\u00e2mpurile\u201d lor mai murd\u0103rele, \u0219i iat\u0103 de ce lucrurile nu se p\u0103streaz\u0103 curate \u0219i frumoase permanent\u2026 Dar, \u00een general, \u00eentr-o \u0218coal\u0103 autentic\u0103 \u2013 exist\u0103 acea vibra\u021bie frumoas\u0103\u2026 care restructureaz\u0103 vibra\u021biile ur\u00e2te, le cur\u0103\u021b\u0103, le transmut\u0103, \u201ctriumf\u00e2nd\u201d \u00eentr-un final. Dar are de muncit ceva, s\u0103r\u0103cu\u021ba de ea, acea vibra\u021bie frumoas\u0103\u2026<\/p>\n<p>Iar asta se \u00eent\u00e2mpl\u0103 de obicei doar at\u00e2ta timp c\u00e2t mae\u0219trii aceia sunt pe acolo, dup-aia nu prea mai are cine s\u0103 \u00eentre\u021bin\u0103 \u201cvibra\u021bia\u201d cea frumoas\u0103: dec\u00e2t \u00cenv\u0103\u021b\u0103turile, scrierile sau exerci\u021biile sau mantrele l\u0103sate \u00een urma sa \u0219i impregnate de el. Sau, dac\u0103 duc mai departe munca sa \u2013 ni\u0219te practican\u021bi foarte buni, care s\u0103 devin\u0103 \u0219i ei mae\u0219trii adev\u0103ra\u021bi, la r\u00e2ndul lor, etc. Dar \u00een general aceast\u0103 calitate special\u0103 se va pierde\u2026, vezi cre\u0219tinismul, mahomedanismul, acum budhismul o p\u0103\u021be\u0219te \u0219i el, de\u0219i se lupt\u0103 s\u0103 nu se \u00eent\u00e2mple asta\u2026 Lucrurile se altereaz\u0103 exact din cauza amestecului de energii ale practican\u021bilor, \u0219i a urm\u0103torilor \u00eenv\u0103\u021b\u0103tori, etc., care nu au suficient\u0103 for\u021b\u0103 \u0219i cur\u0103\u021benie ca s\u0103 p\u0103streze intact ceea ce le-a l\u0103sat maestrul lor.<\/p>\n<p><strong><em>Iat\u0103 o nou\u0103 explica\u021bie a protec\u021biei materialelor unei \u0218coli sau religii (concepte, practic\u0103, etc.), <\/em><\/strong><em>cu asta \u00eencepusem acea discu\u021bie despre amestecul de practici \u0219i concepte. <strong>Este, de fapt, \u00eencercarea \u201curma\u0219ilor\u201d acelei \u0218coli de a p\u0103stra nealterat ceea ce au primit ei \u0219i consider\u0103 extrem de valoros! P\u00e2n\u0103 la urm\u0103 este o dovad\u0103 de respect fa\u021b\u0103 de valoarea \u00cenv\u0103\u021b\u0103turilor primite \u0219i fa\u021b\u0103 de acel maestru, ne-alterarea, ne-pervertirea prin amestecul cu alte chestii!<\/strong><\/em><\/p>\n<p>&#8211; \u0218i va trebui s\u0103 cam apar\u0103 un alt maestru care s\u0103-\u0219i permit\u0103 eventual s\u0103 fac\u0103 asta, din \u00een\u021belegerea lui mai vast\u0103 \u0219i din puterea de sintez\u0103, alegere, adaptare, etc. Adic\u0103 s\u0103 aib\u0103 acea viziune de ansamblu a puzzle-ului\u2026<\/p>\n<p>&#8211; Da, exact a\u0219a!!<\/p>\n<p>Revenim. Din p\u0103cate, toate astea nu se v\u0103d; dar unii le simt\u2026 \u0219i \u00ee\u021bi pot spune asta, cam ce \u00eenseamn\u0103 energetica unor grupuri\u2026 a\u0219a-zise spirituale (asta pentru c\u0103 ne referim la textul acela, \u0219i nu la energetica \u021b\u0103rii, sau a unei pu\u0219c\u0103rii, sau a unei biserici). \u0218i c\u00e2t de ur\u00e2t, ne-armonios, se simte un amestec de practici luate de ici de acolo, \u0219i condimentate \u0219i cu energetica ta personal\u0103, cu toate voin\u021bele, rigidit\u0103\u021bile, opozi\u021biile, fi\u021bele, tale. \u201cNe-armonios\u201d este un cuv\u00e2nt uneori prea bl\u00e2nd\u2026, vorbim de noroaie, mla\u0219tini, latrine, pietre, \u021bepi, \u021bepu\u0219e, pumnale, otrav\u0103, asta doar ca s\u0103 suger\u0103m pu\u021bin vibra\u021bional \u2013 cam cum se simt lucrurile (\u0219i chiar se simt a\u0219a, foarte concret \u0219i dur\u2026). Ideea textului era c\u0103 tu nu po\u021bi sim\u021bi deocamdat\u0103 toate straturile astea\u2026 \u0219i te p\u0103c\u0103le\u0219te pojghi\u021ba sclipitoare de deasupra\u2026<\/p>\n<p>Relu\u0103m acum o idee prezentat\u0103 deja: \u00eentr-un curent sau \u00eentr-un curs sau \u00eentr-o carte \u2013 sunt \u0219i idei curate, bune, dar amestecate cu multe altele toxice, iar ceea ce rezult\u0103 \u2013 va fi calitatea energetic\u0103 a cursului\/ c\u0103r\u021bii respective.<\/p>\n<p>Pe care tu \u00eel amesteci \u2013 cu alte amestecuri energetice ale altor doctrine, practici, etc-uri + ale tale personale\u2026 Ori <em>exact aceast\u0103 rezultant\u0103 energetic\u0103 este foarte haotic\u0103 \u0219i nociv\u0103:<\/em> doar c\u0103 tu nu o vezi a\u0219a \u0219i te sim\u021bi foarte bine b\u0103l\u0103cindu-te \u00een ea: pentru c\u0103 \u201crezonezi\u201d cu acea energetic\u0103 (adic\u0103 \u0219i tu te afli cam tot pe acolo \u2013 vibra\u021bional, \u0219i de aceea te sim\u021bi \u00een elementul t\u0103u). Repet\u0103m, dominanta rezultantei energetice este dat\u0103 de <u>nivelul de con\u0219tiin\u021b\u0103<\/u>.<\/p>\n<p>Revenim iar\u0103\u0219i: inclusiv exerci\u021biile au energetica lor particular\u0103, diferit\u0103 fiind de la un exerci\u021biu la altul; desigur, \u201cr\u0103zboinicul\u201d este diferit de \u201cpom\u201d sau de \u201cvultur\u201d\u2026 Dar energetica lor va fi diferit\u0103 \u0219i \u00een func\u021bie de \u0218coala \u00een care se practic\u0103 ele (tocmai pentru c\u0103 se suprapun \u0219i se combin\u0103 \u0219i cu frecven\u021bele acelei \u0218coli), sau \u00een func\u021bie de practicantul \u00eensu\u0219i (pentru c\u0103 se mai adaug\u0103 \u0219i caracteristicile aceluia): aceea\u0219i postur\u0103 a lui Patanjali \u2013 la noi are alt\u0103 calitate fa\u021b\u0103 de exerci\u021biul f\u0103cut de el\u2026 Acela\u0219i exerci\u021biu adaptat de qigong \u2013 la noi se simte altfel. \u00cen plus \u2013 noi avem unele exerci\u021bii clasice (cu energetica \u201cclasic\u0103\u201d + dar deja \u0219i cu cea a \u0218colii) , dar \u0219i alte exerci\u021bii proprii \u0218colii (impregnate predominat, 90%, de energetica \u0218colii). Iar exerci\u021biul va fi impregnat, \u00een plus, de calitatea fiec\u0103rui practicant sau instructor.<\/p>\n<p><strong><em>Nu compar\u0103m acum, doar explicam diferen\u021bele astea subtile\u2026 Ca s\u0103 \u00een\u021belege\u021bi \u00eenc\u0103 o dat\u0103, de ce trebuie f\u0103cute lucrurile a\u0219a cum le recomand\u0103m: pentru c\u0103 aceea este varianta lor cea mai armonioas\u0103 \u2013 pentru tine. \u0218i cea mai congruent\u0103 \u2013 cu conceptele, \u0219i cu restul con\u021binutului \u0218colii.<\/em><\/strong><\/p>\n<p>La fel c\u0103r\u021bile, textele, \u00eenregistr\u0103rile noastre: chiar dac\u0103 nu \u00een\u021belegi tot ce scrie acolo, ele te ajut\u0103 \u0219i \u00een acest fel, te ridic\u0103 \u0219i te rafineaz\u0103 vibra\u021bional, te sus\u021bin apoi, \u2013 din cauza aceleia\u0219i impregn\u0103ri energetice \u0219i a r\u0103sp\u00e2ndirii ei \u00een jur.<\/p>\n<p>La fel \u2013 terapia LiLA, are o cu totul alt\u0103 calitate energetic\u0103 (a \u0218colii), diferit\u0103 complet de a altor terapii. \u00cen plus, terapeutul \u2013 va veni \u0219i el cu calitatea sa (de aceea restric\u021bion\u0103m noi at\u00e2t de mult accesul la statutul de terapeut!).<\/p>\n<p><em>Pentru c\u0103 toate astea se r\u0103sp\u00e2ndesc din tine \u2013 \u0219i \u00een afara ta, \u0219i \u00eei influen\u021beaz\u0103 pe ceilal\u021bi, planeta, Universul\u2026<\/em><\/p>\n<p><strong><em>\u00cen concluzie: toate aceste calit\u0103\u021bi energetice se sumeaz\u0103, se compun. Frecven\u021bele g\u00e2ndului, sau vorbei, sau exerci\u021biului, &#8211; cu cele ale celui care vorbe\u0219te sau pred\u0103 sau scrie, cu cele ale \u0218colii &#8211; ca ansamblu de concepte \u0219i practici, unde toate au deja o anumit\u0103 calitate energetic\u0103.<\/em><\/strong><\/p>\n<p><strong><em>\u00a0<\/em><\/strong><\/p>\n<p><strong><em>Dar aten\u021bie, asta se \u00eent\u00e2mpl\u0103 mereu, pentru tot, pentru to\u021bi, pentru fiecare! \u0218i ar fi bine de re\u021binut asta = pentru a vedea, fiecare, cu ce contribuie la energetica unui grup, a unui loc, a unui curs, a unei \u021b\u0103ri, a unei \u0218coli\u2026, a Universului\u2026 <\/em><\/strong><\/p>\n<p><strong>\u00a0<\/strong><\/p>\n<p><strong><u>\u0218i nu uita, este mereu vorba \u0219i despre tine<\/u><\/strong><strong>!<\/strong><\/p>\n<p>&nbsp;<\/p>\n<p>Indra<\/p>\n","protected":false},"excerpt":{"rendered":"<p>Despre energetica unei \u0218coli\u2026 \u00a0 &#8211; Putem discuta pu\u021bin despre energetic\u0103? ai pomenit asta, cum c\u0103 fiecare \u0218coal\u0103 are energetica sa\u2026 &#8211; I: Nu numai fiecare \u0218coal\u0103, ci fiecare om, fiin\u021b\u0103, animal, piatr\u0103\u2026, floare\u2026, dar \u0219i idee, emo\u021bie, etc. Fiecare loc, fiecare carte\u2026, fiecare grup\u2026, fiecare \u2013 orice! are energetica sa. Fiecare \u0218coal\u0103, fiecare \u201ccurent\u201d [&hellip;]<\/p>\n","protected":false},"author":1,"featured_media":0,"parent":2617,"menu_order":0,"comment_status":"closed","ping_status":"closed","template":"","meta":[],"_links":{"self":[{"href":"https:\/\/lila-spirit.ro\/wp\/index.php?rest_route=\/wp\/v2\/pages\/3288"}],"collection":[{"href":"https:\/\/lila-spirit.ro\/wp\/index.php?rest_route=\/wp\/v2\/pages"}],"about":[{"href":"https:\/\/lila-spirit.ro\/wp\/index.php?rest_route=\/wp\/v2\/types\/page"}],"author":[{"embeddable":true,"href":"https:\/\/lila-spirit.ro\/wp\/index.php?rest_route=\/wp\/v2\/users\/1"}],"replies":[{"embeddable":true,"href":"https:\/\/lila-spirit.ro\/wp\/index.php?rest_route=%2Fwp%2Fv2%2Fcomments&post=3288"}],"version-history":[{"count":1,"href":"https:\/\/lila-spirit.ro\/wp\/index.php?rest_route=\/wp\/v2\/pages\/3288\/revisions"}],"predecessor-version":[{"id":3289,"href":"https:\/\/lila-spirit.ro\/wp\/index.php?rest_route=\/wp\/v2\/pages\/3288\/revisions\/3289"}],"up":[{"embeddable":true,"href":"https:\/\/lila-spirit.ro\/wp\/index.php?rest_route=\/wp\/v2\/pages\/2617"}],"wp:attachment":[{"href":"https:\/\/lila-spirit.ro\/wp\/index.php?rest_route=%2Fwp%2Fv2%2Fmedia&parent=3288"}],"curies":[{"name":"wp","href":"https:\/\/api.w.org\/{rel}","templated":true}]}}