{"id":3305,"date":"2017-09-28T15:51:49","date_gmt":"2017-09-28T12:51:49","guid":{"rendered":"https:\/\/lila-spirit.ro\/wp\/?page_id=3305"},"modified":"2017-09-28T15:51:49","modified_gmt":"2017-09-28T12:51:49","slug":"nimic-nu-imi-apartine","status":"publish","type":"page","link":"https:\/\/lila-spirit.ro\/wp\/?page_id=3305","title":{"rendered":"\u201dNIMIC NU \u00ceMI APAR\u021aINE!\u201d"},"content":{"rendered":"<p><strong>NIMIC NU \u00ceMI APAR\u021aINE !<\/strong><\/p>\n<p>Iat\u0103 un bun algoritm spiritual &#8211; pentru cei deja mai avansa\u021bi, ca sim\u021bire, ca dorin\u021b\u0103 de practic\u0103, ca transformare interioar\u0103<em>\u2026 Cei \u00een care deja s-a stabilizat acea smerenie \u0219i acel \u201cnimic nu mi se cuvine\u201d, <\/em>acum mergem mai departe cu \u00een\u021belegerea-sim\u021birea-smerenia, va fi un altfel de smerenie\u2026, provenit\u0103 acum dintr- un altfel de \u00een\u021belegere: a-\u021bi reaminti mereu faptul c\u0103 nimic nu \u00ee\u021bi apar\u021bine\u2026<\/p>\n<p><strong>\u0218i astfel voi deveni LIBER &#8211; PRIN RENUN\u021aARE, venit\u0103 din \u00een\u021belegerea faptului c\u0103 nimic nu \u00eemi apar\u021bine, a faptului c\u0103 nu exist\u0103 dec\u00e2t El\u2026<\/strong><\/p>\n<p><em>\u201cCeea ce fac, ceea ce m\u0103n\u00e2nc, ofrandele pe care le aduc, ceea ce d\u0103ruiesc, nimic din toate acestea nu \u00eemi apar\u021bine \u0219i eu nu sunt identic cu ele. Nimic nu m\u0103 atinge, sunt nen\u0103scut, neschimb\u0103tor\u201d (Avadhuta Gita, 1,40).<\/em><\/p>\n<p>\u0218i po\u021bi face asta ca <strong>practic\u0103 zilnic\u0103,<\/strong> a stabiliza \u00een tine aceast\u0103 \u00een\u021belegere \u0219i aceast\u0103 nou\u0103 atitudine interioar\u0103\u2026 Clip\u0103 de clip\u0103: atunci c\u00e2nd m\u0103n\u00e2nci, atunci c\u00e2nd te pl\u00e2ngi c\u0103 nu ai, atunci c\u00e2nd crezi tu c\u0103 oferi \u0219i e\u0219ti tare m\u00e2ndru de asta\u2026 Atunci c\u00e2nd respiri, c\u00e2nd mergi, c\u00e2nd tr\u0103ie\u0219ti\u2026, s\u0103 \u00een\u021belegi-sim\u021bi mereu c\u0103 toate acestea, de fapt, nu \u00ee\u021bi apar\u021bin\u2026<\/p>\n<p><em>Ramakrisha: <\/em><em>\u201c<\/em><em>Toate sunt ale tale, Doamne. Tu e\u0219ti cel care ac\u021bioneaz\u0103, Tu realizezi totul. Eu nu sunt dec\u00e2t un simplu instrument \u00een m\u00e2inile tale. Tot ce fac eu \u2013 este ceea ce Tu realizezi prin mine. Toat\u0103 aceasta este gloria Ta. Toate \u00ee\u021bi apar\u021bin \u021bie, nu mie. Eu nu am dec\u00e2t dreptul de a asculta \u0219i a folosi, plin de smerenie \u0219i iubire, tot ceea ce \u00eemi oferi<\/em><em>\u201d.<\/em><\/p>\n<p>Iar ca <strong>\u201ctehnic\u0103 spiritual<\/strong><strong>\u0103<\/strong><strong>\u201d corespondent\u0103 <\/strong>\u2013 avem aici<strong> ofranda<\/strong>: a tot ceea ce faci, m\u0103n\u00e2nci, spui\u2026, practici\u2026, eliberarea acelor ata\u0219amente fa\u021b\u0103 de \u201cobiectele a\u0219a-zisei tale posesiuni\u201d\u2026<\/p>\n<p>Tehnica Chod face \u0219i ea asta, dar \u00eentr-un alt registru, mult mai dur; scopul ultim fiind ofranda ta \u2013 ca \u0219i corp, minte, ego, tu-totul<\/p>\n<p>Nimic nu \u00ee\u021bi apar\u021bine! \u00cen\u021belege-simte asta odat\u0103 pentru totdeauna: \u0219i vei ie\u0219i din suferin\u021b\u0103 &#8211; \u00eens\u0103\u0219i prin aceast\u0103 dez-ata\u0219are. Dar asta nu este dec\u00e2t beneficiul secundar\u2026<\/p>\n<p>Iat\u0103 c\u0103 nici sim\u021burile nu \u00ee\u021bi apar\u021bin, cu at\u00e2t mai pu\u021bin obiectele sim\u021burilor! <em>\u201cA\u0219a cum <strong>sim\u021burile tale nu \u00ee\u021bi apar\u021bin, nici tu nu apar\u021bii sim\u021burilor tale<\/strong>. Cu adev\u0103rat tu e\u0219ti Realitatea suprem\u0103. Atunci de ce suferi?\u201d (Avadhuta Gita,1,16) <\/em><\/p>\n<p>\u00cen\u021belege asta \u0219i renun\u021b\u0103 la identificarea ta cu posesorul acelor sim\u021buri, sau, \u0219i mai r\u0103u, al obiectelor sim\u021burilor\u2026 <em>Nici tu nu apar\u021bii acelor sim\u021buri:<\/em> elibereaz\u0103-te de ele, dar \u0219i de \u00eenl\u0103n\u021buirea lor, ie\u0219i din dependen\u021ba acelor sim\u021buri\u2026, din dependen\u021ba dat\u0103 de pl\u0103cerea ob\u021binut\u0103 prin diversele \u201c\u00eendepliniri\u201d sau acumul\u0103ri\u2026<\/p>\n<p>Sim\u021burile nu \u00ee\u021bi apar\u021bin; de fapt, de la nivel Absolut, ele nici nu sunt reale, ne spune \u00cen\u021beleptul. <em>\u201c\u00centr-adev\u0103r, ceea ce suntem noi \u2013 a fost spus \u00een scripturi prin Tu e\u0219ti Acela. Nereal \u2013 ni se spune \u00een Upanishade, c\u0103 este corpul alc\u0103tuit din cele cinci sim\u021buri: Neti neti, nici acesta nici acela\u201d( Avadhuta Gita,1,25).<\/em><\/p>\n<p><strong>\u201cEu-l\u201d nu este \u201cal meu\u201d!<em>\u201c<\/em><\/strong><em> Creatorul nu este niciodat\u0103 <u>sursa suferin\u021bei<\/u>. Pentru c\u0103 acest eu <u>pe care tu \u00eel vezi<\/u> nu a fost niciodat\u0103 al meu, Cunoa\u0219terea are o savoare unic\u0103, eu sunt precum cerul\u201d (Avadhuta Gita,3,15). <\/em>Afl\u00e2nd asta, voi ie\u0219i din suferin\u021b\u0103: pentru c\u0103 suferin\u021ba apar\u021bine identific\u0103rii cu \u201ceu-l\u201d. <em>Mie mi<\/em> se \u00eent\u00e2mpl\u0103, <em>eu<\/em> sunt nefericit, <em>eu<\/em> suf\u0103r\u2026 Nu Creatorul te face s\u0103 suferi, ci \u201ceu-l\u201d! Eu-l care vrea mereu c\u00e2te ceva, dorin\u021b\u0103 care, ne\u00eendeplinindu-se, \u00eel va face s\u0103 sufere.<\/p>\n<p>Nu Creatorul te face s\u0103 suferi, ci dorin\u021ba ta. Dorin\u021ba este cauza suferin\u021bei, insist\u0103 at\u00e2t de mult Buddha Sakyamuni. Oare de ce nu \u00een\u021belegem asta? <strong>A renun\u021ba la dorin\u021be<\/strong>: dar nu ca o pedeaps\u0103, nu cu \u00eencr\u00e2ncenare, ci din \u00een\u021belegerea faptului c\u0103 doar aceste dorin\u021be, \u0219i mintea care le produce, te fac s\u0103 suferi! Nimeni altcineva. Asta vorbind de la nivelul dorin\u021belor\u2026<\/p>\n<p>Dattatreya merge \u00eens\u0103 mai departe, Dincolo de lumea min\u021bii \u0219i a dorin\u021belor: acel \u201ceu\u201d nu \u00eemi apar\u021bine\u2026 Problema suferin\u021bei este deci de dou\u0103 ori fals\u0103: o dat\u0103 pentru c\u0103 ea apar\u021bine min\u021bii-ego-ului \u0219i dorin\u021belor, iar \u00een al doilea r\u00e2nd, pe un al doilea plan, pentru c\u0103 \u00eens\u0103\u0219i ego-ul nu are o existen\u021b\u0103 real\u0103 \u0219i nu \u201c\u00eemi apar\u021bine\u201d.<\/p>\n<p>Iar aceast\u0103 cunoa\u0219tere \u2013 te va elibera! Faptul c\u0103 acel \u201ceu\u201d \u2013 este iluzia.<\/p>\n<p>Vedanta sus\u021bine c\u0103 totul este iluzie, inexisten\u021b\u0103; numai Paramatman r\u0103m\u00e2ne, etern \u0219i inexprimabil. Din el purcede totul, ale lui sunt toate: lumile, obiectele sim\u021burilor, sim\u021burile\u2026 <em>\u201c\u00centreaga lume str\u0103luce\u0219te nedivizat\u0103 \u0219i unitatea ei nu poate fi distrus\u0103. O, c\u00e2t de puternic\u0103 este iluzia magicianului, care a creat dualitatea \u0219i non-dualitatea!\u201d (Avadhuta Gita,1,61)<\/em><\/p>\n<p><em>\u201cToate textele sacre afirm\u0103 c\u0103 Realitatea suprem<\/em><em>\u0103 este imaterial\u0103, pur\u0103, imuabil\u0103, f\u0103r\u0103 form\u0103 fizic\u0103, egal\u0103 pretutindeni. Eu sunt aceast\u0103 Realitate, <strong>\u0219tiu aceasta<\/strong> f\u0103r\u0103 nici o \u00eendoial\u0103\u201d (<\/em><em>Avadhuta Gita,<\/em><em>1,20) <\/em><\/p>\n<p>Un Avadh\u016bta <em>\u201c\u0219tie asta f\u0103r\u0103 nici o \u00eendoial\u0103\u201d, <\/em>\u00a0<em><u>el este<\/u> \u00een acea cunoa\u0219tere-sim\u021bire<\/em>\u2026 F\u0103r\u0103 nici o \u00eendoial\u0103! El este una cu acea cunoa\u0219tere-sim\u021bire\u2026<\/p>\n<p>\u0218ti\u021bi, acestea nu sunt numai vorbe goale\u2026 Din nou \u2013 am putea ad\u0103uga aici c\u00e2teva vorbe despre \u00eencredere\u2026: un discipol are \u00eencredere \u00een maestrul s\u0103u, pentru c\u0103 acesta <em>\u201c\u0219tie asta f\u0103r\u0103 nici o \u00eendoial\u0103\u201d. <\/em>Un discipol. Ceilal\u021bi \u2013 \u00ee\u0219i dau cu p\u0103rerea, g\u0103sesc ei solu\u021bii personale mai bune dec\u00e2t Calea\u2026, tot felul de explica\u021bii\u2026, multe alte p\u0103c\u0103leli.<\/p>\n<p>Doar Brahman este real, \u00eentreaga lume este o iluzie: crea\u021bie a magicianului <em>Mahamaya,<\/em> energia, <em>Shakti<\/em> a diferen\u021bierii&#8230; Depinde, din nou, de unde prive\u0219ti: <em>din punctul de vedere al Absolutului &#8211; DOAR EL EXIST\u0102!<\/em> <em>Nu exist\u0103 dualitate \u0219i nici non-dulitate, pentru c\u0103 El este Unicul, Indivizibilul\u2026, \u00een acela\u0219i timp Dincolo de conceptele de Unic \u0219i Indivizibil. Dincolo de Dincolo, Acolo unde nu se mai poate spune nimic\u2026<\/em><\/p>\n<p>Indra<\/p>\n","protected":false},"excerpt":{"rendered":"<p>NIMIC NU \u00ceMI APAR\u021aINE ! Iat\u0103 un bun algoritm spiritual &#8211; pentru cei deja mai avansa\u021bi, ca sim\u021bire, ca dorin\u021b\u0103 de practic\u0103, ca transformare interioar\u0103\u2026 Cei \u00een care deja s-a stabilizat acea smerenie \u0219i acel \u201cnimic nu mi se cuvine\u201d, acum mergem mai departe cu \u00een\u021belegerea-sim\u021birea-smerenia, va fi un altfel de smerenie\u2026, provenit\u0103 acum dintr- [&hellip;]<\/p>\n","protected":false},"author":1,"featured_media":0,"parent":2683,"menu_order":0,"comment_status":"closed","ping_status":"closed","template":"","meta":[],"_links":{"self":[{"href":"https:\/\/lila-spirit.ro\/wp\/index.php?rest_route=\/wp\/v2\/pages\/3305"}],"collection":[{"href":"https:\/\/lila-spirit.ro\/wp\/index.php?rest_route=\/wp\/v2\/pages"}],"about":[{"href":"https:\/\/lila-spirit.ro\/wp\/index.php?rest_route=\/wp\/v2\/types\/page"}],"author":[{"embeddable":true,"href":"https:\/\/lila-spirit.ro\/wp\/index.php?rest_route=\/wp\/v2\/users\/1"}],"replies":[{"embeddable":true,"href":"https:\/\/lila-spirit.ro\/wp\/index.php?rest_route=%2Fwp%2Fv2%2Fcomments&post=3305"}],"version-history":[{"count":1,"href":"https:\/\/lila-spirit.ro\/wp\/index.php?rest_route=\/wp\/v2\/pages\/3305\/revisions"}],"predecessor-version":[{"id":3306,"href":"https:\/\/lila-spirit.ro\/wp\/index.php?rest_route=\/wp\/v2\/pages\/3305\/revisions\/3306"}],"up":[{"embeddable":true,"href":"https:\/\/lila-spirit.ro\/wp\/index.php?rest_route=\/wp\/v2\/pages\/2683"}],"wp:attachment":[{"href":"https:\/\/lila-spirit.ro\/wp\/index.php?rest_route=%2Fwp%2Fv2%2Fmedia&parent=3305"}],"curies":[{"name":"wp","href":"https:\/\/api.w.org\/{rel}","templated":true}]}}