{"id":3309,"date":"2017-09-29T12:34:26","date_gmt":"2017-09-29T09:34:26","guid":{"rendered":"https:\/\/lila-spirit.ro\/wp\/?page_id=3309"},"modified":"2017-09-29T12:34:26","modified_gmt":"2017-09-29T09:34:26","slug":"generalitati-energetica-transformare-si-complementaritate-a-algoritmilor-spirituali","status":"publish","type":"page","link":"https:\/\/lila-spirit.ro\/wp\/?page_id=3309","title":{"rendered":"Generalit\u0103\u021bi: energetic\u0103, transformare \u0219i complementaritate a algoritmilor spirituali"},"content":{"rendered":"<p><strong>Generalit\u0103\u021bi: energetic\u0103, transformare \u0219i complementaritate a algoritmilor spirituali<\/strong><\/p>\n<p>Algortimii sunt strict lega\u021bi de conceptele \u0218colii, mai ales \u00een zona de lucru comportamental\u0103 \u0219i de atitudine interioar\u0103.<\/p>\n<p><strong>Aceast\u0103 modificare comportamental\u0103, chiar \u0219i impus\u0103<\/strong> \u00a0&#8211; \u00eenseamn\u0103 <strong>\u201c<\/strong><strong>a m\u0103 struni\u201d<\/strong> (sunt vorbele sugestive ale Dhammapadei, pentru cine a fost la acel an de comentarii pe marginea textului). Sau \u201cVreau, aud, fac!\u201d, iat\u0103, este un algoritm de practic\u0103 &#8211; pe care \u00eel voi aplica acum \u0219i asupra muncii cu algoritmii!<\/p>\n<p><strong>Aceast\u0103 modificare comportamental\u0103<\/strong> <strong>va schimba \u0219i energetica, structura mea profund\u0103 <\/strong><strong>\u201c<\/strong><strong>vibra\u021bional\u0103\u201d (= calitatea mea interioar\u0103).<\/strong><\/p>\n<p>Care va impregna, la r\u00e2ndul ei, tot ceea ce g\u00e2ndesc, vorbesc, fac\u2026 (vezi algoritmul \u201cImpregn\u0103rii\u201d).<\/p>\n<p>Algoritmii au \u00eens\u0103 asociate \u0219i exerci\u021bii\u2026, iar asta va contribui, prin energetica acestor exerci\u021bii, la sim\u021birea \u0219i stabilizarea lor. <strong>Algoritmii influen\u021beaz\u0103 deci energetica (calitatea interioar\u0103 a practicantului), iar munca energetic\u0103 (\u00eembun\u0103t\u0103\u021birea acelei calit\u0103\u021bi interioare prin exerci\u021bii energetice, mantre, etc.) &#8211; stabilizeaz\u0103 algoritmii: cele dou\u0103 merg m\u00e2n\u0103 \u00een m\u00e2n\u0103.<\/strong><\/p>\n<p>De exemplu \u2013 algoritmul \u201cSmereniei\u201d are asociat \u201cDu\u0219ul de energie cu mantra Iart\u0103-m\u0103\u201d\u2026; de algoritm \u0219i de exerci\u021biu se leag\u0103 apoi algoritmul \u201cNon-violen\u021bei\u201d, dar \u0219i cel al \u201cCon\u0219tientiz\u0103rii\u201d\u2026<\/p>\n<p>Mai \u0219ti\u021bi? <strong>Un puzzle al practicii<\/strong>, care trebuie parcurs pas cu pas; algoritm cu algoritm. Apoi integrat, apoi rafinat\u2026<\/p>\n<p><strong><em><u>Pentru a \u00een\u021belege asta \u2013 algoritmii trebuie \u00eens\u0103 practica\u021bi; la fel \u2013 acele exerci\u021bii.<\/u><\/em><\/strong> Altfel ve\u021bi citi aceste r\u00e2nduri \u2013 desigur\u2026, crez\u00e2nd c\u0103 \u0219ti\u021bi\/ \u00een\u021belege\u021bi toate acestea (\u201cNU \u0219tii\u201d!!! Este un alt algoritm universal; de care \u00ee\u021bi vei da seama doar dup\u0103 MULT\u0102 practic\u0103: adic\u0103 \u201cVreau, aud, fac\u201d!!!)<\/p>\n<p><strong>Este un puzzle \u00een dinamic\u0103,<\/strong> <strong>pentru c\u0103 algoritmii sunt complementari, ei se \u00eentre\u021bes\u2026, decur, curg \u2013 unul dintr-altul\u2026,<\/strong> ei se \u00eembin\u0103 precum piesele de puzzle, \u00eenspre alc\u0103tuirea desenului final.<\/p>\n<p>Algoritmul \u201cSmereniei\u201d \u2013 este complementar cu algoritmul \u201cNu \u0219tiu\u201d\u2026<\/p>\n<p>Dar algoritmii mai \u0219i \u201cevolueaz\u0103\u201d\u2026. De fapt practicantul evolueaz\u0103, se schimb\u0103, se rafineaz\u0103\u2026 (acea calitate interioar\u0103, iat-o! acel rafinament interior, dar \u0219i de \u00een\u021belegere, dar \u0219i de sim\u021bire\u2026), <strong>algoritmii se transform\u0103 \u0219i ei \u00een mod secundar, pe m\u0103sura acelui practicant.<\/strong><\/p>\n<p>De exemplu Algoritmul \u201cSmereniei\u201d \u2013 se completeaz\u0103 cu \u201cNimic nu mi se cuvine\u201d\u2026<\/p>\n<p>\u0218i va deveni \u201cF\u0103-te mereu mic\u201d\u2026<\/p>\n<p>\u201cNimic nu mi se cuvine\u201d \u2013 va avea ca pereche mai rafinat\u0103 \u201cNimic nu \u00eemi apar\u021bine\u201d\u2026<\/p>\n<p>Algoritmul \u201cSpune DA\u201d \u2013 se va rafina, devenind \u201cDeschide-te spre orice\u201d\u2026<\/p>\n<p><strong>Sunt trepte de practic\u0103, \u00een\u021belegere-mai rafinat\u0103-con\u0219tientizare-sim\u021bire\u2026<\/strong><\/p>\n<p>V\u0103 invit\u0103m pe dvs. s\u0103 descoperi\u021bi leg\u0103turile \u0219i transformarea algoritmilor. Din nou, asta se va realiza doar\u2026 practic\u00e2ndu-i, sim\u021bindu-i, integr\u00e2ndu-i!<\/p>\n<p><strong>\u0218i asta face parte \u2013 din Cale, din PRACTICA DVS. PERSONAL\u0102, se cheam\u0103 SADHANA\u2026<\/strong><\/p>\n<p><strong>\u0218i, din nou, \u201cEste mereu vorba (\u0219i) despre tine\u201d!!!<\/strong><\/p>\n<p>Indra<\/p>\n<p><em>(textele apar\u021bin \u0218colii LiLA, copierea ar trebui s\u0103 fie f\u0103cut\u0103 doar cu acordul \u0218colii. Dar dac\u0103 practica\u021bi ace\u0219ti algoritmi, o pute\u021bi face \u0219i f\u0103r\u0103 asta!\u00a0 Chiar ne-am bucura!)<\/em><\/p>\n","protected":false},"excerpt":{"rendered":"<p>Generalit\u0103\u021bi: energetic\u0103, transformare \u0219i complementaritate a algoritmilor spirituali Algortimii sunt strict lega\u021bi de conceptele \u0218colii, mai ales \u00een zona de lucru comportamental\u0103 \u0219i de atitudine interioar\u0103. Aceast\u0103 modificare comportamental\u0103, chiar \u0219i impus\u0103 \u00a0&#8211; \u00eenseamn\u0103 \u201ca m\u0103 struni\u201d (sunt vorbele sugestive ale Dhammapadei, pentru cine a fost la acel an de comentarii pe marginea textului). Sau [&hellip;]<\/p>\n","protected":false},"author":1,"featured_media":0,"parent":2683,"menu_order":0,"comment_status":"closed","ping_status":"closed","template":"","meta":[],"_links":{"self":[{"href":"https:\/\/lila-spirit.ro\/wp\/index.php?rest_route=\/wp\/v2\/pages\/3309"}],"collection":[{"href":"https:\/\/lila-spirit.ro\/wp\/index.php?rest_route=\/wp\/v2\/pages"}],"about":[{"href":"https:\/\/lila-spirit.ro\/wp\/index.php?rest_route=\/wp\/v2\/types\/page"}],"author":[{"embeddable":true,"href":"https:\/\/lila-spirit.ro\/wp\/index.php?rest_route=\/wp\/v2\/users\/1"}],"replies":[{"embeddable":true,"href":"https:\/\/lila-spirit.ro\/wp\/index.php?rest_route=%2Fwp%2Fv2%2Fcomments&post=3309"}],"version-history":[{"count":1,"href":"https:\/\/lila-spirit.ro\/wp\/index.php?rest_route=\/wp\/v2\/pages\/3309\/revisions"}],"predecessor-version":[{"id":3310,"href":"https:\/\/lila-spirit.ro\/wp\/index.php?rest_route=\/wp\/v2\/pages\/3309\/revisions\/3310"}],"up":[{"embeddable":true,"href":"https:\/\/lila-spirit.ro\/wp\/index.php?rest_route=\/wp\/v2\/pages\/2683"}],"wp:attachment":[{"href":"https:\/\/lila-spirit.ro\/wp\/index.php?rest_route=%2Fwp%2Fv2%2Fmedia&parent=3309"}],"curies":[{"name":"wp","href":"https:\/\/api.w.org\/{rel}","templated":true}]}}