{"id":3317,"date":"2017-09-29T13:14:41","date_gmt":"2017-09-29T10:14:41","guid":{"rendered":"https:\/\/lila-spirit.ro\/wp\/?page_id=3317"},"modified":"2017-09-29T13:14:41","modified_gmt":"2017-09-29T10:14:41","slug":"yoga-si-fericirea","status":"publish","type":"page","link":"https:\/\/lila-spirit.ro\/wp\/?page_id=3317","title":{"rendered":"Yoga \u0219i fericirea&#8230;"},"content":{"rendered":"<p><strong>Yoga \u0219i fericirea\u2026<\/strong><\/p>\n<p><strong>\u00a0<\/strong>(mic fragment din tab\u0103ra Cascoe, 2017\u2026)<\/p>\n<p><strong><em>\u00a0<\/em><\/strong>&#8211; Uite, spune a\u0219a <em>Yoga \u015aastra:<\/em> <em>\u201c\u00censu\u0219indu-\u0219i pe deplin raja yoga, yoghinul devine st\u0103p\u00e2nul a tot ce exist\u0103. Av\u00e2nd un comportament lipsit de pasiune, el poate face orice, sau poate s\u0103 nu fac\u0103 nimic. Printr-o astfel de practic\u0103 complet\u0103 pe aceast\u0103 cale, yoghinul dob\u00e2nde\u0219te starea ni\u1e63patti, care d\u0103ruie\u0219te deopotriv\u0103 rezultatele pl\u0103cerii \u0219i ale eliber\u0103rii.<\/em>\u201d<\/p>\n<p>Haide\u021bi s\u0103 coment\u0103m fragmentul acesta, pentru c\u0103 iat\u0103, yoghinul dob\u00e2nde\u0219te pl\u0103cerea \u0219i eliberarea \u00een acela\u0219i timp. \u0218i ultimul verset: \u201c<em>Yoghinii care practic\u0103 ne\u00eencetat, fie \u00een p\u0103duri, fie \u00een familie, fiind elibera\u021bi de mai mult timp, gust\u0103 din plin bucuriile vie\u021bii\u201d &#8211; <\/em>\u00a0ne spune <em>\u00a0Yoga \u015aastra<\/em> vorbind despre practic\u0103 \u0219i despre bucurii.<\/p>\n<p>Haide\u021bi s\u0103 \u00eencerc\u0103m s\u0103 coment\u0103m\u2026, \u00eencepe a\u0219a fragmentul nostru: \u201c<em>\u00censu\u0219indu-\u0219i pe deplin raja yoga\u2026\u201d, <\/em>ce \u00eenseamn\u0103<em> \u201cpe deplin\u201d?<\/em> Adic\u0103 nu aleg: \u201cmie \u00eemi place postura asta, dincoace nu-mi place c\u0103 ame\u021besc\u201d&#8230;\u00a0 <em>Raja yoga<\/em> \u00eenseamn\u0103 nu numai posturi, \u00eenseamn\u0103 \u0219i tehnicile de respira\u021bie \u0219i \u00eenseamn\u0103 comportament, deci tot ce spune Patanjali la capitolul s\u0103u comportamental, despre abstrageri, <em>yama<\/em> \u0219i <em>niyama<\/em>, despre ce ai de f\u0103cut si depre ce nu trebuie f\u0103cut\u2026 Deci <em>raja yoga<\/em> \u00eenseamn\u0103 foarte mult, nu doar s\u0103 stau \u00eentr-o postur\u0103\u2026, sunt incluse aici <em>pranayama<\/em>, apoi tehnicile de comportament, inclusiv ce ne spune Patanjali, \u201cretragerea sim\u021burilor\u201d\u2026 \u201c<em>\u00censu\u0219indu-\u0219i pe deplin\u2026\u201d <\/em>\u2013 \u00a0\u00een momentul \u00een care va face toate lucrurile acestea bine, frumos, corect, pe deplin, \u201c<em>yoghinul va deveni st\u0103p\u00e2nul a tot ce exist\u0103\u201d. <\/em>Iat\u0103 cuv\u00e2ntul lui Buddha Sakyamuni: \u201c<em>st\u0103p\u00e2nul<\/em>\u201d. Deci suntem acum \u00eentr-o alt\u0103 filozofie, suntem \u00een hinduism, suntem cu ni\u0219te sute sau mii de ani \u00eenainte de Buddha Sakymuni, dar vorbim tot despre \u201c<em>st\u0103p\u00e2nul\u201d<\/em>. Ce \u00eenseamn\u0103 asta: \u201c<em>devine st\u0103p\u00e2nul a tot ce exist\u0103\u201d?<\/em><\/p>\n<p>\u2013 C\u0103 nu mai e st\u0103p\u00e2nit de minte, de emo\u021bii, e invers\u2026<\/p>\n<p>\u2013 Exact! Practicantul este deta\u0219at, \u0219i de acolo, din \u201c\u00eendep\u0103rtarea\u201d sa &#8211; el poate alege, de acolo, din acea pozi\u021bie de deta\u0219are &#8211; el \u00ee\u0219i poate alege comportamentul, de acolo \u00ee\u0219i poate alege reac\u021bia, yoghinul nu mai este st\u0103p\u00e2nit de minte, emo\u021bii, pasiuni, ata\u0219amente, instincte, tot felul. Deci asta \u00eenseamn\u0103 \u201c<em>devine st\u0103p\u00e2nul a tot ce exist\u0103\u201d, <\/em>nu faptul c\u0103 are nu \u0219tiu ce puteri \u0219i face miracole. Devine <em>st\u0103p\u00e2nul<\/em> inclusiv al lui, cum spunea Buddha Sakyamuni, nu m\u0103 mai conduce instinctul, nu m\u0103 mai conduce violen\u021ba, agresivitatea, nu mai sar imediat la lupt\u0103\u2026, nu m\u0103 mai conduce dependen\u021ba; inclusiv de acest comportament. <em>Eu sunt st\u0103p\u00e2nul<\/em>, dac\u0103 decid s\u0103 m\u0103n\u00e2nc \u2013 m\u0103n\u00e2nc, dac\u0103 decid s\u0103 nu m\u0103n\u00e2nc \u2013 nu m\u0103n\u00e2nc, nu se \u00eent\u00e2mpl\u0103 nimic. De unde m\u0103 aflu, pot s\u0103 aleg ce am de f\u0103cut. \u201c<em>Av\u00e2nd un comportament lipsit de pasiune, el poate face orice sau poate s\u0103 nu fac\u0103 nimic\u201d \u2013 <\/em>deci nu m\u0103 mai conduce pasiunea, nu mai reac\u021bionez \u2013 ap\u0103s pe buton \u0219i am s\u0103rit \u00een sus, ap\u0103s pe alt buton \u0219i m-apuc\u0103 triste\u021bea, nefericirea, nenorocirea\u2026 Deci am dep\u0103\u0219it \u201cpasiunea\u201d (reac\u021biile emo\u021bional-instinctuale, repeti\u021biile, dependen\u021bele), ea nu m\u0103 mai condi\u021bioneaz\u0103 \u00een nici un fel. \u201c<em>El poate face orice sau poate s\u0103 nu fac\u0103 nimic\u201d<\/em><strong>&#8211;<\/strong> pot s\u0103 aleg, am o mie de variante, pot s\u0103 fac orice din ce st\u0103 mie \u00een puteri acum\u2026; sau pot s\u0103 nu fac nimic, nu trebuie s\u0103 demonstrez nim\u0103nui nimic, nici m\u0103car mie; voi \u0219ti la momentul acela, voi \u0219ti atunci ce am de f\u0103cut. De ce? Pentru c\u0103 sunt <em>st\u0103p\u00e2nul<\/em> a tot ce exist\u0103, inclusiv al meu, \u0219i pentru c\u0103 nu m\u0103 mai conduc pasiunile, nu m\u0103 mai conduc programele, nu m\u0103 mai conduce condi\u021bionarea. Sunt deasupra lor \u0219i pot s\u0103 aleg variantele de r\u0103spuns \u00een orice situa\u021bie dat\u0103.<\/p>\n<p><em>\u201cPrintr-o astfel de practic\u0103 complet\u0103 pe aceast\u0103 cale, yoginul dob\u00e2nde\u0219te starea ni\u0219patti care d\u0103ruie\u0219te\u2026 rezultatele pl\u0103cerii \u0219i ale eliber\u0103rii.<\/em>\u201d Deci e foarte simplu, practici complet sistemul, ce \u021bi se spune acolo, \u0219i se \u00eent\u00e2mpl\u0103\u2026: devii liber de pasiuni, devii liber de tine, devii liber de minte, devii liber de condi\u021bion\u0103ri; \u0219i te treze\u0219ti fericit.<\/p>\n<p>De ce? Pentru c\u0103 toat\u0103 practica yoga, incluz\u00e2nd partea de comportament \u0219i restul tehnicilor, toate de fapt te vor conduce la <em>Sat-Cit-Ananda,<\/em> acela este \u201cscopul\u201d practicii, finalul C\u0103ii.<\/p>\n<p>\u0218i-atunci vei fi liber de tine: \u201c<em>eu cel care<\/em>\u2026\u201d, vei fi liber de ego\u00a0\u0219i de minte, \u0219i vei fi permanent \u00een acel <em>Sat-Cit-Ananda<\/em>.<\/p>\n<p>\u0218i mai departe ne spune <em>\u015aastra<\/em>: \u201c<em>Yoghinul care practic\u0103 ne\u00eencetat\u201d\u2026, <\/em>aten\u021bie!<em> \u2013 ne\u00eencetat\u2026, <\/em>\u201c<em>fie \u00een p\u0103duri, fie \u00een familie\u201d \u2013 <\/em>deci uite c\u0103 se poate \u0219i acas\u0103 la tine,<em>\u201cfiind eliberat de mai mult timp, gust\u0103 din plin bucuriile vie\u021bii\u201d. <\/em>Deci po\u021bi s\u0103 revii \u00een bucuriile vie\u021bii: po\u021bi s\u0103 m\u0103n\u00e2nci, po\u021bi s\u0103 dansezi, po\u021bi s\u0103 vorbe\u0219ti, po\u021bi s\u0103 ai familie\u2026 Dar acum vei face toate acestea cu un alt interior, cu o alt\u0103 calitate intrinsec\u0103\u2026 Vii acum din alt\u0103 parte. Cumva revii \u00een bucuriile vie\u021bii cu o alt\u0103 stare interioar\u0103. <em>Nu mai e\u0219ti condi\u021bionat de ele, nu le mai cau\u021bi, ele nu mai sunt acea fericire cu cauz\u0103,<\/em> <em>acum este exact invers,<\/em> <em>starea mea stabil\u0103 este cea de fericire<\/em>, \u0219i din acea stare de fericire pot s\u0103 m\u0103n\u00e2nc sau pot s\u0103 nu m\u0103n\u00e2nc, pot s\u0103 fac sau s\u0103 nu fac ceva anume, starea mea interioar\u0103 este aceea\u0219i. \u0218i aleg: pot s\u0103 dansez sau pot s\u0103 nu dansez, pot s\u0103 experimentez c\u00e2ntatul sau nu, dar starea mea interioar\u0103 este mereu aceea\u0219i, \u0219i cu ea voi veni \u00een via\u021b\u0103, c\u00e2t mai am de tr\u0103it, c\u00e2t mai am de f\u0103cut c\u00e2te ceva pentru al\u021bii, venind acum din alt\u0103 parte, nu din exterior c\u0103ut\u00e2nd o fericire iluzorie, ci invers, fiind stabil \u00eentr-o stare de fericire \u0219i de con\u0219tientizare, voi alege s\u0103 experimentez, sau nu. Uite, \u201c<em>sau poate s\u0103 nu fac\u0103 nimic\u201d<\/em>, starea este aceea\u0219i, libertatea este aceea\u0219i, fericirea <strong>\u2013<\/strong> <em>Ananda, <\/em>este aceea\u0219i, fie c\u0103 yoghinul face, fie c\u0103 nu face nimic.<\/p>\n<p>&nbsp;<\/p>\n<p>Cam asta, a\u0219a, un picu\u021b despre fericire\u2026<\/p>\n<p>Indra<\/p>\n","protected":false},"excerpt":{"rendered":"<p>Yoga \u0219i fericirea\u2026 \u00a0(mic fragment din tab\u0103ra Cascoe, 2017\u2026) \u00a0&#8211; Uite, spune a\u0219a Yoga \u015aastra: \u201c\u00censu\u0219indu-\u0219i pe deplin raja yoga, yoghinul devine st\u0103p\u00e2nul a tot ce exist\u0103. Av\u00e2nd un comportament lipsit de pasiune, el poate face orice, sau poate s\u0103 nu fac\u0103 nimic. Printr-o astfel de practic\u0103 complet\u0103 pe aceast\u0103 cale, yoghinul dob\u00e2nde\u0219te starea ni\u1e63patti, [&hellip;]<\/p>\n","protected":false},"author":1,"featured_media":0,"parent":2840,"menu_order":0,"comment_status":"closed","ping_status":"closed","template":"","meta":[],"_links":{"self":[{"href":"https:\/\/lila-spirit.ro\/wp\/index.php?rest_route=\/wp\/v2\/pages\/3317"}],"collection":[{"href":"https:\/\/lila-spirit.ro\/wp\/index.php?rest_route=\/wp\/v2\/pages"}],"about":[{"href":"https:\/\/lila-spirit.ro\/wp\/index.php?rest_route=\/wp\/v2\/types\/page"}],"author":[{"embeddable":true,"href":"https:\/\/lila-spirit.ro\/wp\/index.php?rest_route=\/wp\/v2\/users\/1"}],"replies":[{"embeddable":true,"href":"https:\/\/lila-spirit.ro\/wp\/index.php?rest_route=%2Fwp%2Fv2%2Fcomments&post=3317"}],"version-history":[{"count":1,"href":"https:\/\/lila-spirit.ro\/wp\/index.php?rest_route=\/wp\/v2\/pages\/3317\/revisions"}],"predecessor-version":[{"id":3318,"href":"https:\/\/lila-spirit.ro\/wp\/index.php?rest_route=\/wp\/v2\/pages\/3317\/revisions\/3318"}],"up":[{"embeddable":true,"href":"https:\/\/lila-spirit.ro\/wp\/index.php?rest_route=\/wp\/v2\/pages\/2840"}],"wp:attachment":[{"href":"https:\/\/lila-spirit.ro\/wp\/index.php?rest_route=%2Fwp%2Fv2%2Fmedia&parent=3317"}],"curies":[{"name":"wp","href":"https:\/\/api.w.org\/{rel}","templated":true}]}}