{"id":3327,"date":"2017-10-04T12:58:45","date_gmt":"2017-10-04T09:58:45","guid":{"rendered":"https:\/\/lila-spirit.ro\/wp\/?page_id=3327"},"modified":"2017-10-04T12:58:45","modified_gmt":"2017-10-04T09:58:45","slug":"cum-esti-in-interior-asa-vei-manifesta-exterior","status":"publish","type":"page","link":"https:\/\/lila-spirit.ro\/wp\/?page_id=3327","title":{"rendered":"\u201dCUM E\u0218TI \u00een INTERIOR- A\u0218A VEI MANIFESTA EXTERIOR&#8230;\u201d"},"content":{"rendered":"<p><strong>Cum e\u0219ti interior, a\u0219a vei manifesta exterior&#8230;<\/strong><\/p>\n<p><strong>\u00a0<\/strong><strong>Este perechea algoritmului TU E\u0218TI CHEIA A TOT, acum mai subtil, mai pentru \u201davansa\u021bi\u201d\u2026<\/strong><\/p>\n<p><strong>Pornim acum de la metafora vasului\u2026<\/strong><\/p>\n<p>Exist\u0103 o frumoas\u0103 metafor\u0103 a vasului, devenit\u0103 \u0219i ea clasic\u0103 \u00een \u0219colile yoghine din vechime. Pentru c\u0103 este at\u00e2t de simpl\u0103 \u0219i de gr\u0103itoare\u2026<\/p>\n<p>Reg\u0103sim compara\u021bia \u00een <em>Avadh\u016bta Git\u0101*, <\/em>ea \u00eencepe s\u0103 ne fie sugerat\u0103 astfel: <em>\u201cTu e\u0219ti \u00een acela\u0219i timp exterior \u0219i interior. Tu e\u0219ti Beatitudine absolut\u0103, pretutindeni mereu. De ce supus iluziei, alergi \u00eencoace \u0219i \u00eencolo ca un vampir?\u201d (1,14) \u00a0<\/em>Iluzia ne-vederii\u2026, orbirea\u2026, doar ele m\u0103 fac s\u0103 alerg \u00eencoace \u0219i \u00eencolo, c\u0103ut\u00e2nd\u2026 C\u0103ut\u00e2nd ceva ce am deja, c\u0103ut\u00e2nd ceva ce sunt deja\u2026: doar c\u0103 nu v\u0103d, doar c\u0103 nu \u0219tiu\u2026<\/p>\n<p><em>\u201cAtunci c\u00e2nd un vas este spart, spa\u021biul din el dispare cu totul, este absorbit \u00een spa\u021biul infinit \u0219i nu mai este diferit de acesta. C\u00e2nd mintea devine pur\u0103 nu mai percep nici o diferen\u021b\u0103 \u00eentre minte \u0219i Fiin\u021ba Suprem\u0103\u201d (1,31)<\/em><\/p>\n<p><em>\u201cAtunci c\u00e2nd un vas este spart, spa\u021biul din el dispare cu totul, este absorbit \u00een spa\u021biul infinit \u0219i nu mai este diferit de acesta.\u201d: <\/em><em>interiorul este exteriorul, asta este Esen\u021ba ta! Dar nu vedem asta exact din cauza vasului, care este delimitarea, separarea, c\u00e2mpul, coaja, <\/em><em>\u201c<\/em><em>stratul, corpul\u201d de minte-ego! Sp\u0103rg\u00e2nd vasul, dizolv\u00e2nd ego-ul, vom vedea asta\u2026<\/em><\/p>\n<p>Aici \u00ee\u0219i au locul toate tehnicile de dizolvat ego-ul; <u>dar \u00een primul r\u00e2nd \u00een\u021belegerea acestui fapt<\/u>; apoi sunt exerci\u021biile energetice, respira\u021bia prin piele, ca tehnic\u0103 a noastr\u0103 particular\u0103\u2026<\/p>\n<p>\u00cenc\u0103 ceva frumos, aceast\u0103 metafor\u0103 explic\u0103, <u>\u00een zona omeneasc\u0103<\/u>, <strong><em>faptul c\u0103 interiorul <\/em><\/strong><strong><em>\u201c<\/em><\/strong><strong><em>se extinde\u201d \u00een exterior: pentru c\u0103 acela\u0219i <\/em><\/strong><strong><em>\u201cprincipiu\u201d de aplic\u0103 \u0219i frecven\u021belor mai grosiere, nu numai Esen\u021bei. <\/em><\/strong><em>D<\/em><em>ac\u0103 tu e\u0219ti dizarmonic \u00een interior, a\u0219a va fi \u0219i \u00een jurul t\u0103u, un c\u00e2mp de dizarmonie pornind din tine, care te va \u00eenconjura \u0219i care se va r\u0103sp\u00e2ndi \u00een jur: iar aceasta va fi via\u021ba ta, la modul foarte concret. Dac\u0103 tu e\u0219ti violent \u00een interior, via\u021ba ta va fi plin\u0103 de violen\u021b\u0103; nu <\/em><em>\u201co atragi\u201d, <strong>ci o produci,<\/strong> o r\u0103sp\u00e2nde\u0219ti \u00een jurul t\u0103u! Iar ceilal\u021bi vor intra \u00een c\u00e2mpul t\u0103u de violen\u021b\u0103, sau de control\u2026, sau de ambi\u021bie, sau de orgoliu, \u0219i vor reac\u021biona la el. Rela\u021biile tale, interac\u021biunile cu cei din jur vor fi astfel influen\u021bate de ceea ce \u201cemani\u201d tu. Dizarmoniile interiorului <\/em><em>t\u0103u <\/em><em>t<\/em><em>rec \u00eens\u0103 \u0219i prin corp: determin\u00e2nd aici boli, boli ale interiorului t\u0103u: boli de rigiditate interioar\u0103, boli de violen\u021b\u0103, boli ale fricii\u2026<\/em><\/p>\n<p><strong>Cum e\u0219ti \u00een interior, a\u0219a vei manifesta \u00een exterior: a\u0219a va fi via\u021ba ta, a\u0219a vor fi rela\u021biile tale, familia, evenimentele<\/strong>\u2026 Iat\u0103 un alt algoritm spiritual foarte bun, de reamintit mereu (mai ales atunci c\u00e2nd suntem nemul\u021bumi\u021bi \u0219i d\u0103m vina mereu \u2013 pe acel exterior \u201cneprielnic, du\u0219m\u0103nos, nefavorabil\u201d\u2026)<\/p>\n<p>&nbsp;<\/p>\n<p><em>* <\/em><em>Comentariile pe marginea textului Avadhuta Gita &#8211; fac parte din volumul <\/em><em>\u201c<\/em><em>C\u0103l\u0103toria suprem\u0103<\/em><em>\u201d (ed. LiLA)<\/em><\/p>\n<p>&nbsp;<\/p>\n","protected":false},"excerpt":{"rendered":"<p>Cum e\u0219ti interior, a\u0219a vei manifesta exterior&#8230; \u00a0Este perechea algoritmului TU E\u0218TI CHEIA A TOT, acum mai subtil, mai pentru \u201davansa\u021bi\u201d\u2026 Pornim acum de la metafora vasului\u2026 Exist\u0103 o frumoas\u0103 metafor\u0103 a vasului, devenit\u0103 \u0219i ea clasic\u0103 \u00een \u0219colile yoghine din vechime. Pentru c\u0103 este at\u00e2t de simpl\u0103 \u0219i de gr\u0103itoare\u2026 Reg\u0103sim compara\u021bia \u00een Avadh\u016bta [&hellip;]<\/p>\n","protected":false},"author":1,"featured_media":0,"parent":2683,"menu_order":0,"comment_status":"closed","ping_status":"closed","template":"","meta":[],"_links":{"self":[{"href":"https:\/\/lila-spirit.ro\/wp\/index.php?rest_route=\/wp\/v2\/pages\/3327"}],"collection":[{"href":"https:\/\/lila-spirit.ro\/wp\/index.php?rest_route=\/wp\/v2\/pages"}],"about":[{"href":"https:\/\/lila-spirit.ro\/wp\/index.php?rest_route=\/wp\/v2\/types\/page"}],"author":[{"embeddable":true,"href":"https:\/\/lila-spirit.ro\/wp\/index.php?rest_route=\/wp\/v2\/users\/1"}],"replies":[{"embeddable":true,"href":"https:\/\/lila-spirit.ro\/wp\/index.php?rest_route=%2Fwp%2Fv2%2Fcomments&post=3327"}],"version-history":[{"count":1,"href":"https:\/\/lila-spirit.ro\/wp\/index.php?rest_route=\/wp\/v2\/pages\/3327\/revisions"}],"predecessor-version":[{"id":3328,"href":"https:\/\/lila-spirit.ro\/wp\/index.php?rest_route=\/wp\/v2\/pages\/3327\/revisions\/3328"}],"up":[{"embeddable":true,"href":"https:\/\/lila-spirit.ro\/wp\/index.php?rest_route=\/wp\/v2\/pages\/2683"}],"wp:attachment":[{"href":"https:\/\/lila-spirit.ro\/wp\/index.php?rest_route=%2Fwp%2Fv2%2Fmedia&parent=3327"}],"curies":[{"name":"wp","href":"https:\/\/api.w.org\/{rel}","templated":true}]}}