{"id":3334,"date":"2017-10-05T09:33:13","date_gmt":"2017-10-05T06:33:13","guid":{"rendered":"https:\/\/lila-spirit.ro\/wp\/?page_id=3334"},"modified":"2017-10-05T09:33:13","modified_gmt":"2017-10-05T06:33:13","slug":"algoritmul-deschiderii-catre-orice","status":"publish","type":"page","link":"https:\/\/lila-spirit.ro\/wp\/?page_id=3334","title":{"rendered":"Algoritmul \u201dDESCHIDERII C\u0102TRE ORICE\u201d!"},"content":{"rendered":"<p><span style=\"color: #ff0000;\"><strong>Algoritmul <\/strong><strong>\u201c<\/strong><strong>DESCHIDERII<\/strong><strong>\u201d: <\/strong><strong>A te deschide c\u0103tre orice\u2026<\/strong><\/span><\/p>\n<p>Este un algoritm complementar exerci\u021biilor cu mantra DA\u2026 Acelea m\u0103 antrenau c\u0103tre acceptare, deschidere\u2026 Acum suntem mai \u201cavansa\u021bi\u201d, \u00eencerc s\u0103 fac asta &#8211; altfel, mai bine, mai con\u0219tient, mai hot\u0103r\u00e2t, mereu\u2026<\/p>\n<p><strong>S\u0103 m\u0103 deschid c\u0103tre orice: cu sentimentul clar de deschidere, a inimii, sau de deschidere a mea \u00een totalitate<\/strong> (\u0219tim asta de la practic\u0103, cum se face\u2026, m\u0103 ajut de respira\u021bie, m\u0103 desfac&#8230;, etc.).<\/p>\n<p>M\u0103 deschid c\u0103tre fiecare zi, c\u0103tre noi situa\u021bii, noi oameni, noi evenimente\u2026<\/p>\n<p>Dar \u0219i probleme, \u00eencurc\u0103turi, \u201cnecazuri\u201d\u2026<\/p>\n<p>Dar \u0219i \u201cdu\u0219mani\u201d (la grupa mare \u2013 ar trebui s\u0103 \u0219tiu deja c\u0103 nimeni nu \u00eemi este du\u0219man; doar mintea mea, care pune etichete \u0219i \u00eemparte\u2026; doar iluzia separ\u0103rii\u2026)<\/p>\n<p>Dar \u0219i lucruri \u201cnepl\u0103cute\u201d (din nou \u2013 doar mintea mea a stabilit asta, conform \u0219abloanelor ei!)<\/p>\n<p>Dar \u0219i lucruri de care mi-e fric\u0103\u2026 (vezi discu\u021biile despre fric\u0103, protec\u021bie\u2026, din nou \u2013 separare, o serie \u00eentreag\u0103 de concepte care se \u00eenl\u0103n\u021buie\u2026, <u>a se studia aceste concepte, ele ofer\u0103 suportul algoritmilor, practicii<\/u>!).<\/p>\n<p>(\u0218i nu va \u00eensemna s\u0103 fac obligatoriu ce spun al\u021bii! \u201cS\u0103 m\u0103 supun\u201d, asta este \u00eentrebarea\/ frica ve\u0219nic\u0103 a ego-ului, nu va mai fi cum vrea el! Nu, <u>dar am s\u0103 m\u0103 deschid<\/u> c\u0103tre ei \u0219i c\u0103tre acea problem\u0103\u2026 <u>\u0218i voi g\u0103si solu\u021bia cea bun\u0103, r\u0103spunsul cel bun, tocmai venind din aceast\u0103 deschidere<\/u>!)<\/p>\n<p><strong>M\u0103 deschid: cu \u00eencredere, curiozitate, bucurie\u2026<\/strong><\/p>\n<p><strong>Detensionez frica, opozi\u021bia, \u00eencr\u00e2ncenarea\u2026<\/strong><\/p>\n<p>Asta pornind de la mici evenimente zilnice \u2013 p\u00e2n\u0103 la provoc\u0103rile mari \u201cexisten\u021biale\u201d\u2026<\/p>\n<p><strong>Cu drag de ceilal\u021bi, cu compasiune\u2026<\/strong><\/p>\n<p><strong>Cu sentimentul de \u201ca primi orice \u00eemi ofer\u0103 via\u021ba, cu bucurie\u201d<\/strong> (vezi posturile \u0219i mudrele de \u00eenaintare, iat\u0103 din nou leg\u0103tura cu practica yoga\u2026)<\/p>\n<p><strong>Cu sentimentul de abandon, \u00een sensul s\u0103u cel frumos, de a m\u0103 l\u0103sa, de a avea \u00eencredere \u00een \u00cen\u021belepciunea Universului\u2026 <\/strong>(iat\u0103 rolul exerci\u021biilor de \u201ca fi \u00een flux\u201d, acum le aplic concret\u2026)<\/p>\n<p><strong>M\u0103 las \u00een fluxul Universului, m\u0103 bucur, descop\u0103r\u2026, nu m\u0103 opun, totul e un miracol\u2026<\/strong><\/p>\n<p>&nbsp;<\/p>\n<p>\u0218i chiar fac asta!<\/p>\n<p><strong>DA, este vorba despre mine. Mereu. <\/strong><\/p>\n<p>DA, de la micu\u021bele probleme zilnice, care constituie un antrenament perfect \u2013 pentru marile decizii \u201cde via\u021b\u0103\u201d.<\/p>\n<p>M\u0103 observ mereu, m\u0103 antrenez\u2026(alg.\u201cCon\u0219tientiz\u0103rii\u201d), m\u0103 v\u0103d, iar\u0103\u0219i, cum m\u0103 opun, cum m\u0103 \u00eenchid\u2026, reiau tehnicile\u2026, chiar fac asta, mereu\u2026<\/p>\n<p><strong>Vreau, aud, fac! <\/strong><\/p>\n<p>&nbsp;<\/p>\n<p>Indra<\/p>\n<p><em>Textele apar\u021bin \u0218colii LiLA, fac parte din <u>conceptele \u0218colii <\/u>\u0219i sunt <u>\u00een str\u00e2ns\u0103 leg\u0103tur\u0103 cu practica<\/u>: de unde necesitatea practicii la sal\u0103 (yoga, exerci\u021biile, etc.). Acestea ofer\u0103 suportul energetic concret pentru a putea sim\u021bi \u0219i aplica aceste concepte&#8230;. <\/em><\/p>\n<p data-setdir=\"false\"><em>Algoritmii, studia\u021bi \u0219i aplica\u021bi, reprezint\u0103 <u>practica ta personal\u0103<\/u>, sadhana ta. Munca ta, indispensabil\u0103.<\/em><\/p>\n<p data-setdir=\"false\"><strong><em>Da, este vorba \u0219i despre tine!<\/em><\/strong><\/p>\n<p><strong>\u00a0<\/strong><\/p>\n<p>&nbsp;<\/p>\n","protected":false},"excerpt":{"rendered":"<p>Algoritmul \u201cDESCHIDERII\u201d: A te deschide c\u0103tre orice\u2026 Este un algoritm complementar exerci\u021biilor cu mantra DA\u2026 Acelea m\u0103 antrenau c\u0103tre acceptare, deschidere\u2026 Acum suntem mai \u201cavansa\u021bi\u201d, \u00eencerc s\u0103 fac asta &#8211; altfel, mai bine, mai con\u0219tient, mai hot\u0103r\u00e2t, mereu\u2026 S\u0103 m\u0103 deschid c\u0103tre orice: cu sentimentul clar de deschidere, a inimii, sau de deschidere a mea [&hellip;]<\/p>\n","protected":false},"author":1,"featured_media":0,"parent":2683,"menu_order":0,"comment_status":"closed","ping_status":"closed","template":"","meta":[],"_links":{"self":[{"href":"https:\/\/lila-spirit.ro\/wp\/index.php?rest_route=\/wp\/v2\/pages\/3334"}],"collection":[{"href":"https:\/\/lila-spirit.ro\/wp\/index.php?rest_route=\/wp\/v2\/pages"}],"about":[{"href":"https:\/\/lila-spirit.ro\/wp\/index.php?rest_route=\/wp\/v2\/types\/page"}],"author":[{"embeddable":true,"href":"https:\/\/lila-spirit.ro\/wp\/index.php?rest_route=\/wp\/v2\/users\/1"}],"replies":[{"embeddable":true,"href":"https:\/\/lila-spirit.ro\/wp\/index.php?rest_route=%2Fwp%2Fv2%2Fcomments&post=3334"}],"version-history":[{"count":1,"href":"https:\/\/lila-spirit.ro\/wp\/index.php?rest_route=\/wp\/v2\/pages\/3334\/revisions"}],"predecessor-version":[{"id":3335,"href":"https:\/\/lila-spirit.ro\/wp\/index.php?rest_route=\/wp\/v2\/pages\/3334\/revisions\/3335"}],"up":[{"embeddable":true,"href":"https:\/\/lila-spirit.ro\/wp\/index.php?rest_route=\/wp\/v2\/pages\/2683"}],"wp:attachment":[{"href":"https:\/\/lila-spirit.ro\/wp\/index.php?rest_route=%2Fwp%2Fv2%2Fmedia&parent=3334"}],"curies":[{"name":"wp","href":"https:\/\/api.w.org\/{rel}","templated":true}]}}