{"id":3337,"date":"2017-10-06T10:13:26","date_gmt":"2017-10-06T07:13:26","guid":{"rendered":"https:\/\/lila-spirit.ro\/wp\/?page_id=3337"},"modified":"2017-10-06T10:14:55","modified_gmt":"2017-10-06T07:14:55","slug":"3337-2","status":"publish","type":"page","link":"https:\/\/lila-spirit.ro\/wp\/?page_id=3337","title":{"rendered":"\u201dCURAJUL de A FI ALTFEL\u201d&#8230;"},"content":{"rendered":"<p><strong>Curajul de a fi altfel\u2026<\/strong><\/p>\n<p>Nu vorbim despre curajul de a fi \u201cdiferit\u201d \u2013 de dragul rebeliunii, al anarhiei, al ie\u0219irii \u00een eviden\u021b\u0103\u2026<\/p>\n<p>Acestea sunt tot forme de ego!!! \u201cSunt un rebel\u201d, \u201csunt \u00eempotriva societ\u0103\u021bii!\u201d \u0218i acum &#8211; tot despre mine este vorba, tot \u201ceu sunt\u201d ceva, cumva, m\u0103 identific acum cu noua imagine\u2026 Dar este tot o imagine de sine!!! Acum m\u0103 laud cu asta: \u201cce diferit sunt\u201d, p\u0103c\u0103leal\u0103! este de fapt tot vechea ta imagine, doar c\u0103 \u00een oglind\u0103.<\/p>\n<p><strong>Vorbim despre Curajul de a fi ALTFEL<\/strong>: Nu doar supus, \u00een uniforma gri de la serviciu, uniforma perfect\u0103, perfect integrat \u00een turm\u0103\u2026, f\u0103r\u0103 nici o culoare (la propriu, dar \u0219i la figurat!), angajatul perfect, \u0219eful perfect, apoi mama perfect\u0103, bunica perfect\u0103, so\u021bia perfect\u0103, \u00eentr-o via\u021b\u0103 cu a c\u0103rei perfec\u021biune m\u0103 auto-p\u0103c\u0103lesc deja de mult prea mul\u021bi ani\u2026<\/p>\n<p><strong>IMAGINEA PERFECT\u0102, desigur, pe care o croiesc, apoi o sus\u021bin, apoi m\u0103 lupt pentru ea cu orice pre\u021b!<\/strong><\/p>\n<p><strong>Vorbim despre Curajul de a fi ALTFEL<\/strong>: de a c\u0103uta s\u0103 evoluez, de a nu-mi mai fi ru\u0219ine cu <span style=\"text-decoration: underline;\">o alt\u0103 opinie, crescut\u0103 dintr-o schimbare interioar\u0103 real\u0103,<\/span> de a nu-mi mai fi ru\u0219ine cu practica mea, dar, \u0219i cu un <u>alt comportament, n\u0103scut tocmai dintr-o alt\u0103 \u00een\u021belegere \u0219i din acea practic\u0103<\/u>!<\/p>\n<p><strong>Curajul de a fi altfel \u00een sensul frumos, curajul de a \u00eencerca s\u0103 aplic \u00cencerc\u0103rile LiLA \u0219i Algoritmii \u2013 \u00eentr-o lume care este exact opusul lor.<\/strong><\/p>\n<p><strong>Curajul de a fi ALTFEL \u2013 \u00een interiorul meu, dar Curajul de a fi ALTFEL \u2013 \u0219i \u00een exterior<\/strong>: poate am s\u0103 le ar\u0103t celor din jur c\u0103 se poate tr\u0103i \u0219i altfel: f\u0103r\u0103 fric\u0103, cu generozitate, non-violent, f\u0103r\u0103 ambi\u021biile \u201clumii moderne\u201d, f\u0103r\u0103 n\u0103zuin\u021bele corporatiste, f\u0103r\u0103 telefonul de serviciu care sun\u0103 mereu anun\u021b\u00e2ndu-mi, cu zgomot mare, importan\u021ba\u2026<\/p>\n<p>F\u0102R\u0102 IMPORTAN\u021aA DE SINE, SUB\u00ceN\u021aELEAS\u0102, MEREU\u2026<\/p>\n<p>F\u0103r\u0103 justific\u0103rile ve\u0219nice, f\u0103r\u0103 critici, f\u0103r\u0103 r\u0103utate, f\u0103r\u0103 compara\u021bii\u2026, doar senin, lini\u0219tit\u2026 Cu inima deschis\u0103, cu tot ce \u00eenseamn\u0103 asta! Generozitate, bun\u0103tate, compasiune\u2026 Deschis\u0103 c\u0103tre orice!<\/p>\n<p>Se poate tr\u0103i modest, \u201cmic\u201d. Dar nu la\u0219! Dar nu \u201cgri\u201d! Ci smerit, este o diferen\u021b\u0103, enorm\u0103!<\/p>\n<p>Poate c\u0103 am s\u0103-i inspir \u0219i pe al\u021bii prin comportamentul meu: DA, SE POATE TR\u0102I \u0218I ALTFEL\u2026<\/p>\n<p>Iat\u0103 enumera\u021bi ceilal\u021bi algoritmi pe care i-a\u0219 putea practica mereu! Doar s\u0103 am curajul de a face asta! Acum vorbim despre <strong>acest<\/strong> <strong>curaj<\/strong>\u2026<\/p>\n<p>Oare \u00eel am??<\/p>\n<p><strong>Da, este vorba despre tine!!!<\/strong><\/p>\n<p>Indra<\/p>\n<p><em>(Textele apar\u021bin \u0218colii LiLA: Dar ne-am bucura dac\u0103 le-ai \u00een\u021belege \u0219i le-ai aplica \u0219i tu!)<\/em><\/p>\n","protected":false},"excerpt":{"rendered":"<p>Curajul de a fi altfel\u2026 Nu vorbim despre curajul de a fi \u201cdiferit\u201d \u2013 de dragul rebeliunii, al anarhiei, al ie\u0219irii \u00een eviden\u021b\u0103\u2026 Acestea sunt tot forme de ego!!! \u201cSunt un rebel\u201d, \u201csunt \u00eempotriva societ\u0103\u021bii!\u201d \u0218i acum &#8211; tot despre mine este vorba, tot \u201ceu sunt\u201d ceva, cumva, m\u0103 identific acum cu noua imagine\u2026 Dar [&hellip;]<\/p>\n","protected":false},"author":1,"featured_media":0,"parent":2683,"menu_order":0,"comment_status":"closed","ping_status":"closed","template":"","meta":[],"_links":{"self":[{"href":"https:\/\/lila-spirit.ro\/wp\/index.php?rest_route=\/wp\/v2\/pages\/3337"}],"collection":[{"href":"https:\/\/lila-spirit.ro\/wp\/index.php?rest_route=\/wp\/v2\/pages"}],"about":[{"href":"https:\/\/lila-spirit.ro\/wp\/index.php?rest_route=\/wp\/v2\/types\/page"}],"author":[{"embeddable":true,"href":"https:\/\/lila-spirit.ro\/wp\/index.php?rest_route=\/wp\/v2\/users\/1"}],"replies":[{"embeddable":true,"href":"https:\/\/lila-spirit.ro\/wp\/index.php?rest_route=%2Fwp%2Fv2%2Fcomments&post=3337"}],"version-history":[{"count":3,"href":"https:\/\/lila-spirit.ro\/wp\/index.php?rest_route=\/wp\/v2\/pages\/3337\/revisions"}],"predecessor-version":[{"id":3340,"href":"https:\/\/lila-spirit.ro\/wp\/index.php?rest_route=\/wp\/v2\/pages\/3337\/revisions\/3340"}],"up":[{"embeddable":true,"href":"https:\/\/lila-spirit.ro\/wp\/index.php?rest_route=\/wp\/v2\/pages\/2683"}],"wp:attachment":[{"href":"https:\/\/lila-spirit.ro\/wp\/index.php?rest_route=%2Fwp%2Fv2%2Fmedia&parent=3337"}],"curies":[{"name":"wp","href":"https:\/\/api.w.org\/{rel}","templated":true}]}}