{"id":3366,"date":"2017-11-02T15:03:27","date_gmt":"2017-11-02T13:03:27","guid":{"rendered":"https:\/\/lila-spirit.ro\/wp\/?page_id=3366"},"modified":"2017-11-02T15:03:28","modified_gmt":"2017-11-02T13:03:28","slug":"oana-denis-rotariu-suflet-perpetuu","status":"publish","type":"page","link":"https:\/\/lila-spirit.ro\/wp\/?page_id=3366","title":{"rendered":"Oana Denis Rotariu: SUFLET PERPETUU&#8230;"},"content":{"rendered":"<p><a href=\"https:\/\/lila-spirit.ro\/wp\/wp-content\/uploads\/2017\/11\/Suflet-perpetuu-coperta.jpg\"><img loading=\"lazy\" class=\"aligncenter size-medium wp-image-3368\" src=\"https:\/\/lila-spirit.ro\/wp\/wp-content\/uploads\/2017\/11\/Suflet-perpetuu-coperta-180x300.jpg\" alt=\"\" width=\"180\" height=\"300\" srcset=\"https:\/\/lila-spirit.ro\/wp\/wp-content\/uploads\/2017\/11\/Suflet-perpetuu-coperta-180x300.jpg 180w, https:\/\/lila-spirit.ro\/wp\/wp-content\/uploads\/2017\/11\/Suflet-perpetuu-coperta-768x1280.jpg 768w, https:\/\/lila-spirit.ro\/wp\/wp-content\/uploads\/2017\/11\/Suflet-perpetuu-coperta-614x1024.jpg 614w, https:\/\/lila-spirit.ro\/wp\/wp-content\/uploads\/2017\/11\/Suflet-perpetuu-coperta.jpg 945w\" sizes=\"(max-width: 180px) 100vw, 180px\" \/><\/a><\/p>\n<p><em>Un fel de prefa\u0163\u0103 <\/em><\/p>\n<p>Poezia nu \u201ese scrie\u201d. Ea r\u0103sare de undeva, dintr-o alt\u0103 lume de sim\u0163ire, \u00een momente pre\u0163ioase de deschidere, de receptivitate, de gra\u0163ie.<\/p>\n<p>O lume a unor altfel de frecven\u0163e-unduiri ale acelui Ocean Cauzal al Existen\u0163ei\u2026 Vibra\u0163ii primordiale\u2026 Care cresc, care se coaguleaz\u0103\u2026, devenind g\u00e2nduri-sim\u0163iri-cuvinte-forme\u2026<\/p>\n<p>La \u00eenceput a fost Cuv\u00e2ntul\u2026 Cuv\u00e2ntul Universului care va deveni via\u0163\u0103, fiin\u0163e, sim\u0163ire, cuvinte ale acestor fiin\u0163e, prin care \u00ee\u015fi exprim\u0103 ele sim\u0163irea. Vibra\u0163ii-cuvinte care creeaz\u0103 forme: ale Dumnezeului sau ale fiin\u0163elor\u2026<\/p>\n<p>Poezia nu \u201ese cite\u015fte\u201d. Uneori acele cuvinte nu \u00eenseamn\u0103 nimic pentru minte: pentru c\u0103 poezia nu poate fi \u00een\u0163eleas\u0103 cu mintea\u2026 Trebuie doar s\u0103 o la\u015fi s\u0103 te p\u0103trund\u0103 ca s\u0103 \u00eencerce s\u0103 trezeasc\u0103 \u015fi \u00een tine acele unduiri ale unor altfel de sim\u0163iri\u2026 S\u0103 po\u0163i p\u0103trunde \u015fi tu, \u00een acea alt\u0103 lume, a unor altfel de \u00een\u0163elesuri-cuvinte-forme\u2026<\/p>\n<p>\u0218i poate c\u0103, astfel, p\u0103trunz\u00e2nd \u00een ad\u00e2ncimi, vei descoperi \u015fi tu Oceanul Cauzal\u2026 \u015fi acele frecven\u0163e primordiale ale sale\u2026, unduirile care devin Existen\u0163\u0103-Manifestare\u2026, g\u00e2nduri-sim\u0163ire\u2026, cuvinte-forme\u2026<\/p>\n<p>La \u00cenceput a fost Cuv\u00e2ntul: Vibra\u0163ia primordial\u0103, Cuv\u00e2ntul Crea\u0163iei\u2026 care va deveni via\u0163\u0103, g\u00e2nd, sim\u0163ire, cuv\u00e2nt\u2026 Un \u201e\u00cenceput\u201d care este, \u00eens\u0103, mereu, \u00eencontinuu\u2026 Perpetuu\u2026<\/p>\n<p>Indra<\/p>\n<p>&nbsp;<\/p>\n<p><strong>\u0218tii Tu, Doamne?<\/strong><\/p>\n<p>\u0218tii Tu, Doamne?<br \/>\nF\u0103r\u0103 Tine lume-ai pustie.<br \/>\nNici pacea nu-i pace<br \/>\nNici via\u021ba nu-i vie&#8230;<br \/>\n\u0218i vorba e stearp\u0103<br \/>\n\u0218i viersul e ciung,<br \/>\nC\u00e2nd nu e\u0219ti acolo<br \/>\nS\u0103-l vezi alerg\u00e2nd<br \/>\nPrin inimi de piatr\u0103<br \/>\nG\u0103sindu-\u0219i morm\u00e2nt&#8230;<br \/>\n\u0218tii tu, Doamne<br \/>\nC\u0103 f\u0103r\u0103 Tine,<br \/>\nCeru-i foarte departe<br \/>\n\u0218i e gol pe P\u0103m\u00e2nt?<\/p>\n<p>&nbsp;<\/p>\n<p>&nbsp;<\/p>\n<p><strong>Nu pustii&#8230; <\/strong><\/p>\n<p>Nu pustii lumea<\/p>\n<p>Cu neiubirea noastr\u0103&#8230;!<\/p>\n<p>Las-o s\u0103 fie alb\u0103<\/p>\n<p>\u0218i uneori albastr\u0103,<\/p>\n<p>Ori galben\u0103 sau roz,<\/p>\n<p>\u0218i chiar \u0219i purpuriu&#8230;<\/p>\n<p>Ca s\u0103 m\u0103 simt mai vie<\/p>\n<p>Ca s\u0103 te sim\u021bi mai viu&#8230;<\/p>\n<p>Ori verde \u0219i oranj,<\/p>\n<p>Ca florile din glastr\u0103,<\/p>\n<p>S\u0103 c\u00e2nte mov \u00een piept<\/p>\n<p>O pas\u0103re m\u0103iastr\u0103<\/p>\n<p>\u00cen do major solfegii&#8230;<\/p>\n<p>Nu, nu e prea tarziu,<\/p>\n<p>C\u00e2t \u00eenc\u0103 nu e sear\u0103<\/p>\n<p>\u00cen sufletul pustiu&#8230;<\/p>\n<p>Nu p\u00e2rjoli P\u0103m\u00e2ntul<\/p>\n<p>Cu r\u0103t\u0103cirea noastr\u0103&#8230;!<\/p>\n<p>Iubirea mai tr\u0103ie\u0219te<\/p>\n<p>\u0218i mai e \u00eenc\u0103 cast\u0103&#8230;<\/p>\n<p>Chiar de nu-i \u00eentre noi&#8230;<\/p>\n<p>Nicic\u00e2nd n-a fost a noastr\u0103&#8230;<\/p>\n<p>Nu pustii iubirea<\/p>\n<p>Cu neiubirea noastr\u0103&#8230; !<\/p>\n<p>&nbsp;<\/p>\n<p><strong>\u00a0<\/strong><\/p>\n<p><strong>S\u0103 taci o mie de cuvinte <\/strong><\/p>\n<p>S\u0103 taci o mie de cuvinte,<\/p>\n<p>S\u0103 le aduni \u00eentr-o t\u0103cere,<\/p>\n<p>S\u0103 le \u00eempachetezi \u00een rugi,<\/p>\n<p>S\u0103 le transformi \u00een m\u00e2ng\u00e2iere.<\/p>\n<p>S\u0103 taci o mie de cuvinte, S\u0103 le transformi \u00een s\u0103rb\u0103tori<\/p>\n<p>\u0218i uite-a\u015fa la cele sfinte<\/p>\n<p>S-adaugi \u015fi s-aduni comori\u2026<\/p>\n<p>S\u0103 taci o mie de cuvinte,<\/p>\n<p>O mie binecuv\u00e2nt\u0103ri\u2026<\/p>\n<p>S\u0103 taci \u015fi s\u0103 nu iei aminte,<\/p>\n<p>C\u0103 de t\u0103cere te-nconjori\u2026<\/p>\n<p>S\u0103 taci o mie de cuvinte\u2026<\/p>\n<p>\u0218i lini\u015ftea s\u0103-\u0163i dea fiori\u2026<\/p>\n<p>U\u015for, t\u0103c\u00e2nd\u2026 spre necuvinte<\/p>\n<p>S\u0103-nve\u0163i \u00eencet-\u00eencet\u2026 s\u0103 zbori\u2026<\/p>\n<p>S\u0103 scriu c\u00e2teva vorbe despre cea care scrie?<\/p>\n<p>&nbsp;<\/p>\n<p>De ce scrie?<\/p>\n<p>Pentru c\u0103 pentru ea scrisul reprezint\u0103 o trap\u0103 deschis\u0103 spre Divinitate.<\/p>\n<p>Scrie pentru a evada din a\u0219a zisa realitate. Pentru c\u0103 ceea ce are de spus apar\u021bine altor vremuri, sim\u021biri, realit\u0103\u021bi&#8230; sau irealit\u0103\u021bi&#8230;<\/p>\n<p>Scrie pentru c\u0103 celei care scrie i-ar fi pl\u0103cut s\u0103 mai tr\u0103iasc\u0103 un pic de eternitate \u00een epoca romantismului.<\/p>\n<p>Pentru c\u0103 atunci c\u00e2nd scrie, cuvintele par a avea puterea de a face lumea mai&#8230; senin\u0103.<\/p>\n<p>&nbsp;<\/p>\n<p>De ce scrie?<\/p>\n<p>Pentru c\u0103 toate lacrimile par s\u0103-\u0219i g\u0103seasc\u0103 un rost, toate bucuriile un sens, toate dorurile o cale \u0219i toate emo\u021biile, bune sau rele, se dezamorseaz\u0103 \u0219i se transform\u0103 \u00een ceva ce pare s\u0103 nu r\u0103neasc\u0103 pe nimeni&#8230;<\/p>\n<p>&nbsp;<\/p>\n<p>De ce scrie?<\/p>\n<p>Ca s\u0103-\u0219i vindece inima de indiferen\u021b\u0103, de igoran\u021b\u0103, de pasivitate, de negativism&#8230;<br \/>\nPentru c\u0103 \u00eei face pl\u0103cere s\u0103 se p\u0103c\u0103leasc\u0103 c\u0103 lumea \u00een care tr\u0103ie\u0219te poate deveni mai frumoas\u0103 \u0219i mai bun\u0103 doar citind, uneori, ceea ce ea c\u00e2teodat\u0103, \u00eendr\u0103zne\u0219te s\u0103 scrie.<\/p>\n<p>&nbsp;<\/p>\n<p>De ce scrie?<\/p>\n<p>Scrie pentru c\u0103-i este drag s\u0103 scrie \u0219i pentru c\u0103-i era dor de-o via\u021b\u0103 \u00eentreag\u0103 s\u0103 se manifeste astfel.<br \/>\nSe pare c\u0103 \u00een tot acest timp c\u00e2t nu a a\u0219ternut slove pe h\u00e2rtie, ele s-au scris undeva \u00een inima ei. Parc\u0103 o m\u00e2n\u0103 nev\u0103zut\u0103 a Universului, \u00eei tot umple ulciorul imagina\u021biei, a\u0219a \u00eenc\u00e2t chiar dac\u0103 se revars\u0103 \u0219i d\u0103 pe dinafar\u0103, r\u0103m\u00e2ne ca prin miracol mereu plin, ve\u0219nic proasp\u0103t \u0219i parc\u0103 din ce \u00een ce mai primenit.<\/p>\n<p>&nbsp;<\/p>\n<p>Dar ceea ce simte ea cu certitudine &#8211; este faptul c\u0103 scrisul reprezint\u0103 maniera discret\u0103 prin care Dumnezeu \u00eei spune zi de zi c\u0103 o iube\u0219te.<\/p>\n<p>Mul\u021bumesc Doamne pentru toate!<\/p>\n<p>&nbsp;<\/p>\n<p>Oana<\/p>\n<p>&nbsp;<\/p>\n<p>&nbsp;<\/p>\n","protected":false},"excerpt":{"rendered":"<p>Un fel de prefa\u0163\u0103 Poezia nu \u201ese scrie\u201d. Ea r\u0103sare de undeva, dintr-o alt\u0103 lume de sim\u0163ire, \u00een momente pre\u0163ioase de deschidere, de receptivitate, de gra\u0163ie. O lume a unor altfel de frecven\u0163e-unduiri ale acelui Ocean Cauzal al Existen\u0163ei\u2026 Vibra\u0163ii primordiale\u2026 Care cresc, care se coaguleaz\u0103\u2026, devenind g\u00e2nduri-sim\u0163iri-cuvinte-forme\u2026 La \u00eenceput a fost Cuv\u00e2ntul\u2026 Cuv\u00e2ntul Universului [&hellip;]<\/p>\n","protected":false},"author":1,"featured_media":0,"parent":3083,"menu_order":0,"comment_status":"closed","ping_status":"closed","template":"","meta":[],"_links":{"self":[{"href":"https:\/\/lila-spirit.ro\/wp\/index.php?rest_route=\/wp\/v2\/pages\/3366"}],"collection":[{"href":"https:\/\/lila-spirit.ro\/wp\/index.php?rest_route=\/wp\/v2\/pages"}],"about":[{"href":"https:\/\/lila-spirit.ro\/wp\/index.php?rest_route=\/wp\/v2\/types\/page"}],"author":[{"embeddable":true,"href":"https:\/\/lila-spirit.ro\/wp\/index.php?rest_route=\/wp\/v2\/users\/1"}],"replies":[{"embeddable":true,"href":"https:\/\/lila-spirit.ro\/wp\/index.php?rest_route=%2Fwp%2Fv2%2Fcomments&post=3366"}],"version-history":[{"count":1,"href":"https:\/\/lila-spirit.ro\/wp\/index.php?rest_route=\/wp\/v2\/pages\/3366\/revisions"}],"predecessor-version":[{"id":3369,"href":"https:\/\/lila-spirit.ro\/wp\/index.php?rest_route=\/wp\/v2\/pages\/3366\/revisions\/3369"}],"up":[{"embeddable":true,"href":"https:\/\/lila-spirit.ro\/wp\/index.php?rest_route=\/wp\/v2\/pages\/3083"}],"wp:attachment":[{"href":"https:\/\/lila-spirit.ro\/wp\/index.php?rest_route=%2Fwp%2Fv2%2Fmedia&parent=3366"}],"curies":[{"name":"wp","href":"https:\/\/api.w.org\/{rel}","templated":true}]}}