{"id":3408,"date":"2018-01-05T20:07:01","date_gmt":"2018-01-05T18:07:01","guid":{"rendered":"https:\/\/lila-spirit.ro\/wp\/?page_id=3408"},"modified":"2018-01-05T20:07:01","modified_gmt":"2018-01-05T18:07:01","slug":"sunetele-lila","status":"publish","type":"page","link":"https:\/\/lila-spirit.ro\/wp\/?page_id=3408","title":{"rendered":"SUNETELE LiLA&#8230;"},"content":{"rendered":"<p><strong>\u00cen Univers totul este vibra\u021bie\u2026 Noi suntem vibra\u021bie: suntem un m\u0103nunchi de vibra\u021bii: mai grosiere \u2013 corpul fizic, mai subtile \u2013 structurile mentale \u0219i emo\u021bionale, extrem de rafinate \u2013 c\u00e2mpul de con\u0219tiin\u021b\u0103\u2026 <\/strong><\/p>\n<p><strong>Suntem c\u00e2mpuri de vibra\u021bii, \u00a0suprapuse, intersectate, \u00een interferen\u021b\u0103 cu toate c\u00e2mpurile din jur\u2026 \u0218i atunci putem interveni cu alte vibra\u021bii, cu alte c\u00e2mpuri, pentru armonizare, pentru \u201dcur\u0103\u021bare\u201d, pentru \u201ddefragmentare\u201d\u2026 Sunetele pot distruge tumori, pot \u201dsparge\u201d programele mentale, pot \u201dsparge\u201d ego-ul, pot \u201dreseta\u201d \u0219i echilibra chakrele, pot \u201dcur\u0103\u021ba\u201d aura. Aceasta este \u201dterapia\u201d prin sunete LiLA\u2026 <\/strong><\/p>\n<p><strong>Dar mai pot rafina toate aceste structuri, le pot \u201cridica frecven<\/strong><strong>\u021ba<\/strong><strong>\u201d\u2026 <\/strong><\/p>\n<p><strong>Sunetele creaz\u0103 lumi: ale st\u00e2ncilor, ale pe\u0219terilor, ale spiritelor, ale \u0219amanilor\u2026 Pute\u021bi c\u0103l\u0103tori \u00een aceste lumi, pe calea sunetelor\u2026<\/strong><\/p>\n<p>&nbsp;<\/p>\n<p><em>* de preferat: se ascult\u0103 individual, cu c\u0103\u0219tile pe urechi, la volum maxim, l\u0103s\u00e2nd sunetele s\u0103 penetreze diferitele structuri\u2026, \u201dsim\u021bind\u201d sunetele \u00een corp, \u00een \u201ccorpuri\u201d\u2026 cum deblocheaz\u0103, cum tranform\u0103\u2026 Iar mai apoi, \u00eencerca\u021bi ca \u201cvoi\u201d s<\/em><em>\u0103 disp\u0103re\u021bi&#8230;, s\u0103 r\u0103m\u00e2n\u0103 acolo doar suntelele, doar frecven\u021bele&#8230;<\/em><\/p>\n<p><em>Indra<\/em><\/p>\n<p>&nbsp;<\/p>\n","protected":false},"excerpt":{"rendered":"<p>\u00cen Univers totul este vibra\u021bie\u2026 Noi suntem vibra\u021bie: suntem un m\u0103nunchi de vibra\u021bii: mai grosiere \u2013 corpul fizic, mai subtile \u2013 structurile mentale \u0219i emo\u021bionale, extrem de rafinate \u2013 c\u00e2mpul de con\u0219tiin\u021b\u0103\u2026 Suntem c\u00e2mpuri de vibra\u021bii, \u00a0suprapuse, intersectate, \u00een interferen\u021b\u0103 cu toate c\u00e2mpurile din jur\u2026 \u0218i atunci putem interveni cu alte vibra\u021bii, cu alte c\u00e2mpuri, [&hellip;]<\/p>\n","protected":false},"author":1,"featured_media":0,"parent":0,"menu_order":0,"comment_status":"closed","ping_status":"closed","template":"","meta":[],"_links":{"self":[{"href":"https:\/\/lila-spirit.ro\/wp\/index.php?rest_route=\/wp\/v2\/pages\/3408"}],"collection":[{"href":"https:\/\/lila-spirit.ro\/wp\/index.php?rest_route=\/wp\/v2\/pages"}],"about":[{"href":"https:\/\/lila-spirit.ro\/wp\/index.php?rest_route=\/wp\/v2\/types\/page"}],"author":[{"embeddable":true,"href":"https:\/\/lila-spirit.ro\/wp\/index.php?rest_route=\/wp\/v2\/users\/1"}],"replies":[{"embeddable":true,"href":"https:\/\/lila-spirit.ro\/wp\/index.php?rest_route=%2Fwp%2Fv2%2Fcomments&post=3408"}],"version-history":[{"count":1,"href":"https:\/\/lila-spirit.ro\/wp\/index.php?rest_route=\/wp\/v2\/pages\/3408\/revisions"}],"predecessor-version":[{"id":3409,"href":"https:\/\/lila-spirit.ro\/wp\/index.php?rest_route=\/wp\/v2\/pages\/3408\/revisions\/3409"}],"wp:attachment":[{"href":"https:\/\/lila-spirit.ro\/wp\/index.php?rest_route=%2Fwp%2Fv2%2Fmedia&parent=3408"}],"curies":[{"name":"wp","href":"https:\/\/api.w.org\/{rel}","templated":true}]}}