{"id":3436,"date":"2018-04-12T11:55:29","date_gmt":"2018-04-12T08:55:29","guid":{"rendered":"https:\/\/lila-spirit.ro\/wp\/?page_id=3436"},"modified":"2018-04-24T15:53:44","modified_gmt":"2018-04-24T12:53:44","slug":"indra-un-fel-de-haiku-uri-spirituale-cu-flori-si-cateva-pisici","status":"publish","type":"page","link":"https:\/\/lila-spirit.ro\/wp\/?page_id=3436","title":{"rendered":"Indra: Un fel de haiku-uri spirituale cu flori \u0219i c\u00e2teva pisici"},"content":{"rendered":"<p><a href=\"https:\/\/lila-spirit.ro\/wp\/wp-content\/uploads\/2018\/04\/pt-web-Cover-spread.jpg\"><img loading=\"lazy\" class=\"aligncenter wp-image-3440 size-large\" src=\"https:\/\/lila-spirit.ro\/wp\/wp-content\/uploads\/2018\/04\/pt-web-Cover-spread-1024x544.jpg\" alt=\"\" width=\"1024\" height=\"544\" srcset=\"https:\/\/lila-spirit.ro\/wp\/wp-content\/uploads\/2018\/04\/pt-web-Cover-spread-1024x544.jpg 1024w, https:\/\/lila-spirit.ro\/wp\/wp-content\/uploads\/2018\/04\/pt-web-Cover-spread-300x159.jpg 300w, https:\/\/lila-spirit.ro\/wp\/wp-content\/uploads\/2018\/04\/pt-web-Cover-spread-768x408.jpg 768w, https:\/\/lila-spirit.ro\/wp\/wp-content\/uploads\/2018\/04\/pt-web-Cover-spread.jpg 1842w\" sizes=\"(max-width: 1024px) 100vw, 1024px\" \/><\/a><\/p>\n<p>Aceste mici instantanee nu au preten\u021bia de haiku-uri clasice. Ele nu au form\u0103 fix\u0103 \u0219i nici celelalte criterii canonice.<\/p>\n<p>Sunt doar fr\u00e2nturi de \u00cenv\u0103\u021b\u0103turi.<\/p>\n<p>&nbsp;<\/p>\n<p>Universul ne vorbe\u0219te mereu. L\u00e2ng\u0103 noi. \u00cen noi.<\/p>\n<p>Oare avem timp s\u0103-l auzim? Oare avem timp, s\u0103-i vedem, extraordinarele instantanee?<\/p>\n<p>Opre\u0219te-te.<\/p>\n<p>O pisic\u0103. O floare. Un stop cadru: Aici \u0219i Acum. O \u0219ans\u0103 de a p\u0103trunde, prin acel cadru, ca printr-o oglind\u0103 magic\u0103, Dincolo.<\/p>\n<p>Dincolo de \u201ccadrele\u201d, \u00eenl\u0103n\u021buite, ale filmului a\u0219a-zisei realit\u0103\u021bi.<\/p>\n<p>\u00cen fundal. \u00cen Esen\u021b\u0103.<\/p>\n<p>Indra<\/p>\n<p>&nbsp;<\/p>\n<p><em><strong>Cuprins<\/strong><\/em><\/p>\n<p><em> AUM\u00a0 \/\u00a0 7<\/em><\/p>\n<p><em>Aventura\u00a0 \/\u00a0 9<\/em><\/p>\n<p><em>Curaj\u00a0 \/\u00a0 11<\/em><\/p>\n<p><em>C\u0103ut\u0103torul\u00a0 \/\u00a0 13<\/em><\/p>\n<p><em>Cuget\u00a0 \/\u00a0 15<\/em><\/p>\n<p><em>Esen\u0163a min\u0163ii\u00a0 \/\u00a0 17<\/em><\/p>\n<p><em>Elemente\u00a0 \/\u00a0 19<\/em><\/p>\n<p><em>Geometrie sacr\u0103\u00a0 \/\u00a0 21<\/em><\/p>\n<p><em>Impermanen\u0163\u0103\u00a0 \/\u00a0 23<\/em><\/p>\n<p><em>Dorin\u0163e\u00a0 \/\u00a0 25<\/em><\/p>\n<p><em>Maestrul\u00a0 \/\u00a0 27<\/em><\/p>\n<p><em>Mandale\u00a0 \/\u00a0 29<\/em><\/p>\n<p><em>Neti neti\u00a0 \/\u00a0 31<\/em><\/p>\n<p><em> Mintea\u00a0 \/\u00a0 33<\/em><\/p>\n<p><em>Miracol\u00a0 \/\u00a0 35<\/em><\/p>\n<p><em>O alt\u0103 perspectiv\u0103\u00a0 \/\u00a0 37<\/em><\/p>\n<p><em>Separare\u00a0 \/\u00a0 39<\/em><\/p>\n<p><em>Propor\u0163ii\u00a0 \/\u00a0 41<\/em><\/p>\n<p><em>Sufletul pietrelor\u00a0 \/\u00a0 43<\/em><\/p>\n<p><em>Sutra de diamant\u00a0 \/\u00a0 45<\/em><\/p>\n<p><em>Un ego mic\u00a0 \/\u00a0 47<\/em><\/p>\n<p><em>Vehiculul DA\u00a0 \/\u00a0 49<\/em><\/p>\n<p><em>Vocea Universului\u00a0 \/\u00a0 51<\/em><\/p>\n<p><em>Zona de confort\u00a0 \/\u00a0 53<\/em><\/p>\n<p><em>Castele de nisip\u00a0 \/\u00a0 55<\/em><\/p>\n<p><em>Pa\u015fi spre nic\u0103ieri\u00a0 \/\u00a0 57<\/em><\/p>\n<p>&nbsp;<\/p>\n<p style=\"text-align: center;\"><strong>Cuget<\/strong><\/p>\n<p style=\"text-align: center;\"><strong>\u00a0<\/strong>Oare, dac\u0103 cuget \u2013 chiar exist?<\/p>\n<p style=\"text-align: center;\">Sau, dimpotriv\u0103, chiar el, cugetul, se interpune \u00eentre mine \u0219i Existen\u021b\u0103,<\/p>\n<p style=\"text-align: center;\">\u0219i m\u0103 \u00eempiedic\u0103 s\u0103 exist ?!<\/p>\n<p style=\"text-align: center;\">Ce complicat e totul\u2026<\/p>\n<p><a href=\"https:\/\/lila-spirit.ro\/wp\/wp-content\/uploads\/2018\/04\/Cuget-2.jpg\"><img loading=\"lazy\" class=\"aligncenter wp-image-3438 size-medium\" src=\"https:\/\/lila-spirit.ro\/wp\/wp-content\/uploads\/2018\/04\/Cuget-2-300x197.jpg\" alt=\"\" width=\"300\" height=\"197\" srcset=\"https:\/\/lila-spirit.ro\/wp\/wp-content\/uploads\/2018\/04\/Cuget-2-300x197.jpg 300w, https:\/\/lila-spirit.ro\/wp\/wp-content\/uploads\/2018\/04\/Cuget-2-768x504.jpg 768w, https:\/\/lila-spirit.ro\/wp\/wp-content\/uploads\/2018\/04\/Cuget-2-1024x672.jpg 1024w, https:\/\/lila-spirit.ro\/wp\/wp-content\/uploads\/2018\/04\/Cuget-2-207x136.jpg 207w, https:\/\/lila-spirit.ro\/wp\/wp-content\/uploads\/2018\/04\/Cuget-2-260x170.jpg 260w, https:\/\/lila-spirit.ro\/wp\/wp-content\/uploads\/2018\/04\/Cuget-2-430x283.jpg 430w, https:\/\/lila-spirit.ro\/wp\/wp-content\/uploads\/2018\/04\/Cuget-2.jpg 1433w\" sizes=\"(max-width: 300px) 100vw, 300px\" \/><\/a><\/p>\n<p><em>Pre\u021b: 25 lei (60 pag)<br \/>\n<\/em><\/p>\n","protected":false},"excerpt":{"rendered":"<p>Aceste mici instantanee nu au preten\u021bia de haiku-uri clasice. Ele nu au form\u0103 fix\u0103 \u0219i nici celelalte criterii canonice. Sunt doar fr\u00e2nturi de \u00cenv\u0103\u021b\u0103turi. &nbsp; Universul ne vorbe\u0219te mereu. L\u00e2ng\u0103 noi. \u00cen noi. Oare avem timp s\u0103-l auzim? Oare avem timp, s\u0103-i vedem, extraordinarele instantanee? Opre\u0219te-te. O pisic\u0103. O floare. Un stop cadru: Aici \u0219i [&hellip;]<\/p>\n","protected":false},"author":1,"featured_media":3446,"parent":3083,"menu_order":0,"comment_status":"closed","ping_status":"closed","template":"","meta":[],"_links":{"self":[{"href":"https:\/\/lila-spirit.ro\/wp\/index.php?rest_route=\/wp\/v2\/pages\/3436"}],"collection":[{"href":"https:\/\/lila-spirit.ro\/wp\/index.php?rest_route=\/wp\/v2\/pages"}],"about":[{"href":"https:\/\/lila-spirit.ro\/wp\/index.php?rest_route=\/wp\/v2\/types\/page"}],"author":[{"embeddable":true,"href":"https:\/\/lila-spirit.ro\/wp\/index.php?rest_route=\/wp\/v2\/users\/1"}],"replies":[{"embeddable":true,"href":"https:\/\/lila-spirit.ro\/wp\/index.php?rest_route=%2Fwp%2Fv2%2Fcomments&post=3436"}],"version-history":[{"count":5,"href":"https:\/\/lila-spirit.ro\/wp\/index.php?rest_route=\/wp\/v2\/pages\/3436\/revisions"}],"predecessor-version":[{"id":3448,"href":"https:\/\/lila-spirit.ro\/wp\/index.php?rest_route=\/wp\/v2\/pages\/3436\/revisions\/3448"}],"up":[{"embeddable":true,"href":"https:\/\/lila-spirit.ro\/wp\/index.php?rest_route=\/wp\/v2\/pages\/3083"}],"wp:featuredmedia":[{"embeddable":true,"href":"https:\/\/lila-spirit.ro\/wp\/index.php?rest_route=\/wp\/v2\/media\/3446"}],"wp:attachment":[{"href":"https:\/\/lila-spirit.ro\/wp\/index.php?rest_route=%2Fwp%2Fv2%2Fmedia&parent=3436"}],"curies":[{"name":"wp","href":"https:\/\/api.w.org\/{rel}","templated":true}]}}