{"id":3450,"date":"2018-05-06T19:22:43","date_gmt":"2018-05-06T16:22:43","guid":{"rendered":"https:\/\/lila-spirit.ro\/wp\/?page_id=3450"},"modified":"2018-05-13T13:15:01","modified_gmt":"2018-05-13T10:15:01","slug":"indra-calatoria-suprema","status":"publish","type":"page","link":"https:\/\/lila-spirit.ro\/wp\/?page_id=3450","title":{"rendered":"INDRA: C\u0102L\u0102TORIA SUPREM\u0102&#8230;"},"content":{"rendered":"<p>&nbsp;<\/p>\n<p><a href=\"https:\/\/lila-spirit.ro\/wp\/wp-content\/uploads\/2018\/05\/Calatoria-suprema-coperta-1-pt-web.jpg\"><img loading=\"lazy\" class=\"aligncenter size-medium wp-image-3454\" src=\"https:\/\/lila-spirit.ro\/wp\/wp-content\/uploads\/2018\/05\/Calatoria-suprema-coperta-1-pt-web-217x300.jpg\" alt=\"\" width=\"217\" height=\"300\" srcset=\"https:\/\/lila-spirit.ro\/wp\/wp-content\/uploads\/2018\/05\/Calatoria-suprema-coperta-1-pt-web-217x300.jpg 217w, https:\/\/lila-spirit.ro\/wp\/wp-content\/uploads\/2018\/05\/Calatoria-suprema-coperta-1-pt-web-768x1063.jpg 768w, https:\/\/lila-spirit.ro\/wp\/wp-content\/uploads\/2018\/05\/Calatoria-suprema-coperta-1-pt-web-740x1024.jpg 740w, https:\/\/lila-spirit.ro\/wp\/wp-content\/uploads\/2018\/05\/Calatoria-suprema-coperta-1-pt-web.jpg 981w\" sizes=\"(max-width: 217px) 100vw, 217px\" \/><\/a><\/p>\n<p>&nbsp;<\/p>\n<p>&nbsp;<\/p>\n<p>Un Spirit le vorbe\u0219te deja de ceva vreme &#8211; Omule\u021bilor s\u0103i dragi\u2026<\/p>\n<p>Despre lucruri \u201comene\u0219ti\u201d, cum nume\u0219te el func\u021bionarea cea obi\u0219nuit\u0103 a oamenilor: despre iubire, despre deschiderea inimii, despre libertate, despre fericire\u2026 Despre schimbare. Despre un posibil \u201cnivel omenesc frumos\u201d: da, schimbarea este posibil\u0103.<\/p>\n<p>Apoi despre lucruri \u201cne-omene\u0219ti\u201d: despre o altfel de iubire, despre o altfel de libertate, despre o altfel de fericire\u2026 Despre transcenderea \u00een\u021belegerii \u0219i a func\u021bion\u0103rii cunoscute. Despre transcenderea eu-lui.<\/p>\n<p>Despre Existen\u021b\u0103-Con\u0219tiin\u021b\u0103-Beatitudine. Apoi despre transcenderea &#8211; chiar \u0219i a acestora\u2026<\/p>\n<p>Despre C\u0103l\u0103toria suprem\u0103\u2026<\/p>\n<p>C\u0103ci toate acestea reprezint\u0103 o c\u0103l\u0103torie, pas cu pas, \u00een interiorul t\u0103u; o c\u0103l\u0103torie \u00een care fiecare etap\u0103, \u00een care fiecare popas \u2013 vor trebui transcense. Pentru a merge mai departe, pentru a \u201cte ad\u00e2nci\u201d din ce \u00een ce mai mult, \u00een Esen\u021b\u0103\u2026<\/p>\n<p>Este un discurs lung, al unei \u0218coli Spirituale, \u00eel putem urm\u0103ri deja de-a lungul unor ani. Iar el va continua, construind o Cale, pentru ace\u0219ti Omule\u021bi\u2026: un drum energetic, dar \u0219i un drum concret, al vie\u021bii lor. O C\u0103l\u0103torie: uneori dificil\u0103, neprev\u0103zut\u0103\u2026, sau ne\u00een\u021beleas\u0103\u2026, alteori \u0219ocant\u0103.<\/p>\n<p>Dar care va deveni minunat\u0103, pasionant\u0103, pe m\u0103sura \u00een\u021belegerii, pe m\u0103sura descoperirii, pe m\u0103sura integr\u0103rii acestor pa\u0219i. O c\u0103l\u0103torie spre o alt\u0103 perspectiv\u0103, spre o alt\u0103 percep\u021bie. Spre o alt\u0103 Realitate.<\/p>\n<p>&nbsp;<\/p>\n<p><strong>C\u0103l\u0103toria suprem\u0103<\/strong><\/p>\n<p><strong>Cuprins<br \/>\n<\/strong><\/p>\n<p>&nbsp;<\/p>\n<p>Introducere: Despre o c\u0103l\u0103torie\u2026 &#8230;&#8230;&#8230;&#8230;&#8230;&#8230;&#8230;&#8230;&#8230;&#8230;&#8230;&#8230;&#8230;&#8230;&#8230;&#8230;&#8230;7<\/p>\n<p>\u201eCalea nu este \u00een ceruri. Calea este \u00een inim\u0103.\u201d &#8230;&#8230;&#8230;&#8230;&#8230;&#8230;&#8230;&#8230;&#8230;11<\/p>\n<p>Despre libertate \u0219i pseudo\u2011libertate\u2026 &#8230;&#8230;&#8230;&#8230;&#8230;&#8230;&#8230;&#8230;&#8230;&#8230;&#8230;&#8230;&#8230;.27<\/p>\n<p>\u00cen lipsa ei &#8230;&#8230;&#8230;&#8230;&#8230;&#8230;&#8230;&#8230;&#8230;&#8230;&#8230;&#8230;&#8230;&#8230;&#8230;&#8230;&#8230;&#8230;&#8230;&#8230;&#8230;&#8230;&#8230;&#8230;&#8230;&#8230;&#8230;&#8230;.67<\/p>\n<p>Demolarea ego\u2011ului doare\u2026 &#8230;&#8230;&#8230;&#8230;&#8230;&#8230;&#8230;&#8230;&#8230;&#8230;&#8230;&#8230;&#8230;&#8230;&#8230;&#8230;&#8230;&#8230;&#8230;69<\/p>\n<p>Despre fericire \u0219i pseudo\u2011fericire\u2026 &#8230;&#8230;&#8230;&#8230;&#8230;&#8230;&#8230;&#8230;&#8230;&#8230;&#8230;&#8230;&#8230;&#8230;&#8230;71<\/p>\n<p>Bucuria f\u0103r\u0103 sus \u0219i f\u0103r\u0103 jos\u2026 &#8230;&#8230;&#8230;&#8230;&#8230;&#8230;&#8230;&#8230;&#8230;&#8230;&#8230;&#8230;&#8230;&#8230;&#8230;&#8230;&#8230;&#8230;.97<\/p>\n<p>Fericire&#8230; &#8230;&#8230;&#8230;&#8230;&#8230;&#8230;&#8230;&#8230;&#8230;&#8230;&#8230;&#8230;&#8230;&#8230;&#8230;&#8230;&#8230;.99<\/p>\n<p>Karma\u2011yoga: a fi fericit f\u0103c\u00e2nd pentru al\u021bii\u2026 &#8230;&#8230;&#8230;&#8230;&#8230;&#8230;&#8230;&#8230;&#8230;101<\/p>\n<p>Algoritmii \u201estraturilor\u201d \u0219i \u201eimpregn\u0103rii\u201d\u2026 &#8230;&#8230;&#8230;&#8230;&#8230;&#8230;&#8230;&#8230;&#8230;&#8230;.113<\/p>\n<p>Calea \u00eencepe din inim\u0103\u2026 &#8230;&#8230;&#8230;&#8230;&#8230;&#8230;&#8230;&#8230;&#8230;&#8230;&#8230;&#8230;&#8230;&#8230;&#8230;&#8230;&#8230;&#8230;&#8230;..117<\/p>\n<p><em>Respira\u021bia inimii \u2013 ca o floare\u2026<\/em> &#8230;&#8230;&#8230;&#8230;&#8230;&#8230;&#8230;&#8230;&#8230;&#8230;&#8230;&#8230;&#8230;&#8230;142<\/p>\n<p>Despre chakre \u0219i petale \u00eenchise\u2026&#8230;&#8230;&#8230;&#8230;&#8230;&#8230;&#8230;&#8230;&#8230;&#8230;&#8230;&#8230;&#8230;&#8230;&#8230;.145<\/p>\n<p>Petale care se deschid\u2026 &#8230;&#8230;&#8230;&#8230;&#8230;&#8230;&#8230;&#8230;&#8230;&#8230;&#8230;&#8230;&#8230;&#8230;&#8230;&#8230;&#8230;&#8230;&#8230;&#8230;.161<\/p>\n<p><em>O alt\u0103 respira\u021bie a florilor \u0219i a \u00eemp\u0103rt\u0103\u0219irii\u2026<\/em> &#8230;&#8230;&#8230;&#8230;&#8230;&#8230;&#8230;196<\/p>\n<p>Este mereu vorba despre tine\u2026 &#8230;&#8230;&#8230;&#8230;&#8230;&#8230;&#8230;&#8230;&#8230;&#8230;&#8230;&#8230;&#8230;&#8230;&#8230;&#8230;199<\/p>\n<p>Maki\u2026 &#8230;&#8230;&#8230;&#8230;&#8230;&#8230;&#8230;&#8230;&#8230;&#8230;&#8230;&#8230;&#8230;&#8230;&#8230;&#8230;&#8230;&#8230;&#8230;&#8230;&#8230;&#8230;&#8230;&#8230;&#8230;&#8230;&#8230;&#8230;&#8230;..201<\/p>\n<p>Mul\u021bumesc pentru via\u021b\u0103\u2026 &#8230;&#8230;&#8230;&#8230;&#8230;&#8230;&#8230;&#8230;&#8230;&#8230;&#8230;&#8230;&#8230;&#8230;&#8230;&#8230;&#8230;&#8230;&#8230;207<\/p>\n<p>Bhakti yoga, calea devo\u021bional\u0103\u2026 &#8230;&#8230;&#8230;&#8230;&#8230;&#8230;&#8230;&#8230;&#8230;&#8230;&#8230;&#8230;&#8230;&#8230;&#8230;.211<\/p>\n<p>Algoritmul \u201edeschiderii\u201d: a te deschide c\u0103tre orice\u2026 &#8230;&#8230;&#8230;&#8230;&#8230;241<\/p>\n<p>Despre starea de discipol\u2026 &#8230;&#8230;&#8230;&#8230;&#8230;&#8230;&#8230;&#8230;&#8230;&#8230;&#8230;&#8230;&#8230;&#8230;&#8230;&#8230;&#8230;&#8230;..245<\/p>\n<p>Avadhuta G\u0131ta, C\u00e2ntul Beatitudinii\u2026 &#8230;&#8230;&#8230;&#8230;&#8230;&#8230;&#8230;&#8230;&#8230;&#8230;&#8230;&#8230;..253<\/p>\n<p><em>Respira\u021bia prin piele\u2026<\/em> &#8230;&#8230;&#8230;&#8230;&#8230;&#8230;&#8230;&#8230;&#8230;&#8230;&#8230;&#8230;&#8230;&#8230;&#8230;&#8230;&#8230;&#8230;&#8230;261<\/p>\n<p>Tu e\u0219ti vasul\u2026 &#8230;&#8230;&#8230;&#8230;&#8230;&#8230;&#8230;&#8230;&#8230;&#8230;&#8230;&#8230;&#8230;&#8230;&#8230;&#8230;&#8230;&#8230;&#8230;&#8230;&#8230;&#8230;&#8230;&#8230;&#8230;.265<\/p>\n<p>C\u0103l\u0103toria suprem\u0103\u2026 &#8230;&#8230;&#8230;&#8230;&#8230;&#8230;&#8230;&#8230;&#8230;&#8230;&#8230;&#8230;&#8230;&#8230;&#8230;&#8230;&#8230;&#8230;&#8230;&#8230;&#8230;&#8230;269<\/p>\n<p>Practica renun\u021b\u0103rii\u2026 &#8230;&#8230;&#8230;&#8230;&#8230;&#8230;&#8230;&#8230;&#8230;&#8230;&#8230;&#8230;&#8230;&#8230;&#8230;&#8230;&#8230;&#8230;&#8230;&#8230;&#8230;..281<\/p>\n<p><em>\u201eA l\u0103sa pielea de \u0219arpe\u2026\u201d<\/em> &#8230;&#8230;&#8230;&#8230;&#8230;&#8230;&#8230;&#8230;&#8230;&#8230;&#8230;&#8230;&#8230;&#8230;&#8230;&#8230;&#8230;..293<\/p>\n<p>O realitate cu form\u0103, o realitate f\u0103r\u0103 form\u0103\u2026 &#8230;&#8230;&#8230;&#8230;&#8230;&#8230;&#8230;&#8230;..297<\/p>\n<p><em>\u00a0\u00a0\u00a0\u00a0\u00a0\u00a0\u00a0\u00a0\u00a0 A privi cerul senin\u2026<\/em> &#8230;&#8230;&#8230;&#8230;&#8230;&#8230;&#8230;&#8230;&#8230;&#8230;&#8230;&#8230;&#8230;&#8230;&#8230;&#8230;&#8230;&#8230;&#8230;&#8230;.305<\/p>\n<p>O invoca\u021bie\u2026\u00a0 &#8230;&#8230;&#8230;&#8230;&#8230;&#8230;&#8230;&#8230;&#8230;&#8230;&#8230;&#8230;&#8230;&#8230;&#8230;&#8230;&#8230;&#8230;&#8230;&#8230;&#8230;&#8230;&#8230;&#8230;&#8230;&#8230;313<\/p>\n<p>Dincolo de dual, Dincolo de non\u2011dual\u2026 &#8230;&#8230;&#8230;&#8230;&#8230;&#8230;&#8230;&#8230;&#8230;&#8230;&#8230;&#8230;315<\/p>\n<p>&nbsp;<\/p>\n<p>&nbsp;<\/p>\n<p><strong>C\u00e2teva fragmente:<\/strong><\/p>\n<p><em>\u201cMarea schimbare\u201d \u00eenseamn\u0103 o schimbare de g\u00e2ndire, percep\u021bie, comportament,<\/em> <em>tot\u2026, \u0219i asta \u00eenseamn\u0103 o chakr\u0103 a inimii &#8211; deschis\u0103, frumoas\u0103, armonioas\u0103, \u0219i asta \u00eenseamn\u0103 saltul cuantic\u2026<\/em> Pentru c\u0103 el este un salt cuantic, un salt de frecven\u021be\u2026, de-asta este important\u0103 deschiderea inimii, de-asta vorbim at\u00e2t de mult despre ea\u2026, din acest motiv ea este \u201cmai important\u0103\u201d dec\u00e2t alte chakre, s\u0103 spunem, pentru c\u0103 exist\u0103 acolo <em>un prag, o treapt\u0103 evolutiv\u0103:<\/em> ca \u0219i cum termini clasa, sau liceul, \u0219i te \u00eendrep\u021bi spre o alt\u0103 etap\u0103 de func\u021bionare\u2026<\/p>\n<p>Iar p\u00e2n\u0103 c\u00e2nd inima nu se va deschide, tu nu vei p\u0103r\u0103si fosta zon\u0103 de func\u021bionare\u2026: po\u021bi doar trage cu ochiul, din c\u00e2nd \u00een c\u00e2nd, la celelalte trepte\u2026, dar, de obicei, revii la fostul t\u0103u status. Sau se mai deschide c\u00e2te un firicel de energie: da, e\u0219ti \u0219i mai bun, e\u0219ti \u0219i mai dr\u0103gu\u021b, cu un mic procent, dar zona ta de func\u021bionare a r\u0103mas tot \u00een mintea-ego-ul omenesc; doar c\u0103 acum e\u0219ti ceva mai simpatic. \u0218i asta se vede, exist\u0103 \u0219i oameni mai dr\u0103gu\u021bi\u2026; din fericire\u2026; ei sunt cei care au c\u00e2teva firi\u0219oare de energie mai rafinat\u0103, mai frumoas\u0103, active.<\/p>\n<p>\u201cPetale\u201d \u2013 le spuneau hindu\u0219ii, sunt de fapt canalele chakrei-flori\u2026 Avem \u0219i noi un exerci\u021biu de deschidere a inimii precum o floare\u2026<\/p>\n<p><em>Dar saltul la starea de inim\u0103 deschis\u0103 complet \u0219i stabil &#8211; este spectaculos: va fi saltul vie\u021bii voastre, va fi un alt nivel de con\u0219tiin\u021b\u0103\u2026 Un alt nivel de con\u0219tiin\u021b\u0103 asta \u00eenseamn\u0103: de a func\u021biona, de a g\u00e2ndi, de a sim\u021bi, de a te comporta &#8211; av\u00e2nd al\u021bi parametrii energetici sau vibra\u021bionali, \u00eentr-o alt\u0103 band\u0103 de frecven\u021be, dac\u0103 vre\u021bi, mai subtile, mai rafinate. <\/em>\u0218i \u00eentr-adev\u0103r \u2013 va fi un alt nivel de con\u0219tiin\u021b\u0103, con\u0219tiin\u021ba ta nu va mai fi aceea\u0219i!<\/p>\n<p>Deci \u201c<em>un alt nivel de con\u0219tiin\u021b\u0103\u201d<\/em> nu reprezint\u0103 o lozinc\u0103. Raportarea ta la lume va fi alta, raportarea ta la semenii t\u0103i, la celelalte fiin\u021be, la planet\u0103; raportarea ta la normele morale sau la o eventual\u0103 religie; raportarea ta la tine va fi alta, \u0219i asta \u00eenseamn\u0103 un nou nivel de con\u0219tiin\u021b\u0103\u2026 Nu pleac\u0103 p\u0103m\u00e2ntul nic\u0103ieri, \u00een nu \u0219tiu ce dimensiune\u2026, nu vin arhanghelii sau \u00eengerii, am mai glumit noi amar despre prostiile din spa\u021biul public. Dac\u0103 chiar dori\u021bi \u201co dimensiune a patra\u201d, exact asta \u00eenseamn\u0103, o chakr\u0103 a inimii deschis\u0103: at\u00e2ta doar c\u0103 acolo va trebui s\u0103 ajung\u0103 fiecare, prin efort propriu. Nu vin c\u00e2mpuri de energie miraculoase, nimeni nu vine de nic\u0103ieri; <em>schimbarea va trebui s\u0103 fie \u00een voi, \u00een fiecare; iar asta presupune str\u0103duin\u021ba respectivului \u0219i mult\u0103 practic\u0103.<\/em><\/p>\n<p><em>\u2026\u2026\u2026\u2026<\/em><\/p>\n<p><em>\u00a0<\/em>De ce s\u0103 mai vorbim despre devo\u021biune?&#8230; Pentru c\u0103 \u0219i noi am ajuns s\u0103 desacraliz\u0103m\u2026 Pentru c\u0103 v\u0103d discu\u021biile noastre, v\u0103d cursurile noastre, unde elementul sacru aproape c\u0103 nu mai exist\u0103\u2026; exist\u0103 algoritmii spirituali, exist\u0103 acel \u201ceu sunt cheia a tot\u201d, exist\u0103 enun\u021buri, concepte\u2026 Dar parc\u0103 nu mai exist\u0103 acea sacralitate, nici \u00een discursul nostru\u2026 \u0218i atunci, periodic, s\u0103 reamintim: \u201caten\u021bie! unde l-am pierdut? oare l-am avut vreodat\u0103, acel s\u00e2mbure de sacru?!\u201d Pentru c\u0103, iar\u0103\u0219i, am adus practica acolo unde \u0219tim noi, \u00een s\u0103r\u0103cia min\u021bii \u0219i \u00een s\u0103r\u0103cia linioarelor, \u00een ce \u0219tie mintea ea s\u0103 fac\u0103 mai bine: liste, tabele, algoritmi\u2026 La fel precum elefantul \u00een borcan, \u00eencerc\u0103m s\u0103 aducem ceva de necuprins &#8211; \u00een \u0219abloanele min\u021bii noastre \u0219i \u00eenghiesuim acolo: at\u00e2t \u00een\u021belegem, asta spunem, asta repet\u0103m, asta scriem\u2026<\/p>\n<p>Ori practica este dincolo de algoritmi, \u00cen\u021belegerea este dincolo de algoritmi\u2026 Ei sunt doar o prim\u0103 treapt\u0103, de reeducare, a min\u021bilor \u0219i comportamentelor! \u0218i da, este absolut\u0103 nevoie de asta, tocmai pentru c\u0103 min\u021bile sunt at\u00e2t de formatate, \u00eenc\u00e2t le este aproape imposibil s\u0103 se schimbe direct, clar, rapid\u2026 \u0218i atunci ele au nevoie e tot felul de \u201cetape intermediare\u201d: de re-formatare, de re-\u00eentip\u0103rire, a unor alte moduri de g\u00e2ndire \u0219i de func\u021bionare, mai frumoase, mai ne-egotice, mai deschise\u2026, este, se pare, un proces treptat de re-educare a min\u021bilor\u2026 Util, desigur; de fapt &#8211; indispensabil, tocmai pentru c\u0103 altfel nu \u0219tiu min\u021bile s\u0103 fac\u0103: \u0219i atunci vom \u00eencerca s\u0103 ne adapt\u0103m <em>noi<\/em> format\u0103rii lor, s\u0103 le aducem pe ocolite pe f\u0103ga\u0219ul \u00een\u021belegerii, con\u0219tientiz\u0103rii, empatiei, compasiunii,\u2026 evolu\u021biei.<\/p>\n<p>Dar din c\u00e2nd \u00een c\u00e2nd, trebuie s\u0103 vin\u0103 cineva, s\u0103 desfac\u0103 \u0219ablonul \u0219i s\u0103 spun\u0103: \u201chei! aten\u021bie! unde mai este sacrul? l-a\u021bi avut vreodat\u0103? v-a\u021bi g\u00e2ndit ast\u0103zi la Dumnezeu, \u00een vreo form\u0103 a Lui? v-a\u021bi g\u00e2ndit s\u0103pt\u0103m\u00e2na asta, la Dumnezeu?&#8230; sau luna asta?\u2026, \u00een orice form\u0103\u2026: c\u0103 e icoan\u0103, scriptur\u0103, c\u0103 e G\u012bta\u2026\u201d<\/p>\n<p>Oare unde se afl\u0103 Dumnezeu, \u00een listele noastre cu algoritmi? Se pare c\u0103 L-am pierdut\u2026<\/p>\n<p><em>De aceea vorbim despre devo\u021biune, pentru c\u0103 s-a pierdut undeva sacrul\u2026; sau nici n-a fost vreodat\u0103\u2026, la fel \u2013 ca acele frecven\u021be <\/em><em>\u201csuperioare\u201d<\/em><em> ale inimii, care \u00eenc\u0103 nici nu au ap\u0103rut\u2026 \u0218i atunci \u00eenv\u0103\u021b\u0103m s\u0103-l c\u0103ut\u0103m \u0219i s\u0103-l ad\u0103ug\u0103m practicii. <\/em><\/p>\n<p><em>\u2026\u2026\u2026\u2026\u2026\u2026\u2026<\/em><\/p>\n<p><em>\u00a0<\/em>\u0218coala noastr\u0103 \u00eencearc\u0103 s\u0103 acopere \u00eentreaga gam\u0103 de \u201cfrecven\u021be\u201d: dintre cele omene\u0219ti, simple, comportamentale (reamintim aici \u201c\u00cencerc\u0103rile LiLA\u201d \u0219i \u201cAlgoritmii spirituali\u201d) \u2013 p\u00e2n\u0103 spre cele mai rafinate, de compasiune, empatie\u2026 Apoi \u00eentrez\u0103rim \u00eens\u0103 devo\u021biunea, apoi non-dualitatea\u2026 \u0218i vom reaminti asta mereu: \u00eentr-acolo se \u00eendreapt\u0103 drumul spiritual, spre devo\u021biunea real\u0103, autentic\u0103, plin\u0103 de iubire, necondi\u021bionat\u0103\u2026 Dar drumul va continua \u0219i Dincolo de aceasta: la a deveni una cu Dumnezeul\u2026, tu disp\u0103r\u00e2nd, tu dizolv\u00e2ndu-te \u00een acel Dumnezeu, din care te-ai diferen\u021biat acum milioane de vie\u021bi, din care re-creezi Crea\u021bia \u0219i \u00een care re-creezi Disolu\u021bia \u2013 prin fiecare respira\u021bie\u2026<\/p>\n<p>\u2026\u2026\u2026\u2026\u2026\u2026.<\/p>\n<p><em>\u00a0\u201eCu adev\u0103rat, totul este numai Sine, nu exist\u0103 diferen\u021biere sau nediferen\u021biere. Cum s\u0103 spui c\u0103 Sinele este sau nu este? Sunt plin de uimire!\u201d \u2026 <\/em>Cum po\u021bi tu, punctul, s\u0103 spui despre Sine, despre Infinit, cum po\u021bi tu, punctul, s\u0103 judeci Infinitul, s\u0103 afirmi c\u0103 Infinitul este sau nu este? Sunt plin de uimire! Sunt plin de uimire fa\u021b\u0103 de ignoran\u021ba ta, de a nu \u00een\u021belege c\u0103 Sinele este totul! Sunt plin de uimire fa\u021b\u0103 de tine, care nu vezi, c\u0103 totul este numai Sine!<\/p>\n<p>Sunt plin de uimire fa\u021b\u0103 de miracolul Sinelui, care ia infinite forme\u2026<\/p>\n<p>Sunt plin de uimire, pentru c\u0103 nu mi-a mai r\u0103mas dec\u00e2t uimirea, pentru c\u0103 \u00een starea de Beatitudine, dincolo de devo\u021biune, acolo unde nu mai exist\u0103 dec\u00e2t El, nu mai poate exista dec\u00e2t starea de miracol. Starea de miracol este dincolo de devo\u021biune, unde nu se mai separ\u0103 un devot de un Dumnezeu. Starea de miracol doar este\u2026: pentru c\u0103 alt\u0103 stare nu mai are loc. Orice alt\u0103 stare apar\u021bine omului; starea de miracol, apar\u021bine Miracolului\u2026<\/p>\n<p>\u201c<em>Dumnezeu alc\u0103tuit din toate lucrurile, asem\u0103n\u0103tor spa\u021biului f\u0103r\u0103 limite, pur \u00een esen\u021b\u0103 \u0219i pe care nimic nu-l influen\u021beaz\u0103, acest Dumnezeu sunt, f\u0103r\u0103 nicio \u00eendoial\u0103, eu \u00eensumi<\/em>\u201d <em>(<\/em><em>Avadh\u016bta G\u012bt\u0101<\/em><em>)<\/em><em>.<\/em><\/p>\n<p>&nbsp;<\/p>\n<p>Doar Brahman este real, \u00eentreaga lume este o iluzie: crea\u021bie a magicianului Mahamaya, energia, <em>Shakti<\/em> a diferen\u021bierii&#8230; Depinde, din nou, de unde prive\u0219ti: din punctul de vedere al Absolutului \u2013doar El exist\u0103! Nu exist\u0103 dualitate \u0219i nici non-dulitate, pentru c\u0103 El este Unicul, Indivizibilul\u2026, \u00een acela\u0219i timp Dincolo de conceptele de Unic \u0219i Indivizibil. Dincolo de Dincolo, Acolo unde nu se mai poate spune nimic\u2026<\/p>\n<p><em>\u201cUnii cred \u00een non-dualitate, al\u021bii \u00een dualitate. Dar nici unul nu vede Realitatea \u00een toate lucrurile, Realitate care este Dincolo de dualitate \u0219i de non-dualitate\u201d<\/em> (<em>Avadh\u016bta G\u012bt\u0101<\/em><em>)<\/em><\/p>\n<p>Dincolo de dincolo, ar spune Buddha Sakyamuni: adic\u0103 Dincolo de dualitate, dar \u0219i de non-dualitate, pt c\u0103 at\u00e2ta timp c\u00e2t spunem \u201ddual \u0219i non-dual\u201d\u2026 suntem tot \u00een dualitate!<\/p>\n<p>De fapt dualitatea este doar un concept care \u00eencearc\u0103 \u0219i el s\u0103 explice Inexplicabilul. Nu exist\u0103 o dualitate inerent\u0103 Absolut-relativ, pentru c\u0103 nici un obiect nu poate exista separat de Sine\u2026 Dualitatea de fapt nu exist\u0103! Din perspectiva Absolutului, dualitatea nu exist\u0103!<\/p>\n<p>Dar adev\u0103rul nu mai este Adev\u0103r \u00een clipa \u00een care se \u00eencearc\u0103 explicarea lui. El devine un concept, sec, sterp\u2026, care doar vorbe\u0219te despre acel Adev\u0103r. Adev\u0103rurile sunt s\u0103r\u0103cite, desacrealizate, de c\u0103tre cuvintele care nu le pot cuprinde\u2026<\/p>\n<p>Pentru c\u0103 aceste cuvinte apar\u021bin min\u021bii: iar mintea este doar o f\u0103r\u00e2m\u0103 din acel Adev\u0103r.<\/p>\n<p>\u2026\u2026\u2026\u2026\u2026\u2026\u2026\u2026<\/p>\n<p><em>Cunoa\u0219terea real\u0103 \u00eenseamn\u0103 a deveni acea Cunoa\u0219tere<\/em>\u2026: nu vorbele, nu sutrele, nu ra\u021bionamentele, nu specula\u021biile min\u021bii, nu polemicile\u2026 Tu trebuie s\u0103 ajungi Acolo, cunoa\u0219terea autentic\u0103 va fi doar a ta. Iar aceast\u0103 cunoa\u0219tere &#8211; va \u00eensemna, de fapt, dispari\u021bia \u201cta\u201d\u2026 Atunci vei deveni Cunoa\u0219terea; pentru c\u0103 nu exist\u0103 o diferen\u021b\u0103 dintre cel care cunoa\u0219te \u0219i Cunoa\u0219tere\u2026, pentru c\u0103 totul este Sine\u2026 Altfel nu se poate. Altfel va fi doar o alt\u0103 p\u0103c\u0103leal\u0103, a min\u021bii \u0219i a ego-ului spiritual, care \u00ee\u0219i va \u00eenchipui c\u0103 a ajuns.<\/p>\n<p>Las\u0103-te C\u0103ii, te va conduce ea\u2026 Calea te va conduce ea singur\u0103 &#8211; Dincolo de cuvinte, apoi Dincolo de idei, de concepte, dincolo \u00eens\u0103si de conceptul de cale \u0219i de construc\u021bie a unei c\u0103i:<\/p>\n<p><em>\u201cCuv\u00e2ntul poate descrie calea celor care ac\u021bioneaz\u0103. Dar calea \u00een\u021belep\u021bilor nu poate fi cuprins\u0103 \u00een cuvinte. Pentru \u00een\u021belep\u021bii care au \u00een\u021beles c\u0103 aceast\u0103 cale nu poate fi construit\u0103, orice idee este de\u0219art\u0103. Idealul este atins prin el \u00eensu\u0219i\u201d (2:27-28)<\/em><\/p>\n<p>Nu po\u021bi vorbi despre Realitatea Absolut\u0103 \u2013 dec\u00e2t prin nega\u021bii, \u00eenl\u0103tur\u00e2nd ceea ce nu este\u2026, \u00eenl\u0103tur\u00e2nd dualul, dar \u0219i non-dualul\u2026: obiecte, calit\u0103\u021bi, concepte despre\u2026, \u00eenl\u0103tur\u00e2nd totul. Pentru c\u0103 Sinele <em>nu este<\/em> nimic din cele \u201c\u0219tiute\u201d, <em>nu are<\/em> nici un atribut din cele \u201c\u0219tiute\u201d.<\/p>\n<p><em>\u201cSinele nu este nici divizat nici nedivizat. El nu este nici totul nici mai pu\u021bin de tot. Cunoa\u0219te Sinele ca fiind imuabil!\u201d (<\/em><em>Avadh\u016bta G\u012bt\u0101<\/em><em>) <\/em><\/p>\n<p><em>\u201cRealitate care nu poate fi cunoscut\u0103, nici nu poate cunoa\u0219te, a c\u0103rei origine nu o putem afla, inaccesibil\u0103 cuvintelor, nu este nici g\u00e2nd, nici con\u0219tiin\u021b\u0103. Cum s\u0103 \u00ee\u021bi descriu aceast\u0103 realitate, o, g\u00e2ndire? Cunoa\u0219terea are o savoare unic\u0103, eu sunt precum cerul\u201d (<\/em><em>Avadh\u016bta G\u012bt\u0101<\/em><em>)<\/em><\/p>\n<p>Sinele <em>este<\/em>, dar Dincolo: de orice concept, descriere, cuv\u00e2nt\u2026<\/p>\n<p>Brahman, unicul, nu poate fi dicotomizat \u00een \u201ca fi sau a nu fi\u201d. Cele 2 aspecte, Con\u0219tiin\u021ba-Dumnezeul \u00een repaus \u0219i Con\u0219tiin\u021ba-Dumnezeul \u00een ac\u021biune \u2013 nu sunt distincte, pentru c\u0103 \u00eens\u0103\u0219i dualitatea este doar un concept, al min\u021bii!<\/p>\n<p><em>Dualitatea apare doar din perspectiva samsarei, a separ\u0103rii; din perspectiva Absolutului, ea nu exist\u0103! <\/em>Aceast\u0103 Cunoa\u0219tere are savoarea Beatitudinii\u2026, Cunoa\u0219terea ultim\u0103, starea ultim\u0103\u2026 Beatitudinea este unica form\u0103\u2026, Dincolo de dual, dar \u0219i de non-dual\u2026<\/p>\n<p>&nbsp;<\/p>\n<p><em>(format 16,5\/23 cm, 326 pag)<\/em><\/p>\n<p><em>pre\u021b: 40 lei<\/em><\/p>\n","protected":false},"excerpt":{"rendered":"<p>&nbsp; &nbsp; &nbsp; Un Spirit le vorbe\u0219te deja de ceva vreme &#8211; Omule\u021bilor s\u0103i dragi\u2026 Despre lucruri \u201comene\u0219ti\u201d, cum nume\u0219te el func\u021bionarea cea obi\u0219nuit\u0103 a oamenilor: despre iubire, despre deschiderea inimii, despre libertate, despre fericire\u2026 Despre schimbare. Despre un posibil \u201cnivel omenesc frumos\u201d: da, schimbarea este posibil\u0103. Apoi despre lucruri \u201cne-omene\u0219ti\u201d: despre o altfel de [&hellip;]<\/p>\n","protected":false},"author":1,"featured_media":3455,"parent":3083,"menu_order":0,"comment_status":"closed","ping_status":"closed","template":"","meta":[],"_links":{"self":[{"href":"https:\/\/lila-spirit.ro\/wp\/index.php?rest_route=\/wp\/v2\/pages\/3450"}],"collection":[{"href":"https:\/\/lila-spirit.ro\/wp\/index.php?rest_route=\/wp\/v2\/pages"}],"about":[{"href":"https:\/\/lila-spirit.ro\/wp\/index.php?rest_route=\/wp\/v2\/types\/page"}],"author":[{"embeddable":true,"href":"https:\/\/lila-spirit.ro\/wp\/index.php?rest_route=\/wp\/v2\/users\/1"}],"replies":[{"embeddable":true,"href":"https:\/\/lila-spirit.ro\/wp\/index.php?rest_route=%2Fwp%2Fv2%2Fcomments&post=3450"}],"version-history":[{"count":5,"href":"https:\/\/lila-spirit.ro\/wp\/index.php?rest_route=\/wp\/v2\/pages\/3450\/revisions"}],"predecessor-version":[{"id":3457,"href":"https:\/\/lila-spirit.ro\/wp\/index.php?rest_route=\/wp\/v2\/pages\/3450\/revisions\/3457"}],"up":[{"embeddable":true,"href":"https:\/\/lila-spirit.ro\/wp\/index.php?rest_route=\/wp\/v2\/pages\/3083"}],"wp:featuredmedia":[{"embeddable":true,"href":"https:\/\/lila-spirit.ro\/wp\/index.php?rest_route=\/wp\/v2\/media\/3455"}],"wp:attachment":[{"href":"https:\/\/lila-spirit.ro\/wp\/index.php?rest_route=%2Fwp%2Fv2%2Fmedia&parent=3450"}],"curies":[{"name":"wp","href":"https:\/\/api.w.org\/{rel}","templated":true}]}}