{"id":3460,"date":"2018-05-21T17:41:02","date_gmt":"2018-05-21T14:41:02","guid":{"rendered":"https:\/\/lila-spirit.ro\/wp\/?page_id=3460"},"modified":"2018-05-22T11:03:35","modified_gmt":"2018-05-22T08:03:35","slug":"brosura-despre-respiratia-vasului","status":"publish","type":"page","link":"https:\/\/lila-spirit.ro\/wp\/?page_id=3460","title":{"rendered":"Bro\u0219ur\u0103, despre Respira\u021bia Vasului&#8230;"},"content":{"rendered":"<p>Bro\u0219ur\u0103:<\/p>\n<h3><strong>Respira\u021bia corect\u0103, Respira\u021bia normal\u0103: Respira\u021bia vasului\u2026<\/strong><\/h3>\n<p>Este o bro\u0219ur\u0103 micu\u021b\u0103, care se adreseaz\u0103 mai ales practican\u021bilor LiLA (pentru ceilal\u021bi cititori \u2013 poate c\u0103 va constitui, \u00eens\u0103, o informare de cultur\u0103 general\u0103).<\/p>\n<p>Vorbim despre respira\u021bia Vasului, c\u00e2teva elemente de practic\u0103, importan\u021b\u0103\u2026, dar \u0219i trepte de rafinare a practicii\u2026<\/p>\n<p>Cine \u0219tie, poate c\u0103 dup\u0103 at\u00e2ta vorb\u0103rie &#8211; va urma \u0219i \u00een\u021belegerea\u2026, apoi practica real\u0103\u2026, apoi rafinarea acesteia \u00een nenum\u0103ratele moduri posibile.<\/p>\n<p>&nbsp;<\/p>\n<p><a href=\"https:\/\/lila-spirit.ro\/wp\/wp-content\/uploads\/2018\/05\/pt-web-1.jpg\"><img loading=\"lazy\" class=\"aligncenter size-medium wp-image-3461\" src=\"https:\/\/lila-spirit.ro\/wp\/wp-content\/uploads\/2018\/05\/pt-web-1-300x172.jpg\" alt=\"\" width=\"300\" height=\"172\" srcset=\"https:\/\/lila-spirit.ro\/wp\/wp-content\/uploads\/2018\/05\/pt-web-1-300x172.jpg 300w, https:\/\/lila-spirit.ro\/wp\/wp-content\/uploads\/2018\/05\/pt-web-1-768x439.jpg 768w, https:\/\/lila-spirit.ro\/wp\/wp-content\/uploads\/2018\/05\/pt-web-1-1024x586.jpg 1024w, https:\/\/lila-spirit.ro\/wp\/wp-content\/uploads\/2018\/05\/pt-web-1.jpg 1344w\" sizes=\"(max-width: 300px) 100vw, 300px\" \/><\/a> <a href=\"https:\/\/lila-spirit.ro\/wp\/wp-content\/uploads\/2018\/05\/pt-web-2.jpg\"><img loading=\"lazy\" class=\"aligncenter size-medium wp-image-3462\" src=\"https:\/\/lila-spirit.ro\/wp\/wp-content\/uploads\/2018\/05\/pt-web-2-300x209.jpg\" alt=\"\" width=\"300\" height=\"209\" srcset=\"https:\/\/lila-spirit.ro\/wp\/wp-content\/uploads\/2018\/05\/pt-web-2-300x209.jpg 300w, https:\/\/lila-spirit.ro\/wp\/wp-content\/uploads\/2018\/05\/pt-web-2-768x534.jpg 768w, https:\/\/lila-spirit.ro\/wp\/wp-content\/uploads\/2018\/05\/pt-web-2-1024x712.jpg 1024w, https:\/\/lila-spirit.ro\/wp\/wp-content\/uploads\/2018\/05\/pt-web-2.jpg 1058w\" sizes=\"(max-width: 300px) 100vw, 300px\" \/><\/a><\/p>\n<p><em>format A5<\/em><\/p>\n<p><em>35 pag, 20 lei<\/em><\/p>\n","protected":false},"excerpt":{"rendered":"<p>Bro\u0219ur\u0103: Respira\u021bia corect\u0103, Respira\u021bia normal\u0103: Respira\u021bia vasului\u2026 Este o bro\u0219ur\u0103 micu\u021b\u0103, care se adreseaz\u0103 mai ales practican\u021bilor LiLA (pentru ceilal\u021bi cititori \u2013 poate c\u0103 va constitui, \u00eens\u0103, o informare de cultur\u0103 general\u0103). Vorbim despre respira\u021bia Vasului, c\u00e2teva elemente de practic\u0103, importan\u021b\u0103\u2026, dar \u0219i trepte de rafinare a practicii\u2026 Cine \u0219tie, poate c\u0103 dup\u0103 at\u00e2ta vorb\u0103rie [&hellip;]<\/p>\n","protected":false},"author":1,"featured_media":0,"parent":2840,"menu_order":0,"comment_status":"closed","ping_status":"closed","template":"","meta":[],"_links":{"self":[{"href":"https:\/\/lila-spirit.ro\/wp\/index.php?rest_route=\/wp\/v2\/pages\/3460"}],"collection":[{"href":"https:\/\/lila-spirit.ro\/wp\/index.php?rest_route=\/wp\/v2\/pages"}],"about":[{"href":"https:\/\/lila-spirit.ro\/wp\/index.php?rest_route=\/wp\/v2\/types\/page"}],"author":[{"embeddable":true,"href":"https:\/\/lila-spirit.ro\/wp\/index.php?rest_route=\/wp\/v2\/users\/1"}],"replies":[{"embeddable":true,"href":"https:\/\/lila-spirit.ro\/wp\/index.php?rest_route=%2Fwp%2Fv2%2Fcomments&post=3460"}],"version-history":[{"count":2,"href":"https:\/\/lila-spirit.ro\/wp\/index.php?rest_route=\/wp\/v2\/pages\/3460\/revisions"}],"predecessor-version":[{"id":3466,"href":"https:\/\/lila-spirit.ro\/wp\/index.php?rest_route=\/wp\/v2\/pages\/3460\/revisions\/3466"}],"up":[{"embeddable":true,"href":"https:\/\/lila-spirit.ro\/wp\/index.php?rest_route=\/wp\/v2\/pages\/2840"}],"wp:attachment":[{"href":"https:\/\/lila-spirit.ro\/wp\/index.php?rest_route=%2Fwp%2Fv2%2Fmedia&parent=3460"}],"curies":[{"name":"wp","href":"https:\/\/api.w.org\/{rel}","templated":true}]}}