{"id":3468,"date":"2018-06-23T11:06:17","date_gmt":"2018-06-23T08:06:17","guid":{"rendered":"https:\/\/lila-spirit.ro\/wp\/?page_id=3468"},"modified":"2018-06-26T11:26:16","modified_gmt":"2018-06-26T08:26:16","slug":"dvd-respiratia-normala-respiratia-corecta-respiratia-vasului","status":"publish","type":"page","link":"https:\/\/lila-spirit.ro\/wp\/?page_id=3468","title":{"rendered":"DVD: RESPIRA\u021aIA NORMAL\u0102, RESPIRA\u021aIA CORECT\u0102, RESPIRA\u021aIA VASULUI&#8230;"},"content":{"rendered":"<p><a href=\"https:\/\/lila-spirit.ro\/wp\/wp-content\/uploads\/2018\/06\/@-Coperta-DVD.jpg\"><img loading=\"lazy\" class=\"aligncenter size-large wp-image-3478\" src=\"https:\/\/lila-spirit.ro\/wp\/wp-content\/uploads\/2018\/06\/@-Coperta-DVD-1024x696.jpg\" alt=\"\" width=\"1024\" height=\"696\" srcset=\"https:\/\/lila-spirit.ro\/wp\/wp-content\/uploads\/2018\/06\/@-Coperta-DVD-1024x696.jpg 1024w, https:\/\/lila-spirit.ro\/wp\/wp-content\/uploads\/2018\/06\/@-Coperta-DVD-300x204.jpg 300w, https:\/\/lila-spirit.ro\/wp\/wp-content\/uploads\/2018\/06\/@-Coperta-DVD-768x522.jpg 768w, https:\/\/lila-spirit.ro\/wp\/wp-content\/uploads\/2018\/06\/@-Coperta-DVD-140x94.jpg 140w, https:\/\/lila-spirit.ro\/wp\/wp-content\/uploads\/2018\/06\/@-Coperta-DVD.jpg 1291w\" sizes=\"(max-width: 1024px) 100vw, 1024px\" \/><\/a><\/p>\n<p>&nbsp;<\/p>\n<p><strong>DVD: RESPIRA\u021aIA NORMAL\u0102, RESPIRA\u021aIA CORECT\u0102, <\/strong><strong>RESPIRA\u021aIA VASULUI&#8230;<\/strong><\/p>\n<p>Iat\u0103 un nou DVD, pentru \u201dpractica la distan\u021b\u0103\u201d!<\/p>\n<p><strong>Despre respira\u021bia vasului;<\/strong> care este respira\u021bia normal\u0103, respira\u021bia corect\u0103&#8230;<\/p>\n<p>\u0218i care este absolut esen\u021bial\u0103 \u00een practica yoghin\u0103 (cel pu\u021bin \u00een practica Yoga-LiLA, putem foarte mare accent pe tehnicile de respira\u021bie, <em>pranayama<\/em>; iar acesta este primul pas, obligatoriu \u0219i esen\u021bial!)<\/p>\n<p>DVD-ul con\u021bine explica\u021bii teoretice, apoi prezentarea tehnicii, exerci\u021bii \u0219i o serie de posturi care asociaz\u0103 respira\u021bia vasului (viseo).<\/p>\n<p>\u00cen \u00eencheiere &#8211; sunt dou\u0103 medita\u021bii ghidate Vipassana (audio), de asemenea folosind respira\u021bia vasului, pentru \u00eencep\u0103tori \u0219i, respectiv, pentru practican\u021bii mai avansa\u021bi.<\/p>\n<p><em>DVD-ul se poate achizi\u021biona de la Casa LiLA, sau trimite prin po\u0219t\u0103, curier, etc.<\/em><\/p>\n<p><em>Pre\u021b: 50 lei.<\/em><\/p>\n<p>&nbsp;<\/p>\n<p>&nbsp;<\/p>\n","protected":false},"excerpt":{"rendered":"<p>&nbsp; DVD: RESPIRA\u021aIA NORMAL\u0102, RESPIRA\u021aIA CORECT\u0102, RESPIRA\u021aIA VASULUI&#8230; Iat\u0103 un nou DVD, pentru \u201dpractica la distan\u021b\u0103\u201d! Despre respira\u021bia vasului; care este respira\u021bia normal\u0103, respira\u021bia corect\u0103&#8230; \u0218i care este absolut esen\u021bial\u0103 \u00een practica yoghin\u0103 (cel pu\u021bin \u00een practica Yoga-LiLA, putem foarte mare accent pe tehnicile de respira\u021bie, pranayama; iar acesta este primul pas, obligatoriu \u0219i esen\u021bial!) [&hellip;]<\/p>\n","protected":false},"author":1,"featured_media":3470,"parent":2601,"menu_order":0,"comment_status":"closed","ping_status":"closed","template":"","meta":[],"_links":{"self":[{"href":"https:\/\/lila-spirit.ro\/wp\/index.php?rest_route=\/wp\/v2\/pages\/3468"}],"collection":[{"href":"https:\/\/lila-spirit.ro\/wp\/index.php?rest_route=\/wp\/v2\/pages"}],"about":[{"href":"https:\/\/lila-spirit.ro\/wp\/index.php?rest_route=\/wp\/v2\/types\/page"}],"author":[{"embeddable":true,"href":"https:\/\/lila-spirit.ro\/wp\/index.php?rest_route=\/wp\/v2\/users\/1"}],"replies":[{"embeddable":true,"href":"https:\/\/lila-spirit.ro\/wp\/index.php?rest_route=%2Fwp%2Fv2%2Fcomments&post=3468"}],"version-history":[{"count":4,"href":"https:\/\/lila-spirit.ro\/wp\/index.php?rest_route=\/wp\/v2\/pages\/3468\/revisions"}],"predecessor-version":[{"id":3479,"href":"https:\/\/lila-spirit.ro\/wp\/index.php?rest_route=\/wp\/v2\/pages\/3468\/revisions\/3479"}],"up":[{"embeddable":true,"href":"https:\/\/lila-spirit.ro\/wp\/index.php?rest_route=\/wp\/v2\/pages\/2601"}],"wp:featuredmedia":[{"embeddable":true,"href":"https:\/\/lila-spirit.ro\/wp\/index.php?rest_route=\/wp\/v2\/media\/3470"}],"wp:attachment":[{"href":"https:\/\/lila-spirit.ro\/wp\/index.php?rest_route=%2Fwp%2Fv2%2Fmedia&parent=3468"}],"curies":[{"name":"wp","href":"https:\/\/api.w.org\/{rel}","templated":true}]}}