{"id":3560,"date":"2019-10-27T13:43:52","date_gmt":"2019-10-27T11:43:52","guid":{"rendered":"https:\/\/lila-spirit.ro\/wp\/?page_id=3560"},"modified":"2019-10-27T13:43:53","modified_gmt":"2019-10-27T11:43:53","slug":"cu-care-carte-sa-incep-cate-ceva-despre-a-citi-sau-nu-cartile-lila","status":"publish","type":"page","link":"https:\/\/lila-spirit.ro\/wp\/?page_id=3560","title":{"rendered":"\u201cCu care carte s\u0103 \u00eencep\u201d?! C\u00e2te ceva despre a citi\/ sau nu, c\u0103r\u021bile LiLA\u2026"},"content":{"rendered":"\n<p><strong>\u201c<\/strong><strong>Cu care carte s\u0103 \u00eencep\u201d?! <\/strong><strong>C\u00e2te ceva\ndespre a citi\/ sau nu, c\u0103r\u021bile LiLA\u2026<\/strong><\/p>\n\n\n\n<p>&#8211; Cu care carte s\u0103 \u00eencep, s\u0103 citesc?! \u00eentreab\u0103 un Omule\u021b\nnou venit\u2026<\/p>\n\n\n\n<p>&#8211; Am s\u0103 m\u0103 folosesc de acest\u0103 \u00eentrebare \u2013 ca s\u0103 punct\u0103m\nc\u00e2te ceva, pentru toat\u0103 lumea. \u0218i vom extinde, \u00eentruc\u00e2tva, comentariile: despre\na citi c\u0103r\u021bile LiLA.<\/p>\n\n\n\n<p>Am s\u0103 \u00eencep cu r\u0103spunsul general valabil; dup\u0103 care vor\nfi particulariz\u0103ri.<\/p>\n\n\n\n<p><strong><em>Po\u021bi \u00eencepe s\u0103 cite\u0219ti cu ce carte vrei.\nAt\u00e2ta doar c\u0103 ar fi bine s\u0103 ajungi s\u0103 le cite\u0219ti pe toate. \u0218i, apoi, s\u0103 le\nrecite\u0219ti \u2013 de nenum\u0103rate ori!<\/em><\/strong><\/p>\n\n\n\n<p>Iar acum \u2013 explica\u021biile.<\/p>\n\n\n\n<p><strong>* \u0218COAL\u0102!<\/strong><\/p>\n\n\n\n<p><strong><em>Lila este o \u0218coal\u0103 spiritual\u0103,<\/em><\/strong> asta ar\nfi DE \u00ceN\u021aELES, \u00een primul r\u00e2nd! Iar acestea nu sunt doar cuvinte!<\/p>\n\n\n\n<p>(Din p\u0103cate \u2013 foarte mul\u021bi a\u0219a-zi\u0219i \u201cc\u0103ut\u0103tori\u201d nu \u0219tiu ce \u00eenseamn\u0103 asta;\navem materiale explicative, etc., doar c\u0103 asta va trebui \u00een\u021beles-sim\u021bit ALTFEL,\nadic\u0103 \u00een tine, <em>adic\u0103 cu acea altfel de\n\u00een\u021belegere.<\/em> <\/p>\n\n\n\n<p>\u00cenc\u0103 ceva \u2013 aceste materiale \u201cexplicative\u201d despre ce \u00eenseamn\u0103 o\n\u0218coal\u0103 Spiritual\u0103 &#8211; se g\u0103sesc\u2026 \u00een textele noastre \u0219i \u00een c\u0103r\u021bi!!! Deci iat\u0103\ncum ne \u00eenv\u00e2rtim, deocamdat\u0103, \u00een cerc).<\/p>\n\n\n\n<p>Bagateliz\u00e2nd, ca la orice \u0219coal\u0103, ar trebui parcurse\nni\u0219te \u201cclase\u201d. <\/p>\n\n\n\n<p><strong><em>O \u0218coal\u0103 spiritual\u0103 are diverse concepte, potrivit\nrespectivelor <\/em><\/strong><strong><em>\u201cclase\u201d.\n<\/em><\/strong>(Aten\u021bie, vorbim\ndespre \u201cclase\u201d de practic\u0103, de interes \u0219i de timp petrecut \u00een \u0218coal\u0103, dar \u0219i\ndespre \u201cclase\u201d de \u00een\u021belegere-nivel-de-con\u0219tiin\u021b\u0103).<\/p>\n\n\n\n<p><strong><em>Iar\na<\/em><\/strong><strong><em>ceste concepte ar trebui STUDIATE,<\/em><\/strong> adic\u0103 cu creionul\n\u00een m\u00e2n\u0103, adic\u0103 reluate, adic\u0103 s\u0103 te preocupe \u00een\u021belegerea lor \u0219i aplicarea \u00een via\u021ba\nde zi cu zi.<\/p>\n\n\n\n<p>Ca s\u0103 nu mai vorbim despre elementarul respect \u2013 de a\nvedea ce propune acea \u0218coal\u0103, dac\u0103 tot o frecventezi!<\/p>\n\n\n\n<p><strong>* TREPTE!<\/strong><\/p>\n\n\n\n<p>Desigur, exist\u0103 unii participan\u021bi at\u00e2t de \u00eencep\u0103tori \u2013\n\u00eenc\u00e2t ei nu \u00een\u021beleg \u00eenc\u0103 mare lucru \u0219i\u2026 de ce s\u0103 citeasc\u0103?! Poate cu practica\u2026\nva veni \u0219i momentul lor de \u00een\u021belegere c\u00e2nd vor \u201cpune m\u00e2na pe carte\u201d. <\/p>\n\n\n\n<p>C\u0103r\u021bile LiLA sunt structurate pe niveluri diferite de\n\u00een\u021belegere-sim\u021bire, adic\u0103 acele niveluri de con\u0219tiin\u021b\u0103. Dar \u0219i \u00een interiorul\nfiec\u0103rei c\u0103r\u021bi exist\u0103 aceast\u0103 structurare voit\u0103 \u2013 pentru ca fiecare cititor s\u0103\npoat\u0103 accesa c\u00e2te ceva, potrivit nivelului s\u0103u actual. (\u00cens\u0103\u0219i aceast\u0103 abordare\neste explicat\u0103\u2026 &#8211; \u00een c\u0103r\u021bi, nu este nici un secret!)<\/p>\n\n\n\n<p><strong><em>Iar PRIN PRACTIC\u0102 \u0219i exact PRIN STUDIUL\nconceptelor, nivelul de con\u0219tiin\u021b\u0103 se va rafina, respectivul cititor put\u00e2nd\naccesa o informa\u021bie deja mai rafinat\u0103. \u0218i tot a\u0219a. <\/em><\/strong><\/p>\n\n\n\n<p><strong><em>Din acest motiv \u2013 c\u0103r\u021bile ar trebui recitite \u2013 pe m\u0103sura\npracticii. De fiecare dat\u0103 vei mai \u00een\u021belege c\u00e2te ceva.<\/em><\/strong><\/p>\n\n\n\n<p><strong><em>Din acela\u0219i motiv, studiul ar trebui \u00eembinat, \u00een mod\nobligatoriu, cu practica!<\/em><\/strong><\/p>\n\n\n\n<p><strong>* PUZZLE!<\/strong><\/p>\n\n\n\n<p>\u0218coala LiLA propune un adev\u0103rat puzzle de concepte \u0219i\npractici; ori c\u0103r\u021bile se adreseaz\u0103 exact acestuia. \u201cSpune DA Existen\u021bei\u201d \u2013 este mai\napropiat\u0103 de nivelul omenesc \u2013 comportamental, \u201cC\u0103l\u0103toria suprem\u0103\u201d \u2013 vorbe\u0219te despre deschiderea inimii (dar\nmerg\u00e2nd p\u00e2n\u0103 la non-dualitate), \u201cPrezent \u00een\npropria prezen\u021b\u0103\u201d \u2013 despre con\u0219tientizare (dar merg\u00e2nd p\u00e2n\u0103 la starea <em>rigpa<\/em>)\u2026<\/p>\n\n\n\n<p>Deci, <strong><em>iat\u0103, ar trebui\ncitite (\u0219i practicate \u0219i aduse \u00een via\u021b\u0103!!!) toate: pentru c\u0103 nimeni nu a ajuns\nla inima perfect deschis\u0103 (complet, frumos, stabil), sau la starea de prezen\u021b\u0103\ninstantanee \u00een Vacuitate \u0219i claritate non-mental\u0103 (rigpa), sau la compasiunea\nultim\u0103, sau la mintea-oglind\u0103 sau de cristal, sau la bhakti-yoga\u2026<\/em><\/strong><\/p>\n\n\n\n<p>Poate c\u0103 e\u0219ti ceva mai de\u0219tept \u0219i \u00een\u021belegi un concept\u2026,\nde exemplu starea de martor; dar compasiunea = zero, inima deschis\u0103 = zero,\netc. Invers, poate c\u0103 e\u0219ti un om bun, te apropii de nivelul omenesc frumos; dar\nnu sim\u021bi de loc ce \u00eenseamn\u0103 ego-ul, sau dezidentificarea, ca s\u0103 nu mai vorbim\ndespre mintea-cristal.<\/p>\n\n\n\n<p>\u201cPentru c\u0103\nnu exist\u0103 dec\u00e2t Sinele\u2026\u201d \u0219i \u201cSutra de\ndiamant\u2026\u201d \u2013 sunt c\u0103r\u021bi abstracte \u0219i sofisticate. <em>Dar \u2013 \u00ceN aceast\u0103 \u00een\u021belegere va trebui ajuns.<\/em> Nu le ignora, deci,\nstudiaz\u0103-le, ca s\u0103 \u0219tii spre ce ar trebui s\u0103 te \u00eendrep\u021bi; dar nu te \u00eemp\u0103una cum\nc\u0103 ai ajuns Acolo!<\/p>\n\n\n\n<p><strong>* NIVEL\nDE \u00ceN\u021aELEGERE-CON\u0218TIIN\u021a\u0102<\/strong><\/p>\n\n\n\n<p>P\u00e2n\u0103 la urm\u0103\u2026 cu ce s\u0103 \u00eencep?!<\/p>\n\n\n\n<p>Dac\u0103 nu ai nici o idee, po\u021bi \u00eencepe cu cele (aparent!!!) mai\nsimple, \u201cS\u0103 te\nc\u0103s\u0103tore\u0219ti cu v\u00e2ntul\u2026\u201d \u0219i \u201cSpune DA\nExisten\u021bei\u2026\u201d.<\/p>\n\n\n\n<p>De tine depinde, \u00eens\u0103, dac\u0103 vrei s\u0103 mergi mai departe \u2013\nspre propria schimbare sau spre o alt\u0103 \u00een\u021belegere: adic\u0103 cea con\u021binut\u0103 \u00een\ncelelalte c\u0103r\u021bi!<\/p>\n\n\n\n<p>O alt\u0103 \u201cmetod\u0103\u201d de\na alege cartea potrivit\u0103, va fi cea care \u201cte atrage\u201d;\nexact acelui principiu de rezonan\u021b\u0103. Desigur, po\u021bi \u00eencepe cu ea. Dar nu le uita\npe celelalte: probabil c\u0103 exact acolo e\u0219ti deficitar. \u00cen plus, nivelul t\u0103u\nactual, cu siguran\u021b\u0103 \u2013 ar mai merge \u00eembun\u0103t\u0103\u021bit, dac\u0103 nu chiar dep\u0103\u0219it!<\/p>\n\n\n\n<p>De exemplu, dac\u0103 acum pe tine te preocup\u0103 studiul min\u021bii,\nvei alege \u201cDincolo de\niluzie\u201d. Dar probabil c\u0103 mai ai mult de lucrat la starea bodhicitta, sau la\ndevo\u021biune\u2026 (\u201cC\u0103l\u0103toria\nsuprem\u0103\u201d).<\/p>\n\n\n\n<p>Sau, dac\u0103 te preocup\u0103 \u00een\u021belegerea transcendental\u0103 \u2013 ai putea\nalege \u201cPentru c\u0103\nnu exist\u0103 dec\u00e2t Sinele\u2026\u201d, sau \u201cSutra de diamant\u201d;\ndar oare cum stai cu karma-yoga \u0219i algoritmii spirituali?!<\/p>\n\n\n\n<p>Sau poate c\u0103 e\u0219ti s\u0103tul de \u201ctocana\u201d de pe pia\u021b\u0103, poate c\u0103 sim\u021bi toate confuziile \u0219i\ntoxicit\u0103\u021bile vehiculate ca Adev\u0103ruri \u0219i \u00cenv\u0103\u021b\u0103turi (\u0219i care sunt doar adev\u0103ruri\n\u0219i \u00eenv\u0103\u021b\u0103turi ale ego-urilor, desigur!) \u0219i e\u0219ti reticent la a mai tot citi c\u00e2te\nceva. Dar te-ai g\u00e2ndit, oare, c\u0103 poate vei g\u0103si un aliat \u00een aceste c\u0103r\u021bi?! Sau\nni\u0219te deslu\u0219iri valoroase?!<\/p>\n\n\n\n<p><strong>*\nEGO SPIRITUAL!<\/strong><\/p>\n\n\n\n<p>Capcan\u0103 mare \u0219i extrem de frecvent \u00eent\u00e2lnit\u0103!<\/p>\n\n\n\n<p>\u201cEu n-am\nnevoie s\u0103 citesc, \u0219tiu eu toate astea!\u201d Chiar a\u0219a?! HA, ha\u2026 <\/p>\n\n\n\n<p>Din p\u0103cate \u2013 exact acest enun\u021b despre propria persoan\u0103 \u2013\neste m\u0103sura ignoran\u021bei tale! (el indic\u0103 ne\u00een\u021belegerea banalului ego, ce s\u0103 mai\nvorbim despre vreo <em>Shunyata<\/em>, sau <em>Shakti<\/em>, sau <em>nalyior<\/em>\u2026; termenii sunt explica\u021bi \u2013 \u00een c\u0103r\u021bi!)<\/p>\n\n\n\n<p><strong><em>Aten\u021bie, NU exist\u0103 evolu\u021bie spiritual\u0103 f\u0103r\u0103\nparcurgerea tuturor treptelor, de la nivelul omenesc \u2013 \u00eenspre nivelul omenesc\nfrumos, apoi \u00eenspre o etap\u0103 \u201dintermediar\u0103\u201d, apoi spre Calea spiritual\u0103 (care abia\nacum \u00eencepe!), apoi\u2026 Dincolo\u2026<\/em><\/strong><\/p>\n\n\n\n<p>Dac\u0103 te preocup\u0103 transcenden\u021ba \u2013 dar neglijezi nivelul\nomenesc frumos\u2026, te afli \u00een marele pericol al unei c\u0103deri energetice, de\ncon\u0219tiin\u021b\u0103 \u0219i de karm\u0103. Toate aceste niveluri \u2013 au corespondent chakrele,\nenergetica ta \u00een ansamblul ei, con\u0219tiin\u021ba-con\u0219tien\u021ba \u0219i, desigur,\ncomportamentul, ac\u021biunile, vorbirea, g\u00e2ndurile (chestiunile sunt explicate \u00een materialele\nscrise, \u00eenregistr\u0103ri \u0219i, desigur, \u00een c\u0103r\u021bi!)<\/p>\n\n\n\n<p><strong>*\nMAESTRUL!<\/strong><\/p>\n\n\n\n<p>\u2026 este cel care \u201cvede\u201d\ntoate astea \u0219i te poate sf\u0103tui; dar, mai ales \u2013 te poate aten\u021biona asupra propriilor\nprobleme interioare care ar trebui rezolvate. <\/p>\n\n\n\n<p><strong>* \u0218COAL\u0102,\ndin nou\u2026<\/strong><\/p>\n\n\n\n<p>Spuneam c\u0103 o \u0218coal\u0103 spiritual\u0103 autentic\u0103 are anumite\nconcepte; chiar dac\u0103 ele apar\u021bin spiritualit\u0103\u021bii (reale!) de mii de ani \u2013 poate\nc\u0103 ele sunt prezentate \u00eentr-o form\u0103 actual\u0103, poate c\u0103 exist\u0103 acolo ni\u0219te\nexplica\u021bii mai clare, poate c\u0103 sunt mai u\u0219or de \u00een\u021beles-sim\u021bit. Poate c\u0103 exist\u0103\nni\u0219te lucruri nespuse p\u00e2n\u0103 acum, sau ne-explicate sau ne-\u00een\u021belese chiar de c\u0103tre\ncei care le-au propov\u0103duit (s\u0103 lu\u0103m, de exemplu, doar conceptele de <em>sambogakaya<\/em>, de <em>rigpa,<\/em> de <em>corp curcubeu<\/em>,\nde <em>minte-cristal,<\/em> din Dzogchen). S\u0103\nlu\u0103m ne\u00een\u021belesele, aproape cu totul, <em>Sutra\nde Diamant<\/em>, sau <em>Prajnaparamita Sutra<\/em>,\nsau <em>Bardo Thodol<\/em>, pe care, iat\u0103, acum\ncineva \u021bi le deslu\u0219e\u0219te.<\/p>\n\n\n\n<p>Chiar \u0219tii tu toate astea?! (vezi explica\u021biile \u0219i\ncapcanele \u201c\u0219tiutului\u201d\n\u00een cartea \u201cUn elefant\n\u00eentr-un borcan\u201d).<\/p>\n\n\n\n<p>Va mai fi, apoi, pericolul acelei \u201ctoc\u0103ni\u021be spirituale\u201d \u00een care ri\u0219ti s\u0103\nte b\u0103l\u0103ce\u0219ti, dac\u0103 nu \u00een\u021belegi-urmezi firul unei \u0219coli (vezi aici textul\nata\u0219at, despre Energetica unei \u0218coli spirituale).<\/p>\n\n\n\n<p>Desigur, nimeni nu oblig\u0103 pe nimeni s\u0103 urmeze ace\u0219ti\npa\u0219i. Fiecare decide c\u00e2t \u0219i cum aloc\u0103 propriei evolu\u021bii-\u00een\u021belegeri-sim\u021biri!<\/p>\n\n\n\n<p>De unde \u0219i auto-excluderea. De unde \u0219i at\u00e2t de trista\nirosire de \u00cenv\u0103\u021b\u0103turi pre\u021bioase\u2026<\/p>\n\n\n\n<p><em>Iertare,\n\u00cenv\u0103\u021b\u0103turilor, pentru ignoran\u021ba celor <\/em><em>\u201c<\/em><em>mul\u021bi chema\u021bi\u201d, pentru lipsa de interes, pentru\nbagatelizare, pentru vulgarizare, pervertire\u2026 Pentru acel ego spiritual\nmonstruos care \u00ee\u0219i \u00eenchipuie c\u0103 el este la nivelul Vostru \u0219i c\u0103 nu mai are\nnevoie\u2026<\/em><\/p>\n\n\n\n<p><em>\u00cenchin\u0103ciune Vou\u0103\u2026<\/em><\/p>\n","protected":false},"excerpt":{"rendered":"<p>\u201cCu care carte s\u0103 \u00eencep\u201d?! C\u00e2te ceva despre a citi\/ sau nu, c\u0103r\u021bile LiLA\u2026 &#8211; Cu care carte s\u0103 \u00eencep, s\u0103 citesc?! \u00eentreab\u0103 un Omule\u021b nou venit\u2026 &#8211; Am s\u0103 m\u0103 folosesc de acest\u0103 \u00eentrebare \u2013 ca s\u0103 punct\u0103m c\u00e2te ceva, pentru toat\u0103 lumea. \u0218i vom extinde, \u00eentruc\u00e2tva, comentariile: despre a citi c\u0103r\u021bile LiLA. Am [&hellip;]<\/p>\n","protected":false},"author":1,"featured_media":0,"parent":2617,"menu_order":0,"comment_status":"closed","ping_status":"closed","template":"","meta":[],"_links":{"self":[{"href":"https:\/\/lila-spirit.ro\/wp\/index.php?rest_route=\/wp\/v2\/pages\/3560"}],"collection":[{"href":"https:\/\/lila-spirit.ro\/wp\/index.php?rest_route=\/wp\/v2\/pages"}],"about":[{"href":"https:\/\/lila-spirit.ro\/wp\/index.php?rest_route=\/wp\/v2\/types\/page"}],"author":[{"embeddable":true,"href":"https:\/\/lila-spirit.ro\/wp\/index.php?rest_route=\/wp\/v2\/users\/1"}],"replies":[{"embeddable":true,"href":"https:\/\/lila-spirit.ro\/wp\/index.php?rest_route=%2Fwp%2Fv2%2Fcomments&post=3560"}],"version-history":[{"count":1,"href":"https:\/\/lila-spirit.ro\/wp\/index.php?rest_route=\/wp\/v2\/pages\/3560\/revisions"}],"predecessor-version":[{"id":3561,"href":"https:\/\/lila-spirit.ro\/wp\/index.php?rest_route=\/wp\/v2\/pages\/3560\/revisions\/3561"}],"up":[{"embeddable":true,"href":"https:\/\/lila-spirit.ro\/wp\/index.php?rest_route=\/wp\/v2\/pages\/2617"}],"wp:attachment":[{"href":"https:\/\/lila-spirit.ro\/wp\/index.php?rest_route=%2Fwp%2Fv2%2Fmedia&parent=3560"}],"curies":[{"name":"wp","href":"https:\/\/api.w.org\/{rel}","templated":true}]}}