{"id":36,"date":"2013-09-12T16:19:07","date_gmt":"2013-09-12T16:19:07","guid":{"rendered":"http:\/\/lila-spirit.ro\/wp\/?page_id=36"},"modified":"2013-09-17T18:13:03","modified_gmt":"2013-09-17T18:13:03","slug":"taberele-lila","status":"publish","type":"page","link":"https:\/\/lila-spirit.ro\/wp\/?page_id=36","title":{"rendered":"Taberele LiLA"},"content":{"rendered":"<p><b>Despre taberele LiLA<\/b><\/p>\n<p><strong><i>Taberele LiLA sunt tabere de medita<\/i><\/strong><i><strong>\u021bie.<\/strong> <\/i><\/p>\n<p>Nu ne vom conecta la nici o energie extraterestr\u0103, nu vom vorbi despre nici un \u00eenger, nu vom avea viziuni, nu ne vom \u00eent\u0103ri personalitatea, ba dimpotriv\u0103, <i>vom face totul ca s\u0103 ne diminu\u0103m egoul, c\u0103ci aceasta este condi\u021bia sine qua non pentru evolu\u021bia spiritual\u0103<\/i> <i>real\u0103.<\/i> Orice altceva este doar o p\u0103c\u0103leal\u0103 a min\u021bii&#8230; A\u0219a c\u0103 dac\u0103 vre\u021bi s\u0103 v\u0103 p\u0103c\u0103li\u021bi mai departe, s\u0103 achizi\u021biona\u021bi noi tehnici ca s\u0103 deveni\u021bi mai grozavi, din ce \u00een ce mai grozavi, &#8230; mai bine nu veni\u021bi.<\/p>\n<p><i>Vom \u00eenv\u0103\u021ba \u00een schimb ce este medita\u021bia \u0219i ce nu este medita\u021bia<\/i>. Vom practica mult, vom experimenta (m\u0103car vom \u00eencerca s\u0103 expiment\u0103m!) intrarea \u00een starea de medita\u021bie: prin Vipassana, prin medita\u021bie static\u0103, medita\u021bie \u00een mi\u0219care, \u00een dans&#8230;, vom cunoa\u0219te mantre pentru medita\u021bie, vom vorbi despre mantre&#8230;<\/p>\n<p>Vom \u00eencerca s\u0103 clarific\u0103m diferite no\u021biuni clasice ale \u0219colilor spirituale, precum starea de martor, mintea oglind\u0103, non-mintea, esen\u021ba min\u021bii, vacuitatea, non-dualitatea&#8230; c\u0103ci toate acestea au leg\u0103tur\u0103 cu medita\u021bia: acolo duce medita\u021bia \u0219i de acolo vine medita\u021bia&#8230;<\/p>\n<p>Vom \u00eencerca \u0219i s\u0103 le punem \u00een practic\u0103&#8230;<\/p>\n<p>Vom vorbi, desigur, \u0219i despre lucruri mai omene\u0219ti, fiecare va beneficia de c\u00e2te ceva din aceste discu\u021bii, potrivit nivelului s\u0103u, potrivit \u00een\u021belegerii sale actuale&#8230; lucruri \u201domene\u0219ti\u201d precum terapia iert\u0103rii, oglindirea \u00een cel\u0103lalt, etc. Dar voi \u00eencerca de fiecare dat\u0103 \u2013 s\u0103 le explic m\u0103car c\u00e2te pu\u021bin \u0219i prin prisma \u201dneomeneasc\u0103\u201d, cea a non-dualit\u0103\u021bii, a vacuit\u0103\u021bii, a Absolutului&#8230;<\/p>\n<p>Pot s\u0103 v\u0103 ofer o schi\u021b\u0103 de program: asta \u00eenseamn\u0103 diminea\u021ba \u2013 aprox 2 ore de exerci\u021bii (yoga, qigong, multe tehnici de respira\u021bie, exerci\u021bii energetice&#8230;), apoi micul dejun, apoi mici excursii, \u00een p\u0103dure, etc. (\u00een care vom practica din nou, medita\u021bie \u00een mi\u0219care de data asta, alte tehnici de respira\u021bie, vom face pauze \u00een care vom vorbi, etc). Pr\u00e2nzul se poate lua la pachet, iar masa de sear\u0103 la caban\u0103, \u00een jurul orei 17-18. Apoi urmeaz\u0103 alte discu\u021bii, dans, foc de tab\u0103r\u0103&#8230;<\/p>\n<p><i>Aceasta este doar o schi\u021b\u0103.<\/i> Programul se adapteaz\u0103 din mers, \u00een func\u021bie de grup, de condi\u021biile meteo, de evenimentele care apar pe parcurs&#8230; pentru c\u0103 exact acesta este unul din scopurile taberei, de a sparge \u0219abloanele \u0219i rigidit\u0103\u021bile mentale, ale unor programe, ale \u201dcunoscutului\u201d, etc., de a deveni mai adaptabili, mai fluizi&#8230; <span style=\"text-decoration: underline;\">Exist\u0103 \u00een attach. ni\u0219te texte pe care a\u0219 dori s\u0103 le citi\u021bi, despre \u201dFilozofia unei tabere<\/span>\u201d, acolo sunt explicate mai bine conceptele.<\/p>\n<p>Vom face multe tehnici de respira\u021bie, vom explica respira\u021bia normal\u0103, tehnici de cur\u0103\u021bare a chakrelor, a aurei, etc., poate vom avea un curs despre chakre, poate un curs despre mandale, poate teatru (dac\u0103 protagoni\u0219tii vor putea veni cu noi).<\/p>\n<p>Din nou, programul NU este b\u0103tut \u00een cuie, el se adapteaz\u0103 nevoilor grupului, configura\u021biei energetice a momentului, subiectelor grupului, tab\u0103ra se creaz\u0103 ea \u00eens\u0103\u0219i, la fel ca \u0219i via\u021ba&#8230;<\/p>\n<p>Tab\u0103ra NU este un sejur de relaxare la \u021bar\u0103, ci un prilej de practic\u0103 intensiv\u0103. Vom face multe lucruri, nu sunte\u021bi obliga\u021bi s\u0103 participa\u021bi la toate, dar poate c\u0103 nu v-ar strica un grad de disciplin\u0103 a practicii&#8230; Pentru c\u0103 <i>este nevoie de aceast\u0103 disciplin\u0103, disciplina exterioar\u0103 ar trebui s\u0103 duc\u0103 la o disciplin\u0103 interioar\u0103&#8230;<\/i> F\u0103r\u0103 acest tip de disciplin\u0103 interioar\u0103 \u2013 din nou, nu exist\u0103 evolu\u021bie, nu exist\u0103 cale&#8230;<\/p>\n<p>Exist\u0103 materiale ata\u0219ate \u0219i despre disciplin\u0103: Regulamentul taberelor (este de fapt mai mult o rug\u0103minte a organizatorilor mai vechi&#8230;), mai este acolo o m\u0103rturisire scris\u0103 de Lucian&#8230;<\/p>\n<p>Mai sunt c\u00e2teva texte despre medita\u021bie \u0219i yoga, studia\u021bi-le \u0219i pe ele&#8230; Dar mai ales ca s\u0103 \u00een\u021belege\u021bi <i>filozofia <\/i>mea<i>&#8230;<\/i> Taberele \u00eencearc\u0103 s\u0103 fie o expresie concret\u0103 a acestei filozofii&#8230;<\/p>\n<p>Vor exista perioade de t\u0103cere, de practic\u0103 \u00een t\u0103cere&#8230; La fel, pute\u021bi citi despre T\u0103cere pe site. Vom vorbi despre dialogul interior al min\u021bii \u0219i despre T\u0103cere, ca \u0219i practic\u0103, ca \u0219i necesitate pe calea spiritual\u0103.<\/p>\n<p>Bine-n\u021beles c\u0103 pute\u021bi veni cu propriile \u00eentreb\u0103ri \u0219i probleme, ele vor constitui un bun punct de plecare pentru discu\u021bii&#8230;<\/p>\n<p>Vor exista \u0219i sesiuni terapeutice, \u00een grup \u0219i individuale, terapie energetic\u0103, remedii florale Bach, psihoterapie energetic\u0103&#8230; \u00cen urma discu\u021biilor \u2013 vom putea face anumite exerci\u021bii practice (de vindecare a trecutului, de vindecare a rela\u021biilor, etc.)<\/p>\n<p>Exist\u0103 exerci\u021bii \u0219amanice, exist\u0103 terapie prin muzic\u0103 (tob\u0103)&#8230;<\/p>\n<p><b><i>Dar tab\u0103ra r\u0103m\u00e2ne o tab\u0103r\u0103 de medita\u021bie<\/i><\/b><i>:<\/i> vom \u00eencerca s\u0103 ajungem la starea de medita\u021bie pe toate aceste c\u0103i&#8230; pentru c\u0103 medita\u021bia este o stare \u0219i nu o tehnic\u0103, nu un exerci\u021biu&#8230; <i>Medita\u021bia este o stare<\/i>. Ea ar trebui s\u0103 fie starea permanent\u0103 a fiec\u0103ruia&#8230; \u00eentreaga via\u021b\u0103 ar trebui s\u0103 devin\u0103 medita\u021bie&#8230;<\/p>\n<p>A\u0219a c\u0103 dac\u0103 sunte\u021bi hot\u0103r\u00e2\u021bi s\u0103 porni\u021bi pe o cale spiritual\u0103, v\u0103 a\u0219tept\u0103m cu drag!<br \/>\nIndra<\/p>\n<p>aici sunt\u00a0 <a href=\"http:\/\/lila-spirit.ro\/wp\/?page_id=824\"><strong><em>imagini din tabere&#8230;<\/em><\/strong><\/a><\/p>\n<p>&nbsp;<\/p>\n<p>&nbsp;<\/p>\n<p>&nbsp;<\/p>\n<p>&nbsp;<\/p>\n","protected":false},"excerpt":{"rendered":"<p>Despre taberele LiLA Taberele LiLA sunt tabere de medita\u021bie. Nu ne vom conecta la nici o energie extraterestr\u0103, nu vom vorbi despre nici un \u00eenger, nu vom avea viziuni, nu ne vom \u00eent\u0103ri personalitatea, ba dimpotriv\u0103, vom face totul ca s\u0103 ne diminu\u0103m egoul, c\u0103ci aceasta este condi\u021bia sine qua non pentru evolu\u021bia spiritual\u0103 real\u0103. [&hellip;]<\/p>\n","protected":false},"author":1,"featured_media":0,"parent":0,"menu_order":0,"comment_status":"open","ping_status":"open","template":"","meta":[],"_links":{"self":[{"href":"https:\/\/lila-spirit.ro\/wp\/index.php?rest_route=\/wp\/v2\/pages\/36"}],"collection":[{"href":"https:\/\/lila-spirit.ro\/wp\/index.php?rest_route=\/wp\/v2\/pages"}],"about":[{"href":"https:\/\/lila-spirit.ro\/wp\/index.php?rest_route=\/wp\/v2\/types\/page"}],"author":[{"embeddable":true,"href":"https:\/\/lila-spirit.ro\/wp\/index.php?rest_route=\/wp\/v2\/users\/1"}],"replies":[{"embeddable":true,"href":"https:\/\/lila-spirit.ro\/wp\/index.php?rest_route=%2Fwp%2Fv2%2Fcomments&post=36"}],"version-history":[{"count":6,"href":"https:\/\/lila-spirit.ro\/wp\/index.php?rest_route=\/wp\/v2\/pages\/36\/revisions"}],"predecessor-version":[{"id":1119,"href":"https:\/\/lila-spirit.ro\/wp\/index.php?rest_route=\/wp\/v2\/pages\/36\/revisions\/1119"}],"wp:attachment":[{"href":"https:\/\/lila-spirit.ro\/wp\/index.php?rest_route=%2Fwp%2Fv2%2Fmedia&parent=36"}],"curies":[{"name":"wp","href":"https:\/\/api.w.org\/{rel}","templated":true}]}}